{"id":31,"date":"2017-06-29T16:08:46","date_gmt":"2017-06-29T14:08:46","guid":{"rendered":"https:\/\/ent2d.ac-bordeaux.fr\/disciplines\/maintenance\/?page_id=31"},"modified":"2020-05-21T10:10:47","modified_gmt":"2020-05-21T08:10:47","slug":"veille-technologique","status":"publish","type":"page","link":"https:\/\/ent2d.ac-bordeaux.fr\/disciplines\/maintenance\/veille-technologique\/","title":{"rendered":"Usine 4.0 et maintenance connect\u00e9e"},"content":{"rendered":"<h3><strong><a href=\"http:\/\/industriedufutur.fim.net\/#consulter\">D\u00c9COUVREZ L&rsquo;USINE DU FUTUR : cliquer ici<\/a><\/strong><\/h3>\n<p>Enjeux et panorama de solutions, un outil op\u00e9rationnel pour les industriels fran\u00e7ais, premier r\u00e9f\u00e9rentiel con\u00e7u sur cette th\u00e9matique au c\u0153ur du renouveau industriel fran\u00e7ais. <a href=\"http:\/\/industriedufutur.fim.net\/#consulter\">T\u00e9l\u00e9charger le guide<\/a><\/p>\n<p><img loading=\"lazy\" decoding=\"async\" class=\"size-medium wp-image-161 alignleft\" src=\"https:\/\/ent2d.ac-bordeaux.fr\/disciplines\/maintenance\/wp-content\/uploads\/sites\/21\/2017\/06\/usine-du-futur-300x215.jpg\" alt=\"\" width=\"300\" height=\"215\" srcset=\"https:\/\/ent2d.ac-bordeaux.fr\/disciplines\/maintenance\/wp-content\/uploads\/sites\/21\/2017\/06\/usine-du-futur-300x215.jpg 300w, https:\/\/ent2d.ac-bordeaux.fr\/disciplines\/maintenance\/wp-content\/uploads\/sites\/21\/2017\/06\/usine-du-futur.jpg 537w\" sizes=\"auto, (max-width: 300px) 100vw, 300px\" \/><\/p>\n<p><iframe loading=\"lazy\" title=\"Usine du Futur : suivez le guide !\" width=\"500\" height=\"281\" src=\"https:\/\/www.youtube.com\/embed\/Q_cAXcEhuJU?feature=oembed\" frameborder=\"0\" allow=\"accelerometer; autoplay; clipboard-write; encrypted-media; gyroscope; picture-in-picture; web-share\" referrerpolicy=\"strict-origin-when-cross-origin\" allowfullscreen><\/iframe><\/p>\n","protected":false},"excerpt":{"rendered":"<p>D\u00c9COUVREZ L&rsquo;USINE DU FUTUR : cliquer ici Enjeux et panorama de solutions, un outil op\u00e9rationnel pour les industriels fran\u00e7ais, premier r\u00e9f\u00e9rentiel con\u00e7u sur cette th\u00e9matique au c\u0153ur du renouveau industriel fran\u00e7ais. T\u00e9l\u00e9charger le guide<\/p>\n","protected":false},"author":95,"featured_media":0,"parent":0,"menu_order":0,"comment_status":"closed","ping_status":"closed","template":"template-onecolumn.php","meta":{"footnotes":""},"class_list":["post-31","page","type-page","status-publish","hentry","nodate"],"_links":{"self":[{"href":"https:\/\/ent2d.ac-bordeaux.fr\/disciplines\/maintenance\/wp-json\/wp\/v2\/pages\/31","targetHints":{"allow":["GET"]}}],"collection":[{"href":"https:\/\/ent2d.ac-bordeaux.fr\/disciplines\/maintenance\/wp-json\/wp\/v2\/pages"}],"about":[{"href":"https:\/\/ent2d.ac-bordeaux.fr\/disciplines\/maintenance\/wp-json\/wp\/v2\/types\/page"}],"author":[{"embeddable":true,"href":"https:\/\/ent2d.ac-bordeaux.fr\/disciplines\/maintenance\/wp-json\/wp\/v2\/users\/95"}],"replies":[{"embeddable":true,"href":"https:\/\/ent2d.ac-bordeaux.fr\/disciplines\/maintenance\/wp-json\/wp\/v2\/comments?post=31"}],"version-history":[{"count":7,"href":"https:\/\/ent2d.ac-bordeaux.fr\/disciplines\/maintenance\/wp-json\/wp\/v2\/pages\/31\/revisions"}],"predecessor-version":[{"id":451,"href":"https:\/\/ent2d.ac-bordeaux.fr\/disciplines\/maintenance\/wp-json\/wp\/v2\/pages\/31\/revisions\/451"}],"wp:attachment":[{"href":"https:\/\/ent2d.ac-bordeaux.fr\/disciplines\/maintenance\/wp-json\/wp\/v2\/media?parent=31"}],"curies":[{"name":"wp","href":"https:\/\/api.w.org\/{rel}","templated":true}]}}