{"id":29,"date":"2017-06-29T16:08:46","date_gmt":"2017-06-29T14:08:46","guid":{"rendered":"https:\/\/ent2d.ac-bordeaux.fr\/disciplines\/maintenance\/?page_id=29"},"modified":"2024-08-27T10:52:48","modified_gmt":"2024-08-27T08:52:48","slug":"prevention-securite","status":"publish","type":"page","link":"https:\/\/ent2d.ac-bordeaux.fr\/disciplines\/maintenance\/prevention-securite\/","title":{"rendered":"Pr\u00e9vention-S\u00e9curit\u00e9"},"content":{"rendered":"<div>\n<h4>La pr\u00e9vention et la s\u00e9curit\u00e9 <b>doivent <\/b>rester une <b>priorit\u00e9 <\/b>dans nos enseignements. Elles ne constituent pas un ensemble de comp\u00e9tences isol\u00e9es de nos r\u00e9f\u00e9rentiels mais doivent \u00eatre int\u00e9gr\u00e9es dans notre enseignement \u00e0 chaque intervention que nous faisons aupr\u00e8s des \u00e9l\u00e8ves.<\/h4>\n<p>Elles font partie des<u><b> \u00ab\u00a0r\u00e8gles de l&rsquo;art\u00a0\u00bb. <\/b><\/u>Aucune activit\u00e9 n&rsquo;est\u00a0bien men\u00e9e, si elle\u00a0n&rsquo;est pas d\u00e9velopp\u00e9e en tenant compte\u00a0 des r\u00e8gles de\u00a0pr\u00e9vention et de s\u00e9curit\u00e9.<\/p>\n<p><b>Aucun \u00e9l\u00e8ve <\/b>ne doit quitter nos formations sans avoir int\u00e9grer ses mesures permettant de conserver <b>l&rsquo;int\u00e9grit\u00e9 physique <\/b>des intervenants \u00e0 court, moyen et long terme, la s\u00e9curisation des installations, la protection de l&rsquo;environnement.<\/p>\n<p>L&rsquo;habitation \u00e9lectrique est obligatoire mais en fonction des diff\u00e9rentes configurations de travail et de possibilit\u00e9s qu&rsquo;offrent nos \u00e9tablissements, nous pouvons nous trouver confronter \u00e0 la mise en \u0153uvre d&rsquo;autres normes et pr\u00e9conisations\u00a0 telles :<br \/>\n&#8211; L&rsquo;habilitation aux travaux en hauteur.<br \/>\n&#8211; L&rsquo;habilitation \u00e0 conduire des ponts roulants.<\/p>\n<p>Si elles en sont pas obligatoires dans nos r\u00e9f\u00e9rentiels, elles peuvent constituer une comp\u00e9tence suppl\u00e9mentaire permettant de valoriser le CV de nos jeunes lors de leurs insertion en entreprise.<\/p>\n<\/div>\n\n\n<p><strong>Nouveaut\u00e9 : Tutoprev Interactif Maintenance industrielle<\/strong><\/p>\n\n\n\n<p>La <strong>d\u00e9marche TutoPr\u00e9v\u2019<\/strong> vise \u00e0 s\u2019assurer que les salari\u00e9s ou futurs salari\u00e9s (jeunes en stage ou apprentissage, int\u00e9rimaires, nouveaux embauch\u00e9s de tout \u00e2ge\u2026) soient capables d\u2019observer une situation de travail, de rep\u00e9rer les dangers et les risques qui y sont li\u00e9s et de proposer des mesures de pr\u00e9vention adapt\u00e9es \u00e0 ces risques. TutoPr\u00e9v\u2019 Interactif est un outil compl\u00e9mentaire aux <a href=\"https:\/\/www.inrs.fr\/actualites\/tutoprev.html\" target=\"_blank\" rel=\"noreferrer noopener\"><strong>TutoPr\u00e9v\u2019 P\u00e9dagogie et Accueil<\/strong><\/a>. Il permet de v\u00e9rifier, au travers de quiz, les connaissances en mati\u00e8re de sant\u00e9 et de s\u00e9curit\u00e9 au travail ; proposer, en cas de lacunes, des actions d\u2019information, de formation ou d\u2019accompagnement.<\/p>\n\n\n<div class=\"wp-block-image\">\n<figure class=\"aligncenter size-full\"><a href=\"https:\/\/ressources.inrs.fr\/tutoprev\/content\/Maintenance-industrielle\/story.html\" target=\"_blank\" rel=\"noreferrer noopener\"><img loading=\"lazy\" decoding=\"async\" width=\"360\" height=\"258\" src=\"https:\/\/ent2d.ac-bordeaux.fr\/disciplines\/maintenance\/wp-content\/uploads\/sites\/21\/2024\/08\/image-2.png\" alt=\"\" class=\"wp-image-614\" srcset=\"https:\/\/ent2d.ac-bordeaux.fr\/disciplines\/maintenance\/wp-content\/uploads\/sites\/21\/2024\/08\/image-2.png 360w, https:\/\/ent2d.ac-bordeaux.fr\/disciplines\/maintenance\/wp-content\/uploads\/sites\/21\/2024\/08\/image-2-300x215.png 300w\" sizes=\"auto, (max-width: 360px) 100vw, 360px\" \/><\/a><\/figure>\n<\/div>","protected":false},"excerpt":{"rendered":"<p>La pr\u00e9vention et la s\u00e9curit\u00e9 doivent rester une priorit\u00e9 dans nos enseignements. Elles ne constituent pas un ensemble de comp\u00e9tences isol\u00e9es de nos r\u00e9f\u00e9rentiels mais doivent \u00eatre int\u00e9gr\u00e9es dans notre enseignement \u00e0 chaque intervention que nous faisons aupr\u00e8s des \u00e9l\u00e8ves. Elles font partie des \u00ab\u00a0r\u00e8gles de l&rsquo;art\u00a0\u00bb. Aucune activit\u00e9 n&rsquo;est\u00a0bien men\u00e9e, si elle\u00a0n&rsquo;est pas d\u00e9velopp\u00e9e &hellip; <\/p>\n<p><a class=\"more-link block-button\" href=\"https:\/\/ent2d.ac-bordeaux.fr\/disciplines\/maintenance\/prevention-securite\/\">Lire la Suite &raquo;<\/a><\/p>\n","protected":false},"author":95,"featured_media":0,"parent":0,"menu_order":0,"comment_status":"closed","ping_status":"closed","template":"template-onecolumn.php","meta":{"footnotes":""},"class_list":["post-29","page","type-page","status-publish","hentry","nodate"],"_links":{"self":[{"href":"https:\/\/ent2d.ac-bordeaux.fr\/disciplines\/maintenance\/wp-json\/wp\/v2\/pages\/29","targetHints":{"allow":["GET"]}}],"collection":[{"href":"https:\/\/ent2d.ac-bordeaux.fr\/disciplines\/maintenance\/wp-json\/wp\/v2\/pages"}],"about":[{"href":"https:\/\/ent2d.ac-bordeaux.fr\/disciplines\/maintenance\/wp-json\/wp\/v2\/types\/page"}],"author":[{"embeddable":true,"href":"https:\/\/ent2d.ac-bordeaux.fr\/disciplines\/maintenance\/wp-json\/wp\/v2\/users\/95"}],"replies":[{"embeddable":true,"href":"https:\/\/ent2d.ac-bordeaux.fr\/disciplines\/maintenance\/wp-json\/wp\/v2\/comments?post=29"}],"version-history":[{"count":5,"href":"https:\/\/ent2d.ac-bordeaux.fr\/disciplines\/maintenance\/wp-json\/wp\/v2\/pages\/29\/revisions"}],"predecessor-version":[{"id":616,"href":"https:\/\/ent2d.ac-bordeaux.fr\/disciplines\/maintenance\/wp-json\/wp\/v2\/pages\/29\/revisions\/616"}],"wp:attachment":[{"href":"https:\/\/ent2d.ac-bordeaux.fr\/disciplines\/maintenance\/wp-json\/wp\/v2\/media?parent=29"}],"curies":[{"name":"wp","href":"https:\/\/api.w.org\/{rel}","templated":true}]}}