{"id":279,"date":"2017-07-27T09:17:21","date_gmt":"2017-07-27T07:17:21","guid":{"rendered":"https:\/\/ent2d.ac-bordeaux.fr\/disciplines\/maintenance\/?page_id=279"},"modified":"2024-08-27T10:36:26","modified_gmt":"2024-08-27T08:36:26","slug":"mc-ta","status":"publish","type":"page","link":"https:\/\/ent2d.ac-bordeaux.fr\/disciplines\/maintenance\/mc-ta\/","title":{"rendered":"CS Technicien ascensoriste &#8211; Eysines"},"content":{"rendered":"<ul>\n<li>\n<h4>La MC Technicien ascensoriste : <strong><a href=\"https:\/\/ent2d.ac-bordeaux.fr\/disciplines\/maintenance\/wp-content\/uploads\/sites\/21\/2017\/06\/mctasm_ref.pdf\">R\u00e9f\u00e9rentiel MCTA<\/a> <\/strong>\u2013 <strong><a href=\"https:\/\/ent2d.ac-bordeaux.fr\/disciplines\/maintenance\/wp-content\/uploads\/sites\/21\/2017\/06\/mctasm_repfor.pdf\">Rep\u00e8re pour la formation MCTA<\/a><\/strong><\/h4>\n<\/li>\n<li><a href=\"http:\/\/www.onisep.fr\/Ressources\/Univers-Metier\/Metiers\/ascensoriste\">Pr\u00e9sentation<\/a><\/li>\n<\/ul>\n\n\n<p>Les ascensoristes sont polyvalents et ma\u00eetrisent aussi bien les techniques anciennes que les nouvelles. Ils sont tour \u00e0 tour partenaires des architectes, des promoteurs, des ma\u00eetres d&rsquo;ouvrage, des ma\u00eetres d\u2019\u0153uvre, des propri\u00e9taires institutionnels, des organismes de gestion des logements sociaux, des syndics, des copropri\u00e9taires et des usagers.<\/p>\n\n\n\n<p>Garant de l\u2019image de l\u2019entreprise, le technicien ascensoriste intervient quotidiennement en relation avec les clients et usagers. Il doit faire preuve d\u2019un sens relationnel d\u00e9velopp\u00e9. <strong>Le technicien ascensoriste<\/strong> intervient en maintenance, r\u00e9paration ou modernisation.<\/p>\n\n\n\n<p><strong>La maintenance&nbsp;<\/strong>permet d\u2019assurer l\u2019entretien d\u2019un parc d\u2019ascenseurs de technologies vari\u00e9es. Le technicien v\u00e9rifie r\u00e9guli\u00e8rement le bon fonctionnement des ascenseurs de son secteur au cours de tourn\u00e9es d\u2019inspection, effectu\u00e9es de fa\u00e7on autonome. Il effectue aussi des interventions suite \u00e0 des appels re\u00e7us. Activit\u00e9 de service et de contact, la maintenance garantit \u00e9galement l&rsquo;assistance aux usagers.<\/p>\n\n\n\n<p><strong>La r\u00e9paration<\/strong>&nbsp;consiste \u00e0 effectuer la remise en \u00e9tat ou l\u2019\u00e9change d\u2019\u00e9l\u00e9ments ou d\u2019organes de l\u2019ascenseur afin d\u2019en assurer la s\u00e9curit\u00e9 et les performances de fonctionnement. Elle requiert des capacit\u00e9s d\u2019analyse, d\u2019intervention et d\u2019adaptation.<\/p>\n\n\n\n<p><strong>La modernisation<\/strong>&nbsp;consiste \u00e0 r\u00e9nover des organes ou des sous-ensembles complets d\u2019un ascenseur afin d\u2019en renforcer la s\u00e9curit\u00e9, d\u2019optimiser les performances et d\u2019am\u00e9liorer le confort des usagers. Elle met en jeu des technologies avanc\u00e9es et s\u2019effectue g\u00e9n\u00e9ralement au sein d\u2019une \u00e9quipe.<\/p>\n","protected":false},"excerpt":{"rendered":"<p>La MC Technicien ascensoriste : R\u00e9f\u00e9rentiel MCTA \u2013 Rep\u00e8re pour la formation MCTA Pr\u00e9sentation Les ascensoristes sont polyvalents et ma\u00eetrisent aussi bien les techniques anciennes que les nouvelles. Ils sont tour \u00e0 tour partenaires des architectes, des promoteurs, des ma\u00eetres d&rsquo;ouvrage, des ma\u00eetres d\u2019\u0153uvre, des propri\u00e9taires institutionnels, des organismes de gestion des logements sociaux, des &hellip; <\/p>\n<p><a class=\"more-link block-button\" href=\"https:\/\/ent2d.ac-bordeaux.fr\/disciplines\/maintenance\/mc-ta\/\">Lire la Suite &raquo;<\/a><\/p>\n","protected":false},"author":95,"featured_media":0,"parent":0,"menu_order":0,"comment_status":"closed","ping_status":"closed","template":"","meta":{"footnotes":""},"class_list":["post-279","page","type-page","status-publish","hentry","nodate"],"_links":{"self":[{"href":"https:\/\/ent2d.ac-bordeaux.fr\/disciplines\/maintenance\/wp-json\/wp\/v2\/pages\/279","targetHints":{"allow":["GET"]}}],"collection":[{"href":"https:\/\/ent2d.ac-bordeaux.fr\/disciplines\/maintenance\/wp-json\/wp\/v2\/pages"}],"about":[{"href":"https:\/\/ent2d.ac-bordeaux.fr\/disciplines\/maintenance\/wp-json\/wp\/v2\/types\/page"}],"author":[{"embeddable":true,"href":"https:\/\/ent2d.ac-bordeaux.fr\/disciplines\/maintenance\/wp-json\/wp\/v2\/users\/95"}],"replies":[{"embeddable":true,"href":"https:\/\/ent2d.ac-bordeaux.fr\/disciplines\/maintenance\/wp-json\/wp\/v2\/comments?post=279"}],"version-history":[{"count":8,"href":"https:\/\/ent2d.ac-bordeaux.fr\/disciplines\/maintenance\/wp-json\/wp\/v2\/pages\/279\/revisions"}],"predecessor-version":[{"id":607,"href":"https:\/\/ent2d.ac-bordeaux.fr\/disciplines\/maintenance\/wp-json\/wp\/v2\/pages\/279\/revisions\/607"}],"wp:attachment":[{"href":"https:\/\/ent2d.ac-bordeaux.fr\/disciplines\/maintenance\/wp-json\/wp\/v2\/media?parent=279"}],"curies":[{"name":"wp","href":"https:\/\/api.w.org\/{rel}","templated":true}]}}