{"id":277,"date":"2017-07-27T09:17:21","date_gmt":"2017-07-27T07:17:21","guid":{"rendered":"https:\/\/ent2d.ac-bordeaux.fr\/disciplines\/maintenance\/?page_id=277"},"modified":"2024-08-27T10:36:48","modified_gmt":"2024-08-27T08:36:48","slug":"bac-pro-tiin","status":"publish","type":"page","link":"https:\/\/ent2d.ac-bordeaux.fr\/disciplines\/maintenance\/bac-pro-tiin\/","title":{"rendered":"Bac pro TIIN &#8211; Blaye"},"content":{"rendered":"<p><iframe loading=\"lazy\" title=\"Comment la fission de l&#039;uranium permet le fonctionnement d&#039;une centrale nucl\u00e9aire - EDF\" width=\"500\" height=\"281\" src=\"https:\/\/www.youtube.com\/embed\/I09DhTubNqE?feature=oembed\" frameborder=\"0\" allow=\"accelerometer; autoplay; clipboard-write; encrypted-media; gyroscope; picture-in-picture; web-share\" referrerpolicy=\"strict-origin-when-cross-origin\" allowfullscreen><\/iframe><\/p>\n<ul>\n<li>\n<h4><strong>Le BAC PRO TIIN<\/strong> (techniques d\u2019interventions sur installations nucl\u00e9aires) : <strong><a href=\"https:\/\/ent2d.ac-bordeaux.fr\/disciplines\/maintenance\/wp-content\/uploads\/sites\/21\/2017\/06\/4711-ref-bac-pro-tiin-arrete.pdf\">r\u00e9f\u00e9rentiel<\/a><\/strong> \u2013 <strong><a href=\"https:\/\/ent2d.ac-bordeaux.fr\/disciplines\/maintenance\/wp-content\/uploads\/sites\/21\/2017\/06\/rep%C3%A8re-pour-la-formation-nucl%C3%A9aire-V_-d%C3%A9c-2016.pdf\">rep\u00e8re pour la formation nucl\u00e9aire<\/a><\/strong><\/h4>\n<h4><img loading=\"lazy\" decoding=\"async\" class=\"wp-image-114 alignright\" src=\"https:\/\/ent2d.ac-bordeaux.fr\/disciplines\/maintenance\/wp-content\/uploads\/sites\/21\/2017\/06\/images-300x152.jpg\" alt=\"\" width=\"194\" height=\"98\" srcset=\"https:\/\/ent2d.ac-bordeaux.fr\/disciplines\/maintenance\/wp-content\/uploads\/sites\/21\/2017\/06\/images-300x152.jpg 300w, https:\/\/ent2d.ac-bordeaux.fr\/disciplines\/maintenance\/wp-content\/uploads\/sites\/21\/2017\/06\/images.jpg 315w\" sizes=\"auto, (max-width: 194px) 100vw, 194px\" \/><\/h4>\n<\/li>\n<\/ul>\n<p><em>Centrale nucl\u00e9aire de Blaye<br \/>\n<\/em><\/p>\n","protected":false},"excerpt":{"rendered":"<p>Le BAC PRO TIIN (techniques d\u2019interventions sur installations nucl\u00e9aires) : r\u00e9f\u00e9rentiel \u2013 rep\u00e8re pour la formation nucl\u00e9aire Centrale nucl\u00e9aire de Blaye<\/p>\n","protected":false},"author":95,"featured_media":0,"parent":0,"menu_order":0,"comment_status":"closed","ping_status":"closed","template":"","meta":{"footnotes":""},"class_list":["post-277","page","type-page","status-publish","hentry","nodate"],"_links":{"self":[{"href":"https:\/\/ent2d.ac-bordeaux.fr\/disciplines\/maintenance\/wp-json\/wp\/v2\/pages\/277","targetHints":{"allow":["GET"]}}],"collection":[{"href":"https:\/\/ent2d.ac-bordeaux.fr\/disciplines\/maintenance\/wp-json\/wp\/v2\/pages"}],"about":[{"href":"https:\/\/ent2d.ac-bordeaux.fr\/disciplines\/maintenance\/wp-json\/wp\/v2\/types\/page"}],"author":[{"embeddable":true,"href":"https:\/\/ent2d.ac-bordeaux.fr\/disciplines\/maintenance\/wp-json\/wp\/v2\/users\/95"}],"replies":[{"embeddable":true,"href":"https:\/\/ent2d.ac-bordeaux.fr\/disciplines\/maintenance\/wp-json\/wp\/v2\/comments?post=277"}],"version-history":[{"count":4,"href":"https:\/\/ent2d.ac-bordeaux.fr\/disciplines\/maintenance\/wp-json\/wp\/v2\/pages\/277\/revisions"}],"predecessor-version":[{"id":608,"href":"https:\/\/ent2d.ac-bordeaux.fr\/disciplines\/maintenance\/wp-json\/wp\/v2\/pages\/277\/revisions\/608"}],"wp:attachment":[{"href":"https:\/\/ent2d.ac-bordeaux.fr\/disciplines\/maintenance\/wp-json\/wp\/v2\/media?parent=277"}],"curies":[{"name":"wp","href":"https:\/\/api.w.org\/{rel}","templated":true}]}}