{"id":276,"date":"2017-07-27T09:17:21","date_gmt":"2017-07-27T07:17:21","guid":{"rendered":"https:\/\/ent2d.ac-bordeaux.fr\/disciplines\/maintenance\/?page_id=276"},"modified":"2020-05-21T10:27:31","modified_gmt":"2020-05-21T08:27:31","slug":"bac-pro-plp","status":"publish","type":"page","link":"https:\/\/ent2d.ac-bordeaux.fr\/disciplines\/maintenance\/bac-pro-plp\/","title":{"rendered":"CAP CIP &#8211; Bac pro PLP"},"content":{"rendered":"<ul>\n<li>\n<h5><strong><a href=\"http:\/\/www.onisep.fr\/Ressources\/Univers-Formation\/Formations\/Lycees\/Bac-pro-Pilote-de-ligne-de-production\">Pr\u00e9sentation<\/a><\/strong><\/h5>\n<\/li>\n<li>\n<h5><a href=\"http:\/\/eduscol.education.fr\/sti\/seminaires\/renovation-bac-professionnel-pilote-de-ligne-de-production-plp-et-cap-conduite#fichiers-liens\">R\u00e9novation Bac professionnel pilote de ligne de production (PLP) et CAP conduite d\u2019installation de production (CIP)<\/a><\/h5>\n<\/li>\n<li><strong>Le CAP Conducteur d\u2019installation de production<\/strong> : <a href=\"http:\/\/eduscol.education.fr\/sti\/sites\/eduscol.education.fr.sti\/files\/textes\/formations-cap-cap-conducteur-dinstallations-de-production-cip\/372-referentiel-cap-cip.pdf\">r\u00e9f\u00e9rentiel <\/a><\/li>\n<li><strong>Le BAC PRO Pilote de ligne de production<\/strong> : <a href=\"http:\/\/eduscol.education.fr\/sti\/sites\/eduscol.education.fr.sti\/files\/textes\/formations-bac-pro-bac-pro-pilote-de-ligne-de-production-plp\/254-bac-pro-plp-referentiel.pdf\">r\u00e9f\u00e9rentiel<\/a><\/li>\n<\/ul>\n<h4><a href=\"http:\/\/eduscol.education.fr\/sti\/sites\/eduscol.education.fr.sti\/files\/textes\/formations-bac-pro-bac-pro-pilote-de-ligne-de-production-plp-cap-cap-conducteur-dinstallations-de\/1819-reperes-pour-la-formation-bac-plp-cap-cip-pour-diffusion.pdf\">Rep\u00e8re pour la formation CAP CIP et BAC PRO PLP<\/a><\/h4>\n<h3><strong>DES VID\u00c9OS<\/strong><\/h3>\n<ul>\n<li>\n<h3 class=\"with-tabs\"><a href=\"http:\/\/eduscol.education.fr\/sti\/ressources_techniques\/les-metiers-de-conduite-de-process\">Les m\u00e9tiers de Conduite de Process <\/a><\/h3>\n<p>Cette ressource vous propose un un panel de liens vers des vid\u00e9os illustrant les activit\u00e9s professionnelles\u00a0des diff\u00e9rents acteurs de la conduite de process<\/p>\n<h3><a href=\"http:\/\/eduscol.education.fr\/sti\/ressources_pedagogiques\/des-situations-professionnelles-emblematiques-en-bac-pro-plp-ou-en-cap-cip\">Des situations professionnelles embl\u00e9matiques en BAC PRO PLP ou en CAP CIP<\/a><\/h3>\n<\/li>\n<\/ul>\n","protected":false},"excerpt":{"rendered":"<p>Pr\u00e9sentation R\u00e9novation Bac professionnel pilote de ligne de production (PLP) et CAP conduite d\u2019installation de production (CIP) Le CAP Conducteur d\u2019installation de production : r\u00e9f\u00e9rentiel Le BAC PRO Pilote de ligne de production : r\u00e9f\u00e9rentiel Rep\u00e8re pour la formation CAP CIP et BAC PRO PLP DES VID\u00c9OS Les m\u00e9tiers de Conduite de Process Cette ressource &hellip; <\/p>\n<p><a class=\"more-link block-button\" href=\"https:\/\/ent2d.ac-bordeaux.fr\/disciplines\/maintenance\/bac-pro-plp\/\">Lire la Suite &raquo;<\/a><\/p>\n","protected":false},"author":95,"featured_media":0,"parent":0,"menu_order":0,"comment_status":"closed","ping_status":"closed","template":"","meta":{"footnotes":""},"class_list":["post-276","page","type-page","status-publish","hentry","nodate"],"_links":{"self":[{"href":"https:\/\/ent2d.ac-bordeaux.fr\/disciplines\/maintenance\/wp-json\/wp\/v2\/pages\/276","targetHints":{"allow":["GET"]}}],"collection":[{"href":"https:\/\/ent2d.ac-bordeaux.fr\/disciplines\/maintenance\/wp-json\/wp\/v2\/pages"}],"about":[{"href":"https:\/\/ent2d.ac-bordeaux.fr\/disciplines\/maintenance\/wp-json\/wp\/v2\/types\/page"}],"author":[{"embeddable":true,"href":"https:\/\/ent2d.ac-bordeaux.fr\/disciplines\/maintenance\/wp-json\/wp\/v2\/users\/95"}],"replies":[{"embeddable":true,"href":"https:\/\/ent2d.ac-bordeaux.fr\/disciplines\/maintenance\/wp-json\/wp\/v2\/comments?post=276"}],"version-history":[{"count":3,"href":"https:\/\/ent2d.ac-bordeaux.fr\/disciplines\/maintenance\/wp-json\/wp\/v2\/pages\/276\/revisions"}],"predecessor-version":[{"id":459,"href":"https:\/\/ent2d.ac-bordeaux.fr\/disciplines\/maintenance\/wp-json\/wp\/v2\/pages\/276\/revisions\/459"}],"wp:attachment":[{"href":"https:\/\/ent2d.ac-bordeaux.fr\/disciplines\/maintenance\/wp-json\/wp\/v2\/media?parent=276"}],"curies":[{"name":"wp","href":"https:\/\/api.w.org\/{rel}","templated":true}]}}