{"id":275,"date":"2017-07-27T09:17:21","date_gmt":"2017-07-27T07:17:21","guid":{"rendered":"https:\/\/ent2d.ac-bordeaux.fr\/disciplines\/maintenance\/?page_id=275"},"modified":"2024-08-27T10:31:18","modified_gmt":"2024-08-27T08:31:18","slug":"bac-pro-mei","status":"publish","type":"page","link":"https:\/\/ent2d.ac-bordeaux.fr\/disciplines\/maintenance\/bac-pro-mei\/","title":{"rendered":"Bac Pro Maintenance des Syst\u00e8mes de Production Connect\u00e9s &#8211; MSPC"},"content":{"rendered":"\n<ul class=\"wp-block-list\">\n<li><a href=\"https:\/\/eduscol.education.fr\/sti\/formations\/bac-pro\/bac-pro-maintenance-des-systemes-de-production-connectes-mspc#presentation\"><strong>Pr\u00e9sentation<\/strong><\/a><\/li>\n\n\n\n<li><a href=\"https:\/\/eduscol.education.fr\/sti\/formations\/bac-pro\/bac-pro-maintenance-des-systemes-de-production-connectes-mspc#formation\" target=\"_blank\" rel=\"noreferrer noopener\"><strong>Formation<\/strong><\/a><\/li>\n\n\n\n<li><a href=\"https:\/\/eduscol.education.fr\/sti\/formations\/bac-pro\/bac-pro-maintenance-des-systemes-de-production-connectes-mspc#pfmp\" target=\"_blank\" rel=\"noreferrer noopener\"><strong>PFMP<\/strong><\/a><\/li>\n\n\n\n<li><a href=\"https:\/\/eduscol.education.fr\/sti\/formations\/bac-pro\/bac-pro-maintenance-des-systemes-de-production-connectes-mspc#referentiel\" target=\"_blank\" rel=\"noreferrer noopener\"><strong>R\u00e9f\u00e9rentiel<\/strong><\/a><\/li>\n\n\n\n<li><a href=\"https:\/\/eduscol.education.fr\/sti\/formations\/bac-pro\/bac-pro-maintenance-des-systemes-de-production-connectes-mspc#liens\" target=\"_blank\" rel=\"noreferrer noopener\"><strong>Liens<\/strong><\/a><\/li>\n\n\n\n<li><a href=\"https:\/\/eduscol.education.fr\/sti\/formations\/bac-pro\/bac-pro-maintenance-des-systemes-de-production-connectes-mspc#ressources-competences\" target=\"_blank\" rel=\"noreferrer noopener\"><strong>Ressources par comp\u00e9tences<\/strong><\/a><\/li>\n\n\n\n<li><a href=\"https:\/\/eduscol.education.fr\/sti\/formations\/bac-pro\/bac-pro-maintenance-des-systemes-de-production-connectes-mspc#ressources-savoirs\" target=\"_blank\" rel=\"noreferrer noopener\"><strong>Ressources par savoirs<\/strong><\/a><\/li>\n\n\n\n<li><a href=\"https:\/\/eduscol.education.fr\/sti\/formations\/bac-pro\/bac-pro-maintenance-des-systemes-de-production-connectes-mspc#ressources-activites-pro\" target=\"_blank\" rel=\"noreferrer noopener\"><strong>Ressources par activit\u00e9s professionnelles<\/strong><\/a><\/li>\n<\/ul>\n\n\n\n<p>Le (la) titulaire du baccalaur\u00e9at professionnel Maintenance des Syst\u00e8mes de Production Connect\u00e9s est un(e) professionnel(le) polyvalent(e) dont l\u2019objectif principal est de limiter le taux de panne ou d\u2019indisponibilit\u00e9 des syst\u00e8mes (quel que soit le type d\u2019anomalie : m\u00e9canique, \u00e9lectrique, pneumatique, hydraulique, \u2026) en utilisant tous les moyens technologiques, humains et savoirs\/connaissances qu\u2019il a \u00e0 sa disposition.<\/p>\n\n\n\n<p>Il (elle) est le garant de leur disponibilit\u00e9 et de leur am\u00e9lioration, pour assurer les fonctions pr\u00e9vues (cadences, disponibilit\u00e9s, \u2026) tout au long de leur cycle de vie (depuis l&rsquo;syst\u00e8me jusqu\u2019au d\u00e9mant\u00e8lement).<\/p>\n\n\n\n<p><strong>La maintenance d\u2019aujourd\u2019hui est principalement :<\/strong><\/p>\n\n\n\n<ul class=\"wp-block-list\">\n<li>Pr\u00e9ventive : intervention par anticipation.<\/li>\n\n\n\n<li>Corrective : r\u00e9paration suite \u00e0 une panne.<\/li>\n<\/ul>\n\n\n\n<p><strong>Elle s\u2019oriente de plus en plus vers de :<\/strong><\/p>\n\n\n\n<ul class=\"wp-block-list\">\n<li>La Maintenance conditionnelle : maintenance pr\u00e9visionnelle (pr\u00e9dictive maintenance), conditionnelle non pr\u00e9visionnelle, sans perturber le process de production.<\/li>\n\n\n\n<li>L\u2019am\u00e9lioration continue.<\/li>\n<\/ul>\n\n\n\n<p>Le baccalaur\u00e9at professionnel Maintenance des Syst\u00e8mes de Production Connect\u00e9s donne acc\u00e8s au m\u00e9tier de&nbsp;technicien(ne) en charge des activit\u00e9s de maintenance des syst\u00e8mes de production.<br>Ces activit\u00e9s principales sont :<\/p>\n\n\n\n<ul class=\"wp-block-list\">\n<li>La maintenance am\u00e9liorative<\/li>\n\n\n\n<li>La maintenance pr\u00e9ventive<\/li>\n\n\n\n<li>La maintenance corrective<\/li>\n<\/ul>\n\n\n\n<p>Les moyens de r\u00e9alisation de ces activit\u00e9s doivent prendre en compte les \u00e9volutions technologiques des syst\u00e8mes&nbsp;et des moyens de communication. A titre d\u2019exemples :<\/p>\n\n\n\n<ul class=\"wp-block-list\">\n<li>Utilisation de la r\u00e9alit\u00e9 augment\u00e9e pour les op\u00e9rations de maintenance<\/li>\n\n\n\n<li>Exploitation des donn\u00e9es pour \u00e9tayer son raisonnement<\/li>\n\n\n\n<li>Mise en \u0153uvre, param\u00e9trage de solutions permettant l\u2019analyse d\u2019un syst\u00e8me<\/li>\n\n\n\n<li>Retrofit des syst\u00e8mes afin de les rendre communicant dans un r\u00e9seau<\/li>\n<\/ul>\n\n\n\n<p>Dans tous les secteurs, le (la) technicien(ne) de maintenance industrielle assure des missions de maintenance pr\u00e9ventive et corrective sur tous types de syst\u00e8mes, d\u00e9tecte les pannes et \u00e9tablit un diagnostic avant son&nbsp;intervention.<\/p>\n\n\n\n<p>En fonction des diff\u00e9rents contextes et\/ou organisation des entreprises, les missions ou activit\u00e9s du (de la) titulaire&nbsp;de ce dipl\u00f4me peuvent porter \u00e0 titre d\u2019exemples sur :<\/p>\n\n\n\n<ul class=\"wp-block-list\">\n<li>Le diagnostic et contr\u00f4le de syst\u00e8mes pluritechnologiques<\/li>\n\n\n\n<li>La r\u00e9alisation d\u2019interventions de maintenance pr\u00e9ventive ou corrective en m\u00e9canique, \u00e9lectrotechnique,<\/li>\n\n\n\n<li>automatisme<\/li>\n\n\n\n<li>La capitalisation d\u2019exp\u00e9riences et l\u2019am\u00e9lioration continue<\/li>\n<\/ul>\n\n\n\n<p>Dans tous les cas, le (la) technicien(ne) de maintenance industrielle devra prendre en compte les :<\/p>\n\n\n\n<ul class=\"wp-block-list\">\n<li>Exigences de sant\u00e9 et de s\u00e9curit\u00e9<\/li>\n\n\n\n<li>Exigences environnementales<\/li>\n\n\n\n<li>Exigences de qualit\u00e9<\/li>\n\n\n\n<li>Exigences de communication dans une langue \u00e9trang\u00e8re<\/li>\n<\/ul>\n\n\n\n<h3 class=\"wp-block-heading\"><strong>Transformer le lyc\u00e9e professionnel :<\/strong><\/h3>\n\n\n\n<h3 class=\"wp-block-heading\"><a href=\"https:\/\/eduscol.education.fr\/2224\/transformer-le-lycee-professionnel\" target=\"_blank\" rel=\"noreferrer noopener\">https:\/\/eduscol.education.fr\/2224\/transformer-le-lycee-professionnel<\/a><\/h3>\n\n\n\n<h3 class=\"wp-block-heading\">Famille des m\u00e9tiers du pilotage et de la maintenance :<\/h3>\n\n\n\n<h3 class=\"wp-block-heading\"><a href=\"https:\/\/eduscol.education.fr\/3201\/les-familles-de-metiers-en-seconde-professionnelle#summary-item-14\" target=\"_blank\" rel=\"noreferrer noopener\">https:\/\/eduscol.education.fr\/3201\/les-familles-de-metiers-en-seconde-professionnelle#summary-item-14<\/a><\/h3>\n","protected":false},"excerpt":{"rendered":"<p>Le (la) titulaire du baccalaur\u00e9at professionnel Maintenance des Syst\u00e8mes de Production Connect\u00e9s est un(e) professionnel(le) polyvalent(e) dont l\u2019objectif principal est de limiter le taux de panne ou d\u2019indisponibilit\u00e9 des syst\u00e8mes (quel que soit le type d\u2019anomalie : m\u00e9canique, \u00e9lectrique, pneumatique, hydraulique, \u2026) en utilisant tous les moyens technologiques, humains et savoirs\/connaissances qu\u2019il a \u00e0 sa &hellip; <\/p>\n<p><a class=\"more-link block-button\" href=\"https:\/\/ent2d.ac-bordeaux.fr\/disciplines\/maintenance\/bac-pro-mei\/\">Lire la Suite &raquo;<\/a><\/p>\n","protected":false},"author":95,"featured_media":0,"parent":0,"menu_order":0,"comment_status":"closed","ping_status":"closed","template":"","meta":{"footnotes":""},"class_list":["post-275","page","type-page","status-publish","hentry","nodate"],"_links":{"self":[{"href":"https:\/\/ent2d.ac-bordeaux.fr\/disciplines\/maintenance\/wp-json\/wp\/v2\/pages\/275","targetHints":{"allow":["GET"]}}],"collection":[{"href":"https:\/\/ent2d.ac-bordeaux.fr\/disciplines\/maintenance\/wp-json\/wp\/v2\/pages"}],"about":[{"href":"https:\/\/ent2d.ac-bordeaux.fr\/disciplines\/maintenance\/wp-json\/wp\/v2\/types\/page"}],"author":[{"embeddable":true,"href":"https:\/\/ent2d.ac-bordeaux.fr\/disciplines\/maintenance\/wp-json\/wp\/v2\/users\/95"}],"replies":[{"embeddable":true,"href":"https:\/\/ent2d.ac-bordeaux.fr\/disciplines\/maintenance\/wp-json\/wp\/v2\/comments?post=275"}],"version-history":[{"count":6,"href":"https:\/\/ent2d.ac-bordeaux.fr\/disciplines\/maintenance\/wp-json\/wp\/v2\/pages\/275\/revisions"}],"predecessor-version":[{"id":604,"href":"https:\/\/ent2d.ac-bordeaux.fr\/disciplines\/maintenance\/wp-json\/wp\/v2\/pages\/275\/revisions\/604"}],"wp:attachment":[{"href":"https:\/\/ent2d.ac-bordeaux.fr\/disciplines\/maintenance\/wp-json\/wp\/v2\/media?parent=275"}],"curies":[{"name":"wp","href":"https:\/\/api.w.org\/{rel}","templated":true}]}}