{"id":191,"date":"2017-07-02T18:25:52","date_gmt":"2017-07-02T16:25:52","guid":{"rendered":"https:\/\/ent2d.ac-bordeaux.fr\/disciplines\/maintenance\/?page_id=191"},"modified":"2018-01-21T17:48:48","modified_gmt":"2018-01-21T16:48:48","slug":"periodes-de-formation-en-milieu-professionnel-pfmp","status":"publish","type":"page","link":"https:\/\/ent2d.ac-bordeaux.fr\/disciplines\/maintenance\/periodes-de-formation-en-milieu-professionnel\/periodes-de-formation-en-milieu-professionnel-pfmp\/","title":{"rendered":"P\u00e9riodes de formation en milieu professionnel (PFMP)"},"content":{"rendered":"<h5>Les <b>p\u00e9riodes de formation en milieu professionnel<\/b> constituent des temps en entreprises obligatoires qui permettent \u00e0 l\u2019\u00e9l\u00e8ve\u00a0:<\/h5>\n<ul>\n<li>\n<h5>de mettre en application et de consolider les comp\u00e9tences acquises au lyc\u00e9e professionnel\u00a0;<\/h5>\n<\/li>\n<li>\n<h5>d\u2019en acqu\u00e9rir de nouvelles\u00a0;<\/h5>\n<\/li>\n<li>\n<h5>d\u2019approfondir sa connaissance du monde professionnel.<\/h5>\n<h5>Les PFMP sont des moments p\u00e9dagogiques \u00e0 part enti\u00e8re qui impliquent <b>une continuit\u00e9 p\u00e9dagogique entre le lyc\u00e9e professionnel et l\u2019entreprise. <\/b><\/h5>\n<\/li>\n<\/ul>\n<h5><span style=\"color: #0000ff\"><strong>T\u00e9l\u00e9charger :<\/strong><\/span><\/h5>\n<ul>\n<li>\n<h5><strong><a href=\"https:\/\/ent2d.ac-bordeaux.fr\/disciplines\/maintenance\/wp-content\/uploads\/sites\/21\/2017\/07\/Guide-daccompagnement-des-PFMP-V01.17.pdf\">Guide d&rsquo;accompagnement des PFMP V01.17<\/a><\/strong><\/h5>\n<\/li>\n<li>\n<ul>\n<li>\n<h5><strong><a href=\"https:\/\/ent2d.ac-bordeaux.fr\/disciplines\/maintenance\/wp-content\/uploads\/sites\/21\/2017\/07\/Fiche-PFMP-1-organisation-daccueil-version-1.pdf\">Fiche 1 organisation d\u2019accueil version 1<\/a> <\/strong><\/h5>\n<\/li>\n<li>\n<h5><strong><a href=\"https:\/\/ent2d.ac-bordeaux.fr\/disciplines\/maintenance\/wp-content\/uploads\/sites\/21\/2017\/07\/Fiche-PFMP-2-conseil-d-administration-version-1.pdf\">Fiche 2 conseil d administration version 1<\/a> <\/strong><\/h5>\n<\/li>\n<li>\n<h5><strong><a href=\"https:\/\/ent2d.ac-bordeaux.fr\/disciplines\/maintenance\/wp-content\/uploads\/sites\/21\/2017\/07\/Fiche-PFMP-3-\u00e9quipe-p\u00e9dagogique-version-1.pdf\">Fiche 3 \u00e9quipe p\u00e9dagogique version 1<\/a> <\/strong><\/h5>\n<\/li>\n<li>\n<h5><strong><a href=\"https:\/\/ent2d.ac-bordeaux.fr\/disciplines\/maintenance\/wp-content\/uploads\/sites\/21\/2017\/07\/Fiche-PFMP-4-r\u00e9f\u00e9rent-version-1.1.pdf\">Fiche 4 r\u00e9f\u00e9rent version 1.1<\/a><\/strong><\/h5>\n<\/li>\n<li>\n<h5><a href=\"https:\/\/ent2d.ac-bordeaux.fr\/disciplines\/electrotechnique\/wp-content\/uploads\/sites\/20\/2018\/01\/fiche-5-PFMP-\u00e0-l\u00e9tranger.pdf\"><strong>fiche 5 PFMP \u00e0 l\u2019\u00e9tranger <\/strong><\/a><\/h5>\n<\/li>\n<li>\n<h5><strong><a href=\"https:\/\/ent2d.ac-bordeaux.fr\/disciplines\/maintenance\/wp-content\/uploads\/sites\/21\/2017\/07\/Fiche-PFMP-6-jeune-stagiaire-version-1.1.pdf\">Fiche 6 jeune stagiaire version 1.1<\/a><\/strong><\/h5>\n<\/li>\n<li>\n<h5><strong><a href=\"https:\/\/ent2d.ac-bordeaux.fr\/disciplines\/maintenance\/wp-content\/uploads\/sites\/21\/2017\/07\/Annexe-1-Encadrement-et-\u00e9valuation-des-PFMP.pdf\">Annexe 1 Encadrement et \u00e9valuation des PFMP<\/a><\/strong><\/h5>\n<\/li>\n<li>\n<h5><strong><a href=\"https:\/\/ent2d.ac-bordeaux.fr\/disciplines\/maintenance\/wp-content\/uploads\/sites\/21\/2017\/07\/Annexe-2-V2-D\u00e9rogation.pdf\">Annexe 2 V2 D\u00e9rogation<\/a><\/strong><\/h5>\n<\/li>\n<li>\n<h4><strong><a href=\"https:\/\/ent2d.ac-bordeaux.fr\/disciplines\/electrotechnique\/wp-content\/uploads\/sites\/20\/2018\/01\/annexe-3-Positionnement-des-\u00e9l\u00e8ves-issus-de-parcours-particuliers.pdf\">Annexe 3 :\u00a0 positionnement des \u00e9l\u00e8ves issus de parcours particuliers<br \/>\n<\/a><\/strong><\/h4>\n<\/li>\n<\/ul>\n<\/li>\n<\/ul>\n<p>&nbsp;<\/p>\n<p>&nbsp;<\/p>\n","protected":false},"excerpt":{"rendered":"<p>Les p\u00e9riodes de formation en milieu professionnel constituent des temps en entreprises obligatoires qui permettent \u00e0 l\u2019\u00e9l\u00e8ve\u00a0: de mettre en application et de consolider les comp\u00e9tences acquises au lyc\u00e9e professionnel\u00a0; d\u2019en acqu\u00e9rir de nouvelles\u00a0; d\u2019approfondir sa connaissance du monde professionnel. Les PFMP sont des moments p\u00e9dagogiques \u00e0 part enti\u00e8re qui impliquent une continuit\u00e9 p\u00e9dagogique entre &hellip; <\/p>\n<p><a class=\"more-link block-button\" href=\"https:\/\/ent2d.ac-bordeaux.fr\/disciplines\/maintenance\/periodes-de-formation-en-milieu-professionnel\/periodes-de-formation-en-milieu-professionnel-pfmp\/\">Lire la Suite &raquo;<\/a><\/p>\n","protected":false},"author":95,"featured_media":0,"parent":352,"menu_order":0,"comment_status":"closed","ping_status":"closed","template":"","meta":{"footnotes":""},"class_list":["post-191","page","type-page","status-publish","hentry","nodate"],"_links":{"self":[{"href":"https:\/\/ent2d.ac-bordeaux.fr\/disciplines\/maintenance\/wp-json\/wp\/v2\/pages\/191","targetHints":{"allow":["GET"]}}],"collection":[{"href":"https:\/\/ent2d.ac-bordeaux.fr\/disciplines\/maintenance\/wp-json\/wp\/v2\/pages"}],"about":[{"href":"https:\/\/ent2d.ac-bordeaux.fr\/disciplines\/maintenance\/wp-json\/wp\/v2\/types\/page"}],"author":[{"embeddable":true,"href":"https:\/\/ent2d.ac-bordeaux.fr\/disciplines\/maintenance\/wp-json\/wp\/v2\/users\/95"}],"replies":[{"embeddable":true,"href":"https:\/\/ent2d.ac-bordeaux.fr\/disciplines\/maintenance\/wp-json\/wp\/v2\/comments?post=191"}],"version-history":[{"count":5,"href":"https:\/\/ent2d.ac-bordeaux.fr\/disciplines\/maintenance\/wp-json\/wp\/v2\/pages\/191\/revisions"}],"predecessor-version":[{"id":356,"href":"https:\/\/ent2d.ac-bordeaux.fr\/disciplines\/maintenance\/wp-json\/wp\/v2\/pages\/191\/revisions\/356"}],"up":[{"embeddable":true,"href":"https:\/\/ent2d.ac-bordeaux.fr\/disciplines\/maintenance\/wp-json\/wp\/v2\/pages\/352"}],"wp:attachment":[{"href":"https:\/\/ent2d.ac-bordeaux.fr\/disciplines\/maintenance\/wp-json\/wp\/v2\/media?parent=191"}],"curies":[{"name":"wp","href":"https:\/\/api.w.org\/{rel}","templated":true}]}}