{"id":149,"date":"2017-06-30T11:17:20","date_gmt":"2017-06-30T09:17:20","guid":{"rendered":"https:\/\/ent2d.ac-bordeaux.fr\/disciplines\/maintenance\/?page_id=149"},"modified":"2017-06-30T11:17:28","modified_gmt":"2017-06-30T09:17:28","slug":"risques-electriques","status":"publish","type":"page","link":"https:\/\/ent2d.ac-bordeaux.fr\/disciplines\/maintenance\/prevention-securite\/risques-electriques\/","title":{"rendered":"Risques \u00e9lectriques"},"content":{"rendered":"<ul>\n<li><a class=\"lien\" href=\"http:\/\/www.inrs.fr\/risques\/electriques\/ce-qu-il-faut-retenir.html\">Ce qu\u2019il faut retenir<\/a><\/li>\n<li><a class=\"lien\" href=\"http:\/\/www.inrs.fr\/risques\/electriques\/principes-generaux-electricite.html\">Principes g\u00e9n\u00e9raux sur l\u2019\u00e9lectricit\u00e9 \u00e0 conna\u00eetre<\/a><\/li>\n<li><a class=\"lien\" href=\"http:\/\/www.inrs.fr\/risques\/electriques\/risques-electricite.html\">Risques li\u00e9s \u00e0 l\u2019\u00e9lectricit\u00e9<\/a><\/li>\n<li><a class=\"lien\" href=\"http:\/\/www.inrs.fr\/risques\/electriques\/accidents-origine-electrique.html\">Accidents d\u2019origine \u00e9lectrique<\/a><\/li>\n<li><a class=\"lien\" href=\"http:\/\/www.inrs.fr\/risques\/electriques\/prevention-risque-electrique.html\">Pr\u00e9vention du risque \u00e9lectrique<\/a><\/li>\n<li><span class=\"selectionne\"><a href=\"http:\/\/www.inrs.fr\/risques\/electriques\/habilitation-intervenants-electricite.html\"> Habilitation des intervenants en \u00e9lectricit\u00e9<\/a> <\/span><\/li>\n<li><a class=\"lien\" href=\"http:\/\/www.inrs.fr\/risques\/electriques\/prevention-risque-electricite-statique.html\">Pr\u00e9vention du risque li\u00e9 \u00e0 l\u2019\u00e9lectricit\u00e9 statique<\/a><\/li>\n<li><a class=\"lien\" href=\"http:\/\/www.inrs.fr\/risques\/electriques\/reglementation-prevention-risque-electrique.html\">R\u00e9glementation et pr\u00e9vention du risque \u00e9lectrique<\/a><\/li>\n<li><a class=\"lien\" href=\"http:\/\/www.inrs.fr\/risques\/electriques\/publications-liens-utiles.html\">Publications, outils, liens utiles<\/a><\/li>\n<li><a class=\"lien\" href=\"http:\/\/www.inrs.fr\/risques\/electriques\/glossaire.html\">Glossaire<\/a><\/li>\n<li><a class=\"boutonImportant orange\" href=\"http:\/\/www.inrs.fr\/dms\/inrs\/GenerationPDF\/accueil\/risques\/electriques\/Risques%20%C3%A9lectriques.pdf\" target=\"_blank\">Dossier complet (PDF\u00a01,4\u00a0Mo)<\/a><\/li>\n<\/ul>\n<p><img loading=\"lazy\" decoding=\"async\" class=\"size-medium wp-image-151 aligncenter\" src=\"https:\/\/ent2d.ac-bordeaux.fr\/disciplines\/maintenance\/wp-content\/uploads\/sites\/21\/2017\/06\/Dossier-risques-\u00e9lectriques-300x46.jpg\" alt=\"\" width=\"300\" height=\"46\" srcset=\"https:\/\/ent2d.ac-bordeaux.fr\/disciplines\/maintenance\/wp-content\/uploads\/sites\/21\/2017\/06\/Dossier-risques-\u00e9lectriques-300x46.jpg 300w, https:\/\/ent2d.ac-bordeaux.fr\/disciplines\/maintenance\/wp-content\/uploads\/sites\/21\/2017\/06\/Dossier-risques-\u00e9lectriques-768x119.jpg 768w, https:\/\/ent2d.ac-bordeaux.fr\/disciplines\/maintenance\/wp-content\/uploads\/sites\/21\/2017\/06\/Dossier-risques-\u00e9lectriques.jpg 946w\" sizes=\"auto, (max-width: 300px) 100vw, 300px\" \/><\/p>\n<h5 class=\"resume\"><strong>INRS Elec<\/strong> est une application destin\u00e9e aux personnes titulaires d&rsquo;une habilitation \u00e9lectrique. Son objectif est d&rsquo;aider ces travailleurs \u00e0 rep\u00e9rer des situations potentiellement dangereuses lors de la r\u00e9alisation d&rsquo;op\u00e9rations d&rsquo;ordre \u00e9lectrique.<\/h5>\n<h5 class=\"resume\">Elle se pr\u00e9sente sous la forme d&rsquo;un questionnaire abordant 12 points clefs relatifs \u00e0 l&rsquo;organisation du travail, aux \u00e9quipements et \u00e0 la tension. Elle permet \u00e0 l&rsquo;op\u00e9rateur de se situer par rapport aux bonnes pratiques.<\/h5>\n<h4 class=\"resume\">L&rsquo;application est disponible pour tablette Andro\u00efd (4.2 ou version ult\u00e9rieure). Elle est \u00e9galement accessible en ligne sur PC Windows<\/h4>\n<h4 class=\"resume\"><strong><a href=\"https:\/\/play.google.com\/store\/search?q=inrs%20elec&amp;c=apps\" target=\"_blank\">T\u00e9l\u00e9chargez l&rsquo;application pour tablette Andro\u00efd <\/a><\/strong><\/h4>\n<h4 class=\"resume\"><strong><a href=\"http:\/\/inrs-elec.inrs.fr\/\" target=\"_blank\">Acc\u00e9dez \u00e0 l&rsquo;application INRS Elec en ligne<\/a><\/strong><\/h4>\n","protected":false},"excerpt":{"rendered":"<p>Ce qu\u2019il faut retenir Principes g\u00e9n\u00e9raux sur l\u2019\u00e9lectricit\u00e9 \u00e0 conna\u00eetre Risques li\u00e9s \u00e0 l\u2019\u00e9lectricit\u00e9 Accidents d\u2019origine \u00e9lectrique Pr\u00e9vention du risque \u00e9lectrique Habilitation des intervenants en \u00e9lectricit\u00e9 Pr\u00e9vention du risque li\u00e9 \u00e0 l\u2019\u00e9lectricit\u00e9 statique R\u00e9glementation et pr\u00e9vention du risque \u00e9lectrique Publications, outils, liens utiles Glossaire Dossier complet (PDF\u00a01,4\u00a0Mo) INRS Elec est une application destin\u00e9e aux personnes &hellip; <\/p>\n<p><a class=\"more-link block-button\" href=\"https:\/\/ent2d.ac-bordeaux.fr\/disciplines\/maintenance\/prevention-securite\/risques-electriques\/\">Lire la Suite &raquo;<\/a><\/p>\n","protected":false},"author":95,"featured_media":0,"parent":29,"menu_order":0,"comment_status":"closed","ping_status":"closed","template":"","meta":{"footnotes":""},"class_list":["post-149","page","type-page","status-publish","hentry","nodate"],"_links":{"self":[{"href":"https:\/\/ent2d.ac-bordeaux.fr\/disciplines\/maintenance\/wp-json\/wp\/v2\/pages\/149","targetHints":{"allow":["GET"]}}],"collection":[{"href":"https:\/\/ent2d.ac-bordeaux.fr\/disciplines\/maintenance\/wp-json\/wp\/v2\/pages"}],"about":[{"href":"https:\/\/ent2d.ac-bordeaux.fr\/disciplines\/maintenance\/wp-json\/wp\/v2\/types\/page"}],"author":[{"embeddable":true,"href":"https:\/\/ent2d.ac-bordeaux.fr\/disciplines\/maintenance\/wp-json\/wp\/v2\/users\/95"}],"replies":[{"embeddable":true,"href":"https:\/\/ent2d.ac-bordeaux.fr\/disciplines\/maintenance\/wp-json\/wp\/v2\/comments?post=149"}],"version-history":[{"count":1,"href":"https:\/\/ent2d.ac-bordeaux.fr\/disciplines\/maintenance\/wp-json\/wp\/v2\/pages\/149\/revisions"}],"predecessor-version":[{"id":152,"href":"https:\/\/ent2d.ac-bordeaux.fr\/disciplines\/maintenance\/wp-json\/wp\/v2\/pages\/149\/revisions\/152"}],"up":[{"embeddable":true,"href":"https:\/\/ent2d.ac-bordeaux.fr\/disciplines\/maintenance\/wp-json\/wp\/v2\/pages\/29"}],"wp:attachment":[{"href":"https:\/\/ent2d.ac-bordeaux.fr\/disciplines\/maintenance\/wp-json\/wp\/v2\/media?parent=149"}],"curies":[{"name":"wp","href":"https:\/\/api.w.org\/{rel}","templated":true}]}}