{"id":143,"date":"2017-06-30T11:02:21","date_gmt":"2017-06-30T09:02:21","guid":{"rendered":"https:\/\/ent2d.ac-bordeaux.fr\/disciplines\/maintenance\/?page_id=143"},"modified":"2017-07-03T09:12:04","modified_gmt":"2017-07-03T07:12:04","slug":"synergie","status":"publish","type":"page","link":"https:\/\/ent2d.ac-bordeaux.fr\/disciplines\/maintenance\/prevention-securite\/synergie\/","title":{"rendered":"SYNERGIE"},"content":{"rendered":"<h5>Institut national de recherche et de s\u00e9curit\u00e9 (INRS) propose une nouvelle publication pour enseigner la sant\u00e9 et s\u00e9curit\u00e9 au travail. Synergie est un nouveau dispositif p\u00e9dagogique visant la ma\u00eetrise des risques professionnels, bas\u00e9e sur l\u2019observation et l\u2019analyse de situations de travail en entreprise.<\/h5>\n<h5>Il s\u2019appuie sur deux outils :<\/h5>\n<h5><strong>\u00ab Synergie Accueil \u00bb<\/strong> permet \u00e0 la personne qui accueille le nouvel arrivant dans l\u2019entreprise d\u2019\u00e9valuer sa capacit\u00e9 \u00e0 rep\u00e9rer, \u00e0 travers des planches illustr\u00e9es, les dangers li\u00e9s \u00e0 une situation de travail et \u00e0 proposer des mesures de pr\u00e9vention\u00a0;<\/h5>\n<h5>Vous travaillez dans une entreprise\u00a0: Tuteur, Ma\u00eetre d\u2019Apprentissage ou vous accueillez un salari\u00e9\u00a0: <strong><a href=\"http:\/\/www.esst-inrs.fr\/synergie\/?page_id=16\">Cliquez ici<\/a><\/strong><\/h5>\n<p><img loading=\"lazy\" decoding=\"async\" class=\"size-full wp-image-144 alignleft\" src=\"https:\/\/ent2d.ac-bordeaux.fr\/disciplines\/maintenance\/wp-content\/uploads\/sites\/21\/2017\/06\/synergie_accueil_maintenance_ok.jpg\" alt=\"\" width=\"200\" height=\"283\" \/><\/p>\n<p>T\u00e9l\u00e9charger le document complet : \u201cSynergie Accueil Maintenance Industrielle\u201d<\/p>\n<ul>\n<li>Vous pouvez t\u00e9l\u00e9charger s\u00e9par\u00e9ment les planches \u00e0 remettre aux nouveaux :<br \/>\nLigne de production automatis\u00e9e<br \/>\nAtelier de maintenance m\u00e9canique<br \/>\nInterventions de maintenance dans un environnement pr\u00e9sentant des risques sp\u00e9cifiques<\/li>\n<li>Vous pouvez aussi t\u00e9l\u00e9charger les planches pour votre correction :<br \/>\nLigne de production automatis\u00e9e<br \/>\nAtelier de maintenance m\u00e9canique<br \/>\nInterventions de maintenance dans un environnement pr\u00e9sentant des risques sp\u00e9cifiques<\/li>\n<\/ul>\n<p>&nbsp;<\/p>\n<p>&nbsp;<\/p>\n<h5><strong>\u00ab Synergie P\u00e9dagogie \u00bb <\/strong>est une ressource p\u00e9dagogique accompagnant la formation des jeunes en lyc\u00e9e professionnel et en CFA (centre de formation d\u2019apprentis).<\/h5>\n<h5>Vous \u00eates un enseignant de Lyc\u00e9e Professionnel ou de CFA : <strong><a href=\"http:\/\/www.esst-inrs.fr\/synergie\/?page_id=18\">cliquez ici<\/a><\/strong><\/h5>\n<p><img loading=\"lazy\" decoding=\"async\" class=\"size-medium wp-image-145 alignleft\" src=\"https:\/\/ent2d.ac-bordeaux.fr\/disciplines\/maintenance\/wp-content\/uploads\/sites\/21\/2017\/06\/synergiepedagogie2-213x300.jpg\" alt=\"\" width=\"213\" height=\"300\" srcset=\"https:\/\/ent2d.ac-bordeaux.fr\/disciplines\/maintenance\/wp-content\/uploads\/sites\/21\/2017\/06\/synergiepedagogie2-213x300.jpg 213w, https:\/\/ent2d.ac-bordeaux.fr\/disciplines\/maintenance\/wp-content\/uploads\/sites\/21\/2017\/06\/synergiepedagogie2.jpg 300w\" sizes=\"auto, (max-width: 213px) 100vw, 213px\" \/><\/p>\n<h5><strong>Objectif :<\/strong><br \/>\nAccompagner l\u2019apprenant dans la mise en application des connaissances acquises dans le cadre de sa formation \u00e0 des situations de travail r\u00e9elles. Il s\u2019agit de transformer des savoirs en comp\u00e9tences par un entrainement \u00e0 la mise en \u0153uvre de la d\u00e9marche.<\/h5>\n<p>&nbsp;<\/p>\n<p>&nbsp;<\/p>\n<p>&nbsp;<\/p>\n<p>&nbsp;<\/p>\n<p>&nbsp;<\/p>\n<p>&nbsp;<\/p>\n<p>&nbsp;<\/p>\n","protected":false},"excerpt":{"rendered":"<p>Institut national de recherche et de s\u00e9curit\u00e9 (INRS) propose une nouvelle publication pour enseigner la sant\u00e9 et s\u00e9curit\u00e9 au travail. Synergie est un nouveau dispositif p\u00e9dagogique visant la ma\u00eetrise des risques professionnels, bas\u00e9e sur l\u2019observation et l\u2019analyse de situations de travail en entreprise. Il s\u2019appuie sur deux outils : \u00ab Synergie Accueil \u00bb permet \u00e0 &hellip; <\/p>\n<p><a class=\"more-link block-button\" href=\"https:\/\/ent2d.ac-bordeaux.fr\/disciplines\/maintenance\/prevention-securite\/synergie\/\">Lire la Suite &raquo;<\/a><\/p>\n","protected":false},"author":95,"featured_media":0,"parent":29,"menu_order":0,"comment_status":"closed","ping_status":"closed","template":"","meta":{"footnotes":""},"class_list":["post-143","page","type-page","status-publish","hentry","nodate"],"_links":{"self":[{"href":"https:\/\/ent2d.ac-bordeaux.fr\/disciplines\/maintenance\/wp-json\/wp\/v2\/pages\/143","targetHints":{"allow":["GET"]}}],"collection":[{"href":"https:\/\/ent2d.ac-bordeaux.fr\/disciplines\/maintenance\/wp-json\/wp\/v2\/pages"}],"about":[{"href":"https:\/\/ent2d.ac-bordeaux.fr\/disciplines\/maintenance\/wp-json\/wp\/v2\/types\/page"}],"author":[{"embeddable":true,"href":"https:\/\/ent2d.ac-bordeaux.fr\/disciplines\/maintenance\/wp-json\/wp\/v2\/users\/95"}],"replies":[{"embeddable":true,"href":"https:\/\/ent2d.ac-bordeaux.fr\/disciplines\/maintenance\/wp-json\/wp\/v2\/comments?post=143"}],"version-history":[{"count":3,"href":"https:\/\/ent2d.ac-bordeaux.fr\/disciplines\/maintenance\/wp-json\/wp\/v2\/pages\/143\/revisions"}],"predecessor-version":[{"id":229,"href":"https:\/\/ent2d.ac-bordeaux.fr\/disciplines\/maintenance\/wp-json\/wp\/v2\/pages\/143\/revisions\/229"}],"up":[{"embeddable":true,"href":"https:\/\/ent2d.ac-bordeaux.fr\/disciplines\/maintenance\/wp-json\/wp\/v2\/pages\/29"}],"wp:attachment":[{"href":"https:\/\/ent2d.ac-bordeaux.fr\/disciplines\/maintenance\/wp-json\/wp\/v2\/media?parent=143"}],"curies":[{"name":"wp","href":"https:\/\/api.w.org\/{rel}","templated":true}]}}