{"id":141,"date":"2017-06-30T10:51:21","date_gmt":"2017-06-30T08:51:21","guid":{"rendered":"https:\/\/ent2d.ac-bordeaux.fr\/disciplines\/maintenance\/?page_id=141"},"modified":"2017-06-30T11:06:10","modified_gmt":"2017-06-30T09:06:10","slug":"ressources-inrs-formations-pre-sst-prap-prp","status":"publish","type":"page","link":"https:\/\/ent2d.ac-bordeaux.fr\/disciplines\/maintenance\/prevention-securite\/ressources-inrs-formations-pre-sst-prap-prp\/","title":{"rendered":"Ressources INRS &#8211; Formations PRE, SST, PRAP, PRP"},"content":{"rendered":"<h4>Formation \u00e0 la pr\u00e9vention des risques \u00e9lectriques &#8211; PRE<\/h4>\n<p><a class=\"ext\" href=\"http:\/\/www.inrs.fr\/accueil\/risques\/phenomene-physique\/electricite\/habilitation.html\" target=\"_blank\">lien vers les ressources de l&rsquo;INRS<\/a><\/p>\n<h4>Formation\u00a0sauvetage secourisme du travail &#8211; SST<\/h4>\n<p><a class=\"ext\" href=\"http:\/\/www.inrs.fr\/accueil\/demarche\/role\/sauveteur-secouriste.html\" target=\"_blank\">lien vers les ressources de l&rsquo;INRS<\/a><\/p>\n<h4>Formation\u00a0pr\u00e9vention des risques li\u00e9s \u00e0 l\u2019activit\u00e9 physique &#8211; PRAP<\/h4>\n<p><a class=\"ext\" href=\"http:\/\/www.inrs.fr\/accueil\/produits\/formation\/publics\/risque-activite-physique.html\" target=\"_blank\">lien vers les ressources de l&rsquo;INRS<\/a><\/p>\n<h4>Formation pr\u00e9vention des risques professionnels &#8211; PRP<\/h4>\n<p><a class=\"ext\" href=\"http:\/\/www.inrs.fr\/accueil\/inrs\/themes-travail\/rps.html\" target=\"_blank\">lien vers les ressources de l&rsquo;INRS<\/a><\/p>\n<p>&nbsp;<\/p>\n","protected":false},"excerpt":{"rendered":"<p>Formation \u00e0 la pr\u00e9vention des risques \u00e9lectriques &#8211; PRE lien vers les ressources de l&rsquo;INRS Formation\u00a0sauvetage secourisme du travail &#8211; SST lien vers les ressources de l&rsquo;INRS Formation\u00a0pr\u00e9vention des risques li\u00e9s \u00e0 l\u2019activit\u00e9 physique &#8211; PRAP lien vers les ressources de l&rsquo;INRS Formation pr\u00e9vention des risques professionnels &#8211; PRP lien vers les ressources de l&rsquo;INRS &hellip; <\/p>\n<p><a class=\"more-link block-button\" href=\"https:\/\/ent2d.ac-bordeaux.fr\/disciplines\/maintenance\/prevention-securite\/ressources-inrs-formations-pre-sst-prap-prp\/\">Lire la Suite &raquo;<\/a><\/p>\n","protected":false},"author":95,"featured_media":0,"parent":29,"menu_order":0,"comment_status":"closed","ping_status":"closed","template":"","meta":{"footnotes":""},"class_list":["post-141","page","type-page","status-publish","hentry","nodate"],"_links":{"self":[{"href":"https:\/\/ent2d.ac-bordeaux.fr\/disciplines\/maintenance\/wp-json\/wp\/v2\/pages\/141","targetHints":{"allow":["GET"]}}],"collection":[{"href":"https:\/\/ent2d.ac-bordeaux.fr\/disciplines\/maintenance\/wp-json\/wp\/v2\/pages"}],"about":[{"href":"https:\/\/ent2d.ac-bordeaux.fr\/disciplines\/maintenance\/wp-json\/wp\/v2\/types\/page"}],"author":[{"embeddable":true,"href":"https:\/\/ent2d.ac-bordeaux.fr\/disciplines\/maintenance\/wp-json\/wp\/v2\/users\/95"}],"replies":[{"embeddable":true,"href":"https:\/\/ent2d.ac-bordeaux.fr\/disciplines\/maintenance\/wp-json\/wp\/v2\/comments?post=141"}],"version-history":[{"count":1,"href":"https:\/\/ent2d.ac-bordeaux.fr\/disciplines\/maintenance\/wp-json\/wp\/v2\/pages\/141\/revisions"}],"predecessor-version":[{"id":142,"href":"https:\/\/ent2d.ac-bordeaux.fr\/disciplines\/maintenance\/wp-json\/wp\/v2\/pages\/141\/revisions\/142"}],"up":[{"embeddable":true,"href":"https:\/\/ent2d.ac-bordeaux.fr\/disciplines\/maintenance\/wp-json\/wp\/v2\/pages\/29"}],"wp:attachment":[{"href":"https:\/\/ent2d.ac-bordeaux.fr\/disciplines\/maintenance\/wp-json\/wp\/v2\/media?parent=141"}],"curies":[{"name":"wp","href":"https:\/\/api.w.org\/{rel}","templated":true}]}}