{"id":137,"date":"2017-06-30T10:47:42","date_gmt":"2017-06-30T08:47:42","guid":{"rendered":"https:\/\/ent2d.ac-bordeaux.fr\/disciplines\/maintenance\/?page_id=137"},"modified":"2017-06-30T10:47:46","modified_gmt":"2017-06-30T08:47:46","slug":"ogeli","status":"publish","type":"page","link":"https:\/\/ent2d.ac-bordeaux.fr\/disciplines\/maintenance\/prevention-securite\/ogeli\/","title":{"rendered":"OGELI"},"content":{"rendered":"<h5><strong><a href=\"http:\/\/www.esst-inrs.fr\/gestion\/\">L&rsquo;outil de gestion OGELI <\/a><\/strong>vous permet le suivi de la validation des acquis et l\u2019impression des attestations, pour les modules de formations Sant\u00e9 et S\u00e9curit\u00e9 au Travail suivants : SST, PRAP, PRE, Travail en hauteur, CACES.<\/h5>\n<h5>La tra\u00e7abilit\u00e9 et l\u2019\u00e9dition d\u2019attestations de formations est d\u00e9sormais grandement facilit\u00e9 par cet outil national\u00a0 issu d\u2019un partenariat INRS \/ Education nationale. Il permet un suivi\u00a0 des formations tout au long du cursus de formation de l\u2019apprenant et bient\u00f4t lors de sa vie professionnelle.<\/h5>\n<p><img loading=\"lazy\" decoding=\"async\" class=\"wp-image-138 aligncenter\" src=\"https:\/\/ent2d.ac-bordeaux.fr\/disciplines\/maintenance\/wp-content\/uploads\/sites\/21\/2017\/06\/OGELI-300x200.jpg\" alt=\"\" width=\"198\" height=\"132\" srcset=\"https:\/\/ent2d.ac-bordeaux.fr\/disciplines\/maintenance\/wp-content\/uploads\/sites\/21\/2017\/06\/OGELI-300x200.jpg 300w, https:\/\/ent2d.ac-bordeaux.fr\/disciplines\/maintenance\/wp-content\/uploads\/sites\/21\/2017\/06\/OGELI.jpg 690w\" sizes=\"auto, (max-width: 198px) 100vw, 198px\" \/><\/p>\n","protected":false},"excerpt":{"rendered":"<p>L&rsquo;outil de gestion OGELI vous permet le suivi de la validation des acquis et l\u2019impression des attestations, pour les modules de formations Sant\u00e9 et S\u00e9curit\u00e9 au Travail suivants : SST, PRAP, PRE, Travail en hauteur, CACES. La tra\u00e7abilit\u00e9 et l\u2019\u00e9dition d\u2019attestations de formations est d\u00e9sormais grandement facilit\u00e9 par cet outil national\u00a0 issu d\u2019un partenariat INRS &hellip; <\/p>\n<p><a class=\"more-link block-button\" href=\"https:\/\/ent2d.ac-bordeaux.fr\/disciplines\/maintenance\/prevention-securite\/ogeli\/\">Lire la Suite &raquo;<\/a><\/p>\n","protected":false},"author":95,"featured_media":0,"parent":29,"menu_order":0,"comment_status":"closed","ping_status":"closed","template":"","meta":{"footnotes":""},"class_list":["post-137","page","type-page","status-publish","hentry","nodate"],"_links":{"self":[{"href":"https:\/\/ent2d.ac-bordeaux.fr\/disciplines\/maintenance\/wp-json\/wp\/v2\/pages\/137","targetHints":{"allow":["GET"]}}],"collection":[{"href":"https:\/\/ent2d.ac-bordeaux.fr\/disciplines\/maintenance\/wp-json\/wp\/v2\/pages"}],"about":[{"href":"https:\/\/ent2d.ac-bordeaux.fr\/disciplines\/maintenance\/wp-json\/wp\/v2\/types\/page"}],"author":[{"embeddable":true,"href":"https:\/\/ent2d.ac-bordeaux.fr\/disciplines\/maintenance\/wp-json\/wp\/v2\/users\/95"}],"replies":[{"embeddable":true,"href":"https:\/\/ent2d.ac-bordeaux.fr\/disciplines\/maintenance\/wp-json\/wp\/v2\/comments?post=137"}],"version-history":[{"count":2,"href":"https:\/\/ent2d.ac-bordeaux.fr\/disciplines\/maintenance\/wp-json\/wp\/v2\/pages\/137\/revisions"}],"predecessor-version":[{"id":140,"href":"https:\/\/ent2d.ac-bordeaux.fr\/disciplines\/maintenance\/wp-json\/wp\/v2\/pages\/137\/revisions\/140"}],"up":[{"embeddable":true,"href":"https:\/\/ent2d.ac-bordeaux.fr\/disciplines\/maintenance\/wp-json\/wp\/v2\/pages\/29"}],"wp:attachment":[{"href":"https:\/\/ent2d.ac-bordeaux.fr\/disciplines\/maintenance\/wp-json\/wp\/v2\/media?parent=137"}],"curies":[{"name":"wp","href":"https:\/\/api.w.org\/{rel}","templated":true}]}}