{"id":634,"date":"2020-04-07T15:54:03","date_gmt":"2020-04-07T13:54:03","guid":{"rendered":"https:\/\/ent2d.ac-bordeaux.fr\/disciplines\/logistique-transport\/?page_id=634"},"modified":"2025-02-21T21:34:13","modified_gmt":"2025-02-21T20:34:13","slug":"concours","status":"publish","type":"page","link":"https:\/\/ent2d.ac-bordeaux.fr\/disciplines\/logistique-transport\/concours\/","title":{"rendered":"Concours"},"content":{"rendered":"<p>AFT : Concours SUR LA PISTE DES METIERS TRANSPORT LOGISTIQUE<\/p>\n<p>AFT : Concours &#8220;Bien dans mon corps, Bien dans ma t\u00eate&#8221;<\/p>\n<p>CGM : Concours G\u00e9n\u00e9ral des m\u00e9tiers<\/p>\n","protected":false},"excerpt":{"rendered":"<p>AFT : Concours SUR LA PISTE DES METIERS TRANSPORT LOGISTIQUE AFT : Concours &#8220;Bien dans mon corps, Bien dans ma t\u00eate&#8221; CGM : Concours G\u00e9n\u00e9ral des m\u00e9tiers<\/p>\n","protected":false},"author":1078,"featured_media":0,"parent":0,"menu_order":0,"comment_status":"closed","ping_status":"closed","template":"","meta":{"_bbp_topic_count":0,"_bbp_reply_count":0,"_bbp_total_topic_count":0,"_bbp_total_reply_count":0,"_bbp_voice_count":0,"_bbp_anonymous_reply_count":0,"_bbp_topic_count_hidden":0,"_bbp_reply_count_hidden":0,"_bbp_forum_subforum_count":0,"footnotes":""},"class_list":["post-634","page","type-page","status-publish","hentry","nodate","item-wrap"],"_links":{"self":[{"href":"https:\/\/ent2d.ac-bordeaux.fr\/disciplines\/logistique-transport\/wp-json\/wp\/v2\/pages\/634","targetHints":{"allow":["GET"]}}],"collection":[{"href":"https:\/\/ent2d.ac-bordeaux.fr\/disciplines\/logistique-transport\/wp-json\/wp\/v2\/pages"}],"about":[{"href":"https:\/\/ent2d.ac-bordeaux.fr\/disciplines\/logistique-transport\/wp-json\/wp\/v2\/types\/page"}],"author":[{"embeddable":true,"href":"https:\/\/ent2d.ac-bordeaux.fr\/disciplines\/logistique-transport\/wp-json\/wp\/v2\/users\/1078"}],"replies":[{"embeddable":true,"href":"https:\/\/ent2d.ac-bordeaux.fr\/disciplines\/logistique-transport\/wp-json\/wp\/v2\/comments?post=634"}],"version-history":[{"count":50,"href":"https:\/\/ent2d.ac-bordeaux.fr\/disciplines\/logistique-transport\/wp-json\/wp\/v2\/pages\/634\/revisions"}],"predecessor-version":[{"id":1542,"href":"https:\/\/ent2d.ac-bordeaux.fr\/disciplines\/logistique-transport\/wp-json\/wp\/v2\/pages\/634\/revisions\/1542"}],"wp:attachment":[{"href":"https:\/\/ent2d.ac-bordeaux.fr\/disciplines\/logistique-transport\/wp-json\/wp\/v2\/media?parent=634"}],"curies":[{"name":"wp","href":"https:\/\/api.w.org\/{rel}","templated":true}]}}