{"id":447,"date":"2020-04-07T09:11:20","date_gmt":"2020-04-07T07:11:20","guid":{"rendered":"https:\/\/ent2d.ac-bordeaux.fr\/disciplines\/logistique-transport\/?page_id=447"},"modified":"2022-05-02T21:49:43","modified_gmt":"2022-05-02T19:49:43","slug":"la-vie-des-etablissements","status":"publish","type":"page","link":"https:\/\/ent2d.ac-bordeaux.fr\/disciplines\/logistique-transport\/la-vie-des-etablissements\/","title":{"rendered":"La vie des \u00e9tablissements"},"content":{"rendered":"\n\n<p style=\"text-align: center\"><strong><em><span style=\"font-size: 8pt\">Novembre 2021<\/span><\/em><\/strong><\/p>\n<p>Voici 2 comptes rendus d&#8217;\u00e9l\u00e8ves de 2 GATL du lyc\u00e9e de Blaye qui sont venus assister \u00e0 un cours de manutention avec des 2 GATL de Cousteau.\u00a0Merci \u00e0 eux et \u00e0 Mme Auvray pour l&#8217;organisation de la visite.<\/p>\n<table style=\"width: 869px;height: 661px\">\n<tbody>\n<tr>\n<td style=\"width: 436.53125px\" colspan=\"2\"><img loading=\"lazy\" decoding=\"async\" class=\"wp-image-1327 aligncenter\" src=\"https:\/\/ent2d.ac-bordeaux.fr\/disciplines\/logistique-transport\/wp-content\/uploads\/sites\/58\/2022\/05\/Capture-decran-2022-05-02-a-21.31.21.png\" alt=\"\" width=\"758\" height=\"536\" srcset=\"https:\/\/ent2d.ac-bordeaux.fr\/disciplines\/logistique-transport\/wp-content\/uploads\/sites\/58\/2022\/05\/Capture-decran-2022-05-02-a-21.31.21.png 1024w, https:\/\/ent2d.ac-bordeaux.fr\/disciplines\/logistique-transport\/wp-content\/uploads\/sites\/58\/2022\/05\/Capture-decran-2022-05-02-a-21.31.21-300x212.png 300w, https:\/\/ent2d.ac-bordeaux.fr\/disciplines\/logistique-transport\/wp-content\/uploads\/sites\/58\/2022\/05\/Capture-decran-2022-05-02-a-21.31.21-768x543.png 768w, https:\/\/ent2d.ac-bordeaux.fr\/disciplines\/logistique-transport\/wp-content\/uploads\/sites\/58\/2022\/05\/Capture-decran-2022-05-02-a-21.31.21-1536x1086.png 1536w\" sizes=\"auto, (max-width: 758px) 100vw, 758px\" \/><\/td>\n<\/tr>\n<tr>\n<td style=\"width: 436.53125px\">\u00a0 \u00a0 \u00a0 \u00a0<img loading=\"lazy\" decoding=\"async\" class=\"wp-image-1328 aligncenter\" src=\"https:\/\/ent2d.ac-bordeaux.fr\/disciplines\/logistique-transport\/wp-content\/uploads\/sites\/58\/2022\/05\/Sortie-decouverte-au-lycee-Philippe-Cousteau_page-0001.jpg\" alt=\"\" width=\"454\" height=\"641\" srcset=\"https:\/\/ent2d.ac-bordeaux.fr\/disciplines\/logistique-transport\/wp-content\/uploads\/sites\/58\/2022\/05\/Sortie-decouverte-au-lycee-Philippe-Cousteau_page-0001.jpg 725w, https:\/\/ent2d.ac-bordeaux.fr\/disciplines\/logistique-transport\/wp-content\/uploads\/sites\/58\/2022\/05\/Sortie-decouverte-au-lycee-Philippe-Cousteau_page-0001-212x300.jpg 212w, https:\/\/ent2d.ac-bordeaux.fr\/disciplines\/logistique-transport\/wp-content\/uploads\/sites\/58\/2022\/05\/Sortie-decouverte-au-lycee-Philippe-Cousteau_page-0001-768x1085.jpg 768w, https:\/\/ent2d.ac-bordeaux.fr\/disciplines\/logistique-transport\/wp-content\/uploads\/sites\/58\/2022\/05\/Sortie-decouverte-au-lycee-Philippe-Cousteau_page-0001-1087x1536.jpg 1087w\" sizes=\"auto, (max-width: 454px) 100vw, 454px\" \/>\u00a0 \u00a0 \u00a0 \u00a0 \u00a0<\/td>\n<td style=\"width: 424.484375px\">\u00a0 \u00a0 <img loading=\"lazy\" decoding=\"async\" class=\"wp-image-1329 aligncenter\" src=\"https:\/\/ent2d.ac-bordeaux.fr\/disciplines\/logistique-transport\/wp-content\/uploads\/sites\/58\/2022\/05\/Sortie-decouverte-au-lycee-Philippe-Cousteau_page-0002.jpg\" alt=\"\" width=\"603\" height=\"851\" srcset=\"https:\/\/ent2d.ac-bordeaux.fr\/disciplines\/logistique-transport\/wp-content\/uploads\/sites\/58\/2022\/05\/Sortie-decouverte-au-lycee-Philippe-Cousteau_page-0002.jpg 725w, https:\/\/ent2d.ac-bordeaux.fr\/disciplines\/logistique-transport\/wp-content\/uploads\/sites\/58\/2022\/05\/Sortie-decouverte-au-lycee-Philippe-Cousteau_page-0002-212x300.jpg 212w, https:\/\/ent2d.ac-bordeaux.fr\/disciplines\/logistique-transport\/wp-content\/uploads\/sites\/58\/2022\/05\/Sortie-decouverte-au-lycee-Philippe-Cousteau_page-0002-768x1085.jpg 768w, https:\/\/ent2d.ac-bordeaux.fr\/disciplines\/logistique-transport\/wp-content\/uploads\/sites\/58\/2022\/05\/Sortie-decouverte-au-lycee-Philippe-Cousteau_page-0002-1087x1536.jpg 1087w\" sizes=\"auto, (max-width: 603px) 100vw, 603px\" \/><\/td>\n<\/tr>\n<tr>\n<td style=\"width: 436.53125px;text-align: center\" colspan=\"2\"><i style=\"color: initial;font-size: 10pt\">Les documents contiennent quelques fautes mais refl\u00e8tent dans leur\u00a0<\/i><span style=\"font-size: small\"><i>enti\u00e8ret\u00e9<\/i><\/span><i style=\"color: initial;font-size: 10pt\">\u00a0le travail et l&#8217;investissement des \u00e9l\u00e8ves.<\/i><\/td>\n<\/tr>\n<\/tbody>\n<\/table>\n<p>\u00a0<\/p>\n<p style=\"text-align: center\"><strong><em><span style=\"font-size: 8pt\">Novembre 2020<\/span><br \/><\/em>LP Philippe Cousteau<br \/><\/strong><span style=\"color: #ff6600\"><strong>ACES<\/strong><\/span><\/p>\n<p style=\"text-align: justify\"><strong>En raison de la crise sanitaire, <\/strong><strong>les \u00e9preuves du Bac d\u00e9marrent \u00e0 Philippe Cousteau<\/strong><\/p>\n<p>Les \u00e9l\u00e8ves de Terminale Bac pro Logistique se pr\u00e9parent, avec leur professeur Monsieur Hoffmann, pour l\u2019\u00e9preuve certificative de l\u2019ACES \u00ab\u00a0Attestation \u00e0 la Conduite en S\u00e9curit\u00e9\u00a0\u00bb.<\/p>\n<p>Ils apprennent \u00e0 conduire des engins de manutention en situations professionnelles.<\/p>\n<p style=\"text-align: center\"><img loading=\"lazy\" decoding=\"async\" class=\"alignnone  wp-image-1083\" src=\"https:\/\/ent2d.ac-bordeaux.fr\/disciplines\/logistique-transport\/wp-content\/uploads\/sites\/58\/2020\/11\/Cousteau.png\" alt=\"\" width=\"173\" height=\"230\" \/> \u00a0\u00a0\u00a0\u00a0\u00a0\u00a0\u00a0\u00a0\u00a0\u00a0\u00a0\u00a0 <img loading=\"lazy\" decoding=\"async\" class=\"alignnone  wp-image-1084\" src=\"https:\/\/ent2d.ac-bordeaux.fr\/disciplines\/logistique-transport\/wp-content\/uploads\/sites\/58\/2020\/11\/Cousteau-2-rotated.jpg\" alt=\"\" width=\"168\" height=\"224\" srcset=\"https:\/\/ent2d.ac-bordeaux.fr\/disciplines\/logistique-transport\/wp-content\/uploads\/sites\/58\/2020\/11\/Cousteau-2-rotated.jpg 480w, https:\/\/ent2d.ac-bordeaux.fr\/disciplines\/logistique-transport\/wp-content\/uploads\/sites\/58\/2020\/11\/Cousteau-2-225x300.jpg 225w\" sizes=\"auto, (max-width: 168px) 100vw, 168px\" \/><\/p>\n\n\n<p><\/p>\n\n\n\n<p><\/p>\n\n\n\n<hr class=\"wp-block-separator\" \/>\n\n\n<div dir=\"auto\">\n<p style=\"text-align: center\"><span style=\"font-size: 8pt\"><em>Vendredi 4 octobre 2019<br><\/em><\/span><strong>LP Saint Gen\u00e8s &#8211; Bordeaux<br><\/strong><span style=\"color: #ff6600\"><strong>M\u00e9decins Sans Fronti\u00e8res<\/strong><\/span><\/p>\n<\/div>\n<div dir=\"auto\" style=\"text-align: justify\">Les \u00e9l\u00e8ves de la section transport ont visit\u00e9 le site de M\u00e9decins Sans Fronti\u00e8res accompagn\u00e9s de M. Dubruel et Mme Labb\u00e9.<\/div>\n<div dir=\"auto\">&nbsp;<\/div>\n<div dir=\"auto\" style=\"text-align: justify\">Angel, le responsable logistique du site leur a expliqu\u00e9 l&#8217;ensemble des activit\u00e9s de la chaine logistique (supply chain) de la commande des m\u00e9dicaments jusqu&#8217;\u00e0 leur exp\u00e9dition partout dans le monde o\u00f9 MSF agit au profit des populations.<\/div>\n<div dir=\"auto\" style=\"text-align: justify\">&nbsp;<\/div>\n<div dir=\"auto\" style=\"text-align: justify\">MSF, c&#8217;est 170 salari\u00e9s et 6 000 T de m\u00e9dicaments et de mat\u00e9riel m\u00e9dical exp\u00e9di\u00e9s chaque ann\u00e9e dans des zones d\u00e9vast\u00e9es par des catastrophes naturelles et\/ou en \u00e9tat de guerre.<\/div>\n<div dir=\"auto\" style=\"text-align: justify\">&nbsp;<\/div>\n<div dir=\"auto\" style=\"text-align: center\">Une logistique \u00e0 toute \u00e9preuve au service de l&#8217;humanitaire !<\/div>\n<div dir=\"auto\">\n\n\t\t<style type=\"text\/css\">\n\t\t\t#gallery-1 {\n\t\t\t\tmargin: auto;\n\t\t\t}\n\t\t\t#gallery-1 .gallery-item {\n\t\t\t\tfloat: left;\n\t\t\t\tmargin-top: 10px;\n\t\t\t\ttext-align: center;\n\t\t\t\twidth: 25%;\n\t\t\t}\n\t\t\t#gallery-1 img {\n\t\t\t\tborder: 2px solid #cfcfcf;\n\t\t\t}\n\t\t\t#gallery-1 .gallery-caption {\n\t\t\t\tmargin-left: 0;\n\t\t\t}\n\t\t\t\/* see gallery_shortcode() in wp-includes\/media.php *\/\n\t\t<\/style>\n\t\t<div id='gallery-1' class='gallery galleryid-447 gallery-columns-4 gallery-size-thumbnail'><dl class='gallery-item'>\n\t\t\t<dt class='gallery-icon portrait'>\n\t\t\t\t<a href='https:\/\/ent2d.ac-bordeaux.fr\/disciplines\/logistique-transport\/wp-content\/uploads\/sites\/58\/2020\/04\/IMG_20191004_141859.jpg'><img loading=\"lazy\" decoding=\"async\" width=\"150\" height=\"150\" src=\"https:\/\/ent2d.ac-bordeaux.fr\/disciplines\/logistique-transport\/wp-content\/uploads\/sites\/58\/2020\/04\/IMG_20191004_141859-150x150.jpg\" class=\"attachment-thumbnail size-thumbnail\" alt=\"\" \/><\/a>\n\t\t\t<\/dt><\/dl><dl class='gallery-item'>\n\t\t\t<dt class='gallery-icon portrait'>\n\t\t\t\t<a href='https:\/\/ent2d.ac-bordeaux.fr\/disciplines\/logistique-transport\/wp-content\/uploads\/sites\/58\/2020\/04\/IMG_20191004_143037.jpg'><img loading=\"lazy\" decoding=\"async\" width=\"150\" height=\"150\" src=\"https:\/\/ent2d.ac-bordeaux.fr\/disciplines\/logistique-transport\/wp-content\/uploads\/sites\/58\/2020\/04\/IMG_20191004_143037-150x150.jpg\" class=\"attachment-thumbnail size-thumbnail\" alt=\"\" \/><\/a>\n\t\t\t<\/dt><\/dl><dl class='gallery-item'>\n\t\t\t<dt class='gallery-icon portrait'>\n\t\t\t\t<a href='https:\/\/ent2d.ac-bordeaux.fr\/disciplines\/logistique-transport\/wp-content\/uploads\/sites\/58\/2020\/04\/IMG_20191004_144735.jpg'><img loading=\"lazy\" decoding=\"async\" width=\"150\" height=\"150\" src=\"https:\/\/ent2d.ac-bordeaux.fr\/disciplines\/logistique-transport\/wp-content\/uploads\/sites\/58\/2020\/04\/IMG_20191004_144735-150x150.jpg\" class=\"attachment-thumbnail size-thumbnail\" alt=\"\" \/><\/a>\n\t\t\t<\/dt><\/dl><dl class='gallery-item'>\n\t\t\t<dt class='gallery-icon portrait'>\n\t\t\t\t<a href='https:\/\/ent2d.ac-bordeaux.fr\/disciplines\/logistique-transport\/wp-content\/uploads\/sites\/58\/2020\/04\/IMG_20191004_143046.jpg'><img loading=\"lazy\" decoding=\"async\" width=\"150\" height=\"150\" src=\"https:\/\/ent2d.ac-bordeaux.fr\/disciplines\/logistique-transport\/wp-content\/uploads\/sites\/58\/2020\/04\/IMG_20191004_143046-150x150.jpg\" class=\"attachment-thumbnail size-thumbnail\" alt=\"\" \/><\/a>\n\t\t\t<\/dt><\/dl><br style=\"clear: both\" \/>\n\t\t<\/div>\n\n<\/div>\n\n\n<hr class=\"wp-block-separator\" \/>\n\n\n<p style=\"text-align: center\"><em><span style=\"font-size: 8pt\">Mardi 15 octobre 2019<\/span><br><\/em><strong>LP Saint Gen\u00e8s &#8211; Bordeaux<br><\/strong><span style=\"color: #ff6600\"><strong>Mus\u00e9e des Douanes \u00e0 Bordeaux<br><\/strong><\/span><\/p>\n<div dir=\"auto\" style=\"text-align: justify\">Les \u00e9l\u00e8ves de terminale bac pro transport (gestion \/exploitation) ont visit\u00e9 le mus\u00e9e national de la Douane \u00e0 Bordeaux. Une occasion de mieux appr\u00e9hender les missions de la douane en France et de comprendre son application commerciale dans l&#8217;import\/export des marchandises.<\/div>\n<div dir=\"auto\">&nbsp;<\/div>\n<div dir=\"auto\">\n\n\t\t<style type=\"text\/css\">\n\t\t\t#gallery-2 {\n\t\t\t\tmargin: auto;\n\t\t\t}\n\t\t\t#gallery-2 .gallery-item {\n\t\t\t\tfloat: left;\n\t\t\t\tmargin-top: 10px;\n\t\t\t\ttext-align: center;\n\t\t\t\twidth: 25%;\n\t\t\t}\n\t\t\t#gallery-2 img {\n\t\t\t\tborder: 2px solid #cfcfcf;\n\t\t\t}\n\t\t\t#gallery-2 .gallery-caption {\n\t\t\t\tmargin-left: 0;\n\t\t\t}\n\t\t\t\/* see gallery_shortcode() in wp-includes\/media.php *\/\n\t\t<\/style>\n\t\t<div id='gallery-2' class='gallery galleryid-447 gallery-columns-4 gallery-size-thumbnail'><dl class='gallery-item'>\n\t\t\t<dt class='gallery-icon landscape'>\n\t\t\t\t<a href='https:\/\/ent2d.ac-bordeaux.fr\/disciplines\/logistique-transport\/?attachment_id=878'><img loading=\"lazy\" decoding=\"async\" width=\"150\" height=\"150\" src=\"https:\/\/ent2d.ac-bordeaux.fr\/disciplines\/logistique-transport\/wp-content\/uploads\/sites\/58\/2020\/04\/IMG_20191107_141053-150x150.jpg\" class=\"attachment-thumbnail size-thumbnail\" alt=\"\" \/><\/a>\n\t\t\t<\/dt><\/dl><dl class='gallery-item'>\n\t\t\t<dt class='gallery-icon portrait'>\n\t\t\t\t<a href='https:\/\/ent2d.ac-bordeaux.fr\/disciplines\/logistique-transport\/?attachment_id=879'><img loading=\"lazy\" decoding=\"async\" width=\"150\" height=\"150\" src=\"https:\/\/ent2d.ac-bordeaux.fr\/disciplines\/logistique-transport\/wp-content\/uploads\/sites\/58\/2020\/04\/IMG_20191107_142224-150x150.jpg\" class=\"attachment-thumbnail size-thumbnail\" alt=\"\" \/><\/a>\n\t\t\t<\/dt><\/dl><dl class='gallery-item'>\n\t\t\t<dt class='gallery-icon portrait'>\n\t\t\t\t<a href='https:\/\/ent2d.ac-bordeaux.fr\/disciplines\/logistique-transport\/?attachment_id=880'><img loading=\"lazy\" decoding=\"async\" width=\"150\" height=\"150\" src=\"https:\/\/ent2d.ac-bordeaux.fr\/disciplines\/logistique-transport\/wp-content\/uploads\/sites\/58\/2020\/04\/IMG_20191107_143733-150x150.jpg\" class=\"attachment-thumbnail size-thumbnail\" alt=\"\" \/><\/a>\n\t\t\t<\/dt><\/dl><dl class='gallery-item'>\n\t\t\t<dt class='gallery-icon landscape'>\n\t\t\t\t<a href='https:\/\/ent2d.ac-bordeaux.fr\/disciplines\/logistique-transport\/?attachment_id=881'><img loading=\"lazy\" decoding=\"async\" width=\"150\" height=\"150\" src=\"https:\/\/ent2d.ac-bordeaux.fr\/disciplines\/logistique-transport\/wp-content\/uploads\/sites\/58\/2020\/04\/IMG_20191107_144246-150x150.jpg\" class=\"attachment-thumbnail size-thumbnail\" alt=\"\" \/><\/a>\n\t\t\t<\/dt><\/dl><br style=\"clear: both\" \/>\n\t\t<\/div>\n\n<\/div>\n<div class=\"yj6qo\">&nbsp;<\/div>\n\n\n<hr class=\"wp-block-separator\" \/>\n\n\n<p style=\"text-align: center\"><span style=\"font-size: 8pt\"><em>Jeudi 19 septembre 2019<br><\/em><\/span><strong>LP Montpensier &#8211; Pau<br><\/strong><span style=\"color: #ff6600\"><strong>Rencontre avec les Transporteurs et l&#8217;OTRE<\/strong><\/span><\/p>\n<p style=\"text-align: center\"><span style=\"font-size: 8pt\"><a href=\"https:\/\/view.genial.ly\/5d82bf594750de0f76f4687c\/vertical-infographic-section-bac-pro-transport\">Cliquer ici<\/a><\/span><\/p>\n\n\n<hr class=\"wp-block-separator\" \/>\n\n\n<iframe loading=\"lazy\" src=\"https:\/\/genial.ly\/5d82bf594750de0f76f4687c\/vertical-infographic-section-bac-pro-transport\" title=\"\" width=\"100%\" height=\"450\" scrolling=\"yes\" frameborder=\"0\" marginheight=\"0\" allowFullScreen=\"true\"><a href=\"https:\/\/genial.ly\/5d82bf594750de0f76f4687c\/vertical-infographic-section-bac-pro-transport\" target=\"_blank\">https:\/\/genial.ly\/5d82bf594750de0f76f4687c\/vertical-infographic-section-bac-pro-transport<\/a><\/iframe>\n","protected":false},"excerpt":{"rendered":"<p>Novembre 2021 Voici 2 comptes rendus d&#8217;\u00e9l\u00e8ves de 2 GATL du lyc\u00e9e de Blaye qui sont venus assister \u00e0 un cours de manutention avec des 2 GATL de Cousteau.\u00a0Merci \u00e0 eux et \u00e0 Mme Auvray pour l&#8217;organisation de la visite. \u00a0 \u00a0 \u00a0 \u00a0\u00a0 \u00a0 \u00a0 \u00a0 \u00a0 \u00a0 \u00a0 Les documents contiennent quelques fautes &hellip; <\/p>\n<p><a class=\"more-link btn\" href=\"https:\/\/ent2d.ac-bordeaux.fr\/disciplines\/logistique-transport\/la-vie-des-etablissements\/\">Lire la suite<\/a><\/p>\n","protected":false},"author":1078,"featured_media":0,"parent":0,"menu_order":0,"comment_status":"closed","ping_status":"closed","template":"","meta":{"_bbp_topic_count":0,"_bbp_reply_count":0,"_bbp_total_topic_count":0,"_bbp_total_reply_count":0,"_bbp_voice_count":0,"_bbp_anonymous_reply_count":0,"_bbp_topic_count_hidden":0,"_bbp_reply_count_hidden":0,"_bbp_forum_subforum_count":0,"footnotes":""},"class_list":["post-447","page","type-page","status-publish","hentry","nodate","item-wrap"],"_links":{"self":[{"href":"https:\/\/ent2d.ac-bordeaux.fr\/disciplines\/logistique-transport\/wp-json\/wp\/v2\/pages\/447","targetHints":{"allow":["GET"]}}],"collection":[{"href":"https:\/\/ent2d.ac-bordeaux.fr\/disciplines\/logistique-transport\/wp-json\/wp\/v2\/pages"}],"about":[{"href":"https:\/\/ent2d.ac-bordeaux.fr\/disciplines\/logistique-transport\/wp-json\/wp\/v2\/types\/page"}],"author":[{"embeddable":true,"href":"https:\/\/ent2d.ac-bordeaux.fr\/disciplines\/logistique-transport\/wp-json\/wp\/v2\/users\/1078"}],"replies":[{"embeddable":true,"href":"https:\/\/ent2d.ac-bordeaux.fr\/disciplines\/logistique-transport\/wp-json\/wp\/v2\/comments?post=447"}],"version-history":[{"count":37,"href":"https:\/\/ent2d.ac-bordeaux.fr\/disciplines\/logistique-transport\/wp-json\/wp\/v2\/pages\/447\/revisions"}],"predecessor-version":[{"id":1335,"href":"https:\/\/ent2d.ac-bordeaux.fr\/disciplines\/logistique-transport\/wp-json\/wp\/v2\/pages\/447\/revisions\/1335"}],"wp:attachment":[{"href":"https:\/\/ent2d.ac-bordeaux.fr\/disciplines\/logistique-transport\/wp-json\/wp\/v2\/media?parent=447"}],"curies":[{"name":"wp","href":"https:\/\/api.w.org\/{rel}","templated":true}]}}