{"id":406,"date":"2018-05-30T23:02:55","date_gmt":"2018-05-30T21:02:55","guid":{"rendered":"https:\/\/ent2d.ac-bordeaux.fr\/disciplines\/logistique-transport\/?page_id=406"},"modified":"2018-05-30T23:02:55","modified_gmt":"2018-05-30T21:02:55","slug":"temoignages-danciens-eleves","status":"publish","type":"page","link":"https:\/\/ent2d.ac-bordeaux.fr\/disciplines\/logistique-transport\/temoignages-danciens-eleves\/","title":{"rendered":"T\u00e9moignages d&#8217;anciens \u00e9l\u00e8ves"},"content":{"rendered":"","protected":false},"excerpt":{"rendered":"","protected":false},"author":277,"featured_media":0,"parent":0,"menu_order":0,"comment_status":"closed","ping_status":"closed","template":"","meta":{"_bbp_topic_count":0,"_bbp_reply_count":0,"_bbp_total_topic_count":0,"_bbp_total_reply_count":0,"_bbp_voice_count":0,"_bbp_anonymous_reply_count":0,"_bbp_topic_count_hidden":0,"_bbp_reply_count_hidden":0,"_bbp_forum_subforum_count":0,"footnotes":""},"class_list":["post-406","page","type-page","status-publish","hentry","nodate","item-wrap"],"_links":{"self":[{"href":"https:\/\/ent2d.ac-bordeaux.fr\/disciplines\/logistique-transport\/wp-json\/wp\/v2\/pages\/406","targetHints":{"allow":["GET"]}}],"collection":[{"href":"https:\/\/ent2d.ac-bordeaux.fr\/disciplines\/logistique-transport\/wp-json\/wp\/v2\/pages"}],"about":[{"href":"https:\/\/ent2d.ac-bordeaux.fr\/disciplines\/logistique-transport\/wp-json\/wp\/v2\/types\/page"}],"author":[{"embeddable":true,"href":"https:\/\/ent2d.ac-bordeaux.fr\/disciplines\/logistique-transport\/wp-json\/wp\/v2\/users\/277"}],"replies":[{"embeddable":true,"href":"https:\/\/ent2d.ac-bordeaux.fr\/disciplines\/logistique-transport\/wp-json\/wp\/v2\/comments?post=406"}],"version-history":[{"count":1,"href":"https:\/\/ent2d.ac-bordeaux.fr\/disciplines\/logistique-transport\/wp-json\/wp\/v2\/pages\/406\/revisions"}],"predecessor-version":[{"id":408,"href":"https:\/\/ent2d.ac-bordeaux.fr\/disciplines\/logistique-transport\/wp-json\/wp\/v2\/pages\/406\/revisions\/408"}],"wp:attachment":[{"href":"https:\/\/ent2d.ac-bordeaux.fr\/disciplines\/logistique-transport\/wp-json\/wp\/v2\/media?parent=406"}],"curies":[{"name":"wp","href":"https:\/\/api.w.org\/{rel}","templated":true}]}}