{"id":381,"date":"2018-05-25T15:37:15","date_gmt":"2018-05-25T13:37:15","guid":{"rendered":"https:\/\/ent2d.ac-bordeaux.fr\/disciplines\/logistique-transport\/?page_id=381"},"modified":"2026-01-27T19:34:11","modified_gmt":"2026-01-27T18:34:11","slug":"videos-2","status":"publish","type":"page","link":"https:\/\/ent2d.ac-bordeaux.fr\/disciplines\/logistique-transport\/videos-2\/","title":{"rendered":"Vid\u00e9os"},"content":{"rendered":"<p>&nbsp;<\/p>\n<p><span style=\"font-family: impact, sans-serif;font-size: 18pt;color: #000080\">Coulisses de la cha\u00eene logistique &#8211; <\/span><span style=\"font-family: impact, sans-serif;font-size: 18pt;color: #000080\">Amazon<\/span><\/p>\n<div id=\"info-container\" class=\"style-scope ytd-watch-info-text\">27 janv. 2026<\/div>\n<div id=\"expanded\" class=\"style-scope ytd-text-inline-expander\"><span class=\"yt-core-attributed-string yt-core-attributed-string--white-space-pre-wrap\" dir=\"auto\"><span class=\"yt-core-attributed-string--link-inherit-color\" dir=\"auto\">Derri\u00e8re chaque colis Amazon, une logistique puissante et millim\u00e9tr\u00e9e. Amazon, les secrets d&#8217;une logistique, in\u00e9dit mardi sur RMC D\u00e9couverte et sur RMC BFM Play<\/span><\/span><\/div>\n<div>\u00a0<\/div>\n<iframe loading=\"lazy\" src=\"https:\/\/www.youtube.com\/embed\/p5A1L5TiB0Y?si=Rv2ACyTCnkXBn_7e\" title=\"\" width=\"540\" height=\"280\" scrolling=\"yes\" frameborder=\"0\" marginheight=\"0\" allowFullScreen=\"true\"><a href=\"https:\/\/www.youtube.com\/embed\/p5A1L5TiB0Y?si=Rv2ACyTCnkXBn_7e\" target=\"_blank\">https:\/\/www.youtube.com\/embed\/p5A1L5TiB0Y?si=Rv2ACyTCnkXBn_7e<\/a><\/iframe>\n<p><\/p>\n<figure class=\"wp-block-gallery has-nested-images columns-default is-cropped wp-block-gallery-1 is-layout-flex wp-block-gallery-is-layout-flex\"><\/figure>\n<p><\/p>\n<p><\/p>\n<figure class=\"wp-block-gallery has-nested-images columns-default is-cropped wp-block-gallery-2 is-layout-flex wp-block-gallery-is-layout-flex\"><\/figure>\n<p><\/p>\n\n<p>&nbsp;<\/p>\n<p><span style=\"font-family: impact, sans-serif;font-size: 18pt;color: #000080\">La cha\u00eene logistique<\/span><\/p>\n<div style=\"width: 640px;\" class=\"wp-video\"><video class=\"wp-video-shortcode\" id=\"video-381-1\" width=\"640\" height=\"352\" preload=\"metadata\" controls=\"controls\"><source type=\"video\/mp4\" src=\"https:\/\/ent2d.ac-bordeaux.fr\/disciplines\/logistique-transport\/wp-content\/uploads\/sites\/58\/2018\/05\/Verneuil-en-Halatte-Une-plateforme-logistique-internationale-1.mp4?_=1\" \/><a href=\"https:\/\/ent2d.ac-bordeaux.fr\/disciplines\/logistique-transport\/wp-content\/uploads\/sites\/58\/2018\/05\/Verneuil-en-Halatte-Une-plateforme-logistique-internationale-1.mp4\">https:\/\/ent2d.ac-bordeaux.fr\/disciplines\/logistique-transport\/wp-content\/uploads\/sites\/58\/2018\/05\/Verneuil-en-Halatte-Une-plateforme-logistique-internationale-1.mp4<\/a><\/video><\/div>\n\n\n<figure class=\"wp-block-gallery has-nested-images columns-default is-cropped wp-block-gallery-3 is-layout-flex wp-block-gallery-is-layout-flex\"><\/figure>\n","protected":false},"excerpt":{"rendered":"<p>&nbsp; Coulisses de la cha\u00eene logistique &#8211; Amazon 27 janv. 2026 Derri\u00e8re chaque colis Amazon, une logistique puissante et millim\u00e9tr\u00e9e. Amazon, les secrets d&#8217;une logistique, in\u00e9dit mardi sur RMC D\u00e9couverte et sur RMC BFM Play \u00a0 &nbsp; La cha\u00eene logistique<\/p>\n","protected":false},"author":277,"featured_media":0,"parent":0,"menu_order":0,"comment_status":"closed","ping_status":"closed","template":"","meta":{"_bbp_topic_count":0,"_bbp_reply_count":0,"_bbp_total_topic_count":0,"_bbp_total_reply_count":0,"_bbp_voice_count":0,"_bbp_anonymous_reply_count":0,"_bbp_topic_count_hidden":0,"_bbp_reply_count_hidden":0,"_bbp_forum_subforum_count":0,"footnotes":""},"class_list":["post-381","page","type-page","status-publish","hentry","nodate","item-wrap"],"_links":{"self":[{"href":"https:\/\/ent2d.ac-bordeaux.fr\/disciplines\/logistique-transport\/wp-json\/wp\/v2\/pages\/381","targetHints":{"allow":["GET"]}}],"collection":[{"href":"https:\/\/ent2d.ac-bordeaux.fr\/disciplines\/logistique-transport\/wp-json\/wp\/v2\/pages"}],"about":[{"href":"https:\/\/ent2d.ac-bordeaux.fr\/disciplines\/logistique-transport\/wp-json\/wp\/v2\/types\/page"}],"author":[{"embeddable":true,"href":"https:\/\/ent2d.ac-bordeaux.fr\/disciplines\/logistique-transport\/wp-json\/wp\/v2\/users\/277"}],"replies":[{"embeddable":true,"href":"https:\/\/ent2d.ac-bordeaux.fr\/disciplines\/logistique-transport\/wp-json\/wp\/v2\/comments?post=381"}],"version-history":[{"count":7,"href":"https:\/\/ent2d.ac-bordeaux.fr\/disciplines\/logistique-transport\/wp-json\/wp\/v2\/pages\/381\/revisions"}],"predecessor-version":[{"id":1572,"href":"https:\/\/ent2d.ac-bordeaux.fr\/disciplines\/logistique-transport\/wp-json\/wp\/v2\/pages\/381\/revisions\/1572"}],"wp:attachment":[{"href":"https:\/\/ent2d.ac-bordeaux.fr\/disciplines\/logistique-transport\/wp-json\/wp\/v2\/media?parent=381"}],"curies":[{"name":"wp","href":"https:\/\/api.w.org\/{rel}","templated":true}]}}