{"id":338,"date":"2018-05-22T15:03:33","date_gmt":"2018-05-22T13:03:33","guid":{"rendered":"https:\/\/ent2d.ac-bordeaux.fr\/disciplines\/logistique-transport\/?page_id=338"},"modified":"2018-05-22T15:03:33","modified_gmt":"2018-05-22T13:03:33","slug":"la-conduite-en-securite-des-chariots-automoteurs-de-manutention-a-conducteur-porte-categories-1-3-et-5","status":"publish","type":"page","link":"https:\/\/ent2d.ac-bordeaux.fr\/disciplines\/logistique-transport\/la-conduite-en-securite-des-chariots-automoteurs-de-manutention-a-conducteur-porte-categories-1-3-et-5\/","title":{"rendered":"La  conduite en s\u00e9curit\u00e9 des chariots automoteurs de manutention \u00e0 conducteur port\u00e9 cat\u00e9gories 1, 3 et 5"},"content":{"rendered":"","protected":false},"excerpt":{"rendered":"","protected":false},"author":277,"featured_media":0,"parent":0,"menu_order":0,"comment_status":"closed","ping_status":"closed","template":"","meta":{"_bbp_topic_count":0,"_bbp_reply_count":0,"_bbp_total_topic_count":0,"_bbp_total_reply_count":0,"_bbp_voice_count":0,"_bbp_anonymous_reply_count":0,"_bbp_topic_count_hidden":0,"_bbp_reply_count_hidden":0,"_bbp_forum_subforum_count":0,"footnotes":""},"class_list":["post-338","page","type-page","status-publish","hentry","nodate","item-wrap"],"_links":{"self":[{"href":"https:\/\/ent2d.ac-bordeaux.fr\/disciplines\/logistique-transport\/wp-json\/wp\/v2\/pages\/338","targetHints":{"allow":["GET"]}}],"collection":[{"href":"https:\/\/ent2d.ac-bordeaux.fr\/disciplines\/logistique-transport\/wp-json\/wp\/v2\/pages"}],"about":[{"href":"https:\/\/ent2d.ac-bordeaux.fr\/disciplines\/logistique-transport\/wp-json\/wp\/v2\/types\/page"}],"author":[{"embeddable":true,"href":"https:\/\/ent2d.ac-bordeaux.fr\/disciplines\/logistique-transport\/wp-json\/wp\/v2\/users\/277"}],"replies":[{"embeddable":true,"href":"https:\/\/ent2d.ac-bordeaux.fr\/disciplines\/logistique-transport\/wp-json\/wp\/v2\/comments?post=338"}],"version-history":[{"count":1,"href":"https:\/\/ent2d.ac-bordeaux.fr\/disciplines\/logistique-transport\/wp-json\/wp\/v2\/pages\/338\/revisions"}],"predecessor-version":[{"id":340,"href":"https:\/\/ent2d.ac-bordeaux.fr\/disciplines\/logistique-transport\/wp-json\/wp\/v2\/pages\/338\/revisions\/340"}],"wp:attachment":[{"href":"https:\/\/ent2d.ac-bordeaux.fr\/disciplines\/logistique-transport\/wp-json\/wp\/v2\/media?parent=338"}],"curies":[{"name":"wp","href":"https:\/\/api.w.org\/{rel}","templated":true}]}}