{"id":317,"date":"2018-03-15T15:03:57","date_gmt":"2018-03-15T14:03:57","guid":{"rendered":"https:\/\/ent2d.ac-bordeaux.fr\/disciplines\/logistique-transport\/?page_id=317"},"modified":"2018-06-25T15:08:02","modified_gmt":"2018-06-25T13:08:02","slug":"reception","status":"publish","type":"page","link":"https:\/\/ent2d.ac-bordeaux.fr\/disciplines\/logistique-transport\/reception\/","title":{"rendered":"R\u00e9ception"},"content":{"rendered":"<p><a href=\"https:\/\/ent2d.ac-bordeaux.fr\/disciplines\/logistique-transport\/wp-content\/uploads\/sites\/58\/2018\/06\/chapitre_3_la_reception.doc\">La r\u00e9ception<\/a><\/p>\n<p><a href=\"https:\/\/ent2d.ac-bordeaux.fr\/disciplines\/logistique-transport\/wp-content\/uploads\/sites\/58\/2018\/06\/Le-circuit-de-la-logistique.doc\">Le circuit de la logistique<\/a><\/p>\n<p><a href=\"https:\/\/ent2d.ac-bordeaux.fr\/disciplines\/logistique-transport\/wp-content\/uploads\/sites\/58\/2018\/06\/dossier_2_lorga_des_zones_activites_log_2bpl.doc\">Les zones d&#8217;activit\u00e9s<\/a><\/p>\n<p><a href=\"https:\/\/ent2d.ac-bordeaux.fr\/disciplines\/logistique-transport\/wp-content\/uploads\/sites\/58\/2018\/06\/tp_reception_de_marchandise_et_securite.docx\">TP R\u00e9ception de marchandises et s\u00e9curit\u00e9<\/a><\/p>\n","protected":false},"excerpt":{"rendered":"<p>La r\u00e9ception Le circuit de la logistique Les zones d&#8217;activit\u00e9s TP R\u00e9ception de marchandises et s\u00e9curit\u00e9<\/p>\n","protected":false},"author":277,"featured_media":0,"parent":0,"menu_order":0,"comment_status":"closed","ping_status":"closed","template":"","meta":{"_bbp_topic_count":0,"_bbp_reply_count":0,"_bbp_total_topic_count":0,"_bbp_total_reply_count":0,"_bbp_voice_count":0,"_bbp_anonymous_reply_count":0,"_bbp_topic_count_hidden":0,"_bbp_reply_count_hidden":0,"_bbp_forum_subforum_count":0,"footnotes":""},"class_list":["post-317","page","type-page","status-publish","hentry","nodate","item-wrap"],"_links":{"self":[{"href":"https:\/\/ent2d.ac-bordeaux.fr\/disciplines\/logistique-transport\/wp-json\/wp\/v2\/pages\/317","targetHints":{"allow":["GET"]}}],"collection":[{"href":"https:\/\/ent2d.ac-bordeaux.fr\/disciplines\/logistique-transport\/wp-json\/wp\/v2\/pages"}],"about":[{"href":"https:\/\/ent2d.ac-bordeaux.fr\/disciplines\/logistique-transport\/wp-json\/wp\/v2\/types\/page"}],"author":[{"embeddable":true,"href":"https:\/\/ent2d.ac-bordeaux.fr\/disciplines\/logistique-transport\/wp-json\/wp\/v2\/users\/277"}],"replies":[{"embeddable":true,"href":"https:\/\/ent2d.ac-bordeaux.fr\/disciplines\/logistique-transport\/wp-json\/wp\/v2\/comments?post=317"}],"version-history":[{"count":5,"href":"https:\/\/ent2d.ac-bordeaux.fr\/disciplines\/logistique-transport\/wp-json\/wp\/v2\/pages\/317\/revisions"}],"predecessor-version":[{"id":424,"href":"https:\/\/ent2d.ac-bordeaux.fr\/disciplines\/logistique-transport\/wp-json\/wp\/v2\/pages\/317\/revisions\/424"}],"wp:attachment":[{"href":"https:\/\/ent2d.ac-bordeaux.fr\/disciplines\/logistique-transport\/wp-json\/wp\/v2\/media?parent=317"}],"curies":[{"name":"wp","href":"https:\/\/api.w.org\/{rel}","templated":true}]}}