{"id":263,"date":"2018-03-13T15:17:08","date_gmt":"2018-03-13T14:17:08","guid":{"rendered":"https:\/\/ent2d.ac-bordeaux.fr\/disciplines\/logistique-transport\/?page_id=263"},"modified":"2018-03-13T16:05:02","modified_gmt":"2018-03-13T15:05:02","slug":"eco-gestion-bac-pro","status":"publish","type":"page","link":"https:\/\/ent2d.ac-bordeaux.fr\/disciplines\/logistique-transport\/eco-gestion-bac-pro\/","title":{"rendered":"Eco-Gestion BAC PRO"},"content":{"rendered":"<p><span style=\"font-size: 12pt\"><strong><a href=\"https:\/\/ent2d.ac-bordeaux.fr\/disciplines\/logistique-transport\/wp-content\/uploads\/sites\/58\/2018\/03\/le-fonctionnement-de-lentreprise-2.pdf\">Synth\u00e8ses\u00a0 : <\/a><\/strong><\/span><\/p>\n<ul>\n<li><span style=\"font-size: 10pt\"><a href=\"https:\/\/ent2d.ac-bordeaux.fr\/disciplines\/logistique-transport\/wp-content\/uploads\/sites\/58\/2018\/03\/le-fonctionnement-de-lentreprise-2.pdf\" target=\"_blank\" rel=\"noopener\">le fonctionnement de l&#8217;entreprise<\/a><\/span><\/li>\n<li><span style=\"font-size: 10pt\"> <a href=\"https:\/\/ent2d.ac-bordeaux.fr\/disciplines\/logistique-transport\/wp-content\/uploads\/sites\/58\/2018\/03\/Synth\u00e8se-Organisation-1.pdf\" target=\"_blank\" rel=\"noopener\"> Organisation<\/a> <\/span><\/li>\n<li><span style=\"font-size: 10pt\"><a href=\"https:\/\/ent2d.ac-bordeaux.fr\/disciplines\/logistique-transport\/wp-content\/uploads\/sites\/58\/2018\/03\/synth\u00e8se-Secteurs-professionnels-1.pdf\" target=\"_blank\" rel=\"noopener\">Secteurs professionnels<\/a>\u00a0<\/span><\/li>\n<li><a href=\"https:\/\/ent2d.ac-bordeaux.fr\/disciplines\/logistique-transport\/wp-content\/uploads\/sites\/58\/2018\/03\/le-march\u00e9.docx\">le march\u00e9<\/a><\/li>\n<li><a href=\"https:\/\/ent2d.ac-bordeaux.fr\/disciplines\/logistique-transport\/wp-content\/uploads\/sites\/58\/2018\/03\/Les-agents-\u00e9conomiques.docx\">Les agents \u00e9conomiques<\/a><\/li>\n<li><a href=\"https:\/\/ent2d.ac-bordeaux.fr\/disciplines\/logistique-transport\/wp-content\/uploads\/sites\/58\/2018\/03\/Synth\u00e8se-Le-secteur-\u00e9conomique(sant\u00e9).pdf\" target=\"_blank\" rel=\"noopener\">Synth\u00e8se Le secteur \u00e9conomique de la sant\u00e9<\/a><\/li>\n<\/ul>\n<p><span style=\"font-size: 12pt\"><strong>Ressources documentaires :<\/strong><\/span><\/p>\n<p><a href=\"https:\/\/ent2d.ac-bordeaux.fr\/disciplines\/logistique-transport\/wp-content\/uploads\/sites\/58\/2018\/03\/Mots-cl\u00e9s-les-organisations.docx.pdf\">Mots cl\u00e9s les organisations.docx<\/a><\/p>\n<div style=\"width: 750px;\" class=\"wp-video\"><video class=\"wp-video-shortcode\" id=\"video-263-1\" width=\"750\" height=\"422\" preload=\"metadata\" controls=\"controls\"><source type=\"video\/mp4\" src=\"https:\/\/ent2d.ac-bordeaux.fr\/disciplines\/logistique-transport\/wp-content\/uploads\/sites\/58\/2018\/03\/pub-MSF-M\u00e9decins-Sans-Fronti\u00e8res-2016-HQ-1.mp4?_=1\" \/><a href=\"https:\/\/ent2d.ac-bordeaux.fr\/disciplines\/logistique-transport\/wp-content\/uploads\/sites\/58\/2018\/03\/pub-MSF-M\u00e9decins-Sans-Fronti\u00e8res-2016-HQ-1.mp4\">https:\/\/ent2d.ac-bordeaux.fr\/disciplines\/logistique-transport\/wp-content\/uploads\/sites\/58\/2018\/03\/pub-MSF-M\u00e9decins-Sans-Fronti\u00e8res-2016-HQ-1.mp4<\/a><\/video><\/div>\n<p><img loading=\"lazy\" decoding=\"async\" class=\"alignnone size-medium wp-image-292\" src=\"https:\/\/ent2d.ac-bordeaux.fr\/disciplines\/logistique-transport\/wp-content\/uploads\/sites\/58\/2018\/03\/semaine-bleue-300x138.png\" alt=\"\" width=\"300\" height=\"138\" srcset=\"https:\/\/ent2d.ac-bordeaux.fr\/disciplines\/logistique-transport\/wp-content\/uploads\/sites\/58\/2018\/03\/semaine-bleue-300x138.png 300w, https:\/\/ent2d.ac-bordeaux.fr\/disciplines\/logistique-transport\/wp-content\/uploads\/sites\/58\/2018\/03\/semaine-bleue.png 500w\" sizes=\"auto, (max-width: 300px) 100vw, 300px\" \/><\/p>\n","protected":false},"excerpt":{"rendered":"<p>Synth\u00e8ses\u00a0 : le fonctionnement de l&#8217;entreprise Organisation Secteurs professionnels\u00a0 le march\u00e9 Les agents \u00e9conomiques Synth\u00e8se Le secteur \u00e9conomique de la sant\u00e9 Ressources documentaires : Mots cl\u00e9s les organisations.docx<\/p>\n","protected":false},"author":277,"featured_media":0,"parent":0,"menu_order":0,"comment_status":"closed","ping_status":"closed","template":"","meta":{"_bbp_topic_count":0,"_bbp_reply_count":0,"_bbp_total_topic_count":0,"_bbp_total_reply_count":0,"_bbp_voice_count":0,"_bbp_anonymous_reply_count":0,"_bbp_topic_count_hidden":0,"_bbp_reply_count_hidden":0,"_bbp_forum_subforum_count":0,"footnotes":""},"class_list":["post-263","page","type-page","status-publish","hentry","nodate","item-wrap"],"_links":{"self":[{"href":"https:\/\/ent2d.ac-bordeaux.fr\/disciplines\/logistique-transport\/wp-json\/wp\/v2\/pages\/263","targetHints":{"allow":["GET"]}}],"collection":[{"href":"https:\/\/ent2d.ac-bordeaux.fr\/disciplines\/logistique-transport\/wp-json\/wp\/v2\/pages"}],"about":[{"href":"https:\/\/ent2d.ac-bordeaux.fr\/disciplines\/logistique-transport\/wp-json\/wp\/v2\/types\/page"}],"author":[{"embeddable":true,"href":"https:\/\/ent2d.ac-bordeaux.fr\/disciplines\/logistique-transport\/wp-json\/wp\/v2\/users\/277"}],"replies":[{"embeddable":true,"href":"https:\/\/ent2d.ac-bordeaux.fr\/disciplines\/logistique-transport\/wp-json\/wp\/v2\/comments?post=263"}],"version-history":[{"count":6,"href":"https:\/\/ent2d.ac-bordeaux.fr\/disciplines\/logistique-transport\/wp-json\/wp\/v2\/pages\/263\/revisions"}],"predecessor-version":[{"id":295,"href":"https:\/\/ent2d.ac-bordeaux.fr\/disciplines\/logistique-transport\/wp-json\/wp\/v2\/pages\/263\/revisions\/295"}],"wp:attachment":[{"href":"https:\/\/ent2d.ac-bordeaux.fr\/disciplines\/logistique-transport\/wp-json\/wp\/v2\/media?parent=263"}],"curies":[{"name":"wp","href":"https:\/\/api.w.org\/{rel}","templated":true}]}}