{"id":177,"date":"2020-04-02T17:13:30","date_gmt":"2020-04-02T15:13:30","guid":{"rendered":"https:\/\/ent2d.ac-bordeaux.fr\/disciplines\/logistique-transport\/?page_id=177"},"modified":"2020-09-18T22:03:50","modified_gmt":"2020-09-18T20:03:50","slug":"etablissements-de-lacademie","status":"publish","type":"page","link":"https:\/\/ent2d.ac-bordeaux.fr\/disciplines\/logistique-transport\/etablissements-de-lacademie\/","title":{"rendered":"Liste des \u00e9tablissements"},"content":{"rendered":"<iframe loading=\"lazy\" src=\"https:\/\/www.google.com\/maps\/d\/embed?mid=1BB6Js5wi8n1Xu15nd6w4NFv6IcTp3i0h\" title=\"\" width=\"540\" height=\"280\" scrolling=\"yes\" frameborder=\"0\" marginheight=\"0\" allowFullScreen=\"true\"><a href=\"https:\/\/www.google.com\/maps\/d\/embed?mid=1BB6Js5wi8n1Xu15nd6w4NFv6IcTp3i0h\" target=\"_blank\">https:\/\/www.google.com\/maps\/d\/embed?mid=1BB6Js5wi8n1Xu15nd6w4NFv6IcTp3i0h<\/a><\/iframe>\n\n\n<p><a href=\"https:\/\/ent2d.ac-bordeaux.fr\/disciplines\/logistique-transport\/wp-content\/uploads\/sites\/58\/2020\/04\/Capture-d\u2019e\u0301cran-2020-04-20-a\u0300-10.00.50.png\"><img loading=\"lazy\" decoding=\"async\" class=\"alignnone  wp-image-898\" src=\"https:\/\/ent2d.ac-bordeaux.fr\/disciplines\/logistique-transport\/wp-content\/uploads\/sites\/58\/2020\/04\/Capture-d\u2019e\u0301cran-2020-04-20-a\u0300-10.00.50.png\" alt=\"\" width=\"14\" height=\"21\" \/><\/a><span style=\"font-size: 8pt\"> CAP OL \/ BCP Logistique \u00a0 \u00a0 \u00a0 \u00a0 \u00a0 \u00a0 \u00a0 \u00a0 \u00a0 \u00a0 \u00a0 \u00a0 \u00a0 \u00a0 \u00a0 \u00a0 \u00a0\u00a0 <\/span><span style=\"font-size: 8pt\"><a href=\"https:\/\/ent2d.ac-bordeaux.fr\/disciplines\/logistique-transport\/wp-content\/uploads\/sites\/58\/2020\/04\/Capture-d\u2019e\u0301cran-2020-04-20-a\u0300-10.01.20.png\"><img loading=\"lazy\" decoding=\"async\" class=\"alignnone  wp-image-899\" src=\"https:\/\/ent2d.ac-bordeaux.fr\/disciplines\/logistique-transport\/wp-content\/uploads\/sites\/58\/2020\/04\/Capture-d\u2019e\u0301cran-2020-04-20-a\u0300-10.01.20.png\" alt=\"\" width=\"15\" height=\"21\" \/><\/a> <\/span><span style=\"font-size: 8pt\">BCP OTM\u00a0<\/span> \u00a0 \u00a0\u00a0 \u00a0 \u00a0 \u00a0 \u00a0 \u00a0\u00a0 <a href=\"https:\/\/ent2d.ac-bordeaux.fr\/disciplines\/logistique-transport\/wp-content\/uploads\/sites\/58\/2020\/04\/Capture-d\u2019e\u0301cran-2020-04-20-a\u0300-10.01.49.png\"><span style=\"font-size: 8pt\"><img loading=\"lazy\" decoding=\"async\" class=\"alignnone  wp-image-900\" src=\"https:\/\/ent2d.ac-bordeaux.fr\/disciplines\/logistique-transport\/wp-content\/uploads\/sites\/58\/2020\/04\/Capture-d\u2019e\u0301cran-2020-04-20-a\u0300-10.01.49.png\" alt=\"\" width=\"15\" height=\"23\" \/><\/span><\/a><span style=\"font-size: 8pt\"> CAP OL \/ BCP Logistique et <\/span><span style=\"font-size: 8pt\">BCP OTM<\/span><\/p>\n<p>\u00a0<\/p>\n<table style=\"width: 545px;height: 219px\">\n<tbody>\n<tr style=\"height: 39.3px\">\n<td style=\"width: 264.867px;height: 39.3px\" colspan=\"2\">\n<p style=\"text-align: center\"><span style=\"color: #0000ff;font-size: 12pt\"><strong><span style=\"font-size: 18pt\">\u00c9tablissements Publics<\/span><br \/><\/strong><\/span><\/p>\n<\/td>\n<\/tr>\n<tr style=\"height: 80px\">\n<td style=\"width: 264.867px;height: 80px\">\n<p><span style=\"font-family: arial, helvetica, sans-serif;font-size: 12pt\">Lyc\u00e9e Professionnel<\/span><br \/><a href=\"http:\/\/lppicasso.fr\/\" target=\"_blank\" rel=\"noopener noreferrer\"><span style=\"font-family: arial, helvetica, sans-serif;font-size: 12pt\"><strong>Pablo Picasso<\/strong><\/span><\/a><br \/><span style=\"font-family: arial, helvetica, sans-serif;font-size: 12pt\">24 P\u00e9rigueux<\/span><\/p>\n<\/td>\n<td style=\"width: 273.033px;height: 80px;text-align: center\">\n<pre><span style=\"font-size: 12pt\"><a href=\"http:\/\/lppicasso.fr\/\" target=\"_blank\" rel=\"noopener noreferrer\"><img loading=\"lazy\" decoding=\"async\" class=\"alignnone wp-image-498 size-medium\" src=\"https:\/\/ent2d.ac-bordeaux.fr\/disciplines\/logistique-transport\/wp-content\/uploads\/sites\/58\/2020\/04\/Lyce\u0301e-Picasso-Pe\u0301rigueux-1-300x103.jpg\" alt=\"\" width=\"300\" height=\"103\" srcset=\"https:\/\/ent2d.ac-bordeaux.fr\/disciplines\/logistique-transport\/wp-content\/uploads\/sites\/58\/2020\/04\/Lyce\u0301e-Picasso-Pe\u0301rigueux-1-300x103.jpg 300w, https:\/\/ent2d.ac-bordeaux.fr\/disciplines\/logistique-transport\/wp-content\/uploads\/sites\/58\/2020\/04\/Lyce\u0301e-Picasso-Pe\u0301rigueux-1.jpg 508w\" sizes=\"auto, (max-width: 300px) 100vw, 300px\" \/><\/a><\/span><\/pre>\n<pre><strong><span style=\"font-size: 12pt;color: #993366\"><span style=\"font-family: arial, helvetica, sans-serif;font-size: 8pt\">BCP OTM<\/span><\/span><\/strong><\/pre>\n<\/td>\n<\/tr>\n<\/tbody>\n<\/table>\n<table style=\"width: 547px\">\n<tbody>\n<tr>\n<td style=\"width: 260.6px\">\n<p><span style=\"font-family: arial, helvetica, sans-serif;font-size: 12pt\">Lyc\u00e9e Professionnel<\/span><br \/><a href=\"http:\/\/lyceecombes.fr\/\" target=\"_blank\" rel=\"noopener noreferrer\"><span style=\"font-family: arial, helvetica, sans-serif;font-size: 12pt\"><strong>\u00c9mile Combes<\/strong><\/span><\/a><br \/><span style=\"font-family: arial, helvetica, sans-serif;font-size: 12pt\">33 B\u00e8gles<\/span><\/p>\n<\/td>\n<td style=\"width: 278.4px;text-align: center\">\n<pre><a href=\"http:\/\/lyceecombes.fr\/\" target=\"_blank\" rel=\"noopener noreferrer\"><img loading=\"lazy\" decoding=\"async\" class=\"aligncenter wp-image-178 size-medium\" src=\"https:\/\/ent2d.ac-bordeaux.fr\/disciplines\/logistique-transport\/wp-content\/uploads\/sites\/58\/2018\/02\/diapo6-300x112.jpg\" alt=\"\" width=\"300\" height=\"112\" srcset=\"https:\/\/ent2d.ac-bordeaux.fr\/disciplines\/logistique-transport\/wp-content\/uploads\/sites\/58\/2018\/02\/diapo6-300x112.jpg 300w, https:\/\/ent2d.ac-bordeaux.fr\/disciplines\/logistique-transport\/wp-content\/uploads\/sites\/58\/2018\/02\/diapo6-768x286.jpg 768w, https:\/\/ent2d.ac-bordeaux.fr\/disciplines\/logistique-transport\/wp-content\/uploads\/sites\/58\/2018\/02\/diapo6.jpg 940w\" sizes=\"auto, (max-width: 300px) 100vw, 300px\" \/><\/a><\/pre>\n<pre><span style=\"color: #0000ff\"><strong><span style=\"font-family: arial, helvetica, sans-serif;font-size: 12pt\"><span style=\"font-size: 8pt\">CAP OL \/ <\/span><\/span><span style=\"font-family: arial, helvetica, sans-serif;font-size: 8pt\">BCP Logistique<\/span><\/strong><\/span><br \/><span style=\"color: #0000ff\"><strong><span style=\"font-family: arial, helvetica, sans-serif;font-size: 8pt\">BCP OTM<\/span><\/strong><\/span><\/pre>\n<\/td>\n<\/tr>\n<\/tbody>\n<\/table>\n<table style=\"width: 546.683px\">\n<tbody>\n<tr>\n<td style=\"width: 259px\">\n<p><span style=\"font-family: arial, helvetica, sans-serif;font-size: 12pt\">Lyc\u00e9e Professionnel<\/span><br \/><a href=\"http:\/\/www.lycee-pro-marcel-dassault.fr\/\" target=\"_blank\" rel=\"noopener noreferrer\"><span style=\"font-family: arial, helvetica, sans-serif;font-size: 12pt\"><strong>Marcel Dassault<\/strong><\/span><\/a><br \/><span style=\"font-family: arial, helvetica, sans-serif;font-size: 12pt\">33 M\u00e9rignac\u00a0\u00a0\u00a0\u00a0\u00a0\u00a0\u00a0\u00a0\u00a0\u00a0\u00a0 <br \/><\/span><\/p>\n<\/td>\n<td style=\"width: 274.683px\">\n<pre style=\"text-align: center\"><a href=\"http:\/\/www.lycee-pro-marcel-dassault.fr\/\" target=\"_blank\" rel=\"noopener noreferrer\"><img loading=\"lazy\" decoding=\"async\" class=\"alignnone wp-image-501 size-medium\" src=\"https:\/\/ent2d.ac-bordeaux.fr\/disciplines\/logistique-transport\/wp-content\/uploads\/sites\/58\/2020\/04\/Lyce\u0301e-Dassault-Bordeaux-300x169.jpg\" alt=\"\" width=\"300\" height=\"169\" srcset=\"https:\/\/ent2d.ac-bordeaux.fr\/disciplines\/logistique-transport\/wp-content\/uploads\/sites\/58\/2020\/04\/Lyce\u0301e-Dassault-Bordeaux-300x169.jpg 300w, https:\/\/ent2d.ac-bordeaux.fr\/disciplines\/logistique-transport\/wp-content\/uploads\/sites\/58\/2020\/04\/Lyce\u0301e-Dassault-Bordeaux-768x432.jpg 768w, https:\/\/ent2d.ac-bordeaux.fr\/disciplines\/logistique-transport\/wp-content\/uploads\/sites\/58\/2020\/04\/Lyce\u0301e-Dassault-Bordeaux.jpg 1024w\" sizes=\"auto, (max-width: 300px) 100vw, 300px\" \/><\/a><\/pre>\n<pre style=\"text-align: center\"><strong><span style=\"font-family: arial, helvetica, sans-serif;font-size: 8pt;color: #993366\">BCP OTM<\/span><\/strong><\/pre>\n<\/td>\n<\/tr>\n<\/tbody>\n<\/table>\n<table style=\"width: 546.967px\">\n<tbody>\n<tr>\n<td style=\"width: 261px\">\n<p><span style=\"font-family: arial, helvetica, sans-serif;font-size: 12pt\">Lyc\u00e9e Professionnel<\/span><br \/><a href=\"http:\/\/webetab.ac-bordeaux.fr\/lycee-philippe-cousteau\/\" target=\"_blank\" rel=\"noopener noreferrer\"><span style=\"font-family: arial, helvetica, sans-serif;font-size: 12pt\"><strong>Philippe Cousteau<\/strong><\/span><\/a><br \/><span style=\"font-size: 12pt\"><span style=\"font-family: arial, helvetica, sans-serif\">33 St Andr\u00e9 de Cubzac<\/span>\u00a0\u00a0\u00a0<\/span>\u00a0\u00a0\u00a0\u00a0\u00a0\u00a0\u00a0<\/p>\n<\/td>\n<td style=\"width: 273.967px;text-align: center\">\n<pre>\u00a0 \u00a0 \u00a0 \u00a0 <a href=\"http:\/\/webetab.ac-bordeaux.fr\/lycee-philippe-cousteau\/\" target=\"_blank\" rel=\"noopener noreferrer\"><img loading=\"lazy\" decoding=\"async\" class=\"aligncenter wp-image-202\" src=\"https:\/\/ent2d.ac-bordeaux.fr\/disciplines\/logistique-transport\/wp-content\/uploads\/sites\/58\/2018\/02\/lycee008-300x225.jpg\" alt=\"\" width=\"203\" height=\"153\" srcset=\"https:\/\/ent2d.ac-bordeaux.fr\/disciplines\/logistique-transport\/wp-content\/uploads\/sites\/58\/2018\/02\/lycee008-300x225.jpg 300w, https:\/\/ent2d.ac-bordeaux.fr\/disciplines\/logistique-transport\/wp-content\/uploads\/sites\/58\/2018\/02\/lycee008.jpg 500w\" sizes=\"auto, (max-width: 203px) 100vw, 203px\" \/><\/a><\/pre>\n<pre><strong><span style=\"font-family: arial, helvetica, sans-serif;font-size: 8pt;color: #99cc00\">CAP OL \/ BCP Logistique<\/span><\/strong><\/pre>\n<\/td>\n<\/tr>\n<\/tbody>\n<\/table>\n<table style=\"width: 545.933px\">\n<tbody>\n<tr>\n<td style=\"width: 264px\">\n<p><span style=\"font-family: arial, helvetica, sans-serif;font-size: 12pt\">Lyc\u00e9e Professionnel<\/span><br \/><a href=\"http:\/\/lyceeharountazieff.com\/\" target=\"_blank\" rel=\"noopener noreferrer\"><span style=\"font-family: arial, helvetica, sans-serif;font-size: 12pt\"><strong>Haroun Tazieff<\/strong><\/span><\/a><br \/><span style=\"font-family: arial, helvetica, sans-serif;font-size: 12pt\">40 Saint Paul l\u00e8s Dax \u00a0\u00a0\u00a0\u00a0\u00a0\u00a0 <\/span><\/p>\n<\/td>\n<td style=\"width: 269.933px;text-align: center\">\n<pre><a href=\"http:\/\/lyceeharountazieff.com\/\" target=\"_blank\" rel=\"noopener noreferrer\"><img loading=\"lazy\" decoding=\"async\" class=\"alignnone wp-image-509 size-medium\" src=\"https:\/\/ent2d.ac-bordeaux.fr\/disciplines\/logistique-transport\/wp-content\/uploads\/sites\/58\/2020\/04\/Lyce\u0301e-Tazzief-Saint-Paul-300x63.jpg\" alt=\"\" width=\"300\" height=\"63\" srcset=\"https:\/\/ent2d.ac-bordeaux.fr\/disciplines\/logistique-transport\/wp-content\/uploads\/sites\/58\/2020\/04\/Lyce\u0301e-Tazzief-Saint-Paul-300x63.jpg 300w, https:\/\/ent2d.ac-bordeaux.fr\/disciplines\/logistique-transport\/wp-content\/uploads\/sites\/58\/2020\/04\/Lyce\u0301e-Tazzief-Saint-Paul-768x161.jpg 768w, https:\/\/ent2d.ac-bordeaux.fr\/disciplines\/logistique-transport\/wp-content\/uploads\/sites\/58\/2020\/04\/Lyce\u0301e-Tazzief-Saint-Paul.jpg 1024w\" sizes=\"auto, (max-width: 300px) 100vw, 300px\" \/><\/a><\/pre>\n<pre><span style=\"color: #99cc00\"><strong><span style=\"font-family: arial, helvetica, sans-serif;font-size: 8pt\">CAP OL \/ BCP Logistique<\/span><\/strong><\/span><\/pre>\n<\/td>\n<\/tr>\n<\/tbody>\n<\/table>\n<table style=\"width: 545px\">\n<tbody>\n<tr>\n<td style=\"width: 263.983px\">\n<p><span style=\"font-family: arial, helvetica, sans-serif;font-size: 12pt\">Lyc\u00e9e Professionnel<\/span><br \/><a href=\"http:\/\/www.lp-lomet.fr\/\" target=\"_blank\" rel=\"noopener noreferrer\"><span style=\"font-family: arial, helvetica, sans-serif;font-size: 12pt\"><strong>Antoine Lomet<\/strong><\/span><\/a><br \/><span style=\"font-family: arial, helvetica, sans-serif;font-size: 12pt\">47 Agen \u00a0\u00a0\u00a0\u00a0\u00a0<\/span><\/p>\n<\/td>\n<td style=\"width: 273.017px;text-align: center\">\n<pre><a href=\"http:\/\/www.lp-lomet.fr\/\" target=\"_blank\" rel=\"noopener noreferrer\"><img loading=\"lazy\" decoding=\"async\" class=\"alignnone wp-image-510 size-medium\" src=\"https:\/\/ent2d.ac-bordeaux.fr\/disciplines\/logistique-transport\/wp-content\/uploads\/sites\/58\/2020\/04\/Lyce\u0301e-Lomet-Agen-300x156.jpg\" alt=\"\" width=\"300\" height=\"156\" srcset=\"https:\/\/ent2d.ac-bordeaux.fr\/disciplines\/logistique-transport\/wp-content\/uploads\/sites\/58\/2020\/04\/Lyce\u0301e-Lomet-Agen-300x156.jpg 300w, https:\/\/ent2d.ac-bordeaux.fr\/disciplines\/logistique-transport\/wp-content\/uploads\/sites\/58\/2020\/04\/Lyce\u0301e-Lomet-Agen-768x400.jpg 768w, https:\/\/ent2d.ac-bordeaux.fr\/disciplines\/logistique-transport\/wp-content\/uploads\/sites\/58\/2020\/04\/Lyce\u0301e-Lomet-Agen.jpg 960w\" sizes=\"auto, (max-width: 300px) 100vw, 300px\" \/><\/a> <\/pre>\n<pre><span style=\"color: #993366\"><strong><span style=\"font-family: arial, helvetica, sans-serif;font-size: 8pt\">BCP OTM<\/span><\/strong><\/span><\/pre>\n<\/td>\n<\/tr>\n<\/tbody>\n<\/table>\n<table style=\"width: 544.983px\">\n<tbody>\n<tr>\n<td style=\"width: 261px\">\n<p><span style=\"font-family: arial, helvetica, sans-serif;font-size: 12pt\">Lyc\u00e9e Professionnel<\/span><br \/><strong><a href=\"http:\/\/lyceeleyguescouffignal.fr\/\" target=\"_blank\" rel=\"noopener noreferrer\"><span style=\"font-family: arial, helvetica, sans-serif;font-size: 12pt\">Georges Leygues Couffignal<\/span><\/a><\/strong><br \/><span style=\"font-family: arial, helvetica, sans-serif;font-size: 12pt\">47 Villeneuve sur Lot \u00a0\u00a0\u00a0\u00a0<\/span><\/p>\n<\/td>\n<td style=\"width: 275.983px;text-align: center\">\n<pre><a href=\"http:\/\/lyceeleyguescouffignal.fr\/\" target=\"_blank\" rel=\"noopener noreferrer\"><img loading=\"lazy\" decoding=\"async\" class=\"alignnone wp-image-493 size-medium\" src=\"https:\/\/ent2d.ac-bordeaux.fr\/disciplines\/logistique-transport\/wp-content\/uploads\/sites\/58\/2020\/04\/Lyce\u0301e-Leygues-Villeneuve1-300x129.jpg\" alt=\"\" width=\"300\" height=\"129\" srcset=\"https:\/\/ent2d.ac-bordeaux.fr\/disciplines\/logistique-transport\/wp-content\/uploads\/sites\/58\/2020\/04\/Lyce\u0301e-Leygues-Villeneuve1-300x129.jpg 300w, https:\/\/ent2d.ac-bordeaux.fr\/disciplines\/logistique-transport\/wp-content\/uploads\/sites\/58\/2020\/04\/Lyce\u0301e-Leygues-Villeneuve1.jpg 700w\" sizes=\"auto, (max-width: 300px) 100vw, 300px\" \/><\/a>  <br \/><span style=\"font-family: arial, helvetica, sans-serif;font-size: 8pt\"><br \/><\/span><\/pre>\n<pre><strong><span style=\"font-family: arial, helvetica, sans-serif;font-size: 8pt;color: #99cc00\">BCP Logistique<\/span><\/strong><\/pre>\n<\/td>\n<\/tr>\n<\/tbody>\n<\/table>\n<table style=\"width: 543.483px\">\n<tbody>\n<tr>\n<td style=\"width: 260px\">\n<p><span style=\"font-family: arial, helvetica, sans-serif;font-size: 12pt\">Lyc\u00e9e Professionnel<\/span><br \/><strong><a href=\"http:\/\/webetab.ac-bordeaux.fr\/lycee-ramiro-arrue\/\" target=\"_blank\" rel=\"noopener noreferrer\"><span style=\"font-family: arial, helvetica, sans-serif;font-size: 12pt\">Ramiro Arru\u00e9<\/span><\/a><\/strong><br \/><span style=\"font-family: arial, helvetica, sans-serif;font-size: 12pt\">64 Saint-Jean de Luz<\/span><\/p>\n<\/td>\n<td style=\"width: 274.483px;text-align: center\">\n<pre><a href=\"http:\/\/webetab.ac-bordeaux.fr\/lycee-ramiro-arrue\/\" target=\"_blank\" rel=\"noopener noreferrer\"><img loading=\"lazy\" decoding=\"async\" class=\"alignnone wp-image-514 size-medium\" src=\"https:\/\/ent2d.ac-bordeaux.fr\/disciplines\/logistique-transport\/wp-content\/uploads\/sites\/58\/2020\/04\/Lyce\u0301e-Arrue\u0301-ST-Jean-de-Luz-300x169.jpg\" alt=\"\" width=\"300\" height=\"169\" srcset=\"https:\/\/ent2d.ac-bordeaux.fr\/disciplines\/logistique-transport\/wp-content\/uploads\/sites\/58\/2020\/04\/Lyce\u0301e-Arrue\u0301-ST-Jean-de-Luz-300x169.jpg 300w, https:\/\/ent2d.ac-bordeaux.fr\/disciplines\/logistique-transport\/wp-content\/uploads\/sites\/58\/2020\/04\/Lyce\u0301e-Arrue\u0301-ST-Jean-de-Luz-768x432.jpg 768w, https:\/\/ent2d.ac-bordeaux.fr\/disciplines\/logistique-transport\/wp-content\/uploads\/sites\/58\/2020\/04\/Lyce\u0301e-Arrue\u0301-ST-Jean-de-Luz.jpg 1024w\" sizes=\"auto, (max-width: 300px) 100vw, 300px\" \/><\/a><\/pre>\n<pre><span style=\"color: #0000ff\"><strong><span style=\"font-family: arial, helvetica, sans-serif;font-size: 8pt\">BCP Logistique<\/span><\/strong><\/span><br \/><span style=\"color: #0000ff\"><strong><span style=\"font-family: arial, helvetica, sans-serif;font-size: 8pt\">BCP OTM<\/span><\/strong><\/span><\/pre>\n<\/td>\n<\/tr>\n<tr>\n<td style=\"width: 260px\">\n<p><span style=\"font-family: arial, helvetica, sans-serif;font-size: 12pt\">Lyc\u00e9e Professionnel<\/span><\/p>\n<p><strong><a href=\"http:\/\/webetab.ac-bordeaux.fr\/Etablissement\/Jurancon\/index.html\" target=\"_blank\" rel=\"noopener noreferrer\"><span style=\"font-family: arial, helvetica, sans-serif;font-size: 12pt\"> Andr\u00e9 Campa<\/span><\/a><\/strong><\/p>\n<p>64 Juran\u00e7on<\/p>\n<\/td>\n<td style=\"width: 274.483px;text-align: center\">\n<p><a href=\"http:\/\/webetab.ac-bordeaux.fr\/Etablissement\/Jurancon\/index.html\" target=\"_blank\" rel=\"noopener noreferrer\"><img loading=\"lazy\" decoding=\"async\" class=\"alignnone size-medium wp-image-1035\" src=\"https:\/\/ent2d.ac-bordeaux.fr\/disciplines\/logistique-transport\/wp-content\/uploads\/sites\/58\/2020\/09\/logo-campa-300x86.jpg\" alt=\"\" width=\"300\" height=\"86\" srcset=\"https:\/\/ent2d.ac-bordeaux.fr\/disciplines\/logistique-transport\/wp-content\/uploads\/sites\/58\/2020\/09\/logo-campa-300x86.jpg 300w, https:\/\/ent2d.ac-bordeaux.fr\/disciplines\/logistique-transport\/wp-content\/uploads\/sites\/58\/2020\/09\/logo-campa-768x219.jpg 768w, https:\/\/ent2d.ac-bordeaux.fr\/disciplines\/logistique-transport\/wp-content\/uploads\/sites\/58\/2020\/09\/logo-campa.jpg 1024w\" sizes=\"auto, (max-width: 300px) 100vw, 300px\" \/><\/a><\/p>\n<pre><span style=\"color: #99cc00;font-size: 8pt\"><strong>CAP OL<\/strong><\/span><\/pre>\n<\/td>\n<\/tr>\n<\/tbody>\n<\/table>\n<p style=\"text-align: left\">\u00a0<\/p>\n<table style=\"width: 542.867px\">\n<tbody>\n<tr>\n<td style=\"width: 257px\" colspan=\"2\">\n<p style=\"text-align: center\"><span style=\"font-size: 18pt;color: #0000ff\"><strong>\u00c9tablissements Priv\u00e9s<br \/><\/strong><\/span><\/p>\n<\/td>\n<\/tr>\n<tr>\n<td style=\"width: 257px\">\n<p><span style=\"font-family: arial, helvetica, sans-serif;font-size: 12pt\">Lyc\u00e9e Professionnel Priv\u00e9<\/span><br \/><a href=\"http:\/\/www.saint-genes.com\/lycee-des-metiers\/\" target=\"_blank\" rel=\"noopener noreferrer\"><span style=\"font-family: arial, helvetica, sans-serif;font-size: 12pt\"><strong>Saint Gen\u00e8s<\/strong><\/span><\/a><br \/><span style=\"font-family: arial, helvetica, sans-serif;font-size: 12pt\">33 Bordeaux<\/span><\/p>\n<\/td>\n<td style=\"width: 274.867px;text-align: center\">\n<pre data-wp-editing=\"1\"><a href=\"http:\/\/www.saint-genes.com\/lycee-des-metiers\/\" target=\"_blank\" rel=\"noopener noreferrer\"><img loading=\"lazy\" decoding=\"async\" class=\"alignnone wp-image-516 size-medium\" src=\"https:\/\/ent2d.ac-bordeaux.fr\/disciplines\/logistique-transport\/wp-content\/uploads\/sites\/58\/2020\/04\/Lyce\u0301-St-Genes-Bordeaux-300x63.png\" alt=\"\" width=\"300\" height=\"63\" srcset=\"https:\/\/ent2d.ac-bordeaux.fr\/disciplines\/logistique-transport\/wp-content\/uploads\/sites\/58\/2020\/04\/Lyce\u0301-St-Genes-Bordeaux-300x63.png 300w, https:\/\/ent2d.ac-bordeaux.fr\/disciplines\/logistique-transport\/wp-content\/uploads\/sites\/58\/2020\/04\/Lyce\u0301-St-Genes-Bordeaux.png 512w\" sizes=\"auto, (max-width: 300px) 100vw, 300px\" \/><\/a> <\/pre>\n<pre data-wp-editing=\"1\"><span style=\"color: #993366\"><strong><span style=\"font-family: arial, helvetica, sans-serif;font-size: 8pt\">BCP OTM<\/span><\/strong><\/span><\/pre>\n<\/td>\n<\/tr>\n<\/tbody>\n<\/table>\n<table style=\"width: 544.433px\">\n<tbody>\n<tr>\n<td style=\"width: 263px\">\n<p><span style=\"font-family: arial, helvetica, sans-serif;font-size: 12pt\">Lyc\u00e9e Professionnel Priv\u00e9<\/span><br \/><a href=\"https:\/\/lycee-lacompa.fr\/\" target=\"_blank\" rel=\"noopener noreferrer\"><span style=\"font-family: arial, helvetica, sans-serif;font-size: 12pt\"><strong>Notre Dame de la Compassion<\/strong><\/span><\/a><br \/><span style=\"font-family: arial, helvetica, sans-serif;font-size: 12pt\">47 Marmande<\/span><\/p>\n<\/td>\n<td style=\"width: 272.433px;text-align: center\">\n<pre><span style=\"font-family: arial, helvetica, sans-serif\"><a href=\"https:\/\/lycee-lacompa.fr\/\" target=\"_blank\" rel=\"noopener noreferrer\"><img loading=\"lazy\" decoding=\"async\" class=\"alignnone wp-image-522 size-medium\" src=\"https:\/\/ent2d.ac-bordeaux.fr\/disciplines\/logistique-transport\/wp-content\/uploads\/sites\/58\/2020\/04\/Lyce\u0301e-ND-Compassion-Marmande-300x136.jpg\" alt=\"\" width=\"300\" height=\"136\" srcset=\"https:\/\/ent2d.ac-bordeaux.fr\/disciplines\/logistique-transport\/wp-content\/uploads\/sites\/58\/2020\/04\/Lyce\u0301e-ND-Compassion-Marmande-300x136.jpg 300w, https:\/\/ent2d.ac-bordeaux.fr\/disciplines\/logistique-transport\/wp-content\/uploads\/sites\/58\/2020\/04\/Lyce\u0301e-ND-Compassion-Marmande-768x347.jpg 768w, https:\/\/ent2d.ac-bordeaux.fr\/disciplines\/logistique-transport\/wp-content\/uploads\/sites\/58\/2020\/04\/Lyce\u0301e-ND-Compassion-Marmande.jpg 940w\" sizes=\"auto, (max-width: 300px) 100vw, 300px\" \/><\/a><\/span><\/pre>\n<pre><strong><span style=\"font-family: arial, helvetica, sans-serif;font-size: 8pt;color: #99cc00\">CAP OL \/ BCP Logistique<\/span><\/strong><\/pre>\n<\/td>\n<\/tr>\n<\/tbody>\n<\/table>\n<table style=\"width: 542.983px\">\n<tbody>\n<tr>\n<td style=\"width: 262px\">\n<p><span style=\"font-family: arial, helvetica, sans-serif;font-size: 12pt\">Lyc\u00e9e Professionnel Priv\u00e9<\/span><br \/><a href=\"http:\/\/www.immac-pau.com\/lycees-pro\/presentation\" target=\"_blank\" rel=\"noopener noreferrer\"><span style=\"font-family: arial, helvetica, sans-serif;font-size: 12pt\"><strong>Montpensier<\/strong><\/span><\/a><br \/><span style=\"font-family: arial, helvetica, sans-serif;font-size: 12pt\">64 Pau<\/span><\/p>\n<\/td>\n<td style=\"width: 270.983px;text-align: center\">\n<pre><span style=\"font-family: arial, helvetica, sans-serif;font-size: 12pt\"><a href=\"http:\/\/www.immac-pau.com\/lycees-pro\/presentation\" target=\"_blank\" rel=\"noopener noreferrer\"><img loading=\"lazy\" decoding=\"async\" class=\"aligncenter wp-image-523\" src=\"https:\/\/ent2d.ac-bordeaux.fr\/disciplines\/logistique-transport\/wp-content\/uploads\/sites\/58\/2020\/04\/Lyce\u0301e-Montpensier-Pau-300x225.jpeg\" alt=\"\" width=\"231\" height=\"173\" srcset=\"https:\/\/ent2d.ac-bordeaux.fr\/disciplines\/logistique-transport\/wp-content\/uploads\/sites\/58\/2020\/04\/Lyce\u0301e-Montpensier-Pau-300x225.jpeg 300w, https:\/\/ent2d.ac-bordeaux.fr\/disciplines\/logistique-transport\/wp-content\/uploads\/sites\/58\/2020\/04\/Lyce\u0301e-Montpensier-Pau-768x576.jpeg 768w, https:\/\/ent2d.ac-bordeaux.fr\/disciplines\/logistique-transport\/wp-content\/uploads\/sites\/58\/2020\/04\/Lyce\u0301e-Montpensier-Pau.jpeg 1024w\" sizes=\"auto, (max-width: 231px) 100vw, 231px\" \/><\/a><\/span><\/pre>\n<pre><strong><span style=\"font-family: arial, helvetica, sans-serif;font-size: 8pt;color: #993366\">BCP OTM<\/span><\/strong><\/pre>\n<\/td>\n<\/tr>\n<\/tbody>\n<\/table>\n<p>\u00a0<\/p>","protected":false},"excerpt":{"rendered":"<p>CAP OL \/ BCP Logistique \u00a0 \u00a0 \u00a0 \u00a0 \u00a0 \u00a0 \u00a0 \u00a0 \u00a0 \u00a0 \u00a0 \u00a0 \u00a0 \u00a0 \u00a0 \u00a0 \u00a0\u00a0 BCP OTM\u00a0 \u00a0 \u00a0\u00a0 \u00a0 \u00a0 \u00a0 \u00a0 \u00a0\u00a0 CAP OL \/ BCP Logistique et BCP OTM \u00a0 \u00c9tablissements Publics Lyc\u00e9e ProfessionnelPablo Picasso24 P\u00e9rigueux BCP OTM Lyc\u00e9e Professionnel\u00c9mile Combes33 B\u00e8gles CAP OL \/ &hellip; <\/p>\n<p><a class=\"more-link btn\" href=\"https:\/\/ent2d.ac-bordeaux.fr\/disciplines\/logistique-transport\/etablissements-de-lacademie\/\">Lire la suite<\/a><\/p>\n","protected":false},"author":1078,"featured_media":0,"parent":0,"menu_order":0,"comment_status":"closed","ping_status":"closed","template":"template-twocolumnsleft.php","meta":{"_bbp_topic_count":0,"_bbp_reply_count":0,"_bbp_total_topic_count":0,"_bbp_total_reply_count":0,"_bbp_voice_count":0,"_bbp_anonymous_reply_count":0,"_bbp_topic_count_hidden":0,"_bbp_reply_count_hidden":0,"_bbp_forum_subforum_count":0,"footnotes":""},"class_list":["post-177","page","type-page","status-publish","hentry","nodate","item-wrap"],"_links":{"self":[{"href":"https:\/\/ent2d.ac-bordeaux.fr\/disciplines\/logistique-transport\/wp-json\/wp\/v2\/pages\/177","targetHints":{"allow":["GET"]}}],"collection":[{"href":"https:\/\/ent2d.ac-bordeaux.fr\/disciplines\/logistique-transport\/wp-json\/wp\/v2\/pages"}],"about":[{"href":"https:\/\/ent2d.ac-bordeaux.fr\/disciplines\/logistique-transport\/wp-json\/wp\/v2\/types\/page"}],"author":[{"embeddable":true,"href":"https:\/\/ent2d.ac-bordeaux.fr\/disciplines\/logistique-transport\/wp-json\/wp\/v2\/users\/1078"}],"replies":[{"embeddable":true,"href":"https:\/\/ent2d.ac-bordeaux.fr\/disciplines\/logistique-transport\/wp-json\/wp\/v2\/comments?post=177"}],"version-history":[{"count":129,"href":"https:\/\/ent2d.ac-bordeaux.fr\/disciplines\/logistique-transport\/wp-json\/wp\/v2\/pages\/177\/revisions"}],"predecessor-version":[{"id":1171,"href":"https:\/\/ent2d.ac-bordeaux.fr\/disciplines\/logistique-transport\/wp-json\/wp\/v2\/pages\/177\/revisions\/1171"}],"wp:attachment":[{"href":"https:\/\/ent2d.ac-bordeaux.fr\/disciplines\/logistique-transport\/wp-json\/wp\/v2\/media?parent=177"}],"curies":[{"name":"wp","href":"https:\/\/api.w.org\/{rel}","templated":true}]}}