{"id":160,"date":"2020-04-09T16:06:05","date_gmt":"2020-04-09T14:06:05","guid":{"rendered":"https:\/\/ent2d.ac-bordeaux.fr\/disciplines\/logistique-transport\/?page_id=160"},"modified":"2025-09-15T09:05:34","modified_gmt":"2025-09-15T07:05:34","slug":"mot-de-linspecteur-2","status":"publish","type":"page","link":"https:\/\/ent2d.ac-bordeaux.fr\/disciplines\/logistique-transport\/","title":{"rendered":"Accueil"},"content":{"rendered":"<div><br \/>\n<div><span style=\"color: #000000\">Tout d&#8217;abord je vous souhaite \u00e0 toutes et \u00e0 tous une bonne rentr\u00e9e scolaire 2025 et bienvenue aux coll\u00e8gues qui nous rejoignent.<\/span><\/div>\n<div>\u00a0<\/div>\n<div><span style=\"color: #000000\">Ce site qui a \u00e9t\u00e9 pens\u00e9 pour vous garde toujours les m\u00eames objectifs. Il a \u00e9t\u00e9 pens\u00e9 pour vous qui accompagnez nos \u00e9l\u00e8ves dans leur parcours de formation. Votre engagement, votre cr\u00e9ativit\u00e9 et votre capacit\u00e9 d\u2019adaptation sont essentiels pour faire vivre nos fili\u00e8res et pr\u00e9parer nos jeunes \u00e0 une poursuite d&#8217;\u00e9tudes ou une insertion professionnelle r\u00e9ussie.<\/span><\/div>\n<div><span style=\"color: #000000\">Nous vous invitons donc \u00e0 consulter r\u00e9guli\u00e8rement ce site, \u00e0 vous en approprier les outils et \u00e0 l\u2019enrichir de vos contributions. Votre engagement est une force pour notre acad\u00e9mie et un atout pour la qualit\u00e9 des formations offertes.<\/span><\/div>\n<div>\u00a0<\/div>\n<div><span style=\"color: #000000\">Comme vous le savez si bien, la Logistique et le Transport connaissent aujourd\u2019hui des \u00e9volutions rapides, port\u00e9s notamment par la transition \u00e9cologique, le d\u00e9veloppement du num\u00e9rique et l\u2019ouverture internationale.\u00a0<\/span><\/div>\n<div><span style=\"color: #000000\">Dans ce contexte \u00e9volutif et exigeant, vous contribuez \u00e0 donner du sens aux apprentissages et \u00e0 rapprocher l\u2019\u00e9cole du monde professionnel. L&#8217;AFT est toujours un partenaire privil\u00e9gi\u00e9 et des actions communes devraient aboutir cette ann\u00e9e et les ann\u00e9es \u00e0 venir.<\/span><\/div>\n<div>\u00a0<\/div>\n<div><span style=\"color: #000000\">Bonne visite \u00e0 toutes et \u00e0 tous, encore merci pour tout ce que vous apportez \u00e0 nos \u00e9l\u00e8ves et \u00e0 notre acad\u00e9mie.<\/span><\/div>\n<div><span style=\"color: #800080\">\u00a0<\/span><\/div>\n<div><span style=\"color: #000000\">Cordialement,<\/span><\/div>\n<p><strong style=\"font-family: 'times new roman', times, serif;color: initial\">Vincent DUCROS<\/strong><\/p>\n<\/div>\n<table style=\"width: 472.55px\">\n<tbody>\n<tr>\n<td style=\"width: 466.55px\">\n<pre><span style=\"font-family: 'times new roman', times, serif\">Inspecteur de l\u2019\u00c9ducation nationale ET EG Acad\u00e9mie de Bordeaux\n<em><strong>M\u00e9tiers de la gestion administrative, du transport et de la logistique\n<\/strong><\/em><em><strong>P\u00f4le enseignement sant\u00e9 et s\u00e9curit\u00e9 au travail : CACES - ES&amp;ST<\/strong><\/em><\/span><\/pre>\n<\/td>\n<\/tr>\n<\/tbody>\n<\/table>\n<p>\u00a0<img loading=\"lazy\" decoding=\"async\" class=\"wp-image-1350 aligncenter\" src=\"https:\/\/ent2d.ac-bordeaux.fr\/disciplines\/logistique-transport\/wp-content\/uploads\/sites\/58\/2022\/05\/Filiere-LOTM-Marguerite-LOGO.png\" alt=\"\" width=\"531\" height=\"297\" srcset=\"https:\/\/ent2d.ac-bordeaux.fr\/disciplines\/logistique-transport\/wp-content\/uploads\/sites\/58\/2022\/05\/Filiere-LOTM-Marguerite-LOGO.png 1024w, https:\/\/ent2d.ac-bordeaux.fr\/disciplines\/logistique-transport\/wp-content\/uploads\/sites\/58\/2022\/05\/Filiere-LOTM-Marguerite-LOGO-300x168.png 300w, https:\/\/ent2d.ac-bordeaux.fr\/disciplines\/logistique-transport\/wp-content\/uploads\/sites\/58\/2022\/05\/Filiere-LOTM-Marguerite-LOGO-768x430.png 768w, https:\/\/ent2d.ac-bordeaux.fr\/disciplines\/logistique-transport\/wp-content\/uploads\/sites\/58\/2022\/05\/Filiere-LOTM-Marguerite-LOGO-1536x860.png 1536w\" sizes=\"auto, (max-width: 531px) 100vw, 531px\" \/><\/p>\n\n\n<p><\/p>\n","protected":false},"excerpt":{"rendered":"<p>Tout d&#8217;abord je vous souhaite \u00e0 toutes et \u00e0 tous une bonne rentr\u00e9e scolaire 2025 et bienvenue aux coll\u00e8gues qui nous rejoignent. \u00a0 Ce site qui a \u00e9t\u00e9 pens\u00e9 pour vous garde toujours les m\u00eames objectifs. Il a \u00e9t\u00e9 pens\u00e9 pour vous qui accompagnez nos \u00e9l\u00e8ves dans leur parcours de formation. Votre engagement, votre cr\u00e9ativit\u00e9 &hellip; <\/p>\n<p><a class=\"more-link btn\" href=\"https:\/\/ent2d.ac-bordeaux.fr\/disciplines\/logistique-transport\/\">Lire la suite<\/a><\/p>\n","protected":false},"author":278,"featured_media":852,"parent":0,"menu_order":1,"comment_status":"closed","ping_status":"closed","template":"","meta":{"_bbp_topic_count":0,"_bbp_reply_count":0,"_bbp_total_topic_count":0,"_bbp_total_reply_count":0,"_bbp_voice_count":0,"_bbp_anonymous_reply_count":0,"_bbp_topic_count_hidden":0,"_bbp_reply_count_hidden":0,"_bbp_forum_subforum_count":0,"footnotes":""},"class_list":["post-160","page","type-page","status-publish","has-post-thumbnail","hentry","nodate","item-wrap"],"_links":{"self":[{"href":"https:\/\/ent2d.ac-bordeaux.fr\/disciplines\/logistique-transport\/wp-json\/wp\/v2\/pages\/160","targetHints":{"allow":["GET"]}}],"collection":[{"href":"https:\/\/ent2d.ac-bordeaux.fr\/disciplines\/logistique-transport\/wp-json\/wp\/v2\/pages"}],"about":[{"href":"https:\/\/ent2d.ac-bordeaux.fr\/disciplines\/logistique-transport\/wp-json\/wp\/v2\/types\/page"}],"author":[{"embeddable":true,"href":"https:\/\/ent2d.ac-bordeaux.fr\/disciplines\/logistique-transport\/wp-json\/wp\/v2\/users\/278"}],"replies":[{"embeddable":true,"href":"https:\/\/ent2d.ac-bordeaux.fr\/disciplines\/logistique-transport\/wp-json\/wp\/v2\/comments?post=160"}],"version-history":[{"count":33,"href":"https:\/\/ent2d.ac-bordeaux.fr\/disciplines\/logistique-transport\/wp-json\/wp\/v2\/pages\/160\/revisions"}],"predecessor-version":[{"id":1565,"href":"https:\/\/ent2d.ac-bordeaux.fr\/disciplines\/logistique-transport\/wp-json\/wp\/v2\/pages\/160\/revisions\/1565"}],"wp:featuredmedia":[{"embeddable":true,"href":"https:\/\/ent2d.ac-bordeaux.fr\/disciplines\/logistique-transport\/wp-json\/wp\/v2\/media\/852"}],"wp:attachment":[{"href":"https:\/\/ent2d.ac-bordeaux.fr\/disciplines\/logistique-transport\/wp-json\/wp\/v2\/media?parent=160"}],"curies":[{"name":"wp","href":"https:\/\/api.w.org\/{rel}","templated":true}]}}