{"id":154,"date":"2020-04-09T10:37:40","date_gmt":"2020-04-09T08:37:40","guid":{"rendered":"https:\/\/ent2d.ac-bordeaux.fr\/disciplines\/logistique-transport\/?page_id=154"},"modified":"2022-10-18T20:53:32","modified_gmt":"2022-10-18T18:53:32","slug":"nos-partenaires","status":"publish","type":"page","link":"https:\/\/ent2d.ac-bordeaux.fr\/disciplines\/logistique-transport\/nos-partenaires\/","title":{"rendered":"Nos Partenaires"},"content":{"rendered":"<p style=\"text-align: center\">\u00a0<\/p>\n<table style=\"border-color: #000000;width: 800.5px\">\n<tbody>\n<tr style=\"height: 195px\">\n<td style=\"height: 195px;width: 792.5px\" colspan=\"2\">\n<table style=\"width: 773px\">\n<tbody>\n<tr style=\"height: 79px\">\n<td style=\"text-align: center;width: 240px;height: 151px\" rowspan=\"2\"><a href=\"https:\/\/www.aft-dev.com\/nouvelle-aquitaine\" target=\"_blank\" rel=\"noopener noreferrer\"><img loading=\"lazy\" decoding=\"async\" class=\"wp-image-782 aligncenter\" title=\"AFT Nouvelle Aquitaine\" src=\"https:\/\/ent2d.ac-bordeaux.fr\/disciplines\/logistique-transport\/wp-content\/uploads\/sites\/58\/2020\/04\/AFT-LOGO-300x80.png\" alt=\"\" width=\"236\" height=\"63\" srcset=\"https:\/\/ent2d.ac-bordeaux.fr\/disciplines\/logistique-transport\/wp-content\/uploads\/sites\/58\/2020\/04\/AFT-LOGO-300x80.png 300w, https:\/\/ent2d.ac-bordeaux.fr\/disciplines\/logistique-transport\/wp-content\/uploads\/sites\/58\/2020\/04\/AFT-LOGO.png 598w\" sizes=\"auto, (max-width: 236px) 100vw, 236px\" \/><\/a><\/td>\n<td style=\"width: 237px;height: 151px\" rowspan=\"2\">\n<p><a href=\"https:\/\/www.choisis-ton-avenir.com\" target=\"_blank\" rel=\"noopener noreferrer\"><img loading=\"lazy\" decoding=\"async\" class=\"wp-image-783 aligncenter\" title=\"Choisis ton avenir\" src=\"https:\/\/ent2d.ac-bordeaux.fr\/disciplines\/logistique-transport\/wp-content\/uploads\/sites\/58\/2020\/04\/Choisis-ton-avenir-LOGO-300x89.png\" alt=\"\" width=\"233\" height=\"69\" srcset=\"https:\/\/ent2d.ac-bordeaux.fr\/disciplines\/logistique-transport\/wp-content\/uploads\/sites\/58\/2020\/04\/Choisis-ton-avenir-LOGO-300x89.png 300w, https:\/\/ent2d.ac-bordeaux.fr\/disciplines\/logistique-transport\/wp-content\/uploads\/sites\/58\/2020\/04\/Choisis-ton-avenir-LOGO.png 504w\" sizes=\"auto, (max-width: 233px) 100vw, 233px\" \/><\/a><\/p>\n<\/td>\n<td style=\"width: 572px;height: 79px\" colspan=\"2\">\n<p style=\"text-align: center\"><strong>JEU CONCOURS 2022-2023<\/strong><br \/><span style=\"color: #ff6600\">\u00ab\u00a0Bien dans ma t\u00eate, bien dans mon corps,<br \/><\/span><span style=\"color: #ff6600\">bien dans mon job \u00bb<\/span><\/p>\n<\/td>\n<\/tr>\n<tr style=\"height: 72px\">\n<td style=\"width: 382.84375px;height: 72px\">\n<p>&#8211; R\u00e8glement du jeu concours \u00a0 \u00a0 \u00a0 \u00a0 \u00a0\u00a0<br \/>&#8211; Fiche d&#8217;inscription \u00a0 \u00a0 \u00a0 \u00a0 \u00a0 \u00a0 \u00a0 \u00a0 \u00a0 \u00a0 \u00a0 <br \/>&#8211; Fiche de pr\u00e9sentation du projet \u00a0 \u00a0<\/p>\n<\/td>\n<td style=\"width: 189.15625px;height: 72px\">\n<p style=\"text-align: center\"><a href=\"https:\/\/ent2d.ac-bordeaux.fr\/disciplines\/logistique-transport\/wp-content\/uploads\/sites\/58\/2022\/10\/1-Reglement-du-jeu-concours-Addictions-2022-2023.docx\">ICI<\/a><br \/><a href=\"https:\/\/ent2d.ac-bordeaux.fr\/disciplines\/logistique-transport\/wp-content\/uploads\/sites\/58\/2022\/10\/2-Fiche-dinscription-Addictions-2022-2023.docx\" target=\"_blank\" rel=\"noopener\">ICI<\/a><span style=\"font-size: revert;font-family: inherit;color: initial\"><br \/><\/span><a style=\"font-family: inherit\" href=\"https:\/\/ent2d.ac-bordeaux.fr\/disciplines\/logistique-transport\/wp-content\/uploads\/sites\/58\/2022\/10\/3-Fiche-de-presentation-du-projet-Addictions-2022-2023.docx\">ICI<\/a><\/p>\n<\/td>\n<\/tr>\n<\/tbody>\n<\/table>\n<p><b>AFT Aquitaine<br \/><\/b><b>Lydia RIO\u00a0<\/b><\/p>\n<div>D\u00e9l\u00e9gu\u00e9e R\u00e9gionale\u00a0Nouvelle-Aquitaine<\/div>\n<div>All\u00e9e de Gascogne &#8211;\u00a033370 ARTIGUES- PRES- BORDEAUX<\/div>\n<div>T\u00e9l :\u00a006 84 50 13 63 &#8211;\u00a0 Mail:\u00a0\u00a0<a href=\"mailto:lydia.rio@aft-dev.com\" target=\"_blank\" rel=\"noopener noreferrer\"><span class=\"il\">lydia.rio@aft-dev.com<\/span><\/a><\/div>\n<\/td>\n<\/tr>\n<tr style=\"height: 15px\">\n<td style=\"height: 15px;width: 258px\" colspan=\"2\">\u00a0<\/td>\n<\/tr>\n<tr style=\"height: 68px\">\n<td style=\"height: 68px;width: 258px\">\n<p><a href=\"https:\/\/www.inrs.fr\" target=\"_blank\" rel=\"noopener\"><img loading=\"lazy\" decoding=\"async\" class=\"alignnone wp-image-1247 size-full\" src=\"https:\/\/ent2d.ac-bordeaux.fr\/disciplines\/logistique-transport\/wp-content\/uploads\/sites\/58\/2021\/04\/logo-INRS.png\" alt=\"\" width=\"187\" height=\"65\" \/><\/a><br \/><a href=\"https:\/\/www.inrs.fr\/\" target=\"_blank\" rel=\"noopener noreferrer\">Site interne INRS<\/a><\/p>\n<\/td>\n<td style=\"height: 68px;width: 534.5px;text-align: center\">\u00a0<\/td>\n<\/tr>\n<tr style=\"height: 15px\">\n<td style=\"height: 15px;width: 258px;text-align: left\" colspan=\"2\">\u00a0<\/td>\n<\/tr>\n<tr style=\"height: 68px\">\n<td style=\"height: 68px;width: 258px\"><a href=\"https:\/\/www.carsat-aquitaine.fr\/home.html\" target=\"_blank\" rel=\"noopener\"><img loading=\"lazy\" decoding=\"async\" class=\"alignnone wp-image-1249 size-full\" src=\"https:\/\/ent2d.ac-bordeaux.fr\/disciplines\/logistique-transport\/wp-content\/uploads\/sites\/58\/2021\/04\/logo-carsat.jpg\" alt=\"\" width=\"243\" height=\"82\" \/><\/a><\/td>\n<td style=\"height: 136px;width: 534.5px;text-align: center\" rowspan=\"2\"><header class=\"header\"><nav class=\"nav\">\n<h1><span style=\"font-size: 14pt\">TutoPr\u00e9v&#8217; interactif<\/span><\/h1>\n<span style=\"font-size: 10pt\"><a class=\"button--l button--ghost\" href=\"https:\/\/tutoprev-interactif.carsat-bfc.com\/#planches\">Consultez les TutoPr\u00e9v\u2019 interactifs<\/a><\/span><\/nav><\/header><\/td>\n<\/tr>\n<tr style=\"height: 68px\">\n<td style=\"height: 68px;width: 258px\">\n<p>CARSAT Aquitaine<br \/>80 avenue de la Jall\u00e8re<br \/>33 053 Bordeaux cedex<br \/><a href=\"https:\/\/www.carsat-aquitaine.fr\/\" target=\"_blank\" rel=\"noopener noreferrer\">Site internet CARSAT<\/a><\/p>\n<\/td>\n<\/tr>\n<\/tbody>\n<\/table>\n<p><span style=\"font-size: 10pt\"><em>Cliquer sur les logos ou les liens pour acc\u00e9der aux diff\u00e9rents sites Internet.<\/em><\/span><\/p>\n\n\n<p><\/p>\n","protected":false},"excerpt":{"rendered":"<p>\u00a0 JEU CONCOURS 2022-2023\u00ab\u00a0Bien dans ma t\u00eate, bien dans mon corps,bien dans mon job \u00bb &#8211; R\u00e8glement du jeu concours \u00a0 \u00a0 \u00a0 \u00a0 \u00a0\u00a0&#8211; Fiche d&#8217;inscription \u00a0 \u00a0 \u00a0 \u00a0 \u00a0 \u00a0 \u00a0 \u00a0 \u00a0 \u00a0 \u00a0 &#8211; Fiche de pr\u00e9sentation du projet \u00a0 \u00a0 ICIICIICI AFT AquitaineLydia RIO\u00a0 D\u00e9l\u00e9gu\u00e9e R\u00e9gionale\u00a0Nouvelle-Aquitaine All\u00e9e de Gascogne &hellip; <\/p>\n<p><a class=\"more-link btn\" href=\"https:\/\/ent2d.ac-bordeaux.fr\/disciplines\/logistique-transport\/nos-partenaires\/\">Lire la suite<\/a><\/p>\n","protected":false},"author":1078,"featured_media":0,"parent":0,"menu_order":0,"comment_status":"closed","ping_status":"closed","template":"template-twocolumnsleft.php","meta":{"_bbp_topic_count":0,"_bbp_reply_count":0,"_bbp_total_topic_count":0,"_bbp_total_reply_count":0,"_bbp_voice_count":0,"_bbp_anonymous_reply_count":0,"_bbp_topic_count_hidden":0,"_bbp_reply_count_hidden":0,"_bbp_forum_subforum_count":0,"footnotes":""},"class_list":["post-154","page","type-page","status-publish","hentry","nodate","item-wrap"],"_links":{"self":[{"href":"https:\/\/ent2d.ac-bordeaux.fr\/disciplines\/logistique-transport\/wp-json\/wp\/v2\/pages\/154","targetHints":{"allow":["GET"]}}],"collection":[{"href":"https:\/\/ent2d.ac-bordeaux.fr\/disciplines\/logistique-transport\/wp-json\/wp\/v2\/pages"}],"about":[{"href":"https:\/\/ent2d.ac-bordeaux.fr\/disciplines\/logistique-transport\/wp-json\/wp\/v2\/types\/page"}],"author":[{"embeddable":true,"href":"https:\/\/ent2d.ac-bordeaux.fr\/disciplines\/logistique-transport\/wp-json\/wp\/v2\/users\/1078"}],"replies":[{"embeddable":true,"href":"https:\/\/ent2d.ac-bordeaux.fr\/disciplines\/logistique-transport\/wp-json\/wp\/v2\/comments?post=154"}],"version-history":[{"count":36,"href":"https:\/\/ent2d.ac-bordeaux.fr\/disciplines\/logistique-transport\/wp-json\/wp\/v2\/pages\/154\/revisions"}],"predecessor-version":[{"id":1464,"href":"https:\/\/ent2d.ac-bordeaux.fr\/disciplines\/logistique-transport\/wp-json\/wp\/v2\/pages\/154\/revisions\/1464"}],"wp:attachment":[{"href":"https:\/\/ent2d.ac-bordeaux.fr\/disciplines\/logistique-transport\/wp-json\/wp\/v2\/media?parent=154"}],"curies":[{"name":"wp","href":"https:\/\/api.w.org\/{rel}","templated":true}]}}