{"id":987,"date":"2019-02-09T16:26:50","date_gmt":"2019-02-09T15:26:50","guid":{"rendered":"https:\/\/ent2d.ac-bordeaux.fr\/disciplines\/lithotheque\/?page_id=987"},"modified":"2019-05-08T10:54:41","modified_gmt":"2019-05-08T08:54:41","slug":"33-carcans-maubuisson","status":"publish","type":"page","link":"https:\/\/ent2d.ac-bordeaux.fr\/disciplines\/lithotheque\/33-carcans-maubuisson\/","title":{"rendered":"33 &#8211; Carcans Maubuisson"},"content":{"rendered":"<table style=\"height: 89px\" width=\"100%\">\n<tbody>\n<tr>\n<td style=\"text-align: center\" colspan=\"2\" width=\"241\"><a href=\"http:\/\/umap.openstreetmap.fr\/fr\/map\/lithotheque-33-academie-de-bordeaux_227981#10\/45.0642\/-0.8572\"><span style=\"color: #00ccff\"><strong>Coordonn\u00e9es GPS du parking<\/strong><\/span><\/a><\/td>\n<\/tr>\n<tr>\n<td style=\"text-align: center\" width=\"121\"><span style=\"color: #000000\">45.0702<\/span><\/td>\n<td style=\"text-align: center\" width=\"121\"><span style=\"color: #000000\">-1.1427456<\/span><\/td>\n<\/tr>\n<\/tbody>\n<\/table>\n<figure id=\"attachment_988\" aria-describedby=\"caption-attachment-988\" style=\"width: 528px\" class=\"wp-caption aligncenter\"><a href=\"https:\/\/ent2d.ac-bordeaux.fr\/disciplines\/lithotheque\/wp-content\/uploads\/sites\/59\/2019\/02\/1-3.png\"><img loading=\"lazy\" decoding=\"async\" class=\" wp-image-988\" src=\"https:\/\/ent2d.ac-bordeaux.fr\/disciplines\/lithotheque\/wp-content\/uploads\/sites\/59\/2019\/02\/1-3.png\" alt=\"\" width=\"528\" height=\"402\" srcset=\"https:\/\/ent2d.ac-bordeaux.fr\/disciplines\/lithotheque\/wp-content\/uploads\/sites\/59\/2019\/02\/1-3.png 317w, https:\/\/ent2d.ac-bordeaux.fr\/disciplines\/lithotheque\/wp-content\/uploads\/sites\/59\/2019\/02\/1-3-300x228.png 300w\" sizes=\"auto, (max-width: 528px) 100vw, 528px\" \/><\/a><figcaption id=\"caption-attachment-988\" class=\"wp-caption-text\">Carte g\u00e9ologique_1\/50000<\/figcaption><\/figure>\n<p><span style=\"text-decoration: underline\"><strong><span style=\"color: #000000;text-decoration: underline\">Description du site<\/span><\/strong><\/span><strong> :<\/strong><\/p>\n<p><span style=\"color: #000000\">Le lac s\u2019\u00e9tend du nord au sud, parall\u00e8lement \u00e0 la c\u00f4te de l\u2019oc\u00e9an Atlantique, sur une longueur maximum de 18 km pour une largeur maximum de 5 km.<\/span><br \/>\n<span style=\"color: #000000\">D\u2019une superficie de 5 667 hectares d\u2019une profondeur moyenne de 0 \u00e0 7 m d\u2019est en ouest et d\u2019une maximale de 10m.<\/span><br \/>\n<span style=\"color: #000000\">(Coordonn\u00e9es g\u00e9ographiques 45\u00b008\u201946,44\u2019\u2019 N 001\u00b008\u201910,53\u2019\u2019O).<\/span><\/p>\n<p><span style=\"color: #000000\"><strong>* G\u00e9omorphologies<\/strong><\/span><\/p>\n<p><span style=\"color: #000000\">Une dissym\u00e9trie g\u00e9n\u00e9rale est observ\u00e9e d\u2019ouest en est avec des profondeurs sup\u00e9rieures sur la partie ouest au contact du revers terrestre des dunes aujourd\u2019hui globalement stabilis\u00e9e par la couverture foresti\u00e8re. La partie est form\u00e9e de zones plus mar\u00e9cageuses. Les pentes sont tr\u00e8s faibles sur cette partie du lac.<\/span><br \/>\n<span style=\"color: #000000\">Une figure particuli\u00e8re similaire \u00e0 celle observ\u00e9e sur le lac de Lacanau est mise en \u00e9vidence sur la partie m\u00e9diane du lac.<\/span><br \/>\n<span style=\"color: #000000\">Deux pal\u00e9o-chenaux sont identifi\u00e9s, vers l\u2019ouest, ils se rejoignent au point le plus profond du lac.\u00a0<\/span><\/p>\n<figure id=\"attachment_990\" aria-describedby=\"caption-attachment-990\" style=\"width: 427px\" class=\"wp-caption aligncenter\"><a href=\"https:\/\/ent2d.ac-bordeaux.fr\/disciplines\/lithotheque\/wp-content\/uploads\/sites\/59\/2019\/02\/2-3.png\"><img loading=\"lazy\" decoding=\"async\" class=\" wp-image-990\" src=\"https:\/\/ent2d.ac-bordeaux.fr\/disciplines\/lithotheque\/wp-content\/uploads\/sites\/59\/2019\/02\/2-3.png\" alt=\"\" width=\"427\" height=\"283\" \/><\/a><figcaption id=\"caption-attachment-990\" class=\"wp-caption-text\">Photo 1 : Chenal de faible profondeur<\/figcaption><\/figure>\n<figure id=\"attachment_991\" aria-describedby=\"caption-attachment-991\" style=\"width: 443px\" class=\"wp-caption aligncenter\"><a href=\"https:\/\/ent2d.ac-bordeaux.fr\/disciplines\/lithotheque\/wp-content\/uploads\/sites\/59\/2019\/02\/3-3.png\"><img loading=\"lazy\" decoding=\"async\" class=\" wp-image-991\" src=\"https:\/\/ent2d.ac-bordeaux.fr\/disciplines\/lithotheque\/wp-content\/uploads\/sites\/59\/2019\/02\/3-3.png\" alt=\"\" width=\"443\" height=\"295\" \/><\/a><figcaption id=\"caption-attachment-991\" class=\"wp-caption-text\">Photo 2 : Sentier p\u00e9destre au milieu de la zone mar\u00e9cageuse<\/figcaption><\/figure>\n<p><span style=\"color: #000000\">La zone nord du Contaut pr\u00e9sente des faibles profondeurs.<\/span><br \/>\n<span style=\"color: #000000\">Vers le sud au droit de Maubuisson en rive droite du Canal des Etangs, une accumulation sableuse formant un banc d\u00e9tach\u00e9 de la rive est tr\u00e8s \u00e9lev\u00e9e et peut \u00e9merger lors des faibles niveaux de plan d\u2019eau de l\u2019ordre de 13,70 m IGN.<\/span><\/p>\n<table>\n<tbody>\n<tr>\n<td width=\"381\"><a href=\"https:\/\/ent2d.ac-bordeaux.fr\/disciplines\/lithotheque\/wp-content\/uploads\/sites\/59\/2019\/02\/4-3.png\"><img loading=\"lazy\" decoding=\"async\" class=\"alignleft wp-image-992\" src=\"https:\/\/ent2d.ac-bordeaux.fr\/disciplines\/lithotheque\/wp-content\/uploads\/sites\/59\/2019\/02\/4-3.png\" alt=\"\" width=\"413\" height=\"306\" \/><\/a><\/td>\n<td width=\"381\"><a href=\"https:\/\/ent2d.ac-bordeaux.fr\/disciplines\/lithotheque\/wp-content\/uploads\/sites\/59\/2019\/02\/5-2.png\"><img loading=\"lazy\" decoding=\"async\" class=\"alignleft wp-image-993\" src=\"https:\/\/ent2d.ac-bordeaux.fr\/disciplines\/lithotheque\/wp-content\/uploads\/sites\/59\/2019\/02\/5-2.png\" alt=\"\" width=\"372\" height=\"309\" \/><\/a><\/td>\n<\/tr>\n<tr>\n<td colspan=\"2\" width=\"762\">\n<p class=\"p1\" style=\"text-align: center\"><span class=\"s1\">Photos 3 et 4 : Plages entre les deux anses sableuses<\/span><\/p>\n<\/td>\n<\/tr>\n<\/tbody>\n<\/table>\n<p><span style=\"color: #000000\">L\u2019opposition entre les morphologies dunaires d\u00e9velopp\u00e9es \u00e0 l\u2019ouest avec des pentes fortes et les plaines de l\u2019est est tr\u00e8s marqu\u00e9e. Cependant, sur le rivage ouest en bordure du lac, deux types de morphologies particuliers sont observ\u00e9s.<\/span><br \/>\n<span style=\"color: #000000\">-Vers le nord le pied de dune, \u00e0 la base de versants pentus est au contact direct avec le rivage.<\/span><br \/>\n<span style=\"color: #000000\">-Vers le sud les pentes sont plus faibles et deux fl\u00e8ches sableuses s\u2019avancent vers l\u2019est.<\/span><br \/>\n<span style=\"color: #000000\">Des indices morphologiques indiquent des redistributions s\u00e9dimentaires li\u00e9es \u00e0 l\u2019agitation plus marqu\u00e9e sur cette partie du lac situ\u00e9e la plus en aval de la zone de fetch* par vent de nord et nord-est.<\/span><br \/>\n<em><span style=\"color: #000000\">*fetch : distance sur un plan d\u2019eau au-dessus de laquelle souffle un vent sans rencontrer d\u2019obstacle<\/span><\/em><\/p>\n<p><strong><span style=\"color: #000000\">* Mise en place du lac<\/span><\/strong><\/p>\n<p><span style=\"color: #000000\">Les lacs m\u00e9docains sont des lacs s\u00e9par\u00e9s de l\u2019oc\u00e9an par un cordon dunaire, ils se sont form\u00e9s en plusieurs \u00e9tapes suite aux variations du niveau de la mer, ces variations ont entra\u00een\u00e9 la fermeture d\u2019estuaires par des dunes modernes.<\/span><\/p>\n<p><span style=\"color: #000000\">Tout d\u2019abord, au Quaternaire moderne, le sable provenant de la destruction des couches sableuses de la nappe alluviale du Bassin Aquitain, est amen\u00e9 sur le littoral par un r\u00e9seau de cours d\u2019eau et de fleuves, et forme les dunes continentales. Puis la mer a chass\u00e9 le sable vers la position actuelle du littoral lors de la transgression flandrienne. Ce sable a recouvert partiellement vers l\u2019est les dunes anciennes et les anciens estuaires. Les eaux refoul\u00e9es par l\u2019avanc\u00e9e des sables remplirent les deux bassins de Hourtin et de Lacanau. Lorsque les chenaux d\u2019\u00e9coulement sur l\u2019oc\u00e9an furent obstru\u00e9s et que les eaux atteignirent un niveau voisin de 13 m les deux bassins ont communiqu\u00e9 par dessus le marais de Talaris (<a href=\"https:\/\/ent2d.ac-bordeaux.fr\/disciplines\/lithotheque\/33-marina-de-talaris-las-de-lacanau\/\">Marina de Talaris<\/a>)<\/span><\/p>\n<p><span style=\"color: #000000\">Au XIX\u00e8me si\u00e8cle, de grands travaux d\u2019assainissement des marais m\u00e9docains ont fait augmenter le niveau des lacs par la cr\u00e9ation de foss\u00e9s de drainage (les crastes, voir <a href=\"https:\/\/ent2d.ac-bordeaux.fr\/disciplines\/lithotheque\/33-marina-de-talaris-las-de-lacanau\/\">Marina de Talaris<\/a>) d\u00e9bouchant dans les lacs. C\u2019est le creusement d\u2019un canal d\u2019\u00e9vacuation vers le Bassin d\u2019Arcachon qui a permis d\u2019abaisser leurs niveaux moyens d\u2019environ un m\u00e8tre. Le seuil de Talaris a s\u00e9par\u00e9 les deux \u00e9tangs.<\/span><\/p>\n<p><span style=\"color: #000000\">De fa\u00e7on plus d\u00e9taill\u00e9e, le lac de Carcans-Hourtin s\u2019est form\u00e9 \u00e0 partir de deux petits estuaires : celui du nord, creus\u00e9 par les Berles (<a href=\"https:\/\/ent2d.ac-bordeaux.fr\/disciplines\/lithotheque\/33-canal-de-berle-etang-de-lacanau\/\">Canal de la Berle<\/a>) de Sainte-H\u00e9l\u00e8ne et de Lupian, le plus profond ; et celui du sud d\u00fb \u00e0 une s\u00e9rie de crastes, est beaucoup moins important. Ce qui correspond \u00e0 la double d\u00e9signation employ\u00e9e, lac de Carcans au sud et lac d\u2019Hourtin au nord.<\/span><\/p>\n<p><span style=\"color: #000000\">La g\u00e9ologie et la topographie du bassin versant refl\u00e8tent cette gen\u00e8se, on distingue :<\/span><br \/>\n<span style=\"color: #000000\">&#8211; \u00e0 l\u2019est des lacs, un relief de plaines mar\u00e9cageuses d\u2019une altitude inf\u00e9rieure \u00e0 30 m (Photos 1, 2 et 5)<\/span><\/p>\n<figure id=\"attachment_994\" aria-describedby=\"caption-attachment-994\" style=\"width: 420px\" class=\"wp-caption aligncenter\"><a href=\"https:\/\/ent2d.ac-bordeaux.fr\/disciplines\/lithotheque\/wp-content\/uploads\/sites\/59\/2019\/02\/7-2.png\"><img loading=\"lazy\" decoding=\"async\" class=\" wp-image-994\" src=\"https:\/\/ent2d.ac-bordeaux.fr\/disciplines\/lithotheque\/wp-content\/uploads\/sites\/59\/2019\/02\/7-2.png\" alt=\"\" width=\"420\" height=\"410\" \/><\/a><figcaption id=\"caption-attachment-994\" class=\"wp-caption-text\">Photo 5 : Zone mar\u00e9cageuse<\/figcaption><\/figure>\n<p><span style=\"color: #000000\">&#8211; \u00e0 l\u2019ouest des lacs, un relief plus tourment\u00e9 de dunes sableuses, d\u2019une altitude maximale de l\u2019ordre de 40 m (Photo 6).<\/span><\/p>\n<figure id=\"attachment_995\" aria-describedby=\"caption-attachment-995\" style=\"width: 463px\" class=\"wp-caption aligncenter\"><a href=\"https:\/\/ent2d.ac-bordeaux.fr\/disciplines\/lithotheque\/wp-content\/uploads\/sites\/59\/2019\/02\/6-2.png\"><img loading=\"lazy\" decoding=\"async\" class=\" wp-image-995\" src=\"https:\/\/ent2d.ac-bordeaux.fr\/disciplines\/lithotheque\/wp-content\/uploads\/sites\/59\/2019\/02\/6-2.png\" alt=\"\" width=\"463\" height=\"348\" \/><\/a><figcaption id=\"caption-attachment-995\" class=\"wp-caption-text\">Photo 6 : Vue sur le lac Carcans-Hourtin de Maubuisson, chemin p\u00e9destre sur la dune sableuse \u00e0 c\u00f4t\u00e9 du club de voile<\/figcaption><\/figure>\n<p><strong><span style=\"color: #000000\">* Sud sur le secteur de Bombannes-Maubuisson<\/span><\/strong><\/p>\n<p><span style=\"color: #000000\">La partie sud-ouest du lac est caract\u00e9ris\u00e9e par la pr\u00e9sence de deux fl\u00e8ches sableuses orient\u00e9es vers le sud-est. La ligne de rivage orient\u00e9e vers le nord-est est marqu\u00e9e par le prolongement de plages sableuses. Des morphologies caract\u00e9ristiques peuvent \u00eatre observ\u00e9es telle la mise en place de croissant de plage indice d\u2019une dynamique s\u00e9dimentaire li\u00e9e \u00e0 l\u2019agitation.<\/span><br \/>\n<span style=\"color: #000000\">L\u2019entr\u00e9e du Canal des Etangs au droit du Montaut est bord\u00e9e d\u2019accumulations sableuses constituant \u00e0 l\u2019est le prolongement des faibles pentes et profondeurs r\u00e9duites de toute la rive est du lac, \u00e0 l\u2019ouest, un banc de sable constitue une plage se prolongeant dans le lac avec un point haut d\u00e9connect\u00e9 de la rive dans sa partie centrale. Ce banc est s\u00e9par\u00e9 de la plage par un chenal de faible profondeur (Photos 1 et 2).<\/span><\/p>\n<p><span style=\"color: #000000\">D\u00e9part place du P\u00f4le \u00e0 Carcans-Maubuisson (en face du bureau du tourisme) d\u00e9couverte des marais, des canaux construits pour les ass\u00e9cher ainsi que l\u2019\u00e9cluse du Montaut. Celle-ci est \u00e9quip\u00e9e d\u2019un sas \u00e0 bateau automatis\u00e9e canal visible et ass\u00e8chement.<\/span><\/p>\n<p><strong><span style=\"color: #000000\"><span style=\"text-decoration: underline\">Activit\u00e9s envisageables<\/span> :<\/span><\/strong><br \/>\n<span style=\"color: #000000\">&#8211; Se rep\u00e9rer \u00e0 l\u2019aide de carte ou d\u2019un syst\u00e8me de g\u00e9olocalisation<\/span><br \/>\n<span style=\"color: #000000\">&#8211; Communiquer en utilisant une expression graphique (croquis des dunes) ou \u00e0 l\u2019aide d\u2019acquisition d\u2019images num\u00e9riques<\/span><br \/>\n<span style=\"color: #000000\">&#8211; Etudier les diff\u00e9rents sables \u00e0 la loupe<\/span><br \/>\n<span style=\"color: #000000\">&#8211; Se rep\u00e9rer dans le temps et dans l\u2019espace, \u00e0 l\u2019aide d\u2019une \u00e9chelle des temps g\u00e9ologiques et de carte pal\u00e9og\u00e9ographique<\/span><br \/>\n<span style=\"color: #000000\">&#8211; D\u00e9terminer la salinit\u00e9, la temp\u00e9rature, la conductivit\u00e9 de l\u2019eau \u00e0 diff\u00e9rents endroits ( sur les diff\u00e9rents lacs)<\/span><br \/>\n<span style=\"color: #000000\">&#8211; Chercher des traces de l\u2019impact de l\u2019Homme sur l\u2019environnement<\/span><\/p>\n<p><span style=\"text-decoration: underline\"><strong><span style=\"color: #000000;text-decoration: underline\">Acc\u00e8s \/ S\u00e9curit\u00e9<\/span><\/strong><\/span><strong><span style=\"color: #000000\"> : Maubuisson<\/span><\/strong><br \/>\n<span style=\"color: #000000\">Garer le bus au parking de l\u2019office du Tourisme de Maubuisson (place du P\u00f4le), le sentier commence directement au bord de plage pour la d\u00e9couverte des marais et\u00a0<\/span><span style=\"color: #000000\">canaux qui ont \u00e9t\u00e9 construits pour l\u2019ass\u00e8chement.<\/span><br \/>\n<span style=\"color: #000000\">Prendre la route de Lacanau D104 puis, \u00e0 Brach, prendre la D207 Route de Bordeaux direction Carcans. Rester sur la D207 Route des Lacs jusqu\u2019\u00e0 Maubuissan.<\/span><\/p>\n<table>\n<tbody>\n<tr>\n<td width=\"381\"><a href=\"https:\/\/ent2d.ac-bordeaux.fr\/disciplines\/lithotheque\/wp-content\/uploads\/sites\/59\/2019\/02\/8-2.png\"><img loading=\"lazy\" decoding=\"async\" class=\"alignleft wp-image-996\" src=\"https:\/\/ent2d.ac-bordeaux.fr\/disciplines\/lithotheque\/wp-content\/uploads\/sites\/59\/2019\/02\/8-2.png\" alt=\"\" width=\"382\" height=\"460\" \/><\/a><\/td>\n<td width=\"381\"><a href=\"https:\/\/ent2d.ac-bordeaux.fr\/disciplines\/lithotheque\/wp-content\/uploads\/sites\/59\/2019\/02\/9-1.png\"><img loading=\"lazy\" decoding=\"async\" class=\"alignleft wp-image-997\" src=\"https:\/\/ent2d.ac-bordeaux.fr\/disciplines\/lithotheque\/wp-content\/uploads\/sites\/59\/2019\/02\/9-1.png\" alt=\"\" width=\"378\" height=\"282\" \/><\/a><\/td>\n<\/tr>\n<tr>\n<td width=\"381\"><a href=\"https:\/\/ent2d.ac-bordeaux.fr\/disciplines\/lithotheque\/wp-content\/uploads\/sites\/59\/2019\/02\/11-1.png\"><img loading=\"lazy\" decoding=\"async\" class=\"alignleft size-full wp-image-999\" src=\"https:\/\/ent2d.ac-bordeaux.fr\/disciplines\/lithotheque\/wp-content\/uploads\/sites\/59\/2019\/02\/11-1.png\" alt=\"\" width=\"27\" height=\"40\" \/><\/a>Position du parking<\/td>\n<td width=\"381\"><a href=\"https:\/\/ent2d.ac-bordeaux.fr\/disciplines\/lithotheque\/wp-content\/uploads\/sites\/59\/2019\/02\/10.png\"><img loading=\"lazy\" decoding=\"async\" class=\"alignleft wp-image-998\" src=\"https:\/\/ent2d.ac-bordeaux.fr\/disciplines\/lithotheque\/wp-content\/uploads\/sites\/59\/2019\/02\/10.png\" alt=\"\" width=\"380\" height=\"304\" \/><\/a><\/td>\n<\/tr>\n<\/tbody>\n<\/table>\n<p><span style=\"text-decoration: underline\"><strong><span style=\"color: #000000;text-decoration: underline\">Mots-cl\u00e9s et liens avec le programme<\/span><\/strong><\/span><strong><span style=\"color: #000000\"> :<\/span><\/strong><\/p>\n<table width=\"100%\">\n<tbody>\n<tr>\n<td colspan=\"2\" width=\"375\">\n<p style=\"text-align: center\"><strong>Coll\u00e8ge<\/strong><\/p>\n<\/td>\n<td colspan=\"2\" width=\"373\">\n<p style=\"text-align: center\"><strong>Lyc\u00e9e<\/strong><\/p>\n<\/td>\n<\/tr>\n<tr>\n<td width=\"85\">\n<p style=\"text-align: center\"><strong>Cycle 3<\/strong><\/p>\n<\/td>\n<td width=\"290\">Identifier les composantes biologiques et g\u00e9ologiques d\u2019un paysage : Paysages, g\u00e9ologie locale, interactions avec l\u2019environnement et le peuplement.<\/p>\n<p>Relier les besoins de l\u2019\u00eatre humain, la gestion des ressources naturelles et les impacts \u00e0 pr\u00e9voir et g\u00e9rer.<\/td>\n<td width=\"59\">\n<p style=\"text-align: center\"><strong>2nde<\/strong><\/p>\n<\/td>\n<td width=\"314\">Th\u00e8me 1 \u2013 La biodiversit\u00e9, r\u00e9sultat et \u00e9tape de l\u2019\u00e9volution<\/p>\n<p>Utiliser des outils simples de d\u00e9termination d\u2019esp\u00e8ces v\u00e9g\u00e9tales ou animales (actuelles ou fossiles) pour mettre en \u00e9vidence la biodiversit\u00e9 d\u2019un milieu. <em>On enrichit la notion de biodiversit\u00e9, \u00e0 l\u2019occasion d\u2019une sortie ou d\u2019un travail de laboratoire (biodiversit\u00e9s anciennes)<\/em><\/p>\n<p>Th\u00e8me 2 \u2013 Le sol<\/td>\n<\/tr>\n<tr>\n<td width=\"85\">\n<p style=\"text-align: center\"><strong>Cycle 4<\/strong><\/p>\n<\/td>\n<td width=\"290\">Les changements climatiques pass\u00e9s (temps g\u00e9ologiques).<\/p>\n<p>Donn\u00e9es sur les pal\u00e9omilieux de vie.<\/td>\n<td width=\"59\">\n<p style=\"text-align: center\"><strong>1S<\/strong><\/p>\n<\/td>\n<td width=\"314\">Th\u00e8me 2A \u2013 Tectonique des plaques et ressource locale<\/td>\n<\/tr>\n<\/tbody>\n<\/table>\n","protected":false},"excerpt":{"rendered":"<p>Coordonn\u00e9es GPS du parking 45.0702 -1.1427456 Description du site : Le lac s\u2019\u00e9tend du nord au sud, parall\u00e8lement \u00e0 la c\u00f4te de l\u2019oc\u00e9an Atlantique, sur une longueur maximum de 18 &#8230;<\/p>\n","protected":false},"author":8,"featured_media":0,"parent":0,"menu_order":0,"comment_status":"closed","ping_status":"closed","template":"","meta":{"footnotes":""},"class_list":["post-987","page","type-page","status-publish","hentry"],"_links":{"self":[{"href":"https:\/\/ent2d.ac-bordeaux.fr\/disciplines\/lithotheque\/wp-json\/wp\/v2\/pages\/987","targetHints":{"allow":["GET"]}}],"collection":[{"href":"https:\/\/ent2d.ac-bordeaux.fr\/disciplines\/lithotheque\/wp-json\/wp\/v2\/pages"}],"about":[{"href":"https:\/\/ent2d.ac-bordeaux.fr\/disciplines\/lithotheque\/wp-json\/wp\/v2\/types\/page"}],"author":[{"embeddable":true,"href":"https:\/\/ent2d.ac-bordeaux.fr\/disciplines\/lithotheque\/wp-json\/wp\/v2\/users\/8"}],"replies":[{"embeddable":true,"href":"https:\/\/ent2d.ac-bordeaux.fr\/disciplines\/lithotheque\/wp-json\/wp\/v2\/comments?post=987"}],"version-history":[{"count":4,"href":"https:\/\/ent2d.ac-bordeaux.fr\/disciplines\/lithotheque\/wp-json\/wp\/v2\/pages\/987\/revisions"}],"predecessor-version":[{"id":1265,"href":"https:\/\/ent2d.ac-bordeaux.fr\/disciplines\/lithotheque\/wp-json\/wp\/v2\/pages\/987\/revisions\/1265"}],"wp:attachment":[{"href":"https:\/\/ent2d.ac-bordeaux.fr\/disciplines\/lithotheque\/wp-json\/wp\/v2\/media?parent=987"}],"curies":[{"name":"wp","href":"https:\/\/api.w.org\/{rel}","templated":true}]}}