{"id":282,"date":"2018-05-21T16:45:03","date_gmt":"2018-05-21T14:45:03","guid":{"rendered":"https:\/\/ent2d.ac-bordeaux.fr\/disciplines\/lithotheque\/?page_id=282"},"modified":"2019-04-28T16:55:44","modified_gmt":"2019-04-28T14:55:44","slug":"40-le-tuc-de-saumon","status":"publish","type":"page","link":"https:\/\/ent2d.ac-bordeaux.fr\/disciplines\/lithotheque\/40-le-tuc-de-saumon\/","title":{"rendered":"40 &#8211; Le Tuc de Saumon"},"content":{"rendered":"<table style=\"color: #555555;font-family: 'Open Sans', Helvetica, Arial, sans-serif;font-size: 16px\">\n<tbody>\n<tr>\n<td style=\"text-align: center\" colspan=\"3\" width=\"100%\"><span style=\"color: #00ccff\"><a style=\"color: #00ccff\" href=\"http:\/\/u.osmfr.org\/m\/227979\/\"><strong>Coordonn\u00e9e g\u00e9ographiques et GPS des sites<\/strong><\/a><\/span><\/td>\n<\/tr>\n<tr>\n<td style=\"text-align: center\" width=\"214\"><span style=\"color: #000000\"><strong>Carri\u00e8re Conte<\/strong><\/span><\/td>\n<td style=\"text-align: center\" width=\"214\"><span style=\"color: #000000\">43\u00b046\u201916.15&#8243;N<\/span><\/td>\n<td style=\"text-align: center\" width=\"214\"><span style=\"color: #000000\">0\u00b053\u201916&#8243;W<\/span><\/td>\n<\/tr>\n<tr>\n<td style=\"text-align: center\" width=\"214\"><span style=\"color: #000000\"><strong>Carri\u00e8re Petit<\/strong><\/span><\/td>\n<td style=\"text-align: center\" width=\"214\"><span style=\"color: #000000\">43\u00b046\u201913.26&#8243;N<\/span><\/td>\n<td style=\"text-align: center\" width=\"214\"><span style=\"color: #000000\">0\u00b052\u201948&#8243;W<\/span><\/td>\n<\/tr>\n<\/tbody>\n<\/table>\n<figure id=\"attachment_528\" aria-describedby=\"caption-attachment-528\" style=\"width: 546px\" class=\"wp-caption aligncenter\"><a href=\"https:\/\/ent2d.ac-bordeaux.fr\/disciplines\/lithotheque\/wp-content\/uploads\/sites\/59\/2018\/06\/Carte-ge\u0301ologique-3.png\"><img loading=\"lazy\" decoding=\"async\" class=\"size-full wp-image-528\" src=\"https:\/\/ent2d.ac-bordeaux.fr\/disciplines\/lithotheque\/wp-content\/uploads\/sites\/59\/2018\/06\/Carte-ge\u0301ologique-3.png\" alt=\"\" width=\"546\" height=\"711\" srcset=\"https:\/\/ent2d.ac-bordeaux.fr\/disciplines\/lithotheque\/wp-content\/uploads\/sites\/59\/2018\/06\/Carte-ge\u0301ologique-3.png 546w, https:\/\/ent2d.ac-bordeaux.fr\/disciplines\/lithotheque\/wp-content\/uploads\/sites\/59\/2018\/06\/Carte-ge\u0301ologique-3-230x300.png 230w\" sizes=\"auto, (max-width: 546px) 100vw, 546px\" \/><\/a><figcaption id=\"caption-attachment-528\" class=\"wp-caption-text\">Extrait de la carte g\u00e9ologique 1\/50000 n\u00b0 950 Tartas et sa l\u00e9gende<\/figcaption><\/figure>\n<figure id=\"attachment_286\" aria-describedby=\"caption-attachment-286\" style=\"width: 1025px\" class=\"wp-caption aligncenter\"><a href=\"https:\/\/ent2d.ac-bordeaux.fr\/disciplines\/lithotheque\/wp-content\/uploads\/sites\/59\/2018\/05\/Tuc-de-Saumon.png\"><img loading=\"lazy\" decoding=\"async\" class=\"size-full wp-image-286\" src=\"https:\/\/ent2d.ac-bordeaux.fr\/disciplines\/lithotheque\/wp-content\/uploads\/sites\/59\/2018\/05\/Tuc-de-Saumon.png\" alt=\"\" width=\"1025\" height=\"616\" srcset=\"https:\/\/ent2d.ac-bordeaux.fr\/disciplines\/lithotheque\/wp-content\/uploads\/sites\/59\/2018\/05\/Tuc-de-Saumon.png 1025w, https:\/\/ent2d.ac-bordeaux.fr\/disciplines\/lithotheque\/wp-content\/uploads\/sites\/59\/2018\/05\/Tuc-de-Saumon-300x180.png 300w, https:\/\/ent2d.ac-bordeaux.fr\/disciplines\/lithotheque\/wp-content\/uploads\/sites\/59\/2018\/05\/Tuc-de-Saumon-768x462.png 768w, https:\/\/ent2d.ac-bordeaux.fr\/disciplines\/lithotheque\/wp-content\/uploads\/sites\/59\/2018\/05\/Tuc-de-Saumon-1024x615.png 1024w\" sizes=\"auto, (max-width: 1025px) 100vw, 1025px\" \/><\/a><figcaption id=\"caption-attachment-286\" class=\"wp-caption-text\">Tuc_de_Saumon<\/figcaption><\/figure>\n<p><span style=\"color: #000000\"><strong><u>Description du site<\/u> :<\/strong><\/span><br \/>\n<span style=\"color: #000000\">Age : carri\u00e8re Conte du Stampien inf\u00e9rieur [Oligoc\u00e8ne inf]<\/span><br \/>\n<span style=\"color: #000000\">\u00a0 \u00a0 \u00a0 \u00a0 \u00a0 carri\u00e8re Petit du Stampien sup\u00e9rieur [Oligoc\u00e8ne inf]<\/span><br \/>\n<span style=\"color: #000000\">Au Tuc de Saumon (<strong><u>Carri\u00e8re Conte<\/u><\/strong>), pr\u00e9sence d&#8217;un calcaire marin r\u00e9cifal. C&#8217;est un r\u00e9cif barri\u00e8re en place, de 3km de long, dans la direction de Saint Jean de Lier.<\/span><br \/>\n<span style=\"color: #000000\">Il t\u00e9moigne d&#8217;un climat tropical tr\u00e8s chaud.<\/span><br \/>\n<span style=\"color: #000000\">Au niveau des fossiles, on retrouve des coraux coloniaux en place, des bryozoaires, des foraminif\u00e8res benthiques, des milioles ( zone de lagon), des operculines, des h\u00e9t\u00e9rost\u00e9gines, des nummulites.<\/span><\/p>\n<figure id=\"attachment_292\" aria-describedby=\"caption-attachment-292\" style=\"width: 1920px\" class=\"wp-caption aligncenter\"><a href=\"https:\/\/ent2d.ac-bordeaux.fr\/disciplines\/lithotheque\/wp-content\/uploads\/sites\/59\/2018\/05\/polypiers-en-place-1.jpg\"><img loading=\"lazy\" decoding=\"async\" class=\"size-full wp-image-292\" src=\"https:\/\/ent2d.ac-bordeaux.fr\/disciplines\/lithotheque\/wp-content\/uploads\/sites\/59\/2018\/05\/polypiers-en-place-1.jpg\" alt=\"\" width=\"1920\" height=\"1080\" srcset=\"https:\/\/ent2d.ac-bordeaux.fr\/disciplines\/lithotheque\/wp-content\/uploads\/sites\/59\/2018\/05\/polypiers-en-place-1.jpg 1920w, https:\/\/ent2d.ac-bordeaux.fr\/disciplines\/lithotheque\/wp-content\/uploads\/sites\/59\/2018\/05\/polypiers-en-place-1-300x169.jpg 300w, https:\/\/ent2d.ac-bordeaux.fr\/disciplines\/lithotheque\/wp-content\/uploads\/sites\/59\/2018\/05\/polypiers-en-place-1-768x432.jpg 768w, https:\/\/ent2d.ac-bordeaux.fr\/disciplines\/lithotheque\/wp-content\/uploads\/sites\/59\/2018\/05\/polypiers-en-place-1-1024x576.jpg 1024w\" sizes=\"auto, (max-width: 1920px) 100vw, 1920px\" \/><\/a><figcaption id=\"caption-attachment-292\" class=\"wp-caption-text\">Carri\u00e8re Conte_Polypiers en place<\/figcaption><\/figure>\n<div class=\"mceTemp\"><\/div>\n<figure id=\"attachment_287\" aria-describedby=\"caption-attachment-287\" style=\"width: 716px\" class=\"wp-caption aligncenter\"><a href=\"https:\/\/ent2d.ac-bordeaux.fr\/disciplines\/lithotheque\/wp-content\/uploads\/sites\/59\/2018\/05\/Log-Carrie\u0300re-Conte.png\"><img loading=\"lazy\" decoding=\"async\" class=\"size-full wp-image-287\" src=\"https:\/\/ent2d.ac-bordeaux.fr\/disciplines\/lithotheque\/wp-content\/uploads\/sites\/59\/2018\/05\/Log-Carrie\u0300re-Conte.png\" alt=\"\" width=\"716\" height=\"920\" srcset=\"https:\/\/ent2d.ac-bordeaux.fr\/disciplines\/lithotheque\/wp-content\/uploads\/sites\/59\/2018\/05\/Log-Carrie\u0300re-Conte.png 716w, https:\/\/ent2d.ac-bordeaux.fr\/disciplines\/lithotheque\/wp-content\/uploads\/sites\/59\/2018\/05\/Log-Carrie\u0300re-Conte-233x300.png 233w\" sizes=\"auto, (max-width: 716px) 100vw, 716px\" \/><\/a><figcaption id=\"caption-attachment-287\" class=\"wp-caption-text\">Log stratigraphique de l&#8217;Oligoc\u00e8ne inf\u00e9rieur de la carri\u00e8re Conte (d&#8217;apr\u00e8s Boulanger)<\/figcaption><\/figure>\n<p><span style=\"color: #000000\">La carri\u00e8re Conte renferme une grotte, la grotte du Saumon, qui a \u00e9t\u00e9 d\u00e9couverte par les carriers en 1833, dans un calcaire tendre. Elle \u00e9tait alors richement d\u00e9cor\u00e9e de nombreuses et importantes concr\u00e9tions calcaires, comme en t\u00e9moigne le manuscrit de Saintourens (1847) :<em> \u00ab son ouverture est celle d&#8217;un four \u00e0 pain, l\u00e0, il s&#8217;\u00e9vase et se prolonge loin vers l&#8217;Est. On y voit nombre de colonnes naturelles avec degr\u00e9s bruts montants et descendants ; la vo\u00fbte en est soutenue par des piliers-masses espac\u00e9s\u2026 Cette grotte merveilleuse aux vo\u00fbtes de cristal, aux parois orn\u00e9es de stalactites pareilles \u00e0 ces grottes merveilleuses des f\u00e9es dont parlent les traditions du Moyen Age, est soutenue par des colonnes de m\u00eame nature de roche, pr\u00e9sente \u00e0 l&#8217;\u0153il des masses de cristaux taill\u00e9s et non taill\u00e9s ; peut contenir 400 personnes&#8230;\u00bb<\/em><\/span><br \/>\n<span style=\"color: #000000\">Depuis, la grotte a \u00e9t\u00e9 entam\u00e9e de tous c\u00f4t\u00e9s par l&#8217;exploitation en carri\u00e8re, et il est difficile, aujourd&#8217;hui, d&#8217;imaginer comment fut, lors de sa d\u00e9couverte, cette grande cavit\u00e9 d\u00e9nud\u00e9e.<\/span><br \/>\n<span style=\"color: #000000\">Dans l&#8217;article du <em>Journal des landes<\/em> du 21 avril 1833, lors de la d\u00e9couverte de la grotte par Saintourens, laisse aller libre cours \u00e0 son imagination en nous d\u00e9crivant cette cavit\u00e9 naturelle qu&#8217;il n&#8217;h\u00e9site pas \u00e0 qualifier de <em>Temple souterrain<\/em>, dans lequel il lui semble reconna\u00eetre les traces d&#8217;un autel. <em>\u00ab\u2026 un temple souterrain dans lequel, dit-on les druides offraient leurs sacrifices \u00e0 leur Dieu et qui fut visit\u00e9 par C\u00e9sar dans le temps de son excursion dans les Gaules\u00bb.<\/em><\/span><br \/>\n<span style=\"color: #000000\">En novembre 1876 fut d\u00e9couvert dans la grotte, le squelette d&#8217;une femme wisigothe et de nombreux bijoux : trois bracelets en bronze, une bague, une fibule en bronze, une cha\u00eenette fragment\u00e9e et des grains de collier. Une \u00e9tude de ces vestiges fit remonter leur origine au V ou VI si\u00e8cle. Les objets en bronze sont aujourd&#8217;hui au mus\u00e9e des Antiquit\u00e9s Nationales.<\/span><br \/>\n<span style=\"color: #000000\">La femme \u00e9tait de petite taille (environ 1m38) mais il fut toutefois constat\u00e9 que cette petitesse n&#8217;\u00e9tait pas pathologique, les os ne pr\u00e9sentant pas de courbures rachitiques. Son \u00e2ge, 24 \u00e0 26 ans.<\/span><br \/>\n<span style=\"color: #000000\">La pr\u00e9sence du squelette en ces lieux ne fut pas \u00e9tablie avec certitude : s&#8217;agissait-il d&#8217;un accident (la malheureuse serait rest\u00e9e prisonni\u00e8re d&#8217;un \u00e9boulement ?) ou fut-elle ensevelie apr\u00e8s sa mort. La premi\u00e8re conviction reste la plus probable en tenant compte du fait qu&#8217;\u00e0 l&#8217;\u00e9poque \u00e9tait pratiqu\u00e9e l&#8217;incin\u00e9ration.<\/span><br \/>\n<span style=\"color: #000000\">Une l\u00e9gende ferait communiquer, par un souterrain, la grotte avec la ville de St Sever, la jonction ayant \u00e9t\u00e9 faite par un chien qui y fut introduit.<\/span><\/p>\n<p><span style=\"color: #000000\">A la <strong><u>carri\u00e8re Petit<\/u><\/strong>, on est au niveau de la zone de d\u00e9mant\u00e8lement du r\u00e9cif.<\/span><\/p>\n<figure id=\"attachment_294\" aria-describedby=\"caption-attachment-294\" style=\"width: 4592px\" class=\"wp-caption aligncenter\"><a href=\"https:\/\/ent2d.ac-bordeaux.fr\/disciplines\/lithotheque\/wp-content\/uploads\/sites\/59\/2018\/05\/gre\u0300s-a\u0300-Nummulites.jpg\"><img loading=\"lazy\" decoding=\"async\" class=\"size-full wp-image-294\" src=\"https:\/\/ent2d.ac-bordeaux.fr\/disciplines\/lithotheque\/wp-content\/uploads\/sites\/59\/2018\/05\/gre\u0300s-a\u0300-Nummulites.jpg\" alt=\"\" width=\"4592\" height=\"3448\" srcset=\"https:\/\/ent2d.ac-bordeaux.fr\/disciplines\/lithotheque\/wp-content\/uploads\/sites\/59\/2018\/05\/gre\u0300s-a\u0300-Nummulites.jpg 4592w, https:\/\/ent2d.ac-bordeaux.fr\/disciplines\/lithotheque\/wp-content\/uploads\/sites\/59\/2018\/05\/gre\u0300s-a\u0300-Nummulites-300x225.jpg 300w, https:\/\/ent2d.ac-bordeaux.fr\/disciplines\/lithotheque\/wp-content\/uploads\/sites\/59\/2018\/05\/gre\u0300s-a\u0300-Nummulites-768x577.jpg 768w, https:\/\/ent2d.ac-bordeaux.fr\/disciplines\/lithotheque\/wp-content\/uploads\/sites\/59\/2018\/05\/gre\u0300s-a\u0300-Nummulites-1024x769.jpg 1024w\" sizes=\"auto, (max-width: 4592px) 100vw, 4592px\" \/><\/a><figcaption id=\"caption-attachment-294\" class=\"wp-caption-text\">Carri\u00e8re Petit_Gre\u0300s a\u0300 Nummulites<\/figcaption><\/figure>\n<figure id=\"attachment_295\" aria-describedby=\"caption-attachment-295\" style=\"width: 4592px\" class=\"wp-caption aligncenter\"><a href=\"https:\/\/ent2d.ac-bordeaux.fr\/disciplines\/lithotheque\/wp-content\/uploads\/sites\/59\/2018\/05\/sable-argileux-a\u0300-de\u0301bris-de-mollusques.jpg\"><img loading=\"lazy\" decoding=\"async\" class=\"size-full wp-image-295\" src=\"https:\/\/ent2d.ac-bordeaux.fr\/disciplines\/lithotheque\/wp-content\/uploads\/sites\/59\/2018\/05\/sable-argileux-a\u0300-de\u0301bris-de-mollusques.jpg\" alt=\"\" width=\"4592\" height=\"3448\" srcset=\"https:\/\/ent2d.ac-bordeaux.fr\/disciplines\/lithotheque\/wp-content\/uploads\/sites\/59\/2018\/05\/sable-argileux-a\u0300-de\u0301bris-de-mollusques.jpg 4592w, https:\/\/ent2d.ac-bordeaux.fr\/disciplines\/lithotheque\/wp-content\/uploads\/sites\/59\/2018\/05\/sable-argileux-a\u0300-de\u0301bris-de-mollusques-300x225.jpg 300w, https:\/\/ent2d.ac-bordeaux.fr\/disciplines\/lithotheque\/wp-content\/uploads\/sites\/59\/2018\/05\/sable-argileux-a\u0300-de\u0301bris-de-mollusques-768x577.jpg 768w, https:\/\/ent2d.ac-bordeaux.fr\/disciplines\/lithotheque\/wp-content\/uploads\/sites\/59\/2018\/05\/sable-argileux-a\u0300-de\u0301bris-de-mollusques-1024x769.jpg 1024w\" sizes=\"auto, (max-width: 4592px) 100vw, 4592px\" \/><\/a><figcaption id=\"caption-attachment-295\" class=\"wp-caption-text\">Carri\u00e8re Petit_Sable argileux a\u0300 de\u0301bris de mollusques<\/figcaption><\/figure>\n<p><span style=\"color: #000000\">Au niveau des fossiles, on retrouve des foraminif\u00e8res benthiques robustes, capables de supporter l&#8217;agitation du milieu. Le milieu est en effet plus agit\u00e9, moins profond, plus d\u00e9tritique : il t\u00e9moigne d&#8217;une r\u00e9gression progressive. On retrouve \u00e9galement des l\u00e9pidocyclines, marqueurs du Stampien sup\u00e9rieur.<\/span><br \/>\n<span style=\"color: #000000\">Le climat devient intertropical apr\u00e8s une \u00e9mersion d\u00e9finitive, li\u00e9e \u00e0 la glaciation antarctique (chute de 150 m du niveau de la mer).<\/span><\/p>\n<div class=\"mceTemp\"><\/div>\n<figure id=\"attachment_288\" aria-describedby=\"caption-attachment-288\" style=\"width: 666px\" class=\"wp-caption aligncenter\"><a href=\"https:\/\/ent2d.ac-bordeaux.fr\/disciplines\/lithotheque\/wp-content\/uploads\/sites\/59\/2018\/05\/Log-Carrie\u0300re-Petit.png\"><img loading=\"lazy\" decoding=\"async\" class=\"size-full wp-image-288\" src=\"https:\/\/ent2d.ac-bordeaux.fr\/disciplines\/lithotheque\/wp-content\/uploads\/sites\/59\/2018\/05\/Log-Carrie\u0300re-Petit.png\" alt=\"\" width=\"666\" height=\"631\" srcset=\"https:\/\/ent2d.ac-bordeaux.fr\/disciplines\/lithotheque\/wp-content\/uploads\/sites\/59\/2018\/05\/Log-Carrie\u0300re-Petit.png 666w, https:\/\/ent2d.ac-bordeaux.fr\/disciplines\/lithotheque\/wp-content\/uploads\/sites\/59\/2018\/05\/Log-Carrie\u0300re-Petit-300x284.png 300w\" sizes=\"auto, (max-width: 666px) 100vw, 666px\" \/><\/a><figcaption id=\"caption-attachment-288\" class=\"wp-caption-text\">Log stratigraphique de l&#8217;Oligoc\u00e8ne sup\u00e9rieur de la carri\u00e8re Petit<br \/>(d&#8217;apr\u00e8s Boulanger)<\/figcaption><\/figure>\n<p style=\"text-align: left\"><span style=\"color: #000000\"><strong><u>Activit\u00e9s<\/u><u><strong> e<\/strong>nvisageables<\/u> :<\/strong><\/span><br \/>\n<span style=\"color: #000000\">Gr\u00e2ce \u00e0 l&#8217;examen des 2 carri\u00e8res et de leurs fossiles :<\/span><\/p>\n<ul>\n<li><span style=\"color: #000000\">retrouver les variations du niveau marin, <\/span><\/li>\n<li><span style=\"color: #000000\">repr\u00e9senter la vie et la disparition d&#8217;un r\u00e9cif stampien, sur le flanc d&#8217;une pal\u00e9ostructure \u00e9merg\u00e9e.<\/span><\/li>\n<\/ul>\n<figure id=\"attachment_296\" aria-describedby=\"caption-attachment-296\" style=\"width: 2042px\" class=\"wp-caption alignleft\"><a href=\"https:\/\/ent2d.ac-bordeaux.fr\/disciplines\/lithotheque\/wp-content\/uploads\/sites\/59\/2018\/05\/Log-strati-et-niveau-marin.jpg\"><img loading=\"lazy\" decoding=\"async\" class=\"size-full wp-image-296\" src=\"https:\/\/ent2d.ac-bordeaux.fr\/disciplines\/lithotheque\/wp-content\/uploads\/sites\/59\/2018\/05\/Log-strati-et-niveau-marin.jpg\" alt=\"\" width=\"2042\" height=\"2809\" srcset=\"https:\/\/ent2d.ac-bordeaux.fr\/disciplines\/lithotheque\/wp-content\/uploads\/sites\/59\/2018\/05\/Log-strati-et-niveau-marin.jpg 2042w, https:\/\/ent2d.ac-bordeaux.fr\/disciplines\/lithotheque\/wp-content\/uploads\/sites\/59\/2018\/05\/Log-strati-et-niveau-marin-218x300.jpg 218w, https:\/\/ent2d.ac-bordeaux.fr\/disciplines\/lithotheque\/wp-content\/uploads\/sites\/59\/2018\/05\/Log-strati-et-niveau-marin-768x1056.jpg 768w, https:\/\/ent2d.ac-bordeaux.fr\/disciplines\/lithotheque\/wp-content\/uploads\/sites\/59\/2018\/05\/Log-strati-et-niveau-marin-744x1024.jpg 744w\" sizes=\"auto, (max-width: 2042px) 100vw, 2042px\" \/><\/a><figcaption id=\"caption-attachment-296\" class=\"wp-caption-text\">Log stratigraphique et niveau marin<\/figcaption><\/figure>\n<p><span style=\"color: #000000\"><strong><u>Acc\u00e8s \/ s\u00e9curit\u00e9<\/u>\u00a0:<\/strong><\/span><br \/>\n<span style=\"color: #000000\">Commune de Saint Jean de Lier<\/span><br \/>\n<span style=\"color: #000000\">40 mn de mont de Marsan ( 40km)<\/span><br \/>\n<span style=\"color: #000000\">Carte IGN\u00a0 1\/250 Tartas [1442 Est]<\/span><br \/>\n<span style=\"color: #000000\">Carte IGN 1\/1000000 Bayonne Mont de Marsan<\/span><br \/>\n<span style=\"color: #000000\">Carte g\u00e9ologique 1\/50000 n\u00b0950, Tartas<\/span><\/p>\n<p><span style=\"color: #000000\">Depuis St Geours d&#8217;Arribat, prendre la D10 vers l&#8217;ouest, passer Cassen, Tourner 3 km apr\u00e8s \u00e0 droite en direction de Saint Jean de Lier. Les s\u00e9diments stampiens constituent une \u00e9minence topographique tr\u00e8s nette, appel\u00e9e le Tuc de Saumon que la route de Saint jean de Lier escalade en quelques lacets. Arriv\u00e9s en bas de la colline, sur son flanc Nord, au lieu-dit Petit, on peut examiner ces formations en deux points : la carri\u00e8re Conte et la carri\u00e8re Petit.<\/span><\/p>\n<p><span style=\"color: #000000\"><u>Acc\u00e8s \u00e0 la carri\u00e8re Conte<\/u>\u00a0 ( Lat : 43\u00b046&#8217;16,15&#8221; ; Long : 0\u00b053&#8217;16&#8221;) :<\/span><br \/>\n<span style=\"color: #000000\">\u00a0Au lieu dit Petit, prendre \u00e0 gauche ( vers l&#8217;Ouest) sur une petite route sur 800 m, menant \u00e0 la ferme Conte. A 200m au S-SE de la ferme, s&#8217;ouvre \u00e0 la lisi\u00e8re du bois la carri\u00e8re souterraine. <strong>Attention, il est interdit d&#8217;entrer dans la grotte.<\/strong><\/span><\/p>\n<figure id=\"attachment_289\" aria-describedby=\"caption-attachment-289\" style=\"width: 4592px\" class=\"wp-caption aligncenter\"><a href=\"https:\/\/ent2d.ac-bordeaux.fr\/disciplines\/lithotheque\/wp-content\/uploads\/sites\/59\/2018\/05\/vue-depuis-la-ferme.jpg\"><img loading=\"lazy\" decoding=\"async\" class=\"size-full wp-image-289\" src=\"https:\/\/ent2d.ac-bordeaux.fr\/disciplines\/lithotheque\/wp-content\/uploads\/sites\/59\/2018\/05\/vue-depuis-la-ferme.jpg\" alt=\"\" width=\"4592\" height=\"3448\" srcset=\"https:\/\/ent2d.ac-bordeaux.fr\/disciplines\/lithotheque\/wp-content\/uploads\/sites\/59\/2018\/05\/vue-depuis-la-ferme.jpg 4592w, https:\/\/ent2d.ac-bordeaux.fr\/disciplines\/lithotheque\/wp-content\/uploads\/sites\/59\/2018\/05\/vue-depuis-la-ferme-300x225.jpg 300w, https:\/\/ent2d.ac-bordeaux.fr\/disciplines\/lithotheque\/wp-content\/uploads\/sites\/59\/2018\/05\/vue-depuis-la-ferme-768x577.jpg 768w, https:\/\/ent2d.ac-bordeaux.fr\/disciplines\/lithotheque\/wp-content\/uploads\/sites\/59\/2018\/05\/vue-depuis-la-ferme-1024x769.jpg 1024w\" sizes=\"auto, (max-width: 4592px) 100vw, 4592px\" \/><\/a><figcaption id=\"caption-attachment-289\" class=\"wp-caption-text\">Carri\u00e8re Conte_Vue depuis la ferme<\/figcaption><\/figure>\n<div class=\"mceTemp\"><\/div>\n<figure id=\"attachment_290\" aria-describedby=\"caption-attachment-290\" style=\"width: 4592px\" class=\"wp-caption aligncenter\"><a href=\"https:\/\/ent2d.ac-bordeaux.fr\/disciplines\/lithotheque\/wp-content\/uploads\/sites\/59\/2018\/05\/vue-depuis-le-chemin-du-conseil-ge\u0301ne\u0301ral.jpg\"><img loading=\"lazy\" decoding=\"async\" class=\"size-full wp-image-290\" src=\"https:\/\/ent2d.ac-bordeaux.fr\/disciplines\/lithotheque\/wp-content\/uploads\/sites\/59\/2018\/05\/vue-depuis-le-chemin-du-conseil-ge\u0301ne\u0301ral.jpg\" alt=\"\" width=\"4592\" height=\"3448\" srcset=\"https:\/\/ent2d.ac-bordeaux.fr\/disciplines\/lithotheque\/wp-content\/uploads\/sites\/59\/2018\/05\/vue-depuis-le-chemin-du-conseil-ge\u0301ne\u0301ral.jpg 4592w, https:\/\/ent2d.ac-bordeaux.fr\/disciplines\/lithotheque\/wp-content\/uploads\/sites\/59\/2018\/05\/vue-depuis-le-chemin-du-conseil-ge\u0301ne\u0301ral-300x225.jpg 300w, https:\/\/ent2d.ac-bordeaux.fr\/disciplines\/lithotheque\/wp-content\/uploads\/sites\/59\/2018\/05\/vue-depuis-le-chemin-du-conseil-ge\u0301ne\u0301ral-768x577.jpg 768w, https:\/\/ent2d.ac-bordeaux.fr\/disciplines\/lithotheque\/wp-content\/uploads\/sites\/59\/2018\/05\/vue-depuis-le-chemin-du-conseil-ge\u0301ne\u0301ral-1024x769.jpg 1024w\" sizes=\"auto, (max-width: 4592px) 100vw, 4592px\" \/><\/a><figcaption id=\"caption-attachment-290\" class=\"wp-caption-text\">Carri\u00e8re Conte_Vue depuis le chemin du conseil ge\u0301ne\u0301ral<\/figcaption><\/figure>\n<p><span style=\"color: #000000\"><u>Acc\u00e8s \u00e0 la carri\u00e8re Petit<\/u> ( Lat : 43\u00b046&#8217;13,26&#8221; ; Long : 0\u00b052&#8217;48&#8221;) :<\/span><br \/>\n<span style=\"color: #000000\">\u00a0Au lieu dit Petit, se diriger vers l&#8217;Est. Faire 300m environ du carrefour, jusqu&#8217;en face de la derni\u00e8re maison du hameau de Petit, tout pr\u00e8s d&#8217;une station de lavage d&#8217;engins agricoles.<\/span><\/p>\n<p><span style=\"color: #000000\"><strong><u>Mots-cl\u00e9s et liens avec les programmes<\/u>\u00a0:<\/strong><\/span><\/p>\n<table width=\"100%\">\n<tbody>\n<tr>\n<td style=\"text-align: center;width: 47%\" colspan=\"2\"><span style=\"color: #000000\"><strong>Coll\u00e8ge<\/strong><\/span><\/td>\n<td style=\"text-align: center;width: 48%\" colspan=\"2\"><span style=\"color: #000000\"><strong>Lyc\u00e9e<\/strong><\/span><\/td>\n<\/tr>\n<tr>\n<td style=\"width: 12.4174%;text-align: left\"><span style=\"color: #000000\"><strong>Cycle 4<\/strong><\/span><\/td>\n<td style=\"width: 34.5826%\"><span style=\"color: #000000\">Les changements climatiques pass\u00e9s (temps g\u00e9ologiques)<\/span><\/p>\n<p><span style=\"color: #000000\">Donn\u00e9es sur les pal\u00e9omilieux de vie<\/span><\/td>\n<td style=\"text-align: center;width: 8%\"><span style=\"color: #000000\"><strong>2nde<\/strong>\u00a0<\/span><\/td>\n<td style=\"width: 40%\">\n<div class=\"page\" title=\"Page 6\">\n<div class=\"layoutArea\">\n<div class=\"column\">\n<p><strong><span style=\"color: #000000\">Biodiversite\u0301, re\u0301sultat et e\u0301tape de l\u2019e\u0301volution<\/span><\/strong><\/p>\n<\/div>\n<\/div>\n<\/div>\n<p><span style=\"color: #000000\">Ce th\u00e8me prend appui sur l\u2019\u00e9tude de la biodiversit\u00e9 actuelle et pass\u00e9e \u00e0 diff\u00e9rentes \u00e9chelles (diversit\u00e9 des \u00e9cosyst\u00e8mes, des esp\u00e8ces et des individus)<\/span><\/p>\n<p><span style=\"color: #000000;font-family: inherit;font-weight: inherit\">L\u2019e\u0301tude de la biodiversite\u0301 du passe\u0301 par l\u2019examen des fossiles montre que l\u2019e\u0301tat actuel de la biodiversite\u0301 correspond a\u0300 une e\u0301tape de l\u2019histoire du vivant. Ainsi, les organismes vivants actuels ne repre\u0301sentent-ils qu\u2019une infime partie des organismes ayant existe\u0301 depuis le de\u0301but de la vie.<\/span><\/td>\n<\/tr>\n<\/tbody>\n<\/table>\n<p><span style=\"color: #000000\"><br \/>\nGuides g\u00e9ologiques r\u00e9gionaux ( MASSON) de l&#8217;Aquitaine occidentale, M Vigneaux.<\/span><\/p>\n<p><span style=\"color: #000000\"><a href=\"https:\/\/ent2d.ac-bordeaux.fr\/disciplines\/lithotheque\/wp-content\/uploads\/sites\/59\/2018\/06\/notice-carte-ge\u0301ologique-n\u00b0950-Tartas.pdf\">Notice carte ge\u0301ologique n\u00b0950 Tartas<\/a><\/span><\/p>\n","protected":false},"excerpt":{"rendered":"<p>Coordonn\u00e9e g\u00e9ographiques et GPS des sites Carri\u00e8re Conte 43\u00b046\u201916.15&#8243;N 0\u00b053\u201916&#8243;W Carri\u00e8re Petit 43\u00b046\u201913.26&#8243;N 0\u00b052\u201948&#8243;W Description du site : Age : carri\u00e8re Conte du Stampien inf\u00e9rieur [Oligoc\u00e8ne inf] \u00a0 \u00a0 \u00a0 &#8230;<\/p>\n","protected":false},"author":8,"featured_media":0,"parent":0,"menu_order":0,"comment_status":"closed","ping_status":"closed","template":"template-left-sidebar.php","meta":{"footnotes":""},"class_list":["post-282","page","type-page","status-publish","hentry"],"_links":{"self":[{"href":"https:\/\/ent2d.ac-bordeaux.fr\/disciplines\/lithotheque\/wp-json\/wp\/v2\/pages\/282","targetHints":{"allow":["GET"]}}],"collection":[{"href":"https:\/\/ent2d.ac-bordeaux.fr\/disciplines\/lithotheque\/wp-json\/wp\/v2\/pages"}],"about":[{"href":"https:\/\/ent2d.ac-bordeaux.fr\/disciplines\/lithotheque\/wp-json\/wp\/v2\/types\/page"}],"author":[{"embeddable":true,"href":"https:\/\/ent2d.ac-bordeaux.fr\/disciplines\/lithotheque\/wp-json\/wp\/v2\/users\/8"}],"replies":[{"embeddable":true,"href":"https:\/\/ent2d.ac-bordeaux.fr\/disciplines\/lithotheque\/wp-json\/wp\/v2\/comments?post=282"}],"version-history":[{"count":18,"href":"https:\/\/ent2d.ac-bordeaux.fr\/disciplines\/lithotheque\/wp-json\/wp\/v2\/pages\/282\/revisions"}],"predecessor-version":[{"id":1077,"href":"https:\/\/ent2d.ac-bordeaux.fr\/disciplines\/lithotheque\/wp-json\/wp\/v2\/pages\/282\/revisions\/1077"}],"wp:attachment":[{"href":"https:\/\/ent2d.ac-bordeaux.fr\/disciplines\/lithotheque\/wp-json\/wp\/v2\/media?parent=282"}],"curies":[{"name":"wp","href":"https:\/\/api.w.org\/{rel}","templated":true}]}}