{"id":214,"date":"2018-05-14T21:28:32","date_gmt":"2018-05-14T19:28:32","guid":{"rendered":"https:\/\/ent2d.ac-bordeaux.fr\/disciplines\/lithotheque\/?page_id=214"},"modified":"2020-09-09T16:30:34","modified_gmt":"2020-09-09T14:30:34","slug":"24-carriere-constant","status":"publish","type":"page","link":"https:\/\/ent2d.ac-bordeaux.fr\/disciplines\/lithotheque\/24-carriere-constant\/","title":{"rendered":"24 &#8211; Une carri\u00e8re de pierre de taille"},"content":{"rendered":"\n<figure class=\"wp-block-image size-large is-resized\"><img loading=\"lazy\" decoding=\"async\" src=\"https:\/\/ent2d.ac-bordeaux.fr\/disciplines\/lithotheque\/wp-content\/uploads\/sites\/59\/2019\/10\/Logo-EDD-1.png\" alt=\"\" class=\"wp-image-1340\" width=\"50\" height=\"58\" srcset=\"https:\/\/ent2d.ac-bordeaux.fr\/disciplines\/lithotheque\/wp-content\/uploads\/sites\/59\/2019\/10\/Logo-EDD-1.png 889w, https:\/\/ent2d.ac-bordeaux.fr\/disciplines\/lithotheque\/wp-content\/uploads\/sites\/59\/2019\/10\/Logo-EDD-1-261x300.png 261w, https:\/\/ent2d.ac-bordeaux.fr\/disciplines\/lithotheque\/wp-content\/uploads\/sites\/59\/2019\/10\/Logo-EDD-1-768x884.png 768w\" sizes=\"auto, (max-width: 50px) 100vw, 50px\" \/><\/figure>\n\n\n<h6 style=\"text-align: center\">\u00a0<\/h6>\n<table style=\"height: 72px\" width=\"100%\">\n<tbody>\n<tr>\n<td style=\"text-align: center\" colspan=\"2\" width=\"241\"><span style=\"color: #00ccff\"><a style=\"color: #00ccff\" href=\"http:\/\/u.osmfr.org\/m\/227984\/\"><strong>Coordonn\u00e9es g\u00e9ographiques et GPS du site<\/strong><\/a><\/span><\/td>\n<\/tr>\n<tr>\n<td style=\"text-align: center\" width=\"121\"><span style=\"color: #000000\">45\u00b020&#8217;08.1&#8243;N<\/span><\/td>\n<td style=\"text-align: center\" width=\"121\"><span style=\"color: #000000\">0\u00b032&#8217;08.7&#8243;E<\/span><\/td>\n<\/tr>\n<tr>\n<td style=\"text-align: center\" width=\"121\"><span style=\"color: #000000\">45,335569<\/span><\/td>\n<td style=\"text-align: center\" width=\"121\"><span style=\"color: #000000\">0,535760<\/span><\/td>\n<\/tr>\n<\/tbody>\n<\/table>\n<div>\n<table width=\"100%\">\n<tbody>\n<tr>\n<td align=\"center\" width=\"49%\">\n<figure id=\"attachment_215\" aria-describedby=\"caption-attachment-215\" style=\"width: 421px\" class=\"wp-caption alignleft\"><img loading=\"lazy\" decoding=\"async\" src=\"https:\/\/ent2d.ac-bordeaux.fr\/disciplines\/lithotheque\/wp-content\/uploads\/sites\/59\/2018\/05\/Carte-ge\u0301ologique758.png\" width=\"421\" height=\"469\" \/><figcaption id=\"caption-attachment-215\" class=\"wp-caption-text\">Carte g\u00e9ologique : 1\/50 000 N\u00b0758 &#8211; PERIGUEUX-OUEST<\/figcaption><\/figure>\n<\/td>\n<td align=\"center\" width=\"51%\"><img loading=\"lazy\" decoding=\"async\" src=\"https:\/\/ent2d.ac-bordeaux.fr\/disciplines\/lithotheque\/wp-content\/uploads\/sites\/59\/2018\/09\/Le\u0301gendes-Carrie\u0300re.png\" width=\"463\" height=\"306\" \/><\/td>\n<\/tr>\n<\/tbody>\n<\/table>\n<\/div>\n<p><span style=\"color: #000000\"><strong><u>Description du site<\/u> :<\/strong><\/span><\/p>\n<p><span style=\"color: #000000\"><em><u>Datation<\/u><\/em>\u00a0: Cr\u00e9tac\u00e9 sup\u00e9rieur &#8211; Turonien sup\u00e9rieur\u2013 Angoumien sup\u00e9rieur : &#8211; 92 \u00e0 &#8211; 90 Ma environ<\/span><\/p>\n<p><span style=\"color: #000000\"><em><u>Roches\u00a0s\u00e9dimentaires<\/u> :\u00a0<\/em>calcaires cryptocristallins et calcaires graveleux \u00e0 Rudistes<\/span><\/p>\n<p><span style=\"color: #000000\"><em><u>Conditions de formation et pal\u00e9oenvironnement<\/u><\/em>\u00a0:<\/span><\/p>\n<p><span style=\"color: #000000\">Apr\u00e8s l&#8217;\u00e9mersion de l&#8217;ensemble de la bordure nord-aquitaine durant le Cr\u00e9tac\u00e9 inf\u00e9rieur, le domaine marin se r\u00e9installe pendant tout le Cr\u00e9tac\u00e9 sup\u00e9rieur dans la r\u00e9gion p\u00e9rigourdine. (<em>BRGM &#8211;\u00a0Notice carte g\u00e9ologique P\u00e9rigueux-Ouest n\u00b0758). <\/em><\/span><\/p>\n<p><span style=\"color: #000000\">Si nous observons les strates au niveau de la carri\u00e8re, nous\u00a0 distinguons deux types de calcaires l\u00e9g\u00e8rement diff\u00e9rents\u00a0:<\/span><\/p>\n<ul>\n<li><span style=\"color: #000000\">l\u2019un est plus grossier, strates inf\u00e9rieures, contenant des fossiles plus gros et qualifi\u00e9 de \u00ab\u00a0 calcaire coquillier\u00a0\u00bb.<\/span><\/li>\n<li><span style=\"color: #000000\">l\u2019autre plus fin dans les strates sup\u00e9rieures contenant des fossiles plus petits.<\/span><\/li>\n<\/ul>\n<p><span style=\"color: #000000\">La pr\u00e9sence des rudistes dans ces calcaires, bivalves benthiques fix\u00e9s, permet de dire qu\u2019au TURONIEN et \u00e0 l\u2019emplacement actuel de la carri\u00e8re, il y avait une mer \u00e9picontinentale chaude sous un climat tropical, comme actuellement en Australie sur la grande barri\u00e8re de corail.<\/span><\/p>\n<p><span style=\"color: #000000\">L\u2019emplacement de la carri\u00e8re n\u2019\u00e9tait pas exactement sur la barri\u00e8re car nous ne trouvons pas de fossiles de coraux dans ce calcaire. De plus, en analysant les s\u00e9diments, nous nous rendons compte qu\u2019ils sont \u00ab\u00a0lav\u00e9s\u00a0\u00bb. Ceci t\u00e9moigne d\u2019une s\u00e9dimentation \u00a0ayant eu lieu dans des conditions \u00ab\u00a0 agit\u00e9es\u00a0\u00bb (courants marins) permettant de localiser la s\u00e9dimentation plut\u00f4t sur la bordure de la barri\u00e8re.<\/span><\/p>\n<div class=\"mceTemp\">\u00a0<\/div>\n<figure id=\"attachment_220\" aria-describedby=\"caption-attachment-220\" style=\"width: 689px\" class=\"wp-caption aligncenter\"><a href=\"https:\/\/ent2d.ac-bordeaux.fr\/disciplines\/lithotheque\/wp-content\/uploads\/sites\/59\/2018\/05\/Ensemble_Carrie\u0300re.png\"><img loading=\"lazy\" decoding=\"async\" class=\"size-full wp-image-220\" src=\"https:\/\/ent2d.ac-bordeaux.fr\/disciplines\/lithotheque\/wp-content\/uploads\/sites\/59\/2018\/05\/Ensemble_Carrie\u0300re.png\" alt=\"\" width=\"689\" height=\"389\" srcset=\"https:\/\/ent2d.ac-bordeaux.fr\/disciplines\/lithotheque\/wp-content\/uploads\/sites\/59\/2018\/05\/Ensemble_Carrie\u0300re.png 689w, https:\/\/ent2d.ac-bordeaux.fr\/disciplines\/lithotheque\/wp-content\/uploads\/sites\/59\/2018\/05\/Ensemble_Carrie\u0300re-300x169.png 300w\" sizes=\"auto, (max-width: 689px) 100vw, 689px\" \/><\/a><figcaption id=\"caption-attachment-220\" class=\"wp-caption-text\">Vue d\u2019ensemble de la carri\u00e8re<\/figcaption><\/figure>\n<p>\u00a0<\/p>\n<figure id=\"attachment_221\" aria-describedby=\"caption-attachment-221\" style=\"width: 858px\" class=\"wp-caption aligncenter\"><a href=\"https:\/\/ent2d.ac-bordeaux.fr\/disciplines\/lithotheque\/wp-content\/uploads\/sites\/59\/2018\/05\/Ensemble_affleurement.png\"><img loading=\"lazy\" decoding=\"async\" class=\"size-full wp-image-221\" src=\"https:\/\/ent2d.ac-bordeaux.fr\/disciplines\/lithotheque\/wp-content\/uploads\/sites\/59\/2018\/05\/Ensemble_affleurement.png\" alt=\"\" width=\"858\" height=\"529\" srcset=\"https:\/\/ent2d.ac-bordeaux.fr\/disciplines\/lithotheque\/wp-content\/uploads\/sites\/59\/2018\/05\/Ensemble_affleurement.png 858w, https:\/\/ent2d.ac-bordeaux.fr\/disciplines\/lithotheque\/wp-content\/uploads\/sites\/59\/2018\/05\/Ensemble_affleurement-300x185.png 300w, https:\/\/ent2d.ac-bordeaux.fr\/disciplines\/lithotheque\/wp-content\/uploads\/sites\/59\/2018\/05\/Ensemble_affleurement-768x474.png 768w\" sizes=\"auto, (max-width: 858px) 100vw, 858px\" \/><\/a><figcaption id=\"caption-attachment-221\" class=\"wp-caption-text\">Vue d\u2019ensemble de l\u2019affleurement<\/figcaption><\/figure>\n<div class=\"mceTemp\">\u00a0<\/div>\n<figure id=\"attachment_222\" aria-describedby=\"caption-attachment-222\" style=\"width: 452px\" class=\"wp-caption aligncenter\"><a href=\"https:\/\/ent2d.ac-bordeaux.fr\/disciplines\/lithotheque\/wp-content\/uploads\/sites\/59\/2018\/05\/Calcaire-a\u0300-rudistes_supe\u0301rieur.png\"><img loading=\"lazy\" decoding=\"async\" class=\"size-full wp-image-222\" src=\"https:\/\/ent2d.ac-bordeaux.fr\/disciplines\/lithotheque\/wp-content\/uploads\/sites\/59\/2018\/05\/Calcaire-a\u0300-rudistes_supe\u0301rieur.png\" alt=\"\" width=\"452\" height=\"360\" srcset=\"https:\/\/ent2d.ac-bordeaux.fr\/disciplines\/lithotheque\/wp-content\/uploads\/sites\/59\/2018\/05\/Calcaire-a\u0300-rudistes_supe\u0301rieur.png 452w, https:\/\/ent2d.ac-bordeaux.fr\/disciplines\/lithotheque\/wp-content\/uploads\/sites\/59\/2018\/05\/Calcaire-a\u0300-rudistes_supe\u0301rieur-300x239.png 300w\" sizes=\"auto, (max-width: 452px) 100vw, 452px\" \/><\/a><figcaption id=\"caption-attachment-222\" class=\"wp-caption-text\">Calcaire \u00e0 rudistes : partie sup\u00e9rieure de l\u2019affleurement<\/figcaption><\/figure>\n<div class=\"mceTemp\">\u00a0<\/div>\n<div>\n<table width=\"100%\">\n<tbody>\n<tr>\n<td align=\"center\" width=\"49%\">\n<figure id=\"attachment_223\" aria-describedby=\"caption-attachment-223\" style=\"width: 385px\" class=\"wp-caption alignleft\"><img loading=\"lazy\" decoding=\"async\" src=\"https:\/\/ent2d.ac-bordeaux.fr\/disciplines\/lithotheque\/wp-content\/uploads\/sites\/59\/2018\/05\/Calcaire-a\u0300-rudistes_infe\u0301rieur.png\" width=\"385\" height=\"224\" \/><figcaption id=\"caption-attachment-223\" class=\"wp-caption-text\">Calcaire : partie inf\u00e9rieure de l\u2019affleurement<\/figcaption><\/figure>\n<\/td>\n<td align=\"center\" width=\"51%\"><img loading=\"lazy\" decoding=\"async\" class=\"aligncenter\" src=\"https:\/\/ent2d.ac-bordeaux.fr\/disciplines\/lithotheque\/wp-content\/uploads\/sites\/59\/2018\/05\/Calcaire-a\u0300-rudistes_infe\u0301rieur2.png\" width=\"320\" height=\"224\" \/><\/td>\n<\/tr>\n<\/tbody>\n<\/table>\n<\/div>\n<figure id=\"attachment_225\" aria-describedby=\"caption-attachment-225\" style=\"width: 452px\" class=\"wp-caption aligncenter\"><a href=\"https:\/\/ent2d.ac-bordeaux.fr\/disciplines\/lithotheque\/wp-content\/uploads\/sites\/59\/2018\/05\/Atelier_Carrie\u0300re.png\"><img loading=\"lazy\" decoding=\"async\" class=\"size-full wp-image-225\" src=\"https:\/\/ent2d.ac-bordeaux.fr\/disciplines\/lithotheque\/wp-content\/uploads\/sites\/59\/2018\/05\/Atelier_Carrie\u0300re.png\" alt=\"\" width=\"452\" height=\"381\" srcset=\"https:\/\/ent2d.ac-bordeaux.fr\/disciplines\/lithotheque\/wp-content\/uploads\/sites\/59\/2018\/05\/Atelier_Carrie\u0300re.png 452w, https:\/\/ent2d.ac-bordeaux.fr\/disciplines\/lithotheque\/wp-content\/uploads\/sites\/59\/2018\/05\/Atelier_Carrie\u0300re-300x253.png 300w\" sizes=\"auto, (max-width: 452px) 100vw, 452px\" \/><\/a><figcaption id=\"caption-attachment-225\" class=\"wp-caption-text\">Atelier de d\u00e9coupe des blocs de calcaire<\/figcaption><\/figure>\n<p>\u00a0<\/p>\n<figure id=\"attachment_226\" aria-describedby=\"caption-attachment-226\" style=\"width: 449px\" class=\"wp-caption aligncenter\"><a href=\"https:\/\/ent2d.ac-bordeaux.fr\/disciplines\/lithotheque\/wp-content\/uploads\/sites\/59\/2018\/05\/Re\u0301alisations_Carrie\u0300re.png\"><img loading=\"lazy\" decoding=\"async\" class=\"size-full wp-image-226\" src=\"https:\/\/ent2d.ac-bordeaux.fr\/disciplines\/lithotheque\/wp-content\/uploads\/sites\/59\/2018\/05\/Re\u0301alisations_Carrie\u0300re.png\" alt=\"\" width=\"449\" height=\"279\" srcset=\"https:\/\/ent2d.ac-bordeaux.fr\/disciplines\/lithotheque\/wp-content\/uploads\/sites\/59\/2018\/05\/Re\u0301alisations_Carrie\u0300re.png 449w, https:\/\/ent2d.ac-bordeaux.fr\/disciplines\/lithotheque\/wp-content\/uploads\/sites\/59\/2018\/05\/Re\u0301alisations_Carrie\u0300re-300x186.png 300w\" sizes=\"auto, (max-width: 449px) 100vw, 449px\" \/><\/a><figcaption id=\"caption-attachment-226\" class=\"wp-caption-text\">Quelques r\u00e9alisations faites \u00e0 partir du calcaire extrait de la carri\u00e8re<\/figcaption><\/figure>\n<p><span style=\"color: #000000\"><strong><u>Activit\u00e9s envisageables<\/u> :<\/strong><\/span><\/p>\n<ul>\n<li><span style=\"color: #000000\">Retrouver les traces d\u2019un ancien domaine oc\u00e9anique disparu.<\/span><\/li>\n<li><span style=\"color: #000000\">Reconstituer un pal\u00e9oenvironnement \u00e0 partir de l\u2019\u00e9tude des fossiles et comprendre l\u2019histoire g\u00e9ologique de la r\u00e9gion.<\/span><\/li>\n<li><span style=\"color: #000000\">Etude du r\u00f4le de l\u2019eau dans la carri\u00e8re (circuit, bassin de r\u00e9tention, etc..)<\/span><\/li>\n<li><span style=\"color: #000000\">Etude d\u2019une ressource locale.<\/span><\/li>\n<li><span style=\"color: #000000\">Etude des caract\u00e9ristiques des roches \u00e0 grande et petite \u00e9chelle : perm\u00e9abilit\u00e9, porosit\u00e9, etc\u2026<\/span><\/li>\n<li><span style=\"color: #000000\">Pr\u00e9l\u00e8vements d\u2019\u00e9chantillons sur le terrain pour en faire des analyses en classe : roches, eau<\/span><\/li>\n<li><span style=\"color: #000000\">Remplissage d\u2019un carnet de terrain avec des photographies des affleurements permettant de mettre en l\u00e9gende les observations des \u00e9l\u00e8ves et de compl\u00e9ter un QCM permettant de v\u00e9rifier que les \u00e9l\u00e8ves ont assimil\u00e9 les informations construites par les r\u00e9flexions du groupe.<\/span><\/li>\n<li><span style=\"color: #000000\">Sorties pluridisciplinaires :<\/span>\n<ul>\n<li><span style=\"color: #000000\"><u>Lyc\u00e9e<\/u>\u00a0: lien avec <strong>l\u2019Histoire &#8211;<\/strong> <strong>G\u00e9ographie<\/strong><\/span>\n<ul>\n<li><span style=\"color: #000000\"><u>Classe de seconde<\/u> :\u00a0Soci\u00e9t\u00e9 et d\u00e9veloppement durable &#8211; Th\u00e8me 2\u00a0: g\u00e9rer les ressources terrestres\u00a0: Ma\u00eetrise de l\u2019eau et transformation des espaces\/G\u00e9rer une ressource convoit\u00e9e et parfois menac\u00e9e.<\/span><\/li>\n<li><span style=\"color: #000000\"><u>Classe de premi\u00e8re<\/u> :\u00a0valoriser et m\u00e9nager les milieux, la gestion durable d\u2019un milieu\u00a0<\/span><\/li>\n<\/ul>\n<\/li>\n<li><span style=\"color: #000000\"><u>Coll\u00e8ge cycle 3<\/u> : En lien avec les <strong>Sciences Physiques<\/strong> &#8211; THEME : Le vivant, sa diversit\u00e9 et les fonctions qui le caract\u00e9risent. D\u00e9crire les \u00e9tats et la constitution de la mati\u00e8re \u00e0 l\u2019\u00e9chelle macroscopique. R\u00e9aliser des m\u00e9langes peut provoquer des transformations de la mati\u00e8re (dissolution, r\u00e9action -&gt; calcaire)<\/span><\/li>\n<li><span style=\"color: #000000\"><u>Coll\u00e8ge cycle 4<\/u>\u00a0: En lien avec <strong>l&#8217;histoire et la g\u00e9ographie. <\/strong>\u00a0<strong><em>Les paysages qui m&#8217;entourent<\/em>,<\/strong> l&#8217;exploitation des ressources par l&#8217;\u00eatre humain (eau, mat\u00e9riaux, ressources \u00e9nerg\u00e9tiques, sol et biodiversit\u00e9 cultiv\u00e9e) mod\u00e8le les paysages\u00a0; paysagisme et urbanisme (r\u00e9habilitation de sites industriels, les friches et jardins dans la ville&#8230;)\u00a0; le rapport \u00e0 l&#8217;eau dans diff\u00e9rentes cultures\u00a0; histoire des techniques d&#8217;approvisionnement en eau.<\/span><\/li>\n<li><span style=\"color: #000000\"><u>Coll\u00e8ge cycle 4<\/u> : lien avec les<strong> Arts Plastiques\u00a0: <\/strong>Arts et paysages, la reconstitution des paysages du pass\u00e9 dans l&#8217;art et dans la litt\u00e9rature. Cr\u00e9ation artistique dans les paysages\u00a0: land art, etc<\/span><\/li>\n<\/ul>\n<\/li>\n<\/ul>\n<p><span style=\"color: #000000\"><strong><u>Capacit\u00e9s et attitudes<\/u> :<\/strong><\/span><\/p>\n<ul>\n<li><span style=\"color: #000000\">Pratiquer une d\u00e9marche d\u2019investigation \u00e0 partir d\u2019un travail de terrain favorisant l\u2019autonomie des \u00e9l\u00e8ves\u00a0: observations, lecture du paysage, dessin de croquis d\u2019affleurements.<\/span><\/li>\n<li><span style=\"color: #000000\">Recenser, extraire et organiser des donn\u00e9es de terrain lors d&#8217;une sortie.<\/span><\/li>\n<li><span style=\"color: #000000\">Rep\u00e9rer \u00e0 diff\u00e9rentes \u00e9chelles, de l&#8217;\u00e9chantillon macroscopique de roche \u00e0 la lame mince, des min\u00e9raux et des fossiles t\u00e9moignant d\u2019une s\u00e9dimentation en milieu oc\u00e9anique peu profond.<\/span><\/li>\n<li><span style=\"color: #000000\">Comprendre comment le cadre g\u00e9n\u00e9ral de la tectonique des plaques permet de retrouver les conditions d\u2019existence d\u2019une ressource g\u00e9ologique proche de l\u2019\u00e9tablissement.<\/span><\/li>\n<\/ul>\n<p><span style=\"color: #339966\"><strong><span style=\"text-decoration: underline\">Ressources pour l\u2019EDD<\/span><\/strong> : <\/span><br \/><span style=\"color: #339966\">Du point de vue de l\u2019impact sur l\u2019environnement, plusieurs pistes de r\u00e9flexion peuvent \u00eatre envisag\u00e9es :<\/span><\/p>\n<p style=\"padding-left: 40px\"><strong><span style=\"color: #339966\">&#8211; Model\u00e9 des paysages<\/span><\/strong><br \/><strong><span style=\"color: #339966\">&#8211; Bruit<\/span><\/strong><br \/><strong><span style=\"color: #339966\">&#8211; Poussi\u00e8res et trafic routier<\/span><\/strong><br \/><strong><span style=\"color: #339966\">&#8211; Pr\u00e9servation du milieu naturel et de sa biodiversit\u00e9<\/span><\/strong><br \/><strong><span style=\"color: #339966\">&#8211; Ressource en eau<\/span><\/strong><br \/><strong><span style=\"color: #339966\">&#8211; Am\u00e9nagement des carri\u00e8res <\/span><\/strong><br \/><strong><span style=\"color: #339966\">&#8211; R\u00e9am\u00e9nagement d\u2019anciennes carri\u00e8res<\/span><\/strong><br \/><strong><span style=\"color: #339966\">&#8211; Gestion des d\u00e9chets <\/span><\/strong><br \/><strong><span style=\"color: #339966\">&#8211; Lutte contre la pollution <\/span><\/strong><br \/><strong><span style=\"color: #339966\">&#8211; La protection et la s\u00e9curit\u00e9 du personnel<\/span><\/strong><\/p>\n<p><span style=\"color: #000000\"><strong><u>Acc\u00e8s \/ s\u00e9curit\u00e9<\/u>\u00a0:<\/strong><\/span><\/p>\n<p><span style=\"color: #000000\">Depuis P\u00e9rigueux prendre direction de Saint-Just via la D2 puis dans Saint-Vivien prendre \u00e0 droite la D93 en direction de Paussac. Parcourir environ 2 Km et vous trouverez l\u2019entr\u00e9e de la carri\u00e8re sur votre droite.<\/span><\/p>\n<p><span style=\"color: #000000\">Le bus peut rentrer dans l\u2019enceinte de la carri\u00e8re. Il y a un parking pr\u00e8s de l\u2019accueil.<\/span><\/p>\n<div class=\"mceTemp\">\u00a0<\/div>\n<div>\n<table width=\"100%\">\n<tbody>\n<tr>\n<td align=\"center\" width=\"49%\">\n<figure id=\"attachment_216\" aria-describedby=\"caption-attachment-216\" style=\"width: 380px\" class=\"wp-caption aligncenter\"><img loading=\"lazy\" decoding=\"async\" class=\"\" src=\"https:\/\/ent2d.ac-bordeaux.fr\/disciplines\/lithotheque\/wp-content\/uploads\/sites\/59\/2018\/05\/Carte_Carrie\u0300re.png\" width=\"380\" height=\"420\" \/><figcaption id=\"caption-attachment-216\" class=\"wp-caption-text\">Carte_Carrie\u0300re<\/figcaption><\/figure>\n<\/td>\n<td align=\"center\" width=\"51%\">\n<figure id=\"attachment_217\" aria-describedby=\"caption-attachment-217\" style=\"width: 465px\" class=\"wp-caption aligncenter\"><img loading=\"lazy\" decoding=\"async\" class=\"\" src=\"https:\/\/ent2d.ac-bordeaux.fr\/disciplines\/lithotheque\/wp-content\/uploads\/sites\/59\/2018\/05\/Carte_Carrie\u0300re_2.png\" width=\"465\" height=\"391\" \/><figcaption id=\"caption-attachment-217\" class=\"wp-caption-text\">Carte_Carrie\u0300re_2<\/figcaption><\/figure>\n<\/td>\n<\/tr>\n<\/tbody>\n<\/table>\n<\/div>\n<figure id=\"attachment_218\" aria-describedby=\"caption-attachment-218\" style=\"width: 535px\" class=\"wp-caption aligncenter\"><a href=\"https:\/\/ent2d.ac-bordeaux.fr\/disciplines\/lithotheque\/wp-content\/uploads\/sites\/59\/2018\/05\/Saint-Vivien.png\"><img loading=\"lazy\" decoding=\"async\" class=\"size-full wp-image-218\" src=\"https:\/\/ent2d.ac-bordeaux.fr\/disciplines\/lithotheque\/wp-content\/uploads\/sites\/59\/2018\/05\/Saint-Vivien.png\" alt=\"\" width=\"535\" height=\"341\" srcset=\"https:\/\/ent2d.ac-bordeaux.fr\/disciplines\/lithotheque\/wp-content\/uploads\/sites\/59\/2018\/05\/Saint-Vivien.png 535w, https:\/\/ent2d.ac-bordeaux.fr\/disciplines\/lithotheque\/wp-content\/uploads\/sites\/59\/2018\/05\/Saint-Vivien-300x191.png 300w\" sizes=\"auto, (max-width: 535px) 100vw, 535px\" \/><\/a><figcaption id=\"caption-attachment-218\" class=\"wp-caption-text\">Dans Saint-Vivien prendre \u00e0 droite la D93 \u00e0 l\u2019angle de la maison aux volets bleus, direction Paussac et Leguillac<\/figcaption><\/figure>\n<div class=\"mceTemp\">\u00a0<\/div>\n<figure id=\"attachment_219\" aria-describedby=\"caption-attachment-219\" style=\"width: 487px\" class=\"wp-caption aligncenter\"><a href=\"https:\/\/ent2d.ac-bordeaux.fr\/disciplines\/lithotheque\/wp-content\/uploads\/sites\/59\/2018\/05\/Entre\u0301e_Carrie\u0300re.png\"><img loading=\"lazy\" decoding=\"async\" class=\"size-full wp-image-219\" src=\"https:\/\/ent2d.ac-bordeaux.fr\/disciplines\/lithotheque\/wp-content\/uploads\/sites\/59\/2018\/05\/Entre\u0301e_Carrie\u0300re.png\" alt=\"\" width=\"487\" height=\"364\" srcset=\"https:\/\/ent2d.ac-bordeaux.fr\/disciplines\/lithotheque\/wp-content\/uploads\/sites\/59\/2018\/05\/Entre\u0301e_Carrie\u0300re.png 487w, https:\/\/ent2d.ac-bordeaux.fr\/disciplines\/lithotheque\/wp-content\/uploads\/sites\/59\/2018\/05\/Entre\u0301e_Carrie\u0300re-300x224.png 300w\" sizes=\"auto, (max-width: 487px) 100vw, 487px\" \/><\/a><figcaption id=\"caption-attachment-219\" class=\"wp-caption-text\">Entre\u0301e_Carrie\u0300re<\/figcaption><\/figure>\n<p><span style=\"color: #000000\"><strong><u>Mots-cl\u00e9s et liens avec les programmes<\/u>\u00a0:<\/strong><\/span><\/p>\n<table width=\"100%\">\n<tbody>\n<tr>\n<td style=\"text-align: center\" colspan=\"2\" width=\"321\"><span style=\"color: #000000\"><strong>Coll\u00e8ge<\/strong><\/span><\/td>\n<td style=\"text-align: center\" colspan=\"2\" width=\"321\"><span style=\"color: #000000\"><strong>Lyc\u00e9e<\/strong><\/span><\/td>\n<\/tr>\n<tr>\n<td style=\"text-align: center\" rowspan=\"3\" width=\"321\"><span style=\"color: #000000\"><strong>Cycle 3<\/strong><\/span><\/td>\n<td style=\"text-align: center\" rowspan=\"3\" width=\"321\">\u00a0<\/td>\n<td style=\"text-align: center\" rowspan=\"2\" width=\"321\"><span style=\"color: #000000\"><strong>2nde<\/strong><\/span><\/td>\n<td style=\"text-align: left\" width=\"321\">THEME 2 \u2013 S\u00e9dimentation et milieux de s\u00e9dimentation.<\/td>\n<\/tr>\n<tr>\n<td style=\"text-align: left\" width=\"321\">THEME 2 \u2013 Erosion et activit\u00e9 humaine.<\/td>\n<\/tr>\n<tr>\n<td style=\"text-align: center\" width=\"50\"><span style=\"color: #000000\"><strong>Premi\u00e8re Sp\u00e9cialit\u00e9<\/strong><\/span><\/td>\n<td width=\"271\">THEME 1 &#8211;\u00a0 La dynamique des zones de divergence.<\/td>\n<\/tr>\n<tr>\n<td style=\"text-align: center\" width=\"58\"><span style=\"color: #000000\"><strong>Cycle 4<\/strong><\/span><\/td>\n<td width=\"264\">\u00a0<span style=\"color: #000000\">Caract\u00e9riser quelques-uns des principaux enjeux de l\u2019exploitation d\u2019une ressource naturelle par l\u2019\u00eatre humain, pour ses activit\u00e9s quotidiennes, en lien avec quelques grandes questions de soci\u00e9t\u00e9.<\/span><\/td>\n<td style=\"text-align: center\" width=\"50\"><span style=\"color: #000000\"><strong>TS<\/strong><\/span><\/td>\n<td width=\"271\"><span style=\"color: #000000\">Th\u00e8me 1B2 &#8211; La convergence lithosph\u00e9rique<\/span><\/td>\n<\/tr>\n<tr>\n<td style=\"text-align: center\" colspan=\"4\" width=\"642\"><span style=\"color: #000000\"><strong>Parcours Avenir<\/strong><\/span><\/td>\n<\/tr>\n<tr>\n<td style=\"text-align: left\" colspan=\"4\" width=\"642\"><span style=\"color: #000000\">D\u00e9couverte des m\u00e9tiers tournant autour de l\u2019hydrog\u00e9ologie, du m\u00e9tier de carrier, etc\u2026<\/span><\/td>\n<\/tr>\n<\/tbody>\n<\/table>\n<p><span style=\"color: #000000\"><strong><u>A proximit\u00e9<\/u>\u00a0:<\/strong><\/span><\/p>\n<ul>\n<li><span style=\"color: #000000\"><strong>Ch\u00e2teau de Bourdeilles<\/strong> (mus\u00e9e)<\/span><\/li>\n<li><span style=\"color: #000000\"><strong>Sites et sentier d\u2019interpr\u00e9tation des meuli\u00e8res<\/strong> \u00e0 Saint cr\u00e9pin de Richemond (24310)<\/span><\/li>\n<li><span style=\"color: #000000\">Sites de la <strong>grotte touristique des <a href=\"http:\/\/www.creap.fr\/Bernoux.htm\">Bernoux<\/a><\/strong> (Art rupestre, gravures, Pal\u00e9olithique sup\u00e9rieur)\u00a0<\/span><\/li>\n<li><span style=\"color: #000000\"><strong>Grotte du Trou de la Ch\u00e8vre <\/strong>\u00e0 Bourdeilles<\/span><\/li>\n<li><span style=\"color: #000000\"><strong>La Peyre d\u2019Ermale<\/strong> 24310 Paussac-et-Saint-Vivien<\/span><\/li>\n<li><span style=\"color: #000000\"><strong>Le Rocher du Fournea du Diable<\/strong>, lien <span style=\"color: #3366ff\"><a href=\"http:\/\/sigesaqi.brgm.fr\/-7-Affleurements-de-calcaires-bioclastiques-communes-de-.html?id_document=950#document_actif\">site BRGM<\/a><\/span><\/span><\/li>\n<li><span style=\"color: #000000\"><strong>Le Vieux Breuil\u00a0<\/strong>: Ruines d\u2019un <span style=\"color: #3366ff\"><a href=\"http:\/\/www.ma-dordogne-cachee.fr\/album-2051568.html\">village abandonn\u00e9<\/a><\/span> de carriers construit avec le calcaire de la r\u00e9gion (entre P\u00e9rigueux et La Tour Blanche, prendre, apr\u00e8s Saint-Just, la 1\u00e8re \u00e0 droite)<\/span><\/li>\n<\/ul>","protected":false},"excerpt":{"rendered":"<p>\u00a0 Coordonn\u00e9es g\u00e9ographiques et GPS du site 45\u00b020&#8217;08.1&#8243;N 0\u00b032&#8217;08.7&#8243;E 45,335569 0,535760 Description du site : Datation\u00a0: Cr\u00e9tac\u00e9 sup\u00e9rieur &#8211; Turonien sup\u00e9rieur\u2013 Angoumien sup\u00e9rieur : &#8211; 92 \u00e0 &#8211; 90 Ma &#8230;<\/p>\n","protected":false},"author":8,"featured_media":0,"parent":0,"menu_order":0,"comment_status":"closed","ping_status":"closed","template":"template-left-sidebar.php","meta":{"footnotes":""},"class_list":["post-214","page","type-page","status-publish","hentry"],"_links":{"self":[{"href":"https:\/\/ent2d.ac-bordeaux.fr\/disciplines\/lithotheque\/wp-json\/wp\/v2\/pages\/214","targetHints":{"allow":["GET"]}}],"collection":[{"href":"https:\/\/ent2d.ac-bordeaux.fr\/disciplines\/lithotheque\/wp-json\/wp\/v2\/pages"}],"about":[{"href":"https:\/\/ent2d.ac-bordeaux.fr\/disciplines\/lithotheque\/wp-json\/wp\/v2\/types\/page"}],"author":[{"embeddable":true,"href":"https:\/\/ent2d.ac-bordeaux.fr\/disciplines\/lithotheque\/wp-json\/wp\/v2\/users\/8"}],"replies":[{"embeddable":true,"href":"https:\/\/ent2d.ac-bordeaux.fr\/disciplines\/lithotheque\/wp-json\/wp\/v2\/comments?post=214"}],"version-history":[{"count":26,"href":"https:\/\/ent2d.ac-bordeaux.fr\/disciplines\/lithotheque\/wp-json\/wp\/v2\/pages\/214\/revisions"}],"predecessor-version":[{"id":1453,"href":"https:\/\/ent2d.ac-bordeaux.fr\/disciplines\/lithotheque\/wp-json\/wp\/v2\/pages\/214\/revisions\/1453"}],"wp:attachment":[{"href":"https:\/\/ent2d.ac-bordeaux.fr\/disciplines\/lithotheque\/wp-json\/wp\/v2\/media?parent=214"}],"curies":[{"name":"wp","href":"https:\/\/api.w.org\/{rel}","templated":true}]}}