{"id":198,"date":"2018-05-14T20:57:07","date_gmt":"2018-05-14T18:57:07","guid":{"rendered":"https:\/\/ent2d.ac-bordeaux.fr\/disciplines\/lithotheque\/?page_id=198"},"modified":"2020-09-09T16:22:43","modified_gmt":"2020-09-09T14:22:43","slug":"24-la-sibaudie","status":"publish","type":"page","link":"https:\/\/ent2d.ac-bordeaux.fr\/disciplines\/lithotheque\/24-la-sibaudie\/","title":{"rendered":"24 &#8211; Calcaires \u00e0 Rudistes"},"content":{"rendered":"<h6 style=\"text-align: center\"><\/h6>\n<table style=\"height: 72px\" width=\"100%\">\n<tbody>\n<tr>\n<td style=\"text-align: center\" colspan=\"2\" width=\"241\"><span style=\"color: #00ccff\"><a style=\"color: #00ccff\" href=\"http:\/\/u.osmfr.org\/m\/227984\/\"><strong>Coordonn\u00e9es g\u00e9ographiques et GPS du site<\/strong><\/a><\/span><\/td>\n<\/tr>\n<tr>\n<td style=\"text-align: center\" width=\"121\"><span style=\"color: #000000\">45\u00b014&#8217;57.0&#8243;N<\/span><\/td>\n<td style=\"text-align: center\" width=\"121\"><span style=\"color: #000000\">0\u00b049&#8217;29.7&#8243;E<\/span><\/td>\n<\/tr>\n<tr>\n<td style=\"text-align: center\" width=\"121\"><span style=\"color: #000000\">45,249178<\/span><\/td>\n<td style=\"text-align: center\" width=\"121\"><span style=\"color: #000000\">0,824917<\/span><\/td>\n<\/tr>\n<\/tbody>\n<\/table>\n<div class=\"mceTemp\"><\/div>\n<div>\n<table width=\"100%\">\n<tbody>\n<tr>\n<td align=\"center\" width=\"49%\">\n<p><figure id=\"attachment_199\" aria-describedby=\"caption-attachment-199\" style=\"width: 504px\" class=\"wp-caption alignleft\"><img loading=\"lazy\" decoding=\"async\" src=\"https:\/\/ent2d.ac-bordeaux.fr\/disciplines\/lithotheque\/wp-content\/uploads\/sites\/59\/2018\/05\/Carte-ge\u0301ologique759.png\" width=\"504\" height=\"695\" \/><figcaption id=\"caption-attachment-199\" class=\"wp-caption-text\">Carte g\u00e9ologique : 1\/50 000 N\u00b0759 &#8211; PERIGUEUX-EST<\/figcaption><\/figure><\/td>\n<td align=\"center\" width=\"51%\"><img loading=\"lazy\" decoding=\"async\" src=\"https:\/\/ent2d.ac-bordeaux.fr\/disciplines\/lithotheque\/wp-content\/uploads\/sites\/59\/2018\/09\/Le\u0301gendes-calcaires-rudistes.png\" width=\"464\" height=\"670\" \/><\/td>\n<\/tr>\n<\/tbody>\n<\/table>\n<\/div>\n<p><span style=\"color: #000000\"><strong><u>Description du site<\/u>\u00a0:<\/strong><\/span><\/p>\n<p><span style=\"color: #000000\"><em><u>Datation<\/u><\/em>\u00a0: Cr\u00e9tac\u00e9 sup\u00e9rieur &#8211; Turonien \u2013 Angoumien : -92 \u00e0 &#8211; 90 Ma environ<\/span><\/p>\n<p><span style=\"color: #000000\"><em><u>Roches\u00a0s\u00e9dimentaires<\/u>\u00a0:<\/em> Calcaires crayeux bioclastiques \u00e0 Rudistes<\/span><\/p>\n<p><span style=\"color: #000000\"><em><u>Conditions de formation et pal\u00e9oenvironnement<\/u><\/em>\u00a0:<\/span><\/p>\n<p><span style=\"color: #000000\">Apr\u00e8s l&#8217;\u00e9mersion de l&#8217;ensemble de la bordure nord-aquitaine durant le Cr\u00e9tac\u00e9 inf\u00e9rieur, le domaine marin se r\u00e9installe pendant tout le Cr\u00e9tac\u00e9 sup\u00e9rieur dans la r\u00e9gion p\u00e9rigourdine. (<em>R\u00e9f. Notice carte g\u00e9ologique P\u00e9rigueux-Est). <\/em>\u00c0 la Sibaudie, nous\u00a0 avons un affleurement qui t\u00e9moigne de\u00a0 d\u00e9p\u00f4ts en milieu marin peu profond, c\u2019est \u00e0 dire dans une mer \u00e9picontinentale chaude sous un climat tropical.<\/span><\/p>\n<p><span style=\"color: #000000\">La pr\u00e9sence des rudistes, bivalves benthiques fix\u00e9s, laisse \u00e0 penser que ces d\u00e9p\u00f4ts se sont faits sur un r\u00e9cif de type barri\u00e8re de corail en bordure d\u2019une marge passive au niveau d\u2019un plateau continental.<\/span><\/p>\n<figure id=\"attachment_206\" aria-describedby=\"caption-attachment-206\" style=\"width: 387px\" class=\"wp-caption aligncenter\"><a href=\"https:\/\/ent2d.ac-bordeaux.fr\/disciplines\/lithotheque\/wp-content\/uploads\/sites\/59\/2018\/05\/Affleurement-photo.png\"><img loading=\"lazy\" decoding=\"async\" class=\"size-full wp-image-206\" src=\"https:\/\/ent2d.ac-bordeaux.fr\/disciplines\/lithotheque\/wp-content\/uploads\/sites\/59\/2018\/05\/Affleurement-photo.png\" alt=\"\" width=\"387\" height=\"558\" srcset=\"https:\/\/ent2d.ac-bordeaux.fr\/disciplines\/lithotheque\/wp-content\/uploads\/sites\/59\/2018\/05\/Affleurement-photo.png 387w, https:\/\/ent2d.ac-bordeaux.fr\/disciplines\/lithotheque\/wp-content\/uploads\/sites\/59\/2018\/05\/Affleurement-photo-208x300.png 208w\" sizes=\"auto, (max-width: 387px) 100vw, 387px\" \/><\/a><figcaption id=\"caption-attachment-206\" class=\"wp-caption-text\">Photo de l\u2019affleurement<\/figcaption><\/figure>\n<figure id=\"attachment_207\" aria-describedby=\"caption-attachment-207\" style=\"width: 389px\" class=\"wp-caption aligncenter\"><a href=\"https:\/\/ent2d.ac-bordeaux.fr\/disciplines\/lithotheque\/wp-content\/uploads\/sites\/59\/2018\/05\/Calacaire-a\u0300-rudistes.png\"><img loading=\"lazy\" decoding=\"async\" class=\"size-full wp-image-207\" src=\"https:\/\/ent2d.ac-bordeaux.fr\/disciplines\/lithotheque\/wp-content\/uploads\/sites\/59\/2018\/05\/Calacaire-a\u0300-rudistes.png\" alt=\"\" width=\"389\" height=\"406\" srcset=\"https:\/\/ent2d.ac-bordeaux.fr\/disciplines\/lithotheque\/wp-content\/uploads\/sites\/59\/2018\/05\/Calacaire-a\u0300-rudistes.png 389w, https:\/\/ent2d.ac-bordeaux.fr\/disciplines\/lithotheque\/wp-content\/uploads\/sites\/59\/2018\/05\/Calacaire-a\u0300-rudistes-287x300.png 287w\" sizes=\"auto, (max-width: 389px) 100vw, 389px\" \/><\/a><figcaption id=\"caption-attachment-207\" class=\"wp-caption-text\">Calcaire \u00e0 rudistes<\/figcaption><\/figure>\n<figure id=\"attachment_208\" aria-describedby=\"caption-attachment-208\" style=\"width: 520px\" class=\"wp-caption aligncenter\"><a href=\"https:\/\/ent2d.ac-bordeaux.fr\/disciplines\/lithotheque\/wp-content\/uploads\/sites\/59\/2018\/05\/Calcaire-a\u0300-rudistes2.png\"><img loading=\"lazy\" decoding=\"async\" class=\"size-full wp-image-208\" src=\"https:\/\/ent2d.ac-bordeaux.fr\/disciplines\/lithotheque\/wp-content\/uploads\/sites\/59\/2018\/05\/Calcaire-a\u0300-rudistes2.png\" alt=\"\" width=\"520\" height=\"312\" srcset=\"https:\/\/ent2d.ac-bordeaux.fr\/disciplines\/lithotheque\/wp-content\/uploads\/sites\/59\/2018\/05\/Calcaire-a\u0300-rudistes2.png 520w, https:\/\/ent2d.ac-bordeaux.fr\/disciplines\/lithotheque\/wp-content\/uploads\/sites\/59\/2018\/05\/Calcaire-a\u0300-rudistes2-300x180.png 300w\" sizes=\"auto, (max-width: 520px) 100vw, 520px\" \/><\/a><figcaption id=\"caption-attachment-208\" class=\"wp-caption-text\">Calcaire \u00e0 rudistes<\/figcaption><\/figure>\n<p><span style=\"color: #000000\"><strong><u>Activit\u00e9s envisageables<\/u> :<\/strong><\/span><\/p>\n<ul>\n<li><span style=\"color: #000000\">Retrouver les marqueurs de la mise en place d\u2019un plancher oc\u00e9anique et d\u2019une s\u00e9dimentation oc\u00e9anique.<\/span><\/li>\n<li><span style=\"color: #000000\">Retrouver les traces d\u2019un ancien domaine oc\u00e9anique disparu.<\/span><\/li>\n<li><span style=\"color: #000000\">Reconstituer un pal\u00e9oenvironnement \u00e0 partir de l\u2019\u00e9tude des fossiles.<\/span><\/li>\n<li><span style=\"color: #000000\">Etude du paysage karstique en Dordogne\/P\u00e9rigord Blanc.<\/span><\/li>\n<\/ul>\n<p><span style=\"color: #000000\"><strong><u>Capacit\u00e9s et attitudes<\/u> :<\/strong><\/span><\/p>\n<ul>\n<li><span style=\"color: #000000\">Pratiquer une d\u00e9marche d\u2019investigation \u00e0 partir d\u2019un travail de terrain favorisant l\u2019autonomie des \u00e9l\u00e8ves.<\/span><\/li>\n<li><span style=\"color: #000000\">Recenser, extraire et organiser des donn\u00e9es de terrain lors d&#8217;une sortie.<\/span><\/li>\n<li><span style=\"color: #000000\">Rep\u00e9rer \u00e0 diff\u00e9rentes \u00e9chelles, de l&#8217;\u00e9chantillon macroscopique de roche \u00e0 la lame mince, des min\u00e9raux et des fossiles t\u00e9moignant d\u2019une s\u00e9dimentation en milieu oc\u00e9anique peu profond.<\/span><\/li>\n<\/ul>\n<p><span style=\"color: #000000\"><strong><u>Acc\u00e8s \/ s\u00e9curit\u00e9<\/u>\u00a0:<\/strong><\/span><\/p>\n<p><span style=\"color: #000000\">Le site est localis\u00e9 au lieu-dit \u00ab\u00a0 La Sibaudie\u00a0\u00bb<\/span><\/p>\n<p><span style=\"color: #000000\">Sortir de P\u00e9rigueux direction Limoges, traverser Tr\u00e9lissac, Charrieras et Antonne (N21) puis au lieu-dit \u00ab\u00a0Lauri\u00e8re\u00a0\u00bb prendre \u00e0 gauche sur la D69. Continuer sur 3km700.<\/span><\/p>\n<p><span style=\"color: #000000\">Sur la gauche vous trouverez un parking o\u00f9 un car peut\u00a0 stationner. Ensuite parcourir \u00e0 pied 50 m\u00e8tres sur la D69. Prendre le chemin \u00e0 droite signal\u00e9 par le panneau \u00a0\u00ab\u00a0La Sibaudie\u00a0\u00bb.<\/span><\/p>\n<p><span style=\"color: #000000\">Sur le chemin, marcher sur 200m environ puis le quitter pour rejoindre l\u2019affleurement qui se trouve sur la droite (dans le bois). La distance entre le chemin et l\u2019affleurement (\u00e0 droite) correspond \u00e0 environ 100 \u00e0 150 m\u00e8tres.<\/span><\/p>\n<p><span style=\"color: #000000\">Distance totale \u00e0 parcourir \u00e0 pied\u00a0: 400 \u00e0 450 m\u00e8tres.<\/span><\/p>\n<figure id=\"attachment_200\" aria-describedby=\"caption-attachment-200\" style=\"width: 402px\" class=\"wp-caption aligncenter\"><a href=\"https:\/\/ent2d.ac-bordeaux.fr\/disciplines\/lithotheque\/wp-content\/uploads\/sites\/59\/2018\/05\/Carte_La_Sibaudie.png\"><img loading=\"lazy\" decoding=\"async\" class=\"size-full wp-image-200\" src=\"https:\/\/ent2d.ac-bordeaux.fr\/disciplines\/lithotheque\/wp-content\/uploads\/sites\/59\/2018\/05\/Carte_La_Sibaudie.png\" alt=\"\" width=\"402\" height=\"449\" srcset=\"https:\/\/ent2d.ac-bordeaux.fr\/disciplines\/lithotheque\/wp-content\/uploads\/sites\/59\/2018\/05\/Carte_La_Sibaudie.png 402w, https:\/\/ent2d.ac-bordeaux.fr\/disciplines\/lithotheque\/wp-content\/uploads\/sites\/59\/2018\/05\/Carte_La_Sibaudie-269x300.png 269w\" sizes=\"auto, (max-width: 402px) 100vw, 402px\" \/><\/a><figcaption id=\"caption-attachment-200\" class=\"wp-caption-text\">Carte_La_Sibaudie<\/figcaption><\/figure>\n<figure id=\"attachment_201\" aria-describedby=\"caption-attachment-201\" style=\"width: 691px\" class=\"wp-caption aligncenter\"><a href=\"https:\/\/ent2d.ac-bordeaux.fr\/disciplines\/lithotheque\/wp-content\/uploads\/sites\/59\/2018\/05\/Carte_La_Sibaudie_2.png\"><img loading=\"lazy\" decoding=\"async\" class=\"size-full wp-image-201\" src=\"https:\/\/ent2d.ac-bordeaux.fr\/disciplines\/lithotheque\/wp-content\/uploads\/sites\/59\/2018\/05\/Carte_La_Sibaudie_2.png\" alt=\"\" width=\"691\" height=\"481\" srcset=\"https:\/\/ent2d.ac-bordeaux.fr\/disciplines\/lithotheque\/wp-content\/uploads\/sites\/59\/2018\/05\/Carte_La_Sibaudie_2.png 691w, https:\/\/ent2d.ac-bordeaux.fr\/disciplines\/lithotheque\/wp-content\/uploads\/sites\/59\/2018\/05\/Carte_La_Sibaudie_2-300x209.png 300w\" sizes=\"auto, (max-width: 691px) 100vw, 691px\" \/><\/a><figcaption id=\"caption-attachment-201\" class=\"wp-caption-text\">Carte_La_Sibaudie_2<\/figcaption><\/figure>\n<figure id=\"attachment_202\" aria-describedby=\"caption-attachment-202\" style=\"width: 672px\" class=\"wp-caption aligncenter\"><a href=\"https:\/\/ent2d.ac-bordeaux.fr\/disciplines\/lithotheque\/wp-content\/uploads\/sites\/59\/2018\/05\/Parking.png\"><img loading=\"lazy\" decoding=\"async\" class=\"size-full wp-image-202\" src=\"https:\/\/ent2d.ac-bordeaux.fr\/disciplines\/lithotheque\/wp-content\/uploads\/sites\/59\/2018\/05\/Parking.png\" alt=\"\" width=\"672\" height=\"370\" srcset=\"https:\/\/ent2d.ac-bordeaux.fr\/disciplines\/lithotheque\/wp-content\/uploads\/sites\/59\/2018\/05\/Parking.png 672w, https:\/\/ent2d.ac-bordeaux.fr\/disciplines\/lithotheque\/wp-content\/uploads\/sites\/59\/2018\/05\/Parking-300x165.png 300w\" sizes=\"auto, (max-width: 672px) 100vw, 672px\" \/><\/a><figcaption id=\"caption-attachment-202\" class=\"wp-caption-text\">Parking sur la gauche en venant de \u00ab Lauri\u00e8re \u00bb<\/figcaption><\/figure>\n<figure id=\"attachment_203\" aria-describedby=\"caption-attachment-203\" style=\"width: 381px\" class=\"wp-caption aligncenter\"><a href=\"https:\/\/ent2d.ac-bordeaux.fr\/disciplines\/lithotheque\/wp-content\/uploads\/sites\/59\/2018\/05\/Chemin.png\"><img loading=\"lazy\" decoding=\"async\" class=\"size-full wp-image-203\" src=\"https:\/\/ent2d.ac-bordeaux.fr\/disciplines\/lithotheque\/wp-content\/uploads\/sites\/59\/2018\/05\/Chemin.png\" alt=\"\" width=\"381\" height=\"275\" srcset=\"https:\/\/ent2d.ac-bordeaux.fr\/disciplines\/lithotheque\/wp-content\/uploads\/sites\/59\/2018\/05\/Chemin.png 381w, https:\/\/ent2d.ac-bordeaux.fr\/disciplines\/lithotheque\/wp-content\/uploads\/sites\/59\/2018\/05\/Chemin-300x217.png 300w\" sizes=\"auto, (max-width: 381px) 100vw, 381px\" \/><\/a><figcaption id=\"caption-attachment-203\" class=\"wp-caption-text\">Chemin \u00e0 droite qui se trouve \u00e0 50 m\u00e8tres du parking.<\/figcaption><\/figure>\n<figure id=\"attachment_204\" aria-describedby=\"caption-attachment-204\" style=\"width: 466px\" class=\"wp-caption aligncenter\"><a href=\"https:\/\/ent2d.ac-bordeaux.fr\/disciplines\/lithotheque\/wp-content\/uploads\/sites\/59\/2018\/05\/Chemin2.png\"><img loading=\"lazy\" decoding=\"async\" class=\"size-full wp-image-204\" src=\"https:\/\/ent2d.ac-bordeaux.fr\/disciplines\/lithotheque\/wp-content\/uploads\/sites\/59\/2018\/05\/Chemin2.png\" alt=\"\" width=\"466\" height=\"262\" srcset=\"https:\/\/ent2d.ac-bordeaux.fr\/disciplines\/lithotheque\/wp-content\/uploads\/sites\/59\/2018\/05\/Chemin2.png 466w, https:\/\/ent2d.ac-bordeaux.fr\/disciplines\/lithotheque\/wp-content\/uploads\/sites\/59\/2018\/05\/Chemin2-300x169.png 300w\" sizes=\"auto, (max-width: 466px) 100vw, 466px\" \/><\/a><figcaption id=\"caption-attachment-204\" class=\"wp-caption-text\">L\u2019affleurement est \u00e0 droite \u00e0 environ 150-200 m en remontant le chemin.<\/figcaption><\/figure>\n<figure id=\"attachment_205\" aria-describedby=\"caption-attachment-205\" style=\"width: 441px\" class=\"wp-caption aligncenter\"><a href=\"https:\/\/ent2d.ac-bordeaux.fr\/disciplines\/lithotheque\/wp-content\/uploads\/sites\/59\/2018\/05\/Affleurement.png\"><img loading=\"lazy\" decoding=\"async\" class=\"size-full wp-image-205\" src=\"https:\/\/ent2d.ac-bordeaux.fr\/disciplines\/lithotheque\/wp-content\/uploads\/sites\/59\/2018\/05\/Affleurement.png\" alt=\"\" width=\"441\" height=\"300\" srcset=\"https:\/\/ent2d.ac-bordeaux.fr\/disciplines\/lithotheque\/wp-content\/uploads\/sites\/59\/2018\/05\/Affleurement.png 441w, https:\/\/ent2d.ac-bordeaux.fr\/disciplines\/lithotheque\/wp-content\/uploads\/sites\/59\/2018\/05\/Affleurement-300x204.png 300w\" sizes=\"auto, (max-width: 441px) 100vw, 441px\" \/><\/a><figcaption id=\"caption-attachment-205\" class=\"wp-caption-text\">Affleurement \u00e0 environ 100-150 m\u00e8tres dans le bois.<\/figcaption><\/figure>\n<p><span style=\"color: #000000\"><strong><u>Mots-cl\u00e9s et liens avec les programmes<\/u>\u00a0:<\/strong><\/span><\/p>\n<table width=\"100%\">\n<tbody>\n<tr>\n<td style=\"text-align: center\" colspan=\"2\" width=\"321\"><span style=\"color: #000000\"><strong>Coll\u00e8ge<\/strong><\/span><\/td>\n<td style=\"text-align: center\" colspan=\"2\" width=\"321\"><span style=\"color: #000000\"><strong>Lyc\u00e9e<\/strong><\/span><\/td>\n<\/tr>\n<tr>\n<td style=\"text-align: center\" rowspan=\"2\" width=\"321\"><span style=\"color: #000000\"><strong>Cycle 3<\/strong><\/span><\/td>\n<td style=\"text-align: left\" rowspan=\"2\" width=\"321\">La plan\u00e8te Terre. Les \u00eatres vivants dans leur environnement\u00a0: Identifier les composantes biologiques et g\u00e9ologiques d\u2019un paysage -Paysages, g\u00e9ologie locale, interactions avec l\u2019environnement et le peuplement.<\/td>\n<td style=\"text-align: center\" width=\"321\"><span style=\"color: #000000\"><strong>2nde<\/strong><\/span><\/td>\n<td style=\"text-align: left\" width=\"321\">THEME 2\u00a0 \u2013 S\u00e9dimentation et milieux de s\u00e9dimentation.<\/td>\n<\/tr>\n<tr>\n<td style=\"text-align: center\" width=\"50\"><strong><span style=\"color: #000000\">Premi\u00e8re<\/span><\/strong><\/p>\n<p><strong>Sp\u00e9cialit\u00e9<\/strong><\/td>\n<td width=\"271\">THEME 1 &#8211;\u00a0 La dynamique des zones de divergence.<\/td>\n<\/tr>\n<tr>\n<td style=\"text-align: center\" width=\"58\"><span style=\"color: #000000\"><strong>Cycle 4<\/strong><\/span><\/td>\n<td width=\"264\">La plan\u00e8te Terre. Les \u00eatres vivants dans leur environnement\u00a0: Expliquer quelques ph\u00e9nom\u00e8nes g\u00e9ologiques a\u0300 partir du contexte g\u00e9odynamique global.<\/td>\n<td style=\"text-align: center\" width=\"50\"><span style=\"color: #000000\"><strong>Terminale Sp\u00e9cialit\u00e9<\/strong><\/span><\/td>\n<td width=\"271\">THEME 1B &#8211; A la recherche du pass\u00e9 g\u00e9ologique de notre plan\u00e8te :<\/p>\n<ul style=\"list-style-type: disc\">\n<li>Le temps et les roches<\/li>\n<li>Les traces du pass\u00e9 mouvement\u00e9 de la Terre\u00a0: La recherche d\u2019oc\u00e9ans disparus.<\/li>\n<\/ul>\n<p>THEME 2 &#8211; Enjeux plan\u00e9taires contemporains<\/p>\n<p style=\"padding-left: 40px\">\u2022 Le climat de la Terre, comprendre le pass\u00e9 pour agir aujourd\u2019hui et demain : reconstituer et comprendre les variations climatiques pass\u00e9es<\/p>\n<\/td>\n<\/tr>\n<\/tbody>\n<\/table>\n<p><span style=\"color: #000000\"><strong><u>A proximit\u00e9<\/u>\u00a0:<\/strong><\/span><\/p>\n<ul>\n<li><span style=\"color: #000000\"><strong>Culture artistique\u00a0<\/strong>: lien avec les <strong>arts plastiques.<\/strong> Arts et paysages\u00a0: <em>la reconstitution des paysages du pass\u00e9 dans l\u2019art et dans la litt\u00e9rature.<\/em><\/span><\/li>\n<li><span style=\"color: #000000\"><strong>Ch\u00e2teau des Bories\u00a0<\/strong>\u00e0 Antonne et Trigonant (24420)<\/span><\/li>\n<li><span style=\"color: #000000\"><strong>For\u00eat Domaniale de Lanmary<\/strong> : parcours de randonn\u00e9es p\u00e9destres (Lien avec l\u2019EPS), flore et faune, ch\u00e2teau de Caussade, etc\u2026<\/span><\/li>\n<\/ul>\n","protected":false},"excerpt":{"rendered":"<p>Coordonn\u00e9es g\u00e9ographiques et GPS du site 45\u00b014&#8217;57.0&#8243;N 0\u00b049&#8217;29.7&#8243;E 45,249178 0,824917 Description du site\u00a0: Datation\u00a0: Cr\u00e9tac\u00e9 sup\u00e9rieur &#8211; Turonien \u2013 Angoumien : -92 \u00e0 &#8211; 90 Ma environ Roches\u00a0s\u00e9dimentaires\u00a0: Calcaires crayeux &#8230;<\/p>\n","protected":false},"author":8,"featured_media":0,"parent":0,"menu_order":0,"comment_status":"closed","ping_status":"closed","template":"template-left-sidebar.php","meta":{"footnotes":""},"class_list":["post-198","page","type-page","status-publish","hentry"],"_links":{"self":[{"href":"https:\/\/ent2d.ac-bordeaux.fr\/disciplines\/lithotheque\/wp-json\/wp\/v2\/pages\/198","targetHints":{"allow":["GET"]}}],"collection":[{"href":"https:\/\/ent2d.ac-bordeaux.fr\/disciplines\/lithotheque\/wp-json\/wp\/v2\/pages"}],"about":[{"href":"https:\/\/ent2d.ac-bordeaux.fr\/disciplines\/lithotheque\/wp-json\/wp\/v2\/types\/page"}],"author":[{"embeddable":true,"href":"https:\/\/ent2d.ac-bordeaux.fr\/disciplines\/lithotheque\/wp-json\/wp\/v2\/users\/8"}],"replies":[{"embeddable":true,"href":"https:\/\/ent2d.ac-bordeaux.fr\/disciplines\/lithotheque\/wp-json\/wp\/v2\/comments?post=198"}],"version-history":[{"count":21,"href":"https:\/\/ent2d.ac-bordeaux.fr\/disciplines\/lithotheque\/wp-json\/wp\/v2\/pages\/198\/revisions"}],"predecessor-version":[{"id":1446,"href":"https:\/\/ent2d.ac-bordeaux.fr\/disciplines\/lithotheque\/wp-json\/wp\/v2\/pages\/198\/revisions\/1446"}],"wp:attachment":[{"href":"https:\/\/ent2d.ac-bordeaux.fr\/disciplines\/lithotheque\/wp-json\/wp\/v2\/media?parent=198"}],"curies":[{"name":"wp","href":"https:\/\/api.w.org\/{rel}","templated":true}]}}