{"id":157,"date":"2018-05-01T20:09:20","date_gmt":"2018-05-01T18:09:20","guid":{"rendered":"https:\/\/ent2d.ac-bordeaux.fr\/disciplines\/lithotheque\/?page_id=157"},"modified":"2020-01-21T16:23:14","modified_gmt":"2020-01-21T15:23:14","slug":"lamina-ziloa-le-trou-du-lamina","status":"publish","type":"page","link":"https:\/\/ent2d.ac-bordeaux.fr\/disciplines\/lithotheque\/lamina-ziloa-le-trou-du-lamina\/","title":{"rendered":"64 &#8211; Source chaude de Camou &#8211; Lamina Ziloa (le trou du Lamina)"},"content":{"rendered":"\n<figure class=\"wp-block-image is-resized\"><img loading=\"lazy\" decoding=\"async\" src=\"https:\/\/ent2d.ac-bordeaux.fr\/disciplines\/lithotheque\/wp-content\/uploads\/sites\/59\/2019\/10\/Logo-EDD-1.png\" alt=\"\" class=\"wp-image-1340\" width=\"50\" height=\"256\" \/><\/figure>\n\n\n<h6 style=\"text-align: center\"><strong>Source d&#8217;eau chaude thermale de Camou<\/strong><\/h6>\n<table style=\"height: 173px\" width=\"100%\">\n<tbody>\n<tr>\n<td style=\"text-align: center\" colspan=\"2\" width=\"412\"><span style=\"color: #00ccff\"><a style=\"color: #00ccff\" href=\"http:\/\/u.osmfr.org\/m\/227986\/\"><strong>Coordonn\u00e9es g\u00e9ographiques et GPS du site<\/strong><\/a><\/span><\/td>\n<\/tr>\n<tr>\n<td style=\"text-align: center\" width=\"206\"><span style=\"color: #000000\">43\u00b006&#8217;47&#8221; N<\/span><\/td>\n<td style=\"text-align: center\" width=\"206\"><span style=\"color: #000000\">0\u00b054&#8217;33&#8221; W<\/span><\/td>\n<\/tr>\n<tr>\n<td style=\"text-align: center\" width=\"206\"><span style=\"color: #000000\">43.113122<\/span><\/td>\n<td style=\"text-align: center\" width=\"206\"><span style=\"color: #000000\">-0.909191<\/span><\/td>\n<\/tr>\n<tr>\n<td style=\"text-align: center\" colspan=\"2\" width=\"412\"><span style=\"color: #000000\"><strong>Coordonn\u00e9es g\u00e9ographiques et GPS du parking<\/strong><\/span><\/td>\n<\/tr>\n<tr>\n<td style=\"text-align: center\" width=\"206\"><span style=\"color: #000000\">43\u00b006&#8217;57&#8221; N<\/span><\/td>\n<td style=\"text-align: center\" width=\"206\"><span style=\"color: #000000\">0\u00b054&#8217;23.70&#8221; W<\/span><\/td>\n<\/tr>\n<tr>\n<td style=\"text-align: center\" width=\"206\"><span style=\"color: #000000\">43.115787<\/span><\/td>\n<td style=\"text-align: center\" width=\"206\"><span style=\"color: #000000\">-0.906567<\/span><\/td>\n<\/tr>\n<\/tbody>\n<\/table>\n<figure id=\"attachment_765\" aria-describedby=\"caption-attachment-765\" style=\"width: 1468px\" class=\"wp-caption alignleft\"><a href=\"https:\/\/ent2d.ac-bordeaux.fr\/disciplines\/lithotheque\/lamina-ziloa-le-trou-du-lamina\/1-extrait-carte-geologique-tardets-sorholus-n1050-2\/\" rel=\"attachment wp-att-765\"><img loading=\"lazy\" decoding=\"async\" class=\"size-full wp-image-765\" src=\"https:\/\/ent2d.ac-bordeaux.fr\/disciplines\/lithotheque\/wp-content\/uploads\/sites\/59\/2018\/10\/1-extrait-carte-ge\u0301ologique-Tardets-Sorholus-n\u00b01050.jpg\" alt=\"\" width=\"1468\" height=\"879\" srcset=\"https:\/\/ent2d.ac-bordeaux.fr\/disciplines\/lithotheque\/wp-content\/uploads\/sites\/59\/2018\/10\/1-extrait-carte-ge\u0301ologique-Tardets-Sorholus-n\u00b01050.jpg 1468w, https:\/\/ent2d.ac-bordeaux.fr\/disciplines\/lithotheque\/wp-content\/uploads\/sites\/59\/2018\/10\/1-extrait-carte-ge\u0301ologique-Tardets-Sorholus-n\u00b01050-300x180.jpg 300w, https:\/\/ent2d.ac-bordeaux.fr\/disciplines\/lithotheque\/wp-content\/uploads\/sites\/59\/2018\/10\/1-extrait-carte-ge\u0301ologique-Tardets-Sorholus-n\u00b01050-768x460.jpg 768w, https:\/\/ent2d.ac-bordeaux.fr\/disciplines\/lithotheque\/wp-content\/uploads\/sites\/59\/2018\/10\/1-extrait-carte-ge\u0301ologique-Tardets-Sorholus-n\u00b01050-1024x613.jpg 1024w\" sizes=\"auto, (max-width: 1468px) 100vw, 1468px\" \/><\/a><figcaption id=\"caption-attachment-765\" class=\"wp-caption-text\">Extrait carte ge\u0301ologique Tardets &#8211; Sorholus &#8211; n\u00b01050<\/figcaption><\/figure>\n<figure id=\"attachment_766\" aria-describedby=\"caption-attachment-766\" style=\"width: 711px\" class=\"wp-caption aligncenter\"><a href=\"https:\/\/ent2d.ac-bordeaux.fr\/disciplines\/lithotheque\/lamina-ziloa-le-trou-du-lamina\/2-legendes-extrait-carte-geologique-tardets-sorholus-n1050-2\/\" rel=\"attachment wp-att-766\"><img loading=\"lazy\" decoding=\"async\" class=\"size-full wp-image-766\" src=\"https:\/\/ent2d.ac-bordeaux.fr\/disciplines\/lithotheque\/wp-content\/uploads\/sites\/59\/2018\/10\/2-le\u0301gendes-extrait-carte-ge\u0301ologique-Tardets-Sorholus-n\u00b01050.jpg\" alt=\"\" width=\"711\" height=\"408\" srcset=\"https:\/\/ent2d.ac-bordeaux.fr\/disciplines\/lithotheque\/wp-content\/uploads\/sites\/59\/2018\/10\/2-le\u0301gendes-extrait-carte-ge\u0301ologique-Tardets-Sorholus-n\u00b01050.jpg 711w, https:\/\/ent2d.ac-bordeaux.fr\/disciplines\/lithotheque\/wp-content\/uploads\/sites\/59\/2018\/10\/2-le\u0301gendes-extrait-carte-ge\u0301ologique-Tardets-Sorholus-n\u00b01050-300x172.jpg 300w\" sizes=\"auto, (max-width: 711px) 100vw, 711px\" \/><\/a><figcaption id=\"caption-attachment-766\" class=\"wp-caption-text\">L\u00e9gendes &#8211; Carte ge\u0301ologique Tardets &#8211; Sorholus &#8211; n\u00b01050<\/figcaption><\/figure>\n<figure id=\"attachment_537\" aria-describedby=\"caption-attachment-537\" style=\"width: 1096px\" class=\"wp-caption alignleft\"><a href=\"https:\/\/ent2d.ac-bordeaux.fr\/disciplines\/lithotheque\/wp-content\/uploads\/sites\/59\/2018\/06\/3-localisation-Camou.jpg\"><img loading=\"lazy\" decoding=\"async\" class=\"size-full wp-image-537\" src=\"https:\/\/ent2d.ac-bordeaux.fr\/disciplines\/lithotheque\/wp-content\/uploads\/sites\/59\/2018\/06\/3-localisation-Camou.jpg\" alt=\"\" width=\"1096\" height=\"793\" srcset=\"https:\/\/ent2d.ac-bordeaux.fr\/disciplines\/lithotheque\/wp-content\/uploads\/sites\/59\/2018\/06\/3-localisation-Camou.jpg 1096w, https:\/\/ent2d.ac-bordeaux.fr\/disciplines\/lithotheque\/wp-content\/uploads\/sites\/59\/2018\/06\/3-localisation-Camou-300x217.jpg 300w, https:\/\/ent2d.ac-bordeaux.fr\/disciplines\/lithotheque\/wp-content\/uploads\/sites\/59\/2018\/06\/3-localisation-Camou-768x556.jpg 768w, https:\/\/ent2d.ac-bordeaux.fr\/disciplines\/lithotheque\/wp-content\/uploads\/sites\/59\/2018\/06\/3-localisation-Camou-1024x741.jpg 1024w\" sizes=\"auto, (max-width: 1096px) 100vw, 1096px\" \/><\/a><figcaption id=\"caption-attachment-537\" class=\"wp-caption-text\">Localisation Camou<\/figcaption><\/figure>\n<div class=\"mceTemp\">\u00a0<\/div>\n<figure id=\"attachment_767\" aria-describedby=\"caption-attachment-767\" style=\"width: 1478px\" class=\"wp-caption alignleft\"><a href=\"https:\/\/ent2d.ac-bordeaux.fr\/disciplines\/lithotheque\/lamina-ziloa-le-trou-du-lamina\/4-vue-aerienne-et-itineraire-2\/\" rel=\"attachment wp-att-767\"><img loading=\"lazy\" decoding=\"async\" class=\"size-full wp-image-767\" src=\"https:\/\/ent2d.ac-bordeaux.fr\/disciplines\/lithotheque\/wp-content\/uploads\/sites\/59\/2018\/10\/4-vue-ae\u0301rienne-et-itine\u0301raire.jpg\" alt=\"\" width=\"1478\" height=\"944\" srcset=\"https:\/\/ent2d.ac-bordeaux.fr\/disciplines\/lithotheque\/wp-content\/uploads\/sites\/59\/2018\/10\/4-vue-ae\u0301rienne-et-itine\u0301raire.jpg 1478w, https:\/\/ent2d.ac-bordeaux.fr\/disciplines\/lithotheque\/wp-content\/uploads\/sites\/59\/2018\/10\/4-vue-ae\u0301rienne-et-itine\u0301raire-300x192.jpg 300w, https:\/\/ent2d.ac-bordeaux.fr\/disciplines\/lithotheque\/wp-content\/uploads\/sites\/59\/2018\/10\/4-vue-ae\u0301rienne-et-itine\u0301raire-768x491.jpg 768w, https:\/\/ent2d.ac-bordeaux.fr\/disciplines\/lithotheque\/wp-content\/uploads\/sites\/59\/2018\/10\/4-vue-ae\u0301rienne-et-itine\u0301raire-1024x654.jpg 1024w\" sizes=\"auto, (max-width: 1478px) 100vw, 1478px\" \/><\/a><figcaption id=\"caption-attachment-767\" class=\"wp-caption-text\">Vue a\u00e9rienne et itin\u00e9raire<\/figcaption><\/figure>\n<p><span style=\"color: #000000\"><strong><u>Description du site<\/u> :<\/strong><\/span><br \/><span style=\"color: #000000\">Lamina ziloa est une source d&#8217;eaux thermales. Deux sources aux caract\u00e9ristiques diff\u00e9rentes, une source chaude et une source froide, jaillissent \u00e0 un m\u00e8tre de distance.<\/span><\/p>\n<div class=\"mceTemp\">\u00a0<\/div>\n<figure id=\"attachment_768\" aria-describedby=\"caption-attachment-768\" style=\"width: 3968px\" class=\"wp-caption alignleft\"><a href=\"https:\/\/ent2d.ac-bordeaux.fr\/disciplines\/lithotheque\/lamina-ziloa-le-trou-du-lamina\/bty-43\/\" rel=\"attachment wp-att-768\"><img loading=\"lazy\" decoding=\"async\" class=\"size-full wp-image-768\" src=\"https:\/\/ent2d.ac-bordeaux.fr\/disciplines\/lithotheque\/wp-content\/uploads\/sites\/59\/2018\/10\/5-source-et-ame\u0301nagements.jpg\" alt=\"\" width=\"3968\" height=\"2976\" srcset=\"https:\/\/ent2d.ac-bordeaux.fr\/disciplines\/lithotheque\/wp-content\/uploads\/sites\/59\/2018\/10\/5-source-et-ame\u0301nagements.jpg 3968w, https:\/\/ent2d.ac-bordeaux.fr\/disciplines\/lithotheque\/wp-content\/uploads\/sites\/59\/2018\/10\/5-source-et-ame\u0301nagements-300x225.jpg 300w, https:\/\/ent2d.ac-bordeaux.fr\/disciplines\/lithotheque\/wp-content\/uploads\/sites\/59\/2018\/10\/5-source-et-ame\u0301nagements-768x576.jpg 768w, https:\/\/ent2d.ac-bordeaux.fr\/disciplines\/lithotheque\/wp-content\/uploads\/sites\/59\/2018\/10\/5-source-et-ame\u0301nagements-1024x768.jpg 1024w\" sizes=\"auto, (max-width: 3968px) 100vw, 3968px\" \/><\/a><figcaption id=\"caption-attachment-768\" class=\"wp-caption-text\">Source et am\u00e9nagements<\/figcaption><\/figure>\n<p><span style=\"color: #000000\"><br \/>Les sources de Camou sont situ\u00e9es sur le trac\u00e9 d&#8217;une faille est-ouest. La fracture met en contact les calcaires urgoniens de l&#8217;aptien sup\u00e9rieur (n6a\u00a0; bloc soulev\u00e9) et les marnes noires albiennes (c1\u00a0; bloc affaiss\u00e9) au niveau d&#8217;un escarpement de quelques m\u00e8tres.<br \/>Le massif des Arbailles consiste en un anticlinal de c\u0153ur triasique (voir carte de Tardets-Sorholus, n\u00b01050). Les sources se situent en bordure de l&#8217;anticlinal sur la commune de Camou-Cihigue \u00e0 la limite entre les terrains albiens (c1) et les terrains aptiens (n6a).<br \/>L&#8217;eau de la source chaude sort de la roche avec une temp\u00e9rature proche de 30\u00b0C en toute saison. Le d\u00e9bit est relativement r\u00e9gulier, proche d&#8217;une valeur de 1 L.sec-1.<br \/>L&#8217;eau est fortement \u00ab\u00a0sal\u00e9e\u00a0\u00bb ([NaCl] &gt; 15 g.L-1), l\u00e9g\u00e8rement sulfat\u00e9e et carbonat\u00e9e. Cette min\u00e9ralisation indique une circulation au contact de couches triasiques (marnes gypsif\u00e8res du Keuper).<br \/>L&#8217;eau de l&#8217;exsurgence chaude circule dans le massif marno-calcaire fractur\u00e9\/fissur\u00e9 des Arbailles compos\u00e9 principalement de roches du secondaire (du trias inf\u00e9rieur -250 Ma au cr\u00e9tac\u00e9 inf\u00e9rieur = Albien\u00a0; -100 Ma). Elle entre au contact de sels au cours de son cheminement (marnes bariol\u00e9es gypsif\u00e8res du trias sup\u00e9rieur = Keuper\u00a0; -230 \u00e0 -220 Ma) et se r\u00e9chauffe en profondeur dans le sous-sol. En appliquant un gradient g\u00e9othermique de 1\u00b0C pour 35 m, on peut estimer que la remont\u00e9e d&#8217;eau chaude s&#8217;effectue d&#8217;une profondeur minimale de 900 m.<br \/>L&#8217;eau de la source froide jaillit par deux griffons et plusieurs fissures. Les d\u00e9bits de cette source sont irr\u00e9guliers et suivent de pr\u00e8s le volume des pr\u00e9cipitations. L&#8217;eau est bicarbonat\u00e9e calcique et magn\u00e9sienne, elle circule dans le karst constitu\u00e9 par les calcaires urgoniens (n6a). Les apports d&#8217;eau alimentant la source froide sont superficiels\u00a0: la faille est-ouest s\u00e9parant le bloc urgonien du bloc albien sert d&#8217;axe de drainage canalisant vers Camou une partie de l&#8217;eau m\u00e9t\u00e9orique tomb\u00e9e sur le flanc est du massif des Arbailles.<br \/>Lamina ziloa a \u00e9t\u00e9\u00a0exploit\u00e9 par la famille Aguer pour des cures thermales au cours du XXe si\u00e8cle. De nos jours, \u00e0 condition de respecter la propri\u00e9t\u00e9, les propri\u00e9taires, les usagers et le site, les curieux et les scientifiques en herbe peuvent profiter gracieusement du lieu.<\/span><\/p>\n<p><span style=\"color: #000000\"><strong><u>Activit\u00e9s envisageables<\/u> <span style=\"color: #339966\">(en vert les activit\u00e9s en lien avec l\u2019EDD)<\/span> :<\/strong><\/span><\/p>\n<ul>\n<li><span style=\"color: #000000\">se rep\u00e9rer, s&#8217;orienter sur une carte, avec une boussole, en utilisant une application de g\u00e9olocalisation<\/span><\/li>\n<li><span style=\"color: #000000\"> r\u00e9aliser des mesures\u00a0in situ : temp\u00e9rature, pH, conductim\u00e9trie<\/span><\/li>\n<li><span style=\"color: #000000\"> effectuer un pr\u00e9l\u00e8vement pour analyser l&#8217;eau en laboratoire (lien avec le programme de Physique \u2013 Chimie)<\/span><\/li>\n<li><span style=\"color: #000000\"> esquisser un sch\u00e9ma structural et\/ou une coupe g\u00e9ologique de la zone \u00e9tudi\u00e9e<\/span><\/li>\n<li><span style=\"color: #000000\"> calculer la profondeur atteinte par l&#8217;eau de la source chaude circulant dans le massif des Arbailles<\/span><\/li>\n<li><span style=\"color: #339966\">r\u00e9fl\u00e9chir aux alternatives offertes par l\u2019exploitation de l\u2019\u00e9nergie g\u00e9othermique (g\u00e9othermie peu profonde \u00e0 basse \u00e9nergie \/\/ chauffage individuel).<\/span><\/li>\n<li><span style=\"color: #339966\">Calculer la quantit\u00e9 d\u2019\u00e9nergie thermique th\u00e9orique qu\u2019un volume d\u2019eau de la source de Camou est susceptible d\u2019\u00e9changer<\/span><\/li>\n<\/ul>\n<p><span style=\"color: #339966\">\u00a0 \u00a0 \u00a0 \u00a0 \u00a0 \u00a0 \u00a0 formule : Q = m X C<sub>m<\/sub> X (T<sub>f<\/sub> \u2013 T<sub>i<\/sub>)<\/span><\/p>\n<p><span style=\"color: #339966\">\u00a0 \u00a0 \u00a0 \u00a0 \u00a0 \u00a0 \u00a0 \u00a0 \u00a0 \u00a0 \u00a0 \u00a0 Q :\u00a0\u00a0\u00a0\u00a0\u00a0\u00a0 \u00e9nergie thermique \u00e9chang\u00e9e exprim\u00e9e en joule (J)<\/span><\/p>\n<p><span style=\"color: #339966\">\u00a0 \u00a0 \u00a0 \u00a0 \u00a0 \u00a0 \u00a0 \u00a0 \u00a0 \u00a0 \u00a0 \u00a0 m :\u00a0\u00a0\u00a0\u00a0\u00a0\u00a0 masse du corps exprim\u00e9e en Kg<\/span><\/p>\n<p><span style=\"color: #339966\">\u00a0 \u00a0 \u00a0 \u00a0 \u00a0 \u00a0 \u00a0 \u00a0 \u00a0 \u00a0 \u00a0 \u00a0 C<sub>m<\/sub> :\u00a0\u00a0\u00a0\u00a0 capacit\u00e9 thermique massique d\u00e9pendant de la nature du corps \u00e9tudi\u00e9 (en J.\u00b0C<sup>-1<\/sup>.Kg<sup>-1<\/sup>)\u00a0; C<sub>m<\/sub> eau = 4 185 J.\u00b0C<sup>-1<\/sup>.Kg<sup>-1<\/sup><\/span><\/p>\n<p><span style=\"color: #339966\">\u00a0 \u00a0 \u00a0 \u00a0 \u00a0 \u00a0 \u00a0 \u00a0 \u00a0 \u00a0 \u00a0 \u00a0 T<sub>f<\/sub>\u00a0:\u00a0\u00a0\u00a0\u00a0\u00a0\u00a0 temp\u00e9rature finale en \u00b0C<\/span><\/p>\n<p><span style=\"color: #339966\">\u00a0 \u00a0 \u00a0 \u00a0 \u00a0 \u00a0 \u00a0 \u00a0 \u00a0 \u00a0 \u00a0 \u00a0 \u00a0T<sub>i<\/sub>\u00a0:\u00a0\u00a0\u00a0\u00a0\u00a0\u00a0 temp\u00e9rature initiale en \u00b0C<\/span><\/p>\n<ul>\n<li style=\"list-style-type: none\">\n<ul>\n<li><span style=\"color: #339966\">Convertir cette valeur en KWh (1 KWh = 3 600 000 J) afin de la comparer \u00e0 des valeurs de consommation d\u2019\u00e9nergie pour le chauffage d\u2019un foyer.<\/span><\/li>\n<li><span style=\"color: #339966\">Commenter ces valeurs<\/span><\/li>\n<\/ul>\n<\/li>\n<\/ul>\n<p>\u00a0<\/p>\n<ul>\n<li style=\"list-style-type: none\">\u00a0<\/li>\n<\/ul>\n<p><span style=\"color: #000000\"><strong><u>Acc\u00e8s \/ s\u00e9curit\u00e9<\/u>\u00a0:<\/strong><\/span><\/p>\n<p><span style=\"color: #000000\">Se rendre au bourg de Camou par la D149 et garer le bus en face du bar \u2013 restaurant Aguerria (pr\u00e8s du fronton). Le d\u00e9part du sentier p\u00e9destre est \u00e0 gauche du bar quand on se tient face au bar. Il est balis\u00e9 (marquage jaune) et des panneaux explicatifs jalonnent le chemin. <\/span><\/p>\n<figure id=\"attachment_541\" aria-describedby=\"caption-attachment-541\" style=\"width: 3968px\" class=\"wp-caption aligncenter\"><a href=\"https:\/\/ent2d.ac-bordeaux.fr\/disciplines\/lithotheque\/wp-content\/uploads\/sites\/59\/2018\/06\/6-panneau-explicatif.jpg\"><img loading=\"lazy\" decoding=\"async\" class=\"size-full wp-image-541\" src=\"https:\/\/ent2d.ac-bordeaux.fr\/disciplines\/lithotheque\/wp-content\/uploads\/sites\/59\/2018\/06\/6-panneau-explicatif.jpg\" alt=\"\" width=\"3968\" height=\"2976\" srcset=\"https:\/\/ent2d.ac-bordeaux.fr\/disciplines\/lithotheque\/wp-content\/uploads\/sites\/59\/2018\/06\/6-panneau-explicatif.jpg 3968w, https:\/\/ent2d.ac-bordeaux.fr\/disciplines\/lithotheque\/wp-content\/uploads\/sites\/59\/2018\/06\/6-panneau-explicatif-300x225.jpg 300w, https:\/\/ent2d.ac-bordeaux.fr\/disciplines\/lithotheque\/wp-content\/uploads\/sites\/59\/2018\/06\/6-panneau-explicatif-768x576.jpg 768w, https:\/\/ent2d.ac-bordeaux.fr\/disciplines\/lithotheque\/wp-content\/uploads\/sites\/59\/2018\/06\/6-panneau-explicatif-1024x768.jpg 1024w\" sizes=\"auto, (max-width: 3968px) 100vw, 3968px\" \/><\/a><figcaption id=\"caption-attachment-541\" class=\"wp-caption-text\">Panneau explicatif<\/figcaption><\/figure>\n<p><span style=\"color: #000000\">Le parcours ne pr\u00e9sente aucune difficult\u00e9 (10 minutes aller\/retour). On traverse un champ en longeant le ruisseau. L&#8217;herbe peut \u00eatre mouill\u00e9e pr\u00e9voir donc des chaussures adapt\u00e9es.<\/span><\/p>\n<p><span style=\"color: #000000\"><strong>ATTENTION\u00a0!<\/strong> L&#8217;acc\u00e8s \u00e0 la source est am\u00e9nag\u00e9 mais peut \u00eatre glissant, le cours d&#8217;eau est peu profond\u00a0et le courant faible. Rester vigilant cependant pour \u00e9viter de glisser et de se retrouver dans l&#8217;eau (ti\u00e8de).<\/span><\/p>\n<p><span style=\"color: #000000\"><em>Remarques :<\/em><\/span><\/p>\n<ul>\n<li style=\"list-style-type: none\">\n<ul>\n<li style=\"text-align: left\"><span style=\"color: #000000\"><em>la source et les terres travers\u00e9es pour y acc\u00e9der sont la propri\u00e9t\u00e9 de la famille Aguer. Elle les met gracieusement \u00e0 disposition de tous. Respectez les lieux et les occupants en \u00e9vitant, par exemple, que la classe parcourt le champ d&#8217;herbe fourrag\u00e8re menant \u00e0 la source en empruntant plusieurs chemins diff\u00e9rents. Une progression dans le m\u00eame trac\u00e9, en file indienne et longeant le ruisseau sera appr\u00e9ci\u00e9e. Ne cueillez pas les fleurs, ne ramassez pas les champignons, n&#8217;effrayez pas les animaux d&#8217;\u00e9levage&#8230; Ne soyez pas trop bruyants&#8230; Camou est un village tr\u00e8s paisible&#8230;<\/em><\/span><\/li>\n<\/ul>\n<\/li>\n<\/ul>\n<ul>\n<li style=\"text-align: left\"><span style=\"color: #000000\"><em>Pr\u00e9voir des bottes en caoutchouc ou une serviette pour s&#8217;essuyer les pieds et les mollets si des mesures et\/ou des pr\u00e9l\u00e8vements doivent \u00eatre faits in situ. On ne peut pas acc\u00e9der \u00e0 l&#8217;exsurgence chaude depuis la berge\u00a0!! On peut sinon bricoler une perche de 2 \u00e0 3 m\u00e8tres.<\/em><\/span><\/li>\n<\/ul>\n<p><span style=\"color: #000000\"><strong><u>Mots-cl\u00e9s et liens avec les programmes<\/u>\u00a0:<\/strong><\/span><\/p>\n<table style=\"height: 280px\" width=\"100%\">\n<tbody>\n<tr>\n<td colspan=\"2\" width=\"321\">\n<p style=\"text-align: center\"><span style=\"color: #000000\"><strong>Coll\u00e8ge<\/strong><\/span><\/p>\n<\/td>\n<td colspan=\"2\" width=\"321\">\n<p style=\"text-align: center\"><span style=\"color: #000000\"><strong>Lyc\u00e9e<\/strong><\/span><\/p>\n<\/td>\n<\/tr>\n<tr>\n<td width=\"58\">\n<p style=\"text-align: center\"><strong><span style=\"color: #000000\">Cycle 3<\/span><\/strong><\/p>\n<\/td>\n<td width=\"264\"><span style=\"color: #000000\">Identifier des formes et des sources d&#8217;\u00e9nergie<\/span>\n<p>\u00a0<\/p>\n<p>\u00a0<\/p>\n<p><span style=\"color: #000000\">Exemple de source d&#8217;\u00e9nergie utilis\u00e9e<\/span><\/p>\n<p><span style=\"color: #000000\">G\u00e9ologie locale et am\u00e9nagements, exploitation des ressources naturelles<\/span><\/p>\n<\/td>\n<td width=\"50\">\n<p style=\"text-align: center\"><strong><span style=\"color: #000000\">Premi\u00e8re Sp\u00e9cialit\u00e9<\/span><\/strong><\/p>\n<\/td>\n<td width=\"271\">L\u2019apport des \u00e9tudes sismologiques et thermiques \u00e0 la connaissance du globe terrestre \u2013 gradient g\u00e9othermique\u00a0; convection<\/td>\n<\/tr>\n<tr>\n<td width=\"58\">\n<p style=\"text-align: center\"><strong><span style=\"color: #000000\">Cycle 4<\/span><\/strong><\/p>\n<\/td>\n<td width=\"264\"><span style=\"color: #000000\">Exploitation des ressources naturelles par l&#8217;\u00eatre humain<\/span><\/td>\n<td width=\"50\">\n<p style=\"text-align: center\"><strong><span style=\"color: #000000\">TS<\/span><\/strong><\/p>\n<\/td>\n<td width=\"271\"><span style=\"color: #000000\">T2A &#8211; G\u00e9othermie et propri\u00e9t\u00e9s thermiques de la Terre<\/span><\/td>\n<\/tr>\n<\/tbody>\n<\/table>\n<p><span style=\"color: #000000\"><strong><u>D\u00e9finitions<\/u> :<\/strong><\/span><br \/><span style=\"color: #000000\">Lamina = sorte de lutin de la mythologie basque<\/span><br \/><span style=\"color: #000000\">Ziloa = trou, cavit\u00e9<\/span><br \/><span style=\"color: #000000\">Exsurgence = source, parfois \u00e0 fort d\u00e9bit, correspondant \u00e0 l&#8217;\u00e9mergence d&#8217;une rivi\u00e8re souterraine dont l&#8217;origine n&#8217;est pas dans la perte d&#8217;une rivi\u00e8re a\u00e9rienne.<\/span><br \/><em><span style=\"color: #000000;text-align: right\"> (in Dictionnaire de g\u00e9ologie, 5e \u00e9dition, Masson Sciences, Dunod)<\/span><\/em><br \/><span style=\"color: #000000\">Griffon = orifice de sortie visible et localis\u00e9 d&#8217;une source.<\/span><br \/><em><span style=\"text-align: right;color: #000000\">(in Dictionnaire de g\u00e9ologie, 5e \u00e9dition, Masson Sciences, Dunod)<\/span><\/em><\/p>\n<p><span style=\"color: #000000\"><strong><u>Bibliographie \/ sitographie<\/u> :<\/strong><\/span><br \/><span style=\"color: #000000\">Carte g\u00e9ologique au 1\/50 000 de Tardets \u2013 Sorholus et sa notice, n\u00b01050, \u00e9dition BRGM<\/span><br \/><span style=\"color: #000000\"> Le karst des Arbailles, Nathalie VANARA, Karstologia M\u00e9moire n\u00b08 &#8211; 2000<\/span><br \/><span style=\"color: #000000\"> Les sources de Camou : <a href=\"http:\/\/autourdalos.fr\/html\/notes_camou.htm\">http:\/\/autourdalos.fr\/html\/notes_camou.htm<\/a><\/span><\/p>\n<p>Calcul \u00e9nergie thermique \u00e9chang\u00e9e : <a href=\"https:\/\/www.superprof.fr\/ressources\/scolaire\/physique-chimie\/premiere-s\/thermodynamique\/changement-de-temperature.html\">https:\/\/www.superprof.fr\/ressources\/scolaire\/physique-chimie\/premiere-s\/thermodynamique\/changement-de-temperature.html<\/a><\/p>\n<p>Joules \u00ab\u00a0\u00e9quivalence et conversion\u00a0\u00bb : <a href=\"https:\/\/fr.wikipedia.org\/wiki\/Joule\">https:\/\/fr.wikipedia.org\/wiki\/Joule<\/a><\/p>","protected":false},"excerpt":{"rendered":"<p>Source d&#8217;eau chaude thermale de Camou Coordonn\u00e9es g\u00e9ographiques et GPS du site 43\u00b006&#8217;47&#8221; N 0\u00b054&#8217;33&#8221; W 43.113122 -0.909191 Coordonn\u00e9es g\u00e9ographiques et GPS du parking 43\u00b006&#8217;57&#8221; N 0\u00b054&#8217;23.70&#8221; W 43.115787 -0.906567 &#8230;<\/p>\n","protected":false},"author":8,"featured_media":0,"parent":0,"menu_order":0,"comment_status":"closed","ping_status":"closed","template":"template-left-sidebar.php","meta":{"footnotes":""},"class_list":["post-157","page","type-page","status-publish","hentry"],"_links":{"self":[{"href":"https:\/\/ent2d.ac-bordeaux.fr\/disciplines\/lithotheque\/wp-json\/wp\/v2\/pages\/157","targetHints":{"allow":["GET"]}}],"collection":[{"href":"https:\/\/ent2d.ac-bordeaux.fr\/disciplines\/lithotheque\/wp-json\/wp\/v2\/pages"}],"about":[{"href":"https:\/\/ent2d.ac-bordeaux.fr\/disciplines\/lithotheque\/wp-json\/wp\/v2\/types\/page"}],"author":[{"embeddable":true,"href":"https:\/\/ent2d.ac-bordeaux.fr\/disciplines\/lithotheque\/wp-json\/wp\/v2\/users\/8"}],"replies":[{"embeddable":true,"href":"https:\/\/ent2d.ac-bordeaux.fr\/disciplines\/lithotheque\/wp-json\/wp\/v2\/comments?post=157"}],"version-history":[{"count":26,"href":"https:\/\/ent2d.ac-bordeaux.fr\/disciplines\/lithotheque\/wp-json\/wp\/v2\/pages\/157\/revisions"}],"predecessor-version":[{"id":1361,"href":"https:\/\/ent2d.ac-bordeaux.fr\/disciplines\/lithotheque\/wp-json\/wp\/v2\/pages\/157\/revisions\/1361"}],"wp:attachment":[{"href":"https:\/\/ent2d.ac-bordeaux.fr\/disciplines\/lithotheque\/wp-json\/wp\/v2\/media?parent=157"}],"curies":[{"name":"wp","href":"https:\/\/api.w.org\/{rel}","templated":true}]}}