{"id":1456,"date":"2021-01-07T17:18:33","date_gmt":"2021-01-07T16:18:33","guid":{"rendered":"https:\/\/ent2d.ac-bordeaux.fr\/disciplines\/lithotheque\/?page_id=1456"},"modified":"2021-01-07T18:18:38","modified_gmt":"2021-01-07T17:18:38","slug":"47-les-molasses-de-comberatiere","status":"publish","type":"page","link":"https:\/\/ent2d.ac-bordeaux.fr\/disciplines\/lithotheque\/47-les-molasses-de-comberatiere\/","title":{"rendered":"47 &#8211; Les molasses de Comberati\u00e8re"},"content":{"rendered":"<table style=\"height: 60px\" width=\"100%\">\n<tbody>\n<tr>\n<td style=\"text-align: center\" colspan=\"2\" width=\"412\"><span style=\"color: #00ccff\"><a style=\"color: #00ccff\" href=\"http:\/\/u.osmfr.org\/m\/227985\/\"><strong>Coordonn\u00e9es GPS de l&#8217;aire de stationnement<\/strong><\/a><\/span><\/td>\n<\/tr>\n<tr>\n<td style=\"text-align: center\" width=\"206\">44.327576<\/td>\n<td style=\"text-align: center\" width=\"206\">0.839677<\/td>\n<\/tr>\n<\/tbody>\n<\/table>\n<p><img loading=\"lazy\" decoding=\"async\" class=\"alignnone size-full wp-image-1460 aligncenter\" src=\"https:\/\/ent2d.ac-bordeaux.fr\/disciplines\/lithotheque\/wp-content\/uploads\/sites\/59\/2021\/01\/02.jpg\" alt=\"\" width=\"1024\" height=\"697\" srcset=\"https:\/\/ent2d.ac-bordeaux.fr\/disciplines\/lithotheque\/wp-content\/uploads\/sites\/59\/2021\/01\/02.jpg 1024w, https:\/\/ent2d.ac-bordeaux.fr\/disciplines\/lithotheque\/wp-content\/uploads\/sites\/59\/2021\/01\/02-300x204.jpg 300w, https:\/\/ent2d.ac-bordeaux.fr\/disciplines\/lithotheque\/wp-content\/uploads\/sites\/59\/2021\/01\/02-768x523.jpg 768w\" sizes=\"auto, (max-width: 1024px) 100vw, 1024px\" \/><\/p>\n<p><em>Carte g\u00e9ologique au 1\/50 000 de Penne d\u2019Agenais (n\u00b0879) <\/em><\/p>\n<p><span style=\"color: #000000\"><strong><u>Description du site<\/u> :<\/strong><\/span><\/p>\n<p>Il s\u2019agit de l\u2019un des plus beaux affleurements lot-et-garonnais des molasses de l\u2019Agenais form\u00e9es \u00e0 l\u2019oligoc\u00e8ne et not\u00e9es g1Ai et g1As sur la carte g\u00e9ologique au 1\/50 000 de Penne d\u2019Agenais. Il permet notamment d\u2019observer le passage des molasses inf\u00e9rieures aux mollasses sup\u00e9rieures et leur diversit\u00e9 de faci\u00e8s.<\/p>\n<p><img loading=\"lazy\" decoding=\"async\" class=\"alignnone size-full wp-image-1461 aligncenter\" src=\"https:\/\/ent2d.ac-bordeaux.fr\/disciplines\/lithotheque\/wp-content\/uploads\/sites\/59\/2021\/01\/03.jpg\" alt=\"\" width=\"549\" height=\"898\" srcset=\"https:\/\/ent2d.ac-bordeaux.fr\/disciplines\/lithotheque\/wp-content\/uploads\/sites\/59\/2021\/01\/03.jpg 549w, https:\/\/ent2d.ac-bordeaux.fr\/disciplines\/lithotheque\/wp-content\/uploads\/sites\/59\/2021\/01\/03-183x300.jpg 183w\" sizes=\"auto, (max-width: 549px) 100vw, 549px\" \/><\/p>\n<p style=\"text-align: center\"><span style=\"text-decoration: underline\">Coupe de Comberati\u00e8re<\/span><\/p>\n<p style=\"text-align: center\"><span style=\"font-size: 10pt\">(Extraite de la <a href=\"http:\/\/ficheinfoterre.brgm.fr\/Notices\/0879N.pdf\">notice de la carte g\u00e9ologique de Penne d\u2019Agenais<\/a>)<\/span><\/p>\n<p style=\"text-align: center\">\n<p style=\"padding-left: 60px\"><img loading=\"lazy\" decoding=\"async\" class=\"size-full wp-image-1464 aligncenter\" src=\"https:\/\/ent2d.ac-bordeaux.fr\/disciplines\/lithotheque\/wp-content\/uploads\/sites\/59\/2021\/01\/04.jpg\" alt=\"\" width=\"818\" height=\"1024\" srcset=\"https:\/\/ent2d.ac-bordeaux.fr\/disciplines\/lithotheque\/wp-content\/uploads\/sites\/59\/2021\/01\/04.jpg 818w, https:\/\/ent2d.ac-bordeaux.fr\/disciplines\/lithotheque\/wp-content\/uploads\/sites\/59\/2021\/01\/04-240x300.jpg 240w, https:\/\/ent2d.ac-bordeaux.fr\/disciplines\/lithotheque\/wp-content\/uploads\/sites\/59\/2021\/01\/04-768x961.jpg 768w, https:\/\/ent2d.ac-bordeaux.fr\/disciplines\/lithotheque\/wp-content\/uploads\/sites\/59\/2021\/01\/04-1227x1536.jpg 1227w, https:\/\/ent2d.ac-bordeaux.fr\/disciplines\/lithotheque\/wp-content\/uploads\/sites\/59\/2021\/01\/04-1636x2048.jpg 1636w\" sizes=\"auto, (max-width: 818px) 100vw, 818px\" \/><\/p>\n<p style=\"text-align: center\"><span style=\"text-decoration: underline\">Aspect g\u00e9n\u00e9ral de l\u2019affleurement de la mont\u00e9e de Comberati\u00e8re<\/span><\/p>\n<p><span style=\"font-size: 10pt\">Partie sommitale des molasses de l\u2019Agenais inf\u00e9rieures (g1Ai) au niveau de la fl\u00e8che bleue et molasses de l\u2019Agenais sup\u00e9rieures (g1As) au niveau de la fl\u00e8che jaune. Les molasses sup\u00e9rieures sont particuli\u00e8rement visibles sur l\u2019accotement \u00e0 la hauteur du chemin s\u2019ouvrant vers la gauche (fl\u00e8che rouge sur l\u2019image A).<\/span><\/p>\n<p>L\u2019affleurement peut \u00eatre observ\u00e9 en bordure de route (avant et apr\u00e8s l\u2019entr\u00e9e du chemin qui s\u2019ouvre vers la gauche). Les observations permettent de rendre compte\u00a0:<\/p>\n<p style=\"padding-left: 60px\"><span style=\"color: #000000\">&#8211; <span style=\"text-decoration: underline\">de la nature des d\u00e9p\u00f4ts et de discuter de leur origine<\/span><\/span><\/p>\n<p>Les Molasses de l&#8217;Agenais inf\u00e9rieures (g1Ai) apparaissent ici sous la forme de silts carbonat\u00e9s, micac\u00e9s et peu consolid\u00e9s et se terminent par des argiles carbonat\u00e9es silteuses.<\/p>\n<p>Les Molasses de l\u2019Agenais sup\u00e9rieures (g1As) sont quant \u00e0 elles constitu\u00e9es de gr\u00e8s carbonat\u00e9s gris clair peu indur\u00e9s et micac\u00e9s (grosses paillettes de muscovite) dont les \u00e9l\u00e9ments sont subanguleux \u00e0 subarrondis. Ils comportent \u00e9galement des graviers et de petits galets de quartz, quartzites et lydiennes, aux formes arrondies et \u00e0 l&#8217;enveloppe g\u00e9n\u00e9ralement corrod\u00e9e. Des galets mous d&#8217;argile carbonat\u00e9e silteuse jaun\u00e2tre, de taille pouvant aller de 2 \u00e0 15 cm, sont souvent rencontr\u00e9s \u00e0 l&#8217;int\u00e9rieur de ces niveaux (voir photo de la \u00ab\u00a0Base des Molasses de l\u2019Agenais sup\u00e9rieures\u00a0\u00bb).<\/p>\n<p style=\"text-align: center\"><img loading=\"lazy\" decoding=\"async\" class=\"alignnone size-full wp-image-1466\" src=\"https:\/\/ent2d.ac-bordeaux.fr\/disciplines\/lithotheque\/wp-content\/uploads\/sites\/59\/2021\/01\/05.jpg\" alt=\"\" width=\"297\" height=\"181\" \/><\/p>\n<p style=\"text-align: center\"><span style=\"text-decoration: underline\">Grains subanguleux observables dans les Molasses de l\u2019Agenais sup\u00e9rieures (g1As) apr\u00e8s lavage<\/span><\/p>\n<p>La composition min\u00e9ralogique des molasses permet de relier ces formations s\u00e9dimentaires \u00e0 l\u2019\u00e9rosion de roches plutoniques et l\u2019abondance des micas, bien que facilement alt\u00e9rables, permet d\u2019en d\u00e9duire leur proximit\u00e9 (Pyr\u00e9n\u00e9es, Massif central, Montagne noire). L\u2019abondance des carbonates dans ces d\u00e9p\u00f4ts, ayant plus ou moins ciment\u00e9 les gr\u00e8s, constitue un premier indice quant au climat ayant contribu\u00e9 \u00e0 leur pr\u00e9cipitation.<\/p>\n<p style=\"padding-left: 60px\"><span style=\"color: #000000\">&#8211; <span style=\"text-decoration: underline\">du milieu de s\u00e9dimentation<\/span><\/span><\/p>\n<p>La notice de la carte g\u00e9ologique de Penne d\u2019Agenais mentionne la pr\u00e9sence, au sein des Molasses inf\u00e9rieures de fossiles de <em>Plagiolophus fraasi<\/em>, <em>Ronzotherium filholi<\/em> (vert\u00e9br\u00e9s terrestres) et d\u2019oogones de charophytes (<em>Nitellopsis meriani<\/em>). Dans les Molasses de l\u2019Agenais sup\u00e9rieures, sont rapport\u00e9es sur cette carte et celles avoisinantes des fossiles de p\u00e9rissodactyles (<em>Prototapirus aginense<\/em>), d\u2019artiodactyles (<em>Microbunodun minimuri<\/em>), de carnivores, de rongeurs (<em>Eucricetodon praecursof<\/em>) et m\u00eame de dents de crocodiles, des plaques de carapace de tortue Trionyx, des empreintes de feuilles et des troncs d\u2019arbres silicifi\u00e9s de rubiac\u00e9es (caf\u00e9ier et quinquina), de juglandac\u00e9es (noyer), de rosac\u00e9es (arbres fruitiers) et de mimosac\u00e9es. Ce cort\u00e8ge t\u00e9moigne sans \u00e9quivoque d\u2019un milieu de d\u00e9p\u00f4t continental fluvio-lacustre sous un climat chaud.<\/p>\n<p>La pr\u00e9sence de stratifications obliques et entrecrois\u00e9es, observables sur l\u2019affleurement, permet par ailleurs de pr\u00e9ciser la nature du syst\u00e8me distributaire, il s\u2019agit de chenaux en tresses\u00a0; m\u00eame si les observations montrent que la vitesse d\u2019\u00e9coulement a pr\u00e9sent\u00e9 des variations au cours du temps (voir point suivant).<\/p>\n<p><img loading=\"lazy\" decoding=\"async\" class=\"alignnone size-full wp-image-1468\" src=\"https:\/\/ent2d.ac-bordeaux.fr\/disciplines\/lithotheque\/wp-content\/uploads\/sites\/59\/2021\/01\/06.jpg\" alt=\"\" width=\"754\" height=\"1024\" srcset=\"https:\/\/ent2d.ac-bordeaux.fr\/disciplines\/lithotheque\/wp-content\/uploads\/sites\/59\/2021\/01\/06.jpg 754w, https:\/\/ent2d.ac-bordeaux.fr\/disciplines\/lithotheque\/wp-content\/uploads\/sites\/59\/2021\/01\/06-221x300.jpg 221w, https:\/\/ent2d.ac-bordeaux.fr\/disciplines\/lithotheque\/wp-content\/uploads\/sites\/59\/2021\/01\/06-768x1043.jpg 768w\" sizes=\"auto, (max-width: 754px) 100vw, 754px\" \/><\/p>\n<p style=\"text-align: center\"><span style=\"text-decoration: underline\">Stratifications obliques observables dans les Molasses sup\u00e9rieures de l\u2019Agenais (g1As) dans leur partie la plus basale (gr\u00e8s grossier) \u00e0 hauteur du chemin (A) et dans leur partie sup\u00e9rieure (gr\u00e8s fin) plus haut sur l\u2019accotement (B)<\/span><\/p>\n<p style=\"padding-left: 60px\"><span style=\"color: #000000\">&#8211; <span style=\"text-decoration: underline\">des variations du r\u00e9gime hydrodynamique<\/span><\/span><\/p>\n<p>L\u2019\u00e9volution verticale de la granulom\u00e9trie rend compte des variations des conditions hydrodynamiques ayant permis le transport et le d\u00e9p\u00f4t des Molasses. On peut ainsi observer\u00a0:<\/p>\n<p style=\"padding-left: 120px\">o\u00a0\u00a0 <span style=\"text-decoration: underline\">Une chute brutale de la granulom\u00e9trie<\/span> entre le sommet des molasses de l\u2019Agenais inf\u00e9rieures, compos\u00e9es d\u2019argiles silteuses et la base des molasses de l\u2019Agenais sup\u00e9rieures, essentiellement compos\u00e9es de graviers et de petits galets pluricentim\u00e9triques. Ce changement atteste d\u2019une augmentation rapide de la capacit\u00e9 de transport. La pr\u00e9sence de galets mous d&#8217;argile carbonat\u00e9e silteuse jaun\u00e2tre, de taille pouvant aller de 2 \u00e0 15 cm au sein des gr\u00e8s grossiers de la base des Molasses de l\u2019Agenais sup\u00e9rieures permet m\u00eame de pr\u00e9ciser que les conditions hydrodynamiques \u00e9taient suffisantes pour raviner le substratum et remobiliser les d\u00e9p\u00f4ts plus ou moins consolid\u00e9s. Ce changement de r\u00e9gime hydrodynamique est directement \u00e0 relier aux \u00e9v\u00e9nements tectoniques associ\u00e9s \u00e0 l\u2019orogen\u00e8se pyr\u00e9n\u00e9enne et ayant entrain\u00e9 un brusque abaissement du niveau de base.<\/p>\n<p style=\"text-align: center\"><img loading=\"lazy\" decoding=\"async\" class=\"alignnone size-full wp-image-1469\" src=\"https:\/\/ent2d.ac-bordeaux.fr\/disciplines\/lithotheque\/wp-content\/uploads\/sites\/59\/2021\/01\/07.jpg\" alt=\"\" width=\"1024\" height=\"806\" srcset=\"https:\/\/ent2d.ac-bordeaux.fr\/disciplines\/lithotheque\/wp-content\/uploads\/sites\/59\/2021\/01\/07.jpg 1024w, https:\/\/ent2d.ac-bordeaux.fr\/disciplines\/lithotheque\/wp-content\/uploads\/sites\/59\/2021\/01\/07-300x236.jpg 300w, https:\/\/ent2d.ac-bordeaux.fr\/disciplines\/lithotheque\/wp-content\/uploads\/sites\/59\/2021\/01\/07-768x604.jpg 768w\" sizes=\"auto, (max-width: 1024px) 100vw, 1024px\" \/><\/p>\n<p style=\"text-align: center\"><span style=\"text-decoration: underline\">Base des Molasses de l\u2019Agenais sup\u00e9rieures<\/span><\/p>\n<p style=\"text-align: center\"><span style=\"font-size: 10pt\">Gr\u00e8s grossier (fl\u00e8che rose) aux galets mous d\u2019argile carbonat\u00e9e silteuse jaun\u00e2tre (fl\u00e8ches rouges)<\/span><\/p>\n<p style=\"padding-left: 120px\">o\u00a0\u00a0 Une diminution tr\u00e8s progressive de la granulom\u00e9trie entre la base et le sommet des Molasses de l\u2019Agenais sup\u00e9rieures. On passe ainsi de gr\u00e8s grossiers \u00e0 plus fins, puis \u00e0 des silts et des argiles carbonat\u00e9es. Succ\u00e8dent ainsi aux chenaux d&#8217;apports d\u00e9tritiques grossiers, des apports plus calmes et fins de plaine d&#8217;inondation, manifestation du comblement graduel du bassin s\u00e9dimentaire et donc d\u2019une remont\u00e9e progressive du niveau de base.<\/p>\n<p style=\"padding-left: 120px\">L\u2019observation de s\u00e9quences positives r\u00e9p\u00e9titives indique n\u00e9anmoins que ce comblement ne s\u2019est pas effectu\u00e9 de mani\u00e8re lin\u00e9aire.<\/p>\n<p style=\"text-align: center\"><img loading=\"lazy\" decoding=\"async\" class=\"alignnone size-full wp-image-1471\" src=\"https:\/\/ent2d.ac-bordeaux.fr\/disciplines\/lithotheque\/wp-content\/uploads\/sites\/59\/2021\/01\/08.jpg\" alt=\"\" width=\"549\" height=\"947\" srcset=\"https:\/\/ent2d.ac-bordeaux.fr\/disciplines\/lithotheque\/wp-content\/uploads\/sites\/59\/2021\/01\/08.jpg 549w, https:\/\/ent2d.ac-bordeaux.fr\/disciplines\/lithotheque\/wp-content\/uploads\/sites\/59\/2021\/01\/08-174x300.jpg 174w\" sizes=\"auto, (max-width: 549px) 100vw, 549px\" \/><\/p>\n<p style=\"text-align: center\"><span style=\"text-decoration: underline\">S\u00e9quences positives observables dans les gr\u00e8s des Molasses de l\u2019Agenais sup\u00e9rieures (g1As)<\/span><\/p>\n<p style=\"padding-left: 80px\">&#8211; <span style=\"text-decoration: underline\">d\u2019une \u00e9rosion actuelle des molasses<\/span><\/p>\n<p>Les Molasses sur le talus bordant la route (au-dessus du chemin s\u2019ouvrant \u00e0 gauche) pr\u00e9sentent ponctuellement des &#8220;chemin\u00e9es de f\u00e9e&#8221; miniatures. Les \u00e9l\u00e9ments les plus grossiers des Molasses prot\u00e8gent la matrice gr\u00e9seuse sous-jacente, moins r\u00e9sistante, de l&#8217;\u00e9rosion ruisselante. Progressivement, les graviers et petits galets subissent un rehaussement relatif par rapport \u00e0 la surface et se dressent alors au-dessus d\u2019une colonne de s\u00e9diments meubles.<\/p>\n<p style=\"text-align: center\"><img loading=\"lazy\" decoding=\"async\" class=\"alignnone size-full wp-image-1472\" src=\"https:\/\/ent2d.ac-bordeaux.fr\/disciplines\/lithotheque\/wp-content\/uploads\/sites\/59\/2021\/01\/09.jpg\" alt=\"\" width=\"521\" height=\"802\" srcset=\"https:\/\/ent2d.ac-bordeaux.fr\/disciplines\/lithotheque\/wp-content\/uploads\/sites\/59\/2021\/01\/09.jpg 521w, https:\/\/ent2d.ac-bordeaux.fr\/disciplines\/lithotheque\/wp-content\/uploads\/sites\/59\/2021\/01\/09-195x300.jpg 195w\" sizes=\"auto, (max-width: 521px) 100vw, 521px\" \/><\/p>\n<p style=\"text-align: center\"><span style=\"text-decoration: underline\">\u00ab\u00a0Chemin\u00e9e de f\u00e9e\u00a0\u00bb ou \u00ab\u00a0demoiselle coiff\u00e9e\u00a0\u00bb miniatures dans les Molasses de l\u2019Agenais sup\u00e9rieures (g1As)<\/span><\/p>\n<p style=\"text-align: left\"><span style=\"color: #000000\"><strong><u>Activit\u00e9s envisageables<\/u> :<\/strong><\/span><\/p>\n<ul>\n<li>Se rep\u00e9rer sur une carte topographique et\/ou g\u00e9ologique et rep\u00e9rer l\u2019origine probable des produits de l\u2019\u00e9rosion observables.<\/li>\n<li>Effectuer des mesures granulom\u00e9triques et\/ou identifier les min\u00e9raux \u00e0 la loupe.<\/li>\n<li>R\u00e9aliser une coupe sch\u00e9matique de l\u2019affleurement.<\/li>\n<li>R\u00e9aliser des tests simples pour mettre en \u00e9vidence la pr\u00e9sence de carbonates dans les Molasses.<\/li>\n<\/ul>\n<p><span style=\"color: #000000\"><strong><u>Acc\u00e8s \/ s\u00e9curit\u00e9<\/u>\u00a0:<\/strong><\/span><\/p>\n<p>Commune de Frespech \u2013 Lot-et-Garonne (47)<\/p>\n<p>Possibilit\u00e9 de stationnement sur l\u2019accotement de la route montant \u00e0 Comberati\u00e8re.<\/p>\n<p><img loading=\"lazy\" decoding=\"async\" class=\"alignnone size-full wp-image-1459\" src=\"https:\/\/ent2d.ac-bordeaux.fr\/disciplines\/lithotheque\/wp-content\/uploads\/sites\/59\/2021\/01\/01.jpg\" alt=\"\" width=\"1024\" height=\"1002\" srcset=\"https:\/\/ent2d.ac-bordeaux.fr\/disciplines\/lithotheque\/wp-content\/uploads\/sites\/59\/2021\/01\/01.jpg 1024w, https:\/\/ent2d.ac-bordeaux.fr\/disciplines\/lithotheque\/wp-content\/uploads\/sites\/59\/2021\/01\/01-300x294.jpg 300w, https:\/\/ent2d.ac-bordeaux.fr\/disciplines\/lithotheque\/wp-content\/uploads\/sites\/59\/2021\/01\/01-768x752.jpg 768w\" sizes=\"auto, (max-width: 1024px) 100vw, 1024px\" \/><\/p>\n<p><span style=\"color: #000000\"><u style=\"font-weight: bold\">Mots-cl\u00e9s et liens avec les programmes<\/u>\u00a0:<\/span><\/p>\n<p>Pal\u00e9oclimat, eau, sol, \u00e9rosion, s\u00e9dimentation, datation<\/p>\n<table style=\"height: 72px;border-color: #000000\" border=\"1\" width=\"592\">\n<tbody>\n<tr>\n<td style=\"width: 145px;text-align: center\" colspan=\"2\"><strong>Coll\u00e8ge<\/strong><\/td>\n<td style=\"width: 146.25px;text-align: center\" colspan=\"2\"><strong>Lyc\u00e9e<\/strong><\/td>\n<\/tr>\n<tr>\n<td style=\"width: 145px\"><strong>Cycle 3<\/strong><\/td>\n<td style=\"width: 145px\">\u00bb Paysages, g\u00e9ologie locale, interactions avec l\u2019environnement et le peuplement.<\/td>\n<td style=\"width: 146.25px\"><strong>2nde<\/strong><\/td>\n<td style=\"width: 146.25px\">\u00bb L\u2019\u00e9rosion, processus et cons\u00e9quences<\/p>\n<p>\u00bb S\u00e9dimentation et milieux de s\u00e9dimentation<\/p>\n<p>\u00bb \u00c9rosion et activit\u00e9 humaine<\/td>\n<\/tr>\n<tr>\n<td style=\"width: 145px\"><strong>Cycle 4<\/strong><\/td>\n<td style=\"width: 145px\">\u00bb Les changements climatiques pass\u00e9s (temps g\u00e9ologiques) et actuel (influence des activit\u00e9s humaines sur le climat).<\/td>\n<td style=\"width: 146.25px\"><strong>T<sup>ale<\/sup> Sp\u00e9cialit\u00e9<\/strong><\/td>\n<td style=\"width: 146.25px\">\u00bb Le temps et les roches<\/p>\n<p>\u00bb Reconstituer et comprendre les variations climatiques pass\u00e9es<\/td>\n<\/tr>\n<\/tbody>\n<\/table>\n<p><span style=\"color: #000000\"><u style=\"font-weight: bold\">Capacit\u00e9s et attitudes<\/u> :<\/span><\/p>\n<p>D2 \u2013 Prendre des notes, des photographies<\/p>\n<p>D4 \u2013 Mener une d\u00e9marche scientifique, r\u00e9soudre un probl\u00e8me<\/p>\n<p>D5 \u2013 Situer et se situer dans le temps et l\u2019espace<\/p>\n","protected":false},"excerpt":{"rendered":"<p>Coordonn\u00e9es GPS de l&#8217;aire de stationnement 44.327576 0.839677 Carte g\u00e9ologique au 1\/50 000 de Penne d\u2019Agenais (n\u00b0879) Description du site : Il s\u2019agit de l\u2019un des plus beaux affleurements lot-et-garonnais &#8230;<\/p>\n","protected":false},"author":8,"featured_media":0,"parent":0,"menu_order":0,"comment_status":"closed","ping_status":"closed","template":"","meta":{"footnotes":""},"class_list":["post-1456","page","type-page","status-publish","hentry"],"_links":{"self":[{"href":"https:\/\/ent2d.ac-bordeaux.fr\/disciplines\/lithotheque\/wp-json\/wp\/v2\/pages\/1456","targetHints":{"allow":["GET"]}}],"collection":[{"href":"https:\/\/ent2d.ac-bordeaux.fr\/disciplines\/lithotheque\/wp-json\/wp\/v2\/pages"}],"about":[{"href":"https:\/\/ent2d.ac-bordeaux.fr\/disciplines\/lithotheque\/wp-json\/wp\/v2\/types\/page"}],"author":[{"embeddable":true,"href":"https:\/\/ent2d.ac-bordeaux.fr\/disciplines\/lithotheque\/wp-json\/wp\/v2\/users\/8"}],"replies":[{"embeddable":true,"href":"https:\/\/ent2d.ac-bordeaux.fr\/disciplines\/lithotheque\/wp-json\/wp\/v2\/comments?post=1456"}],"version-history":[{"count":13,"href":"https:\/\/ent2d.ac-bordeaux.fr\/disciplines\/lithotheque\/wp-json\/wp\/v2\/pages\/1456\/revisions"}],"predecessor-version":[{"id":1484,"href":"https:\/\/ent2d.ac-bordeaux.fr\/disciplines\/lithotheque\/wp-json\/wp\/v2\/pages\/1456\/revisions\/1484"}],"wp:attachment":[{"href":"https:\/\/ent2d.ac-bordeaux.fr\/disciplines\/lithotheque\/wp-json\/wp\/v2\/media?parent=1456"}],"curies":[{"name":"wp","href":"https:\/\/api.w.org\/{rel}","templated":true}]}}