{"id":1337,"date":"2019-10-06T15:29:50","date_gmt":"2019-10-06T13:29:50","guid":{"rendered":"https:\/\/ent2d.ac-bordeaux.fr\/disciplines\/lithotheque\/?page_id=1337"},"modified":"2021-04-06T14:53:54","modified_gmt":"2021-04-06T12:53:54","slug":"edd-geosciences","status":"publish","type":"page","link":"https:\/\/ent2d.ac-bordeaux.fr\/disciplines\/lithotheque\/edd-geosciences\/","title":{"rendered":"EDD &#8211; G\u00e9osciences"},"content":{"rendered":"\n<h2 class=\"wp-block-heading\"><strong><a href=\"https:\/\/ent2d.ac-bordeaux.fr\/disciplines\/edd\/\">Site acad\u00e9mique EDD<\/a><\/strong><\/h2>\n\n\n\n<figure class=\"wp-block-image\"><img loading=\"lazy\" decoding=\"async\" width=\"1024\" height=\"261\" src=\"https:\/\/ent2d.ac-bordeaux.fr\/disciplines\/lithotheque\/wp-content\/uploads\/sites\/59\/2019\/10\/Capture-d\u2019e\u0301cran-2019-10-06-a\u0300-15.23.34.png\" alt=\"\" class=\"wp-image-1339\" srcset=\"https:\/\/ent2d.ac-bordeaux.fr\/disciplines\/lithotheque\/wp-content\/uploads\/sites\/59\/2019\/10\/Capture-d\u2019e\u0301cran-2019-10-06-a\u0300-15.23.34.png 1024w, https:\/\/ent2d.ac-bordeaux.fr\/disciplines\/lithotheque\/wp-content\/uploads\/sites\/59\/2019\/10\/Capture-d\u2019e\u0301cran-2019-10-06-a\u0300-15.23.34-300x76.png 300w, https:\/\/ent2d.ac-bordeaux.fr\/disciplines\/lithotheque\/wp-content\/uploads\/sites\/59\/2019\/10\/Capture-d\u2019e\u0301cran-2019-10-06-a\u0300-15.23.34-768x195.png 768w\" sizes=\"auto, (max-width: 1024px) 100vw, 1024px\" \/><\/figure>\n\n\n\n<div class=\"wp-block-columns has-2-columns is-layout-flex wp-container-core-columns-is-layout-9d6595d7 wp-block-columns-is-layout-flex\">\n<div class=\"wp-block-column is-layout-flow wp-block-column-is-layout-flow\"><\/div>\n\n\n\n<div class=\"wp-block-column is-layout-flow wp-block-column-is-layout-flow\"><\/div>\n<\/div>\n\n\n\n<h2 class=\"wp-block-heading\">Textes officiels<\/h2>\n\n\n\n<p><strong>Circulaire du 4 f\u00e9vrier 2015, seule en vigueur \u00e0 ce jour&nbsp;:&nbsp; <a href=\"http:\/\/www.education.gouv.fr\/pid25535\/bulletin_officiel.html?cid_bo=85723\" target=\"_blank\" rel=\"noreferrer noopener\">http:\/\/www.education.gouv.fr\/pid25535\/bulletin_officiel.html?cid_bo=85723<\/a><\/strong><\/p>\n\n\n\n<h2 class=\"wp-block-heading\">Sites de la lithoth\u00e8que estampill\u00e9s EDD<\/h2>\n\n\n\n<figure class=\"wp-block-image is-resized\"><img loading=\"lazy\" decoding=\"async\" src=\"https:\/\/ent2d.ac-bordeaux.fr\/disciplines\/lithotheque\/wp-content\/uploads\/sites\/59\/2019\/10\/Logo-EDD-1-261x300.png\" alt=\"\" class=\"wp-image-1340\" width=\"65\" height=\"75\" srcset=\"https:\/\/ent2d.ac-bordeaux.fr\/disciplines\/lithotheque\/wp-content\/uploads\/sites\/59\/2019\/10\/Logo-EDD-1-261x300.png 261w, https:\/\/ent2d.ac-bordeaux.fr\/disciplines\/lithotheque\/wp-content\/uploads\/sites\/59\/2019\/10\/Logo-EDD-1-768x884.png 768w, https:\/\/ent2d.ac-bordeaux.fr\/disciplines\/lithotheque\/wp-content\/uploads\/sites\/59\/2019\/10\/Logo-EDD-1.png 889w\" sizes=\"auto, (max-width: 65px) 100vw, 65px\" \/><\/figure>\n\n\n\n<p class=\"has-text-color has-vivid-green-cyan-color\"><a href=\"https:\/\/ent2d.ac-bordeaux.fr\/disciplines\/lithotheque\/24-chaos-granitique\/\">24 &#8211; Chaos granitique<\/a><a href=\"https:\/\/ent2d.ac-bordeaux.fr\/disciplines\/lithotheque\/lamina-ziloa-le-trou-du-lamina\/\"><\/a><\/p>\n\n\n\n<p class=\"has-text-color has-vivid-green-cyan-color\"><a href=\"https:\/\/ent2d.ac-bordeaux.fr\/disciplines\/lithotheque\/24-carriere-constant\/\">24 \u2013 Une carri\u00e8re de pierre de taille<\/a><\/p>\n\n\n\n<p class=\"has-text-color has-vivid-green-cyan-color\"><a href=\"https:\/\/ent2d.ac-bordeaux.fr\/disciplines\/lithotheque\/24-meulieres\/\">24 \u2013 Les Meuli\u00e8res<\/a> <\/p>\n\n\n\n<p class=\"has-text-color has-vivid-green-cyan-color\"><a href=\"https:\/\/ent2d.ac-bordeaux.fr\/disciplines\/lithotheque\/24-roche-noire\/\">24 &#8211; Roche noire<\/a><\/p>\n\n\n\n<p class=\"has-text-color has-vivid-green-cyan-color\"><a href=\"https:\/\/ent2d.ac-bordeaux.fr\/disciplines\/lithotheque\/24-travertins\/\">24 &#8211; Travertins<\/a><\/p>\n\n\n\n<p class=\"has-text-color has-vivid-green-cyan-color\"><a href=\"https:\/\/ent2d.ac-bordeaux.fr\/disciplines\/lithotheque\/24-volcanisme-explosif\/\">24 &#8211; Volcanisme explosif<\/a><\/p>\n\n\n\n<p class=\"has-text-color has-vivid-green-cyan-color\"><a href=\"https:\/\/ent2d.ac-bordeaux.fr\/disciplines\/lithotheque\/pont-de-pierre-enjambant-la-garonne-entre-agen-et-le-passage-dagen\/\">47 &#8211; Pont de pierre enjambant la Garonne entre Agen et le passage d\u2019Agen<\/a><\/p>\n\n\n\n<p class=\"has-text-color has-vivid-green-cyan-color\"><a href=\"https:\/\/ent2d.ac-bordeaux.fr\/disciplines\/lithotheque\/retenue-collinaire-de-bajamont\/\">47 &#8211; Retenue collinaire de Bajamont<\/a><\/p>\n\n\n\n<p class=\"has-text-color has-vivid-green-cyan-color\"><a href=\"https:\/\/ent2d.ac-bordeaux.fr\/disciplines\/lithotheque\/aren\/\">64 \u2013 Aren<\/a><\/p>\n\n\n\n<p class=\"has-text-color has-vivid-green-cyan-color\"><a href=\"https:\/\/ent2d.ac-bordeaux.fr\/disciplines\/lithotheque\/64-carriere-de-cassaber\/\">64 \u2013 Carri\u00e8re de Cassaber<\/a><\/p>\n\n\n\n<p class=\"has-text-color has-vivid-green-cyan-color\"><a href=\"https:\/\/ent2d.ac-bordeaux.fr\/disciplines\/lithotheque\/lamina-ziloa-le-trou-du-lamina\/\">64 &#8211; Lamina Ziloa (le trou du Lamina)\ufeff<\/a><\/p>\n","protected":false},"excerpt":{"rendered":"<p>Site acad\u00e9mique EDD Textes officiels Circulaire du 4 f\u00e9vrier 2015, seule en vigueur \u00e0 ce jour&nbsp;:&nbsp; http:\/\/www.education.gouv.fr\/pid25535\/bulletin_officiel.html?cid_bo=85723 Sites de la lithoth\u00e8que estampill\u00e9s EDD 24 &#8211; Chaos granitique 24 \u2013 Une &#8230;<\/p>\n","protected":false},"author":8,"featured_media":0,"parent":0,"menu_order":0,"comment_status":"closed","ping_status":"closed","template":"template-left-sidebar.php","meta":{"footnotes":""},"class_list":["post-1337","page","type-page","status-publish","hentry"],"_links":{"self":[{"href":"https:\/\/ent2d.ac-bordeaux.fr\/disciplines\/lithotheque\/wp-json\/wp\/v2\/pages\/1337","targetHints":{"allow":["GET"]}}],"collection":[{"href":"https:\/\/ent2d.ac-bordeaux.fr\/disciplines\/lithotheque\/wp-json\/wp\/v2\/pages"}],"about":[{"href":"https:\/\/ent2d.ac-bordeaux.fr\/disciplines\/lithotheque\/wp-json\/wp\/v2\/types\/page"}],"author":[{"embeddable":true,"href":"https:\/\/ent2d.ac-bordeaux.fr\/disciplines\/lithotheque\/wp-json\/wp\/v2\/users\/8"}],"replies":[{"embeddable":true,"href":"https:\/\/ent2d.ac-bordeaux.fr\/disciplines\/lithotheque\/wp-json\/wp\/v2\/comments?post=1337"}],"version-history":[{"count":9,"href":"https:\/\/ent2d.ac-bordeaux.fr\/disciplines\/lithotheque\/wp-json\/wp\/v2\/pages\/1337\/revisions"}],"predecessor-version":[{"id":1493,"href":"https:\/\/ent2d.ac-bordeaux.fr\/disciplines\/lithotheque\/wp-json\/wp\/v2\/pages\/1337\/revisions\/1493"}],"wp:attachment":[{"href":"https:\/\/ent2d.ac-bordeaux.fr\/disciplines\/lithotheque\/wp-json\/wp\/v2\/media?parent=1337"}],"curies":[{"name":"wp","href":"https:\/\/api.w.org\/{rel}","templated":true}]}}