{"id":132,"date":"2018-05-01T18:53:25","date_gmt":"2018-05-01T16:53:25","guid":{"rendered":"https:\/\/ent2d.ac-bordeaux.fr\/disciplines\/lithotheque\/?page_id=132"},"modified":"2020-09-08T15:54:35","modified_gmt":"2020-09-08T13:54:35","slug":"aren","status":"publish","type":"page","link":"https:\/\/ent2d.ac-bordeaux.fr\/disciplines\/lithotheque\/aren\/","title":{"rendered":"64 &#8211; Aren"},"content":{"rendered":"\n<figure class=\"wp-block-image is-resized\"><img loading=\"lazy\" decoding=\"async\" src=\"https:\/\/ent2d.ac-bordeaux.fr\/disciplines\/lithotheque\/wp-content\/uploads\/sites\/59\/2019\/10\/Logo-EDD-e1579619428654.png\" alt=\"\" class=\"wp-image-1338\" width=\"50\" height=\"58\" \/><\/figure>\n\n\n<h6 style=\"text-align: center\"><span style=\"color: #000000\"><strong>M\u00e9andre du gave d&#8217;Oloron depuis sa rive convexe<\/strong><\/span><\/h6>\n<table style=\"height: 89px\" width=\"100%\">\n<tbody>\n<tr>\n<td style=\"text-align: center\" colspan=\"2\" width=\"241\"><span style=\"color: #00ccff\"><a style=\"color: #00ccff\" href=\"http:\/\/u.osmfr.org\/m\/227986\/\"><strong>Coordonn\u00e9es g\u00e9ographiques et GPS du site<\/strong><\/a><\/span><\/td>\n<\/tr>\n<tr>\n<td style=\"text-align: center\" width=\"121\"><span style=\"color: #000000\">43\u00b016&#8217;06.4&#8243;N<\/span><\/td>\n<td style=\"text-align: center\" width=\"121\"><span style=\"color: #000000\">0\u00b041&#8217;03.6&#8243;W<\/span><\/td>\n<\/tr>\n<tr>\n<td style=\"text-align: center\" width=\"121\">\u00a0<span style=\"color: #000000\">43.268455<\/span><\/td>\n<td style=\"text-align: center\" width=\"121\"><span style=\"color: #000000\">-0.684335<\/span><\/td>\n<\/tr>\n<\/tbody>\n<\/table>\n<figure id=\"attachment_762\" aria-describedby=\"caption-attachment-762\" style=\"width: 1658px\" class=\"wp-caption alignleft\"><img loading=\"lazy\" decoding=\"async\" class=\"size-full wp-image-762\" src=\"https:\/\/ent2d.ac-bordeaux.fr\/disciplines\/lithotheque\/wp-content\/uploads\/sites\/59\/2018\/10\/1-extrait-carte-ge\u0301ologique-PAU-n\u00b01029.jpg\" alt=\"\" width=\"1658\" height=\"857\" srcset=\"https:\/\/ent2d.ac-bordeaux.fr\/disciplines\/lithotheque\/wp-content\/uploads\/sites\/59\/2018\/10\/1-extrait-carte-ge\u0301ologique-PAU-n\u00b01029.jpg 1658w, https:\/\/ent2d.ac-bordeaux.fr\/disciplines\/lithotheque\/wp-content\/uploads\/sites\/59\/2018\/10\/1-extrait-carte-ge\u0301ologique-PAU-n\u00b01029-300x155.jpg 300w, https:\/\/ent2d.ac-bordeaux.fr\/disciplines\/lithotheque\/wp-content\/uploads\/sites\/59\/2018\/10\/1-extrait-carte-ge\u0301ologique-PAU-n\u00b01029-768x397.jpg 768w, https:\/\/ent2d.ac-bordeaux.fr\/disciplines\/lithotheque\/wp-content\/uploads\/sites\/59\/2018\/10\/1-extrait-carte-ge\u0301ologique-PAU-n\u00b01029-1024x529.jpg 1024w\" sizes=\"auto, (max-width: 1658px) 100vw, 1658px\" \/><figcaption id=\"caption-attachment-762\" class=\"wp-caption-text\">Extrait carte g\u00e9ologique PAU n\u00b0 1029<\/figcaption><\/figure>\n<p><a href=\"https:\/\/ent2d.ac-bordeaux.fr\/disciplines\/lithotheque\/wp-content\/uploads\/sites\/59\/2018\/06\/2-l\u00e9gendes-extrait-carte-g\u00e9ologique-Pau.jpg\"><img loading=\"lazy\" decoding=\"async\" class=\"size-full wp-image-548\" src=\"https:\/\/ent2d.ac-bordeaux.fr\/disciplines\/lithotheque\/wp-content\/uploads\/sites\/59\/2018\/06\/2-l\u00e9gendes-extrait-carte-g\u00e9ologique-Pau.jpg\" alt=\"\" width=\"726\" height=\"716\" \/><\/a><\/p>\n<figure id=\"attachment_763\" aria-describedby=\"caption-attachment-763\" style=\"width: 726px\" class=\"wp-caption alignleft\"><a href=\"https:\/\/ent2d.ac-bordeaux.fr\/disciplines\/lithotheque\/aren\/2-legendes-extrait-carte-geologique-pau-2\/\" rel=\"attachment wp-att-763\"><img loading=\"lazy\" decoding=\"async\" class=\"size-full wp-image-763\" src=\"https:\/\/ent2d.ac-bordeaux.fr\/disciplines\/lithotheque\/wp-content\/uploads\/sites\/59\/2018\/10\/2-le\u0301gendes-extrait-carte-ge\u0301ologique-Pau.jpg\" alt=\"\" width=\"726\" height=\"716\" srcset=\"https:\/\/ent2d.ac-bordeaux.fr\/disciplines\/lithotheque\/wp-content\/uploads\/sites\/59\/2018\/10\/2-le\u0301gendes-extrait-carte-ge\u0301ologique-Pau.jpg 726w, https:\/\/ent2d.ac-bordeaux.fr\/disciplines\/lithotheque\/wp-content\/uploads\/sites\/59\/2018\/10\/2-le\u0301gendes-extrait-carte-ge\u0301ologique-Pau-300x296.jpg 300w\" sizes=\"auto, (max-width: 726px) 100vw, 726px\" \/><\/a><figcaption id=\"caption-attachment-763\" class=\"wp-caption-text\">L\u00e9gendes_extrait carte g\u00e9ologique Pau<\/figcaption><\/figure>\n<p><a style=\"font-weight: bold;font-style: italic\" href=\"https:\/\/ent2d.ac-bordeaux.fr\/disciplines\/lithotheque\/wp-content\/uploads\/sites\/59\/2018\/06\/3-localisation-Aren.jpg\"><img loading=\"lazy\" decoding=\"async\" class=\"size-full wp-image-549\" src=\"https:\/\/ent2d.ac-bordeaux.fr\/disciplines\/lithotheque\/wp-content\/uploads\/sites\/59\/2018\/06\/3-localisation-Aren.jpg\" alt=\"\" width=\"1118\" height=\"752\" srcset=\"https:\/\/ent2d.ac-bordeaux.fr\/disciplines\/lithotheque\/wp-content\/uploads\/sites\/59\/2018\/06\/3-localisation-Aren.jpg 1118w, https:\/\/ent2d.ac-bordeaux.fr\/disciplines\/lithotheque\/wp-content\/uploads\/sites\/59\/2018\/06\/3-localisation-Aren-300x202.jpg 300w, https:\/\/ent2d.ac-bordeaux.fr\/disciplines\/lithotheque\/wp-content\/uploads\/sites\/59\/2018\/06\/3-localisation-Aren-768x517.jpg 768w, https:\/\/ent2d.ac-bordeaux.fr\/disciplines\/lithotheque\/wp-content\/uploads\/sites\/59\/2018\/06\/3-localisation-Aren-1024x689.jpg 1024w\" sizes=\"auto, (max-width: 1118px) 100vw, 1118px\" \/><\/a><\/p>\n<p>Localisation Aren<\/p>\n<figure id=\"attachment_134\" aria-describedby=\"caption-attachment-134\" style=\"width: 1478px\" class=\"wp-caption aligncenter\"><a href=\"https:\/\/ent2d.ac-bordeaux.fr\/disciplines\/lithotheque\/wp-content\/uploads\/sites\/59\/2018\/05\/aren.jpg\"><img loading=\"lazy\" decoding=\"async\" class=\"size-full wp-image-134\" src=\"https:\/\/ent2d.ac-bordeaux.fr\/disciplines\/lithotheque\/wp-content\/uploads\/sites\/59\/2018\/05\/aren.jpg\" alt=\"\" width=\"1478\" height=\"944\" srcset=\"https:\/\/ent2d.ac-bordeaux.fr\/disciplines\/lithotheque\/wp-content\/uploads\/sites\/59\/2018\/05\/aren.jpg 1478w, https:\/\/ent2d.ac-bordeaux.fr\/disciplines\/lithotheque\/wp-content\/uploads\/sites\/59\/2018\/05\/aren-300x192.jpg 300w, https:\/\/ent2d.ac-bordeaux.fr\/disciplines\/lithotheque\/wp-content\/uploads\/sites\/59\/2018\/05\/aren-768x491.jpg 768w, https:\/\/ent2d.ac-bordeaux.fr\/disciplines\/lithotheque\/wp-content\/uploads\/sites\/59\/2018\/05\/aren-1024x654.jpg 1024w\" sizes=\"auto, (max-width: 1478px) 100vw, 1478px\" \/><\/a><figcaption id=\"caption-attachment-134\" class=\"wp-caption-text\">Aren_Photo a\u00e9rienne<\/figcaption><\/figure>\n<p><span style=\"color: #000000\"><strong><u>Description du site<\/u> :<\/strong><\/span><br \/><span style=\"color: #000000\">Le gave d&#8217;Oloron \u00e0 Aren est principalement issu de la confluence des gaves d&#8217;Ossau, d&#8217;Aspe et du Vert. Il transporte ici les produits issus du d\u00e9mant\u00e8lement de la cha\u00eene des Pyr\u00e9n\u00e9es en provenance des bassins versants de ces trois gaves et r\u00e9colte donc des alluvions provenant de trois vall\u00e9es b\u00e9arnaises\u00a0: Bar\u00e9tous, Aspe, Ossau.<\/span><br \/><span style=\"color: #000000\"> Il se jette dans le gave de Pau et forment alors les gaves r\u00e9unis. Les gaves r\u00e9unis rejoignent l&#8217;Adour qui d\u00e9bouche dans l&#8217;oc\u00e9an Atlantique au niveau de Boucau.<\/span><br \/><span style=\"color: #000000\"> Entre Aren et Sauc\u00e8de, il creuse son lit dans un substratum campanien (-84 \u00e0 -72 Ma) et a d\u00e9pos\u00e9 des terrasses alluviales actuelles, durant la glaciation de W\u00fcrm (-125 000 \u00e0 -11 500 ans, \u00e9paisseur 5 m) et de Riss (-370 000 \u00e0 -130 000 ans, \u00e9paisseur 20 \u00e0 30 m). Une partie du village de G\u00e9ronce est install\u00e9e sur une terrasse alluviale plus ancienne de Mindel (-650 000 \u00e0 -350 000 ans, \u00e9paisseur 60 \u00e0 65 m).<\/span><\/p>\n<p><span style=\"color: #000000\">Le gave d&#8217;Oloron transporte des produits sous forme soluble et solide. Les alluvions solides transport\u00e9es en suspension, par saltation ou par charriage se d\u00e9posent selon la vitesse du courant sur la rive convexe du gave o\u00f9 elles forment une \u00ab\u00a0plage\u00a0\u00bb qui m\u00e8ne en pente douce jusqu&#8217;\u00e0 l&#8217;eau. Sur cette \u00ab\u00a0plage\u00a0\u00bb, les alluvions sont granoclass\u00e9es selon leur taille par le courant (lien possible avec diagramme d&#8217;Hjulstr\u00f6m)\u00a0: les alluvions ont en moyenne une dimension plus grande \u00e0 l&#8217;entr\u00e9e du m\u00e9andre (en amont) et \u00e0 la sortie du m\u00e9andre (en aval). Dans la partie la plus convexe de la terrasse actuelle du gave (la \u00ab\u00a0plage\u00a0\u00bb), les alluvions sont en moyenne de plus petite dimension.<\/span><br \/><span style=\"color: #000000\"> Les alluvions rencontr\u00e9es peuvent \u00eatre tri\u00e9es et class\u00e9es\u00a0:<\/span><br \/><span style=\"color: #000000\"> par nature (roches s\u00e9dimentaires, m\u00e9tamorphiques, magmatiques)\u00a0;<\/span><br \/><span style=\"color: #000000\"> par lieu d&#8217;origine (Ossau, Aspe, Bar\u00e9tous)\u00a0;<\/span><br \/><span style=\"color: #000000\"> par forme (galets arrondis, galets plats)\u00a0;<\/span><br \/><span style=\"color: #000000\"> par dimension (du \u00b5m au dm)<\/span><br \/><span style=\"color: #000000\"> \u2026<\/span><br \/><span style=\"color: #000000\"> Les principales alluvions observ\u00e9es sont pr\u00e9sent\u00e9es class\u00e9es par origine g\u00e9ographique dans le fichier joint dans la rubrique \u00ab\u00a0Pour aller plus loin \/ ressources pour la classe\u00a0\u00bb.<\/span><\/p>\n<p><span style=\"color: #000000\">La rive concave consiste en un \u00e0-pic v\u00e9g\u00e9talis\u00e9 tr\u00e8s pentu (petite falaise). La roche affleurant par endroit date du campanien. L&#8217;\u00e9rosion pr\u00e9domine, la vitesse du courant est plus \u00e9lev\u00e9e. Le gave atteint aussi sa profondeur maximale \u00e0 cet endroit.<\/span><\/p>\n<p><span style=\"color: #000000\">Le gave d\u00e9pose actuellement des alluvions provenant du d\u00e9mant\u00e8lement de la cha\u00eene des Pyr\u00e9n\u00e9es. Le camping et la zone de pique-nique sont des terrasses alluviales r\u00e9centes de W\u00fcrm 3 (-50 000 \u00e0 -30 000 ans) sur lesquelles reposent les terrasses actuelles. Le village d&#8217;Aren et une partie du camping sont install\u00e9s sur une terrasse \u00e9tag\u00e9e datant de la glaciation de Riss. La partie Sud du village de G\u00e9ronce est install\u00e9e sur une terrasse encore plus ancienne du Mindel (-650 000 \u00e0 -350 000 ans environ).<\/span><br \/><span style=\"color: #000000\"> L&#8217;\u00e9tagement des terrasses est ais\u00e9ment identifiable gr\u00e2ce aux replats occup\u00e9s par des cultures (ou le camping et la zone de pique nique) et les ruptures nettes et pentues entre les \u00e9tages.<\/span><\/p>\n<p><em><span style=\"color: #000000\">Remarques\u00a0:<\/span><\/em><br \/><em><span style=\"color: #000000\"> Sous la terrasse de Riss, entre Aren et G\u00e9ronce, un chevauchement fait reposer le c\u00e9nomanien (c2) sur le s\u00e9nonien inf\u00e9rieur (c5-4). Le pendage du c\u00e9nomanien est quasi-vertical.<\/span><\/em><br \/><em><span style=\"color: #000000\"> Le s\u00e9nonien inf\u00e9rieur repose sous le campanien (c6) au niveau de Sauc\u00e8de. Les pendages de ces couches sont obliques (30 \u00e0 60 \u00b0) et orient\u00e9s O-E \u00e0 NO-SE (voir coupe g\u00e9ologique interpr\u00e9tative).<\/span><\/em><\/p>\n<p><span style=\"color: #000000\"><strong><u>Activit\u00e9s envisageables<\/u> :<\/strong><\/span><\/p>\n<ul>\n<li><span style=\"color: #000000\">se rep\u00e9rer, s&#8217;orienter sur une carte, avec une boussole, en utilisant une application de g\u00e9olocalisation<\/span><\/li>\n<li><span style=\"color: #000000\">r\u00e9aliser un croquis ou traiter num\u00e9riquement une photographie du m\u00e9andre (les b\u00e2timents donnent l&#8217;\u00e9chelle) = donner du sens<\/span><\/li>\n<li><span style=\"color: #000000\">expliquer la morphologie du site (rive concave \/ rive convexe \u2194 \u00e9rosion \/ transport \/ s\u00e9dimentation)<\/span><\/li>\n<li><span style=\"color: #000000\">r\u00e9aliser un croquis ou traiter num\u00e9riquement une photographie des terrasses alluviales (les b\u00e2timents donnent l&#8217;\u00e9chelle) = donner du sens<\/span><\/li>\n<li><span style=\"color: #000000\">r\u00e9aliser un profil topographique et une coupe g\u00e9ologique des terrasses empil\u00e9es (travail explicatif possible sur le paradoxe de la datation relative des terrasses \u00e9tag\u00e9es)<\/span><\/li>\n<li><span style=\"color: #000000\">expliquer la mise en place des terrasses en reliant les observations aux cycles glaciaires \/ interglaciaires<\/span><\/li>\n<li><span style=\"color: #000000\">identifier les alluvions, les trier, les classer<\/span><\/li>\n<li><span style=\"color: #000000\">mesurer la taille des alluvions, calculer une moyenne, expliquer le granoclassement<\/span><\/li>\n<li><span style=\"color: #000000\">recenser et d\u00e9nombrer les alluvions selon leur origine g\u00e9ographique afin de calculer la distance moyenne parcourue par un galet se trouvant \u00e0 Aren (n\u00e9cessite la d\u00e9limitation de surfaces de r\u00e9colte \/ d&#8217;\u00e9chantillonage, la mise en relation des observations avec une carte pour conna\u00eetre les distances parcourues et le calcul d&#8217;une moyenne pond\u00e9r\u00e9e) = t\u00e2che complexe<\/span><\/li>\n<\/ul>\n<p><span style=\"color: #000000\"><strong><u>Pour aller plus loin \/ ressources pour la classe<\/u> <span style=\"color: #339966\">(en vert des ressources pour l\u2019EDD)<\/span> :<\/strong><\/span><\/p>\n<ul>\n<li><span style=\"color: #000000\"><a href=\"https:\/\/ent2d.ac-bordeaux.fr\/disciplines\/lithotheque\/wp-content\/uploads\/sites\/59\/2018\/05\/alluvions.pdf\">planche<\/a> pr\u00e9sentant les principales alluvions rencontr\u00e9es sur la rive class\u00e9es selon leur origine g\u00e9ographique.<\/span><\/li>\n<li><span style=\"color: #000000\">coupes g\u00e9ologiques sch\u00e9matiques interpr\u00e9tatives (<a href=\"https:\/\/ent2d.ac-bordeaux.fr\/disciplines\/lithotheque\/wp-content\/uploads\/sites\/59\/2018\/05\/coupe_geol_terrasses_substratum_vierge.jpg\">vierge<\/a>, <a href=\"https:\/\/ent2d.ac-bordeaux.fr\/disciplines\/lithotheque\/wp-content\/uploads\/sites\/59\/2018\/05\/coupe_geol_semi_vierge_terrasses_a_completer.jpg\">\u00e0 compl\u00e9ter<\/a> et <a href=\"https:\/\/ent2d.ac-bordeaux.fr\/disciplines\/lithotheque\/wp-content\/uploads\/sites\/59\/2018\/05\/coupe_geol_terrasses_substratum_completee.jpg\">compl\u00e9t\u00e9e<\/a>) entre Sauc\u00e8de et G\u00e9ronce (modifi\u00e9es \u00e0 partir des travaux de T. RABIER) permettant de repr\u00e9senter la disposition des terrasses alluviales et le substratum secondaire de la r\u00e9gion :<\/span>\n<ul>\n<li><span style=\"color: #000000\">Terrasses<\/span>\n<ul>\n<li><span style=\"color: #000000\">T3 (Fz\u00a0; la plus r\u00e9cente\u00a0; actuelle \/ W\u00fcrm 3 \u2192 au Sud du gave)\u00a0;<\/span><\/li>\n<li><span style=\"color: #000000\">T2 (Fx\u00a0; interm\u00e9diaire\u00a0; Riss \u2192 au niveau du village d&#8217;Aren)\u00a0;<\/span><\/li>\n<li><span style=\"color: #000000\">T1 (Fw\u00a0; la plus ancienne\u00a0; Mindel \u2192 au niveau de G\u00e9ronce)<\/span><\/li>\n<\/ul>\n<\/li>\n<li><span style=\"color: #000000\">Substratum secondaire<\/span>\n<ul>\n<li><span style=\"color: #000000\">campanien (c6)\u00a0;<\/span><\/li>\n<li><span style=\"color: #000000\">s\u00e9nonien (c5-4) ;<\/span><\/li>\n<li><span style=\"color: #000000\">c\u00e9nomanien (c2)\u00a0;<\/span><\/li>\n<\/ul>\n<\/li>\n<\/ul>\n<\/li>\n<li><span style=\"color: #000000\"><a href=\"https:\/\/ent2d.ac-bordeaux.fr\/disciplines\/lithotheque\/aren\/carte_simplif_vall_bearn\/\">carte<\/a> \u00e0 l&#8217;\u00e9chelle et simplifi\u00e9e des vall\u00e9es b\u00e9arnaises (modifi\u00e9e \u00e0 partir des travaux de T. RABIER) pour calculer les distances entre diff\u00e9rents points de \u00ab\u00a0d\u00e9part\u00a0\u00bb des alluvions et le site d&#8217;Aren (ceci peut aussi se r\u00e9aliser avec une carte IGN ou g\u00e9ologique).<\/span><\/li>\n<li><span style=\"color: #339966\">La \u00ab plage \u00bb d\u2019Aren constitue une fray\u00e8re pour les truites et les saumons du gave d\u2019Oloron. Les alluvions d\u00e9pos\u00e9es sur place pr\u00e9sentent les caract\u00e9ristiques id\u00e9ales pour en faire un lieu de reproduction des salmonid\u00e9s. Un panneau explicatif du cycle de vie des salmonid\u00e9s se trouve \u00e0 proximit\u00e9 de la plage et permet de mener une r\u00e9flexion sur la pr\u00e9servation de ce type de site (lien avec EDD). Pour plus d\u2019informations, consulter la page web :<\/span><br \/><span style=\"color: #339966\">https:\/\/www.guidepechepyrenees.com\/reproduction-truites-saumons-gaves\/<\/span><\/li>\n<\/ul>\n<p><span style=\"color: #000000\"><strong><u>Acc\u00e8s \/ s\u00e9curit\u00e9<\/u>\u00a0:<\/strong><\/span><br \/><span style=\"color: #000000\">Entrer dans le village d&#8217;Aren par la D325 ou la D59. Passer devant le ch\u00e2teau d&#8217;Aren et suivre la direction camping. Le chemin est \u00e9troit mais il n&#8217;y a pas de limitation de dimensions. Le parking bus se trouve \u00e0 proximit\u00e9 de la \u00ab\u00a0plage\u00a0\u00bb du gave.<\/span><\/p>\n<p><span style=\"color: #000000\"><strong><u>Mots-cl\u00e9s et liens avec les programmes<\/u> :<\/strong><\/span><\/p>\n<table width=\"643\">\n<tbody>\n<tr>\n<td colspan=\"2\" width=\"321\"><strong>Coll\u00e8ge<\/strong><\/td>\n<td colspan=\"2\" width=\"321\"><strong>Lyc\u00e9e<\/strong><\/td>\n<\/tr>\n<tr>\n<td width=\"47\">Cycle 3<\/td>\n<td width=\"274\">\n<p>Identifier composantes g\u00e9ologiques d&#8217;un paysage \u2013 g\u00e9ologie locale<\/p>\n<p>Relier les besoins de l\u2019\u00eatre humain, l\u2019exploitation des ressources naturelles et les impacts \u00e0 pr\u00e9voir et g\u00e9rer<\/p>\n<\/td>\n<td width=\"50\">2nde<\/td>\n<td width=\"271\">L\u2019\u00e9rosion, processus et cons\u00e9quences\n<p>\u00a0<\/p>\n<p>S\u00e9dimentation et milieux de s\u00e9dimentation<\/p>\n<p>Caract\u00e9ristiques des sols et production de biomasse<\/p>\n<\/td>\n<\/tr>\n<tr>\n<td width=\"47\">Cycle 4<\/td>\n<td width=\"274\">\n<p>Changements climatiques pass\u00e9s et actuels<\/p>\n<p>La plan\u00e8te Terre, l\u2019environnement et l\u2019action humaine :<\/p>\n<p style=\"padding-left: 40px\">\u2022 L\u2019exploitation de quelques ressources naturelles par l\u2019\u00eatre humain (eau, sol, p\u00e9trole, charbon, bois, ressources min\u00e9rales, ressources halieutiques, &#8230;) pour ses besoins en nourriture et ses activit\u00e9s quotidiennes.<\/p>\n<\/td>\n<td width=\"50\">Terminale Sp\u00e9cialit\u00e9<\/td>\n<td width=\"271\">THEME 1B &#8211; A la recherche du pass\u00e9 g\u00e9ologique de notre plan\u00e8te : La recherche d\u2019oc\u00e9ans disparus.<\/td>\n<\/tr>\n<\/tbody>\n<\/table>\n<p><span style=\"color: #000000\"><strong><u>Temps pour se rendre \u00e0 Aren en autobus depuis<\/u>\u00a0:<\/strong><strong><u>A proximit\u00e9<\/u>\u00a0:<\/strong><\/span><br \/><span style=\"color: #000000\">0 Km\u00a0: Moulin de Sauc\u00e8de en face sur la rive concave qui utilisait l&#8217;\u00e9nergie de l&#8217;eau pour moudre du grain<br \/>0 Km\u00a0: traces de l&#8217;ancien bac qui permettaient de traverser la rivi\u00e8re dans le temps<br \/>0 Km\u00a0: la faune et la micro-faune du gave (biodiversit\u00e9, reproduction \u2013 migration des saumons, conditions du milieu)<br \/>4 Km\u00a0: camp de Gurs<br \/>10 Km\u00a0: cit\u00e9 fortifi\u00e9e de Navarrenx<\/span><\/p>\n<p><span style=\"color: #000000\">Pau \u21921h<\/span><br \/><span style=\"color: #000000\">Bayonne \u2192 1h45<\/span><br \/><span style=\"color: #000000\">Oloron Ste Marie \u2192 20 min<\/span><br \/><span style=\"color: #000000\">Orthez \u2192 45 minutes<\/span><br \/><span style=\"color: #000000\">Dax \u2192 1h45<\/span><br \/><span style=\"color: #000000\">Mont de Marsan \u2192 2h<\/span><br \/><span style=\"color: #000000\">Bordeaux \u2192 3h15<\/span><\/p>\n<p><span style=\"text-decoration: underline\"><strong><span style=\"color: #000000;text-decoration: underline\">Bibliographie \/ sitographie<\/span><\/strong><\/span><strong><span style=\"color: #000000\"> :<\/span><\/strong><\/p>\n<ul>\n<li><span style=\"color: #000000\">Notice et carte g\u00e9ologique au 1\/50 000\u00a0; n\u00b01029 \u2013 PAU\u00a0; \u00e9dit\u00e9e par le BRGM<\/span><\/li>\n<li><span style=\"color: #000000\">La formation des terrasses alluviales, D. MILLET\u00a0: <span style=\"color: #00ccff\"><a style=\"color: #00ccff\" href=\"http:\/\/dominique.millet2.free.fr\/terralluv.html\">http:\/\/dominique.millet2.free.fr\/terralluv.html<\/a><\/span><\/span><\/li>\n<li><span style=\"color: #000000\">Terrasses alluviales\u00a0; extrait du rapport de stage Master \u00c9lise KALI 2006\u00a0; collaboration avec universit\u00e9 de Franche-Comt\u00e9 Besan\u00e7on \u2013 D\u00e9partement des g\u00e9osciences<\/span><\/li>\n<\/ul>","protected":false},"excerpt":{"rendered":"<p>M\u00e9andre du gave d&#8217;Oloron depuis sa rive convexe Coordonn\u00e9es g\u00e9ographiques et GPS du site 43\u00b016&#8217;06.4&#8243;N 0\u00b041&#8217;03.6&#8243;W \u00a043.268455 -0.684335 Localisation Aren Description du site :Le gave d&#8217;Oloron \u00e0 Aren est principalement &#8230;<\/p>\n","protected":false},"author":8,"featured_media":0,"parent":0,"menu_order":0,"comment_status":"closed","ping_status":"closed","template":"template-left-sidebar.php","meta":{"footnotes":""},"class_list":["post-132","page","type-page","status-publish","hentry"],"_links":{"self":[{"href":"https:\/\/ent2d.ac-bordeaux.fr\/disciplines\/lithotheque\/wp-json\/wp\/v2\/pages\/132","targetHints":{"allow":["GET"]}}],"collection":[{"href":"https:\/\/ent2d.ac-bordeaux.fr\/disciplines\/lithotheque\/wp-json\/wp\/v2\/pages"}],"about":[{"href":"https:\/\/ent2d.ac-bordeaux.fr\/disciplines\/lithotheque\/wp-json\/wp\/v2\/types\/page"}],"author":[{"embeddable":true,"href":"https:\/\/ent2d.ac-bordeaux.fr\/disciplines\/lithotheque\/wp-json\/wp\/v2\/users\/8"}],"replies":[{"embeddable":true,"href":"https:\/\/ent2d.ac-bordeaux.fr\/disciplines\/lithotheque\/wp-json\/wp\/v2\/comments?post=132"}],"version-history":[{"count":31,"href":"https:\/\/ent2d.ac-bordeaux.fr\/disciplines\/lithotheque\/wp-json\/wp\/v2\/pages\/132\/revisions"}],"predecessor-version":[{"id":1397,"href":"https:\/\/ent2d.ac-bordeaux.fr\/disciplines\/lithotheque\/wp-json\/wp\/v2\/pages\/132\/revisions\/1397"}],"wp:attachment":[{"href":"https:\/\/ent2d.ac-bordeaux.fr\/disciplines\/lithotheque\/wp-json\/wp\/v2\/media?parent=132"}],"curies":[{"name":"wp","href":"https:\/\/api.w.org\/{rel}","templated":true}]}}