{"id":13,"date":"2018-03-22T22:23:17","date_gmt":"2018-03-22T21:23:17","guid":{"rendered":"https:\/\/ent2d.ac-bordeaux.fr\/disciplines\/lithotheque\/?page_id=13"},"modified":"2019-04-28T17:37:42","modified_gmt":"2019-04-28T15:37:42","slug":"histoire-de-la-region","status":"publish","type":"page","link":"https:\/\/ent2d.ac-bordeaux.fr\/disciplines\/lithotheque\/histoire-de-la-region\/","title":{"rendered":"Histoire et sp\u00e9cificit\u00e9s g\u00e9ologiques de l&#8217;Aquitaine"},"content":{"rendered":"<h1><span style=\"color: #000000\">Carte g\u00e9ologique simplifi\u00e9e de l\u2019Aquitaine, des r\u00e9gions limitrophes et de la marge continentale<\/span><br \/>\n<a href=\"https:\/\/ent2d.ac-bordeaux.fr\/disciplines\/lithotheque\/wp-content\/uploads\/sites\/59\/2018\/06\/carte_geol_simpl_Aquitaine_NEW.png\"><img loading=\"lazy\" decoding=\"async\" class=\"size-full wp-image-356\" src=\"https:\/\/ent2d.ac-bordeaux.fr\/disciplines\/lithotheque\/wp-content\/uploads\/sites\/59\/2018\/06\/carte_geol_simpl_Aquitaine_NEW.png\" alt=\"\" width=\"4932\" height=\"4761\" srcset=\"https:\/\/ent2d.ac-bordeaux.fr\/disciplines\/lithotheque\/wp-content\/uploads\/sites\/59\/2018\/06\/carte_geol_simpl_Aquitaine_NEW.png 4932w, https:\/\/ent2d.ac-bordeaux.fr\/disciplines\/lithotheque\/wp-content\/uploads\/sites\/59\/2018\/06\/carte_geol_simpl_Aquitaine_NEW-300x290.png 300w, https:\/\/ent2d.ac-bordeaux.fr\/disciplines\/lithotheque\/wp-content\/uploads\/sites\/59\/2018\/06\/carte_geol_simpl_Aquitaine_NEW-768x741.png 768w, https:\/\/ent2d.ac-bordeaux.fr\/disciplines\/lithotheque\/wp-content\/uploads\/sites\/59\/2018\/06\/carte_geol_simpl_Aquitaine_NEW-1024x988.png 1024w\" sizes=\"auto, (max-width: 4932px) 100vw, 4932px\" \/><\/a><\/h1>\n<p style=\"text-align: center\"><span style=\"color: #000000\"><em>(d\u2019apr\u00e8s Vigneaud, 1975 ; Le Suav\u00e9 et al., 2000 ; Biteau et al., 2006 ; Can\u00e9rot, 2008).<\/em> <strong>1.<\/strong> Bassin de Brive-la-Gaillarde. <strong>2.<\/strong> Massif Armoricain (bordure sud). <strong>3.<\/strong> Seuil du Poitou. <strong>4.<\/strong> Plate-forme du M\u00e9doc. <strong>5.<\/strong> Bassin de Parentis. <strong>6.<\/strong> Seuil des Landes. <strong>7.<\/strong> Plate-forme sud-Aquitaine. <strong>8.<\/strong> Avant-pays pyr\u00e9n\u00e9en. <strong>9.<\/strong> Haute Cha\u00eene Primaire. <strong>10.<\/strong> Chevauchement Frontal Nord-Pyr\u00e9n\u00e9en. <strong>11.<\/strong> Zone Nord-Pyr\u00e9n\u00e9enne. <strong>12.<\/strong> Faille Nord-Pyr\u00e9n\u00e9enne. <strong>13.<\/strong> Zone Sud-Pyr\u00e9n\u00e9enne. <strong>14.<\/strong> Plateau continental. <strong>15.<\/strong> Pente continentale. <strong>16.<\/strong> Glacis.<\/span><\/p>\n<p style=\"text-align: center\"><span style=\"color: #000000\"><em>Sources bibliographiques de la carte :<\/em><\/span><br \/>\n<span style=\"color: #000000\"><em> Biteau J.-J., Le Marrec A., Le Vot M., Masset J.-M. (2006). The Aquitaine Basin. Petroleum Geoscience, 12, 247\u2013273.<\/em><\/span><br \/>\n<span style=\"color: #000000\"><em> Can\u00e9rot J. (2008). Les Pyr\u00e9n\u00e9es : histoire g\u00e9ologique et itin\u00e9raires de d\u00e9couverte. Biarritz : Atlantica\/BRGM \u00e9ds., 2 tomes, 646 p.<\/em><\/span><br \/>\n<span style=\"color: #000000\"><em> Le Suav\u00e9 R., Bourillet, J.-F., Coutelle A. (2000). La marge nord du golfe de Gascogne. Connaissances g\u00e9n\u00e9rales et apport des nouvelles synth\u00e8ses de donn\u00e9es multifaisceaux. IFREMER, 1 carte + notice (55&nbsp;p).<\/em><\/span><br \/>\n<span style=\"color: #000000\"><em> Vignaud M. (1975). Aquitaine occidentale. Coll. Guides g\u00e9ologiques r\u00e9gionaux, Masson, Paris, 223 p.<\/em><\/span><\/p>\n<h1><strong>Pr\u00e9sentation g\u00e9n\u00e9rale de la g\u00e9ologie de l\u2019Aquitaine<\/strong><\/h1>\n<p><span style=\"color: #000000\">L\u2019Aquitaine, situ\u00e9e dans le sud-ouest de la France, pr\u00e9sente une g\u00e9ologie tr\u00e8s contrast\u00e9e (<span style=\"text-decoration: underline\">Carte g\u00e9ologique simplifi\u00e9e de l\u2019Aquitaine, des r\u00e9gions limitrophes et de la marge continentale<\/span><\/span>&nbsp;<a href=\"#bas\"><strong>[1]<\/strong><\/a>)<span style=\"color: #000000\">. Elle est constitu\u00e9e de trois entit\u00e9s g\u00e9ologiques majeures dont les limites d\u00e9passent largement celles de la r\u00e9gion&nbsp;: le <em>bassin d\u2019Aquitaine<\/em>, la cha\u00eene des <em>Pyr\u00e9n\u00e9es<\/em> au sud et la <em>marge continentale aquitaine<\/em> \u00e0 l\u2019ouest qui marque la transition entre le domaine continental et l\u2019oc\u00e9an Atlantique dans le golfe de Gascogne. Cet ensemble d\u2019entit\u00e9s g\u00e9ologiques est h\u00e9rit\u00e9 d\u2019une longue \u00e9volution qui a structur\u00e9 la r\u00e9gion de la fin du Pr\u00e9cambrien au Quaternaire [\u00c9chelle des temps g\u00e9ologiques].<\/span><\/p>\n<h2><span style=\"color: #000000\"><strong><em>Un ensemble d\u2019entit\u00e9s g\u00e9ologiques\u2026<\/em><\/strong><\/span><\/h2>\n<h3><span style=\"color: #000000\"><strong>Le bassin d\u2019Aquitaine<\/strong><\/span><\/h3>\n<p><span style=\"color: #000000\">Le bassin d\u2019Aquitaine recouvre l\u2019essentiel de la r\u00e9gion o\u00f9 il occupe une surface de plus de 35&nbsp;000 km<sup>2<\/sup>. Il pr\u00e9sente actuellement une forme triangulaire largement ouverte sur l\u2019oc\u00e9an Atlantique et est constitu\u00e9 d\u2019assises s\u00e9dimentaires empil\u00e9es dont les \u00e2ges \u00e0 l\u2019affleurement (du Permo-Trias au Quaternaire,&nbsp;<span style=\"text-decoration: underline\">Carte g\u00e9ologique simplifi\u00e9e de l\u2019Aquitaine, des r\u00e9gions limitrophes et de la marge continentale<\/span><\/span> <a href=\"#bas\"><strong>[1]<\/strong><\/a>)<span style=\"color: #000000\"> sont de plus en plus jeunes \u00e0 mesure que l\u2019on se rapproche du littoral. \u00c0 l\u2019est et au nord, les unit\u00e9s les plus anciennes (Permo-Trias du bassin de Brive-la-Gaillarde (<strong><em>1<\/em><\/strong>) et Jurassique) reposent en discordance sur le Massif Central et le Massif Armoricain (<strong><em>2<\/em><\/strong>). Ces massifs anciens p\u00e9riph\u00e9riques, d\u2019altitude modeste (&lt; 1200 m, hors \u00e9difices volcaniques c\u00e9nozo\u00efques), sont des t\u00e9moins de la <em>cha\u00eene varisque<\/em> form\u00e9e \u00e0 la fin du Pal\u00e9ozo\u00efque entre 400 et 300 millions d\u2019ann\u00e9es et dont le socle se prolonge sous le bassin. Le <em>seuil du Poitou<\/em> (<strong><em>3<\/em><\/strong>) marque le passage vers le bassin de Paris. Au sud, le bassin est limit\u00e9 par la cha\u00eene des Pyr\u00e9n\u00e9es, pliss\u00e9e au C\u00e9nozo\u00efque.<\/span><\/p>\n<p><span style=\"color: #000000\">D\u00e8s lors, dans sa configuration actuelle, le bassin ne poss\u00e8de plus son extension initiale mais a subi des d\u00e9formations. Sa structure d\u2019apparence simple en surface est d\u2019autant plus complexe en profondeur que l\u2019on se d\u00e9place vers les Pyr\u00e9n\u00e9es. Au sud de l\u2019estuaire de la Gironde dont l\u2019orientation est contr\u00f4l\u00e9e par une faille varisque majeure (faille celtaquitaine connect\u00e9e au complexe faill\u00e9 sud-armoricain), la <em>plate-forme du M\u00e9doc<\/em> (<strong><em>4<\/em><\/strong>) est une zone peu d\u00e9form\u00e9e. Le <em>bassin de Parentis<\/em> (<strong><em>5<\/em><\/strong>) a \u00e9t\u00e9 identifi\u00e9 sur des profils sismiques et par de nombreux forages p\u00e9troliers au sud du M\u00e9doc. Les s\u00e9diments y atteignent une \u00e9paisseur de 6000 m et la cro\u00fbte continentale y est amincie (Moho \u00e0 moins de 20 km). Cette goutti\u00e8re d\u2019orientation est-ouest est une zone fortement subsidente. Au sud du <em>seuil des Landes<\/em> (<strong><em>6<\/em><\/strong>), la <em>plate-forme sud-Aquitaine<\/em> (<strong><em>7<\/em><\/strong>) est marqu\u00e9e en profondeur par la pr\u00e9sence de fractures et de nombreux diapirs de sel (Trias). L\u2019<em>avant-pays pyr\u00e9n\u00e9en<\/em> (<strong><em>8<\/em><\/strong>), plus d\u00e9form\u00e9 (plis, chevauchements et diapirs), correspond \u00e0 plusieurs sous-bassins s\u00e9dimentaires (Adour-Arzacq, Tarbes, Comminges) aux limites losangiques h\u00e9rit\u00e9es de structures varisques r\u00e9activ\u00e9es. Ils ont \u00e9t\u00e9 intens\u00e9ment exploit\u00e9s pour les hydrocarbures apr\u00e8s la seconde guerre mondiale tout comme le bassin de Parentis.<\/span><\/p>\n<h3><span style=\"color: #000000\"><strong>Les Pyr\u00e9n\u00e9es<\/strong><\/span><\/h3>\n<p><span style=\"color: #000000\">Le domaine pyr\u00e9n\u00e9en est fortement d\u00e9form\u00e9 et montre des structures \u00e0 double d\u00e9versement, vers le nord dans sa partie septentrionale et vers le sud dans sa partie m\u00e9ridionale, de part et d\u2019autre de la <em>Haute Cha\u00eene Primaire<\/em> (<strong><em>9<\/em><\/strong>) qui culmine \u00e0 plus de 3000 m d\u2019altitude. Les Pyr\u00e9n\u00e9es sont form\u00e9es de plusieurs ensembles s\u00e9par\u00e9s par des failles majeures. Du nord au sud, on distingue&nbsp;:<\/span><\/p>\n<ul>\n<li><span style=\"color: #000000\">Le <em>Chevauchement Frontal Nord-Pyr\u00e9n\u00e9en<\/em> (<strong><em>10<\/em><\/strong>) est une zone faill\u00e9e situ\u00e9e au sud de la plate-forme nord-Aquitaine qui marque la limite septentrionale de la cha\u00eene des Pyr\u00e9n\u00e9es et de la <em>Zone Nord-Pyr\u00e9n\u00e9enne<\/em>.<\/span><\/li>\n<\/ul>\n<ul>\n<li><span style=\"color: #000000\">La <em>Zone Nord-Pyr\u00e9n\u00e9enne<\/em> (<strong><em>11<\/em><\/strong>) est un domaine affect\u00e9 de plis et de chevauchements d\u00e9vers\u00e9s vers le nord qui affectent les formations s\u00e9dimentaires m\u00e9sozo\u00efques (Trias \u00e0 Cr\u00e9tac\u00e9).<\/span><\/li>\n<li><span style=\"color: #000000\">La <em>Faille Nord-Pyr\u00e9n\u00e9enne<\/em> (<strong><em>12<\/em><\/strong>) s\u00e9pare la Zone Nord-Pyr\u00e9n\u00e9enne de la <em>Haute Cha\u00eene Primaire<\/em> (<strong><em>9<\/em><\/strong>) constitu\u00e9e de terrains cristallins et s\u00e9dimentaires d\u2019\u00e2ge pal\u00e9ozo\u00efque et structur\u00e9s lors de l\u2019orogen\u00e8se varisque. On y rencontre les plus hauts sommets pyr\u00e9n\u00e9ens.<\/span><\/li>\n<li><span style=\"color: #000000\">Au sud, la <em>Zone Sud-Pyr\u00e9n\u00e9enne<\/em> (<strong><em>13<\/em><\/strong>) correspond \u00e0 des formations s\u00e9dimentaires d\u2019\u00e2ge m\u00e9sozo\u00efque et c\u00e9nozo\u00efque d\u00e9coll\u00e9es du socle ib\u00e9rique et affect\u00e9es de nombreux chevauchements orient\u00e9s vers le sud.<\/span><\/li>\n<\/ul>\n<h3><span style=\"color: #000000\"><strong>Le golfe de Gascogne<\/strong><\/span><\/h3>\n<p><span style=\"color: #000000\">Le domaine sous-marin du golfe de Gascogne correspond \u00e0 une <em>marge continentale<\/em> en bordure de l\u2019oc\u00e9an Atlantique. Cette marge est marqu\u00e9e par la pr\u00e9sence d\u2019un vaste <em>plateau continental<\/em> (<strong><em>14<\/em><\/strong>) situ\u00e9 entre le littoral aquitain et l\u2019isobathe 200 m. La houle et les courants de mar\u00e9es \u00e9talent les s\u00e9diments sableux d\u00e9vers\u00e9s dans l\u2019oc\u00e9an par la Garonne sur le plateau vers le sud le long du trait de c\u00f4te tr\u00e8s lin\u00e9aire. La <em>pente continentale<\/em> (<strong><em>15<\/em><\/strong>), entre -200 et -4000 m, marque la transition vers le <em>glacis<\/em> (<strong><em>16<\/em><\/strong>) puis la <em>plaine abyssale<\/em> (non visible sur la carte). La pente est incis\u00e9e par des <em>canyons sous-marins<\/em> (Cap Ferret et Capbreton), situ\u00e9s de part et d\u2019autre du <em>Plateau Landais<\/em>, et par lesquels les s\u00e9diments du plateau sont entra\u00een\u00e9s vers la plaine abyssale. Le <em>canyon de Capbreton<\/em> d\u2019une longueur de 130 km et d\u2019une profondeur moyenne de 2000 m est l\u2019un des canyons sous-marins les plus profonds au monde.<\/span><\/p>\n<h1><span style=\"color: #000000\"><strong><em>\u2026 h\u00e9rit\u00e9 d\u2019une longue histoire g\u00e9ologique<\/em><\/strong><\/span><\/h1>\n<p><span style=\"color: #000000\">La longue histoire g\u00e9ologique de l\u2019Aquitaine est marqu\u00e9e par la succession de deux cycles orog\u00e9niques (varisque au Pal\u00e9ozo\u00efque et alpin au C\u00e9nozo\u00efque) entrecoup\u00e9 par divers \u00e9pisodes de d\u00e9formation et de s\u00e9dimentation au M\u00e9sozo\u00efque qui s\u2019ach\u00e8ve par une phase de <em>rifting<\/em> majeur \u00e0 l\u2019origine de l\u2019ouverture du golfe de Gascogne. Les formations s\u00e9dimentaires du bassin d\u2019Aquitaine enregistrent les \u00e9volutions pal\u00e9og\u00e9ographiques et climatiques au cours du M\u00e9sozo\u00efque et du C\u00e9nozo\u00efque.<\/span><\/p>\n<p><span style=\"color: #000000\">Le socle du bassin d\u2019Aquitaine a \u00e9t\u00e9 structur\u00e9 au Pal\u00e9ozo\u00efque lors de l\u2019<em>orogen\u00e8se varisque<\/em>. Les produits de l\u2019\u00e9rosion de la cha\u00eene ont aliment\u00e9 des bassins s\u00e9dimentaires au cours du Permo-Trias (bassin de Brive-la-Gaillarde par exemple). D\u2019\u00e9paisses s\u00e9ries d\u2019<em>\u00e9vaporites<\/em> se d\u00e9posent dans la partie m\u00e9ridionale de l\u2019Aquitaine \u00e0 la fin du Trias.<\/span><\/p>\n<p><span style=\"color: #000000\">Lors de l\u2019\u00e9clatement du supercontinent <em>Pang\u00e9e <\/em>form\u00e9 \u00e0 la fin du Permien \u00e0 partir du d\u00e9but du <em>Jurassique<\/em> (-180 Ma), la r\u00e9gion est envahie par les eaux marines de l\u2019<em>oc\u00e9an T\u00e9thys<\/em> situ\u00e9 \u00e0 l\u2019est et par celles de l\u2019<em>oc\u00e9an Atlantique central<\/em> qui commence \u00e0 s\u2019ouvrir \u00e0 l\u2019ouest. Le substratum continental de l\u2019Aquitaine est alors recouvert par une vaste plate-forme carbonat\u00e9e dont la g\u00e9om\u00e9trie est contr\u00f4l\u00e9e par le rejeu d\u2019anciens accidents varisques qui conduisent \u00e0 des variations spatiales de l\u2019\u00e9paisseur des s\u00e9ries s\u00e9dimentaires.<\/span><\/p>\n<p><span style=\"color: #000000\">Au d\u00e9but du <em>Cr\u00e9tac\u00e9 inf\u00e9rieur<\/em> (-145 \u00e0 -100 Ma), la s\u00e9dimentation marine se poursuit. \u00c0 partir de la seconde partie du Cr\u00e9tac\u00e9 inf\u00e9rieur, un <em>ph\u00e9nom\u00e8ne g\u00e9odynamique majeur<\/em> se produit&nbsp;: l\u2019<em>ouverture du golfe de Gascogne<\/em>. Avant cette p\u00e9riode, la bordure nord de l\u2019Ib\u00e9rie, qui correspond \u00e0 une <em>plaque lithosph\u00e9rique<\/em>, \u00e9tait accol\u00e9e \u00e0 la bordure ouest de la France (Bretagne-Aquitaine) et donc de la plaque Eurasie. La plaque Ib\u00e9rie a commenc\u00e9 \u00e0 coulisser vers le sud-est par une rotation antihoraire. Cette rotation a plusieurs cons\u00e9quences en Aquitaine&nbsp;: (1) la formation d\u2019un sillon profond (avec mise \u00e0 l\u2019affleurement de roches du manteau, les lherzolites) d\u2019orientation est-ouest au niveau de la position actuelle des Pyr\u00e9n\u00e9es de l\u2019Albien au Campanien (partie sup\u00e9rieure du Cr\u00e9tac\u00e9 inf\u00e9rieur), (2) une dislocation de la plate-forme carbonat\u00e9e jurassique de l\u2019Aquitaine et l\u2019individualisation de zones tr\u00e8s subsidentes (bassins de Parentis et de l\u2019Adour) et, enfin, (3) le diapirisme salif\u00e8re (remont\u00e9e du sel) des \u00e9vaporites du Trias au nord du sillon pyr\u00e9n\u00e9en. \u00c0 l\u2019ouest, l\u2019ouverture du golfe de Gascogne s\u2019accompagne de l\u2019accr\u00e9tion de cro\u00fbte oc\u00e9anique et du d\u00e9veloppement d\u2019une <em>marge passive<\/em>. \u00c0 la fin du Cr\u00e9tac\u00e9 inf\u00e9rieur, l\u2019Ib\u00e9rie amorce sa remont\u00e9e vers le nord et entra\u00eene un d\u00e9but de convergence et de plissement dans les Pyr\u00e9n\u00e9es orientales. Au Cr\u00e9tac\u00e9 sup\u00e9rieur, la partie septentrionale du bassin d\u2019Aquitaine est \u00e0 nouveau envahie par la mer en r\u00e9ponse \u00e0 la remont\u00e9e globale du niveau g\u00e9n\u00e9ral des oc\u00e9ans.<\/span><\/p>\n<p><span style=\"color: #000000\">La poursuite de la remont\u00e9e de l\u2019Ib\u00e9rie vers le nord entra\u00eene la <em>surrection de la cha\u00eene des Pyr\u00e9n\u00e9es<\/em> qui se produit pour l\u2019essentiel au cours de l\u2019Eoc\u00e8ne (-55 \u00e0 -34 Ma) et qui s\u2019accompagne d\u2019un recul g\u00e9n\u00e9ral de la mer dans la r\u00e9gion. L\u2019orogen\u00e8se r\u00e9sulte du sous-charriage de l\u2019Ib\u00e9rie sous l\u2019Eurasie et conduit \u00e0 la formation des <em>bassins flexuraux d\u2019avant-pays<\/em> au nord (Zone Nord-Pyr\u00e9n\u00e9enne) et au sud (Zone Sud-Pyr\u00e9n\u00e9enne) de la <em>cha\u00eene axiale primaire<\/em> o\u00f9 les terrains du Pal\u00e9ozo\u00efque viennent \u00e0 l\u2019affleurement. L\u2019\u00e9rosion des reliefs naissants alimente en s\u00e9diments en particulier le grand c\u00f4ne d\u00e9tritique largement ouvert vers le nord entre Toulouse et Bayonne et aujourd\u2019hui incis\u00e9 par les vall\u00e9es radiales des affluents pyr\u00e9n\u00e9ens de la Garonne. Au nord de ce c\u00f4ne, pendant l\u2019Oligoc\u00e8ne (-34 \u00e0 -23 Ma) et le Mioc\u00e8ne (-23 \u00e0 -5 Ma), la mer occupe sporadiquement les parties occidentale et septentrionale du bassin d\u2019Aquitaine avant de se retirer d\u00e9finitivement alors que le Massif Central subit une surrection en contrecoup de l\u2019orogen\u00e8se alpine (Pyr\u00e9n\u00e9es et Alpes) et que le seuil du Poitou s\u2019individualise (flambage lithosph\u00e9rique).<\/span><\/p>\n<p><span style=\"color: #000000\">Le domaine landais est combl\u00e9 au cours des 5 derniers millions d\u2019ann\u00e9es (-5 Ma \u00e0 l\u2019Actuel) alors que la<\/span> <span style=\"color: #000000\">d\u00e9gradation du climat conduit \u00e0 des phases glaciaires, \u00e0 l\u2019englacement r\u00e9p\u00e9t\u00e9 des Pyr\u00e9n\u00e9es et d\u2019une partie du Massif Central et au d\u00e9p\u00f4t du sable des Landes dans une zone \u00e0 fort cachet d\u00e9sertique et de nappes d\u2019alluvions dans les plaines et vall\u00e9es aquitaines. C\u2019est \u00e9galement au cours de cette p\u00e9riode que les Charentes et le P\u00e9rigord sont colonis\u00e9s par des populations humaines (<em>Homo neanderthalensis<\/em> et <em>Homo sapiens<\/em>) qui ont y ont laiss\u00e9 de nombreuses traces (grotte de Lascaux par exemple).<\/span><\/p>\n<p><span style=\"color: #000000\">Ainsi, l\u2019Aquitaine offre de multiples possibilit\u00e9s de d\u00e9couvertes g\u00e9ologiques et d\u2019illustration de ph\u00e9nom\u00e8nes g\u00e9odynamiques. Tel est l\u2019objectif des excursions g\u00e9ologiques pr\u00e9sent\u00e9es sur le site de la <em>Lithoth\u00e8que<\/em> de l\u2019Acad\u00e9mie de Bordeaux. Cette introduction rapide pourra \u00eatre avantageusement enrichie par la consultation des ressources suivantes&nbsp;:<\/span><\/p>\n<p>&nbsp;<\/p>\n<ul>\n<li><span style=\"color: #000000\">Site du<\/span> <a href=\"http:\/\/sigesaqi.brgm.fr\/-Geologie-.html\">BRGM<\/a> <span style=\"color: #000000\">(SIGES)<\/span><\/li>\n<li><span style=\"color: #000000\">Site de l\u2019<\/span><a href=\"http:\/\/www.agso.net\">Association des G\u00e9ologues du Sud-Ouest<\/a><\/li>\n<li><span style=\"color: #000000\">Site de<\/span> <a href=\"http:\/\/websites.cap-sciences.net\">Cap Sciences<\/a><\/li>\n<li><span style=\"color: #000000\">Site<\/span> <a href=\"https:\/\/www.geoportail.gouv.fr\/\">G\u00e9oportail<\/a><\/li>\n<li><span style=\"color: #000000\">Site<\/span> <a href=\"http:\/\/infoterre.brgm.fr\/\">Info Terre<\/a><\/li>\n<\/ul>\n<hr>\n<p id=\"bas\"><strong>[1]&nbsp;<\/strong>Les num\u00e9ros (entre parenth\u00e8ses dans le texte) associ\u00e9s \u00e0 des entit\u00e9s g\u00e9ologiques et morphologiques sont report\u00e9s sur la carte g\u00e9ologique simplifi\u00e9e de l\u2019Aquitaine, des r\u00e9gions limitrophes et de la marge continentale.<\/p>\n","protected":false},"excerpt":{"rendered":"<p>Carte g\u00e9ologique simplifi\u00e9e de l\u2019Aquitaine, des r\u00e9gions limitrophes et de la marge continentale (d\u2019apr\u00e8s Vigneaud, 1975 ; Le Suav\u00e9 et al., 2000 ; Biteau et al., 2006 ; Can\u00e9rot, 2008). &#8230;<\/p>\n","protected":false},"author":8,"featured_media":0,"parent":0,"menu_order":0,"comment_status":"closed","ping_status":"closed","template":"template-left-sidebar.php","meta":{"footnotes":""},"class_list":["post-13","page","type-page","status-publish","hentry"],"_links":{"self":[{"href":"https:\/\/ent2d.ac-bordeaux.fr\/disciplines\/lithotheque\/wp-json\/wp\/v2\/pages\/13","targetHints":{"allow":["GET"]}}],"collection":[{"href":"https:\/\/ent2d.ac-bordeaux.fr\/disciplines\/lithotheque\/wp-json\/wp\/v2\/pages"}],"about":[{"href":"https:\/\/ent2d.ac-bordeaux.fr\/disciplines\/lithotheque\/wp-json\/wp\/v2\/types\/page"}],"author":[{"embeddable":true,"href":"https:\/\/ent2d.ac-bordeaux.fr\/disciplines\/lithotheque\/wp-json\/wp\/v2\/users\/8"}],"replies":[{"embeddable":true,"href":"https:\/\/ent2d.ac-bordeaux.fr\/disciplines\/lithotheque\/wp-json\/wp\/v2\/comments?post=13"}],"version-history":[{"count":16,"href":"https:\/\/ent2d.ac-bordeaux.fr\/disciplines\/lithotheque\/wp-json\/wp\/v2\/pages\/13\/revisions"}],"predecessor-version":[{"id":1116,"href":"https:\/\/ent2d.ac-bordeaux.fr\/disciplines\/lithotheque\/wp-json\/wp\/v2\/pages\/13\/revisions\/1116"}],"wp:attachment":[{"href":"https:\/\/ent2d.ac-bordeaux.fr\/disciplines\/lithotheque\/wp-json\/wp\/v2\/media?parent=13"}],"curies":[{"name":"wp","href":"https:\/\/api.w.org\/{rel}","templated":true}]}}