{"id":1121,"date":"2019-04-28T17:51:18","date_gmt":"2019-04-28T15:51:18","guid":{"rendered":"https:\/\/ent2d.ac-bordeaux.fr\/disciplines\/lithotheque\/?page_id=1121"},"modified":"2020-09-08T16:12:06","modified_gmt":"2020-09-08T14:12:06","slug":"24-volcanisme-explosif","status":"publish","type":"page","link":"https:\/\/ent2d.ac-bordeaux.fr\/disciplines\/lithotheque\/24-volcanisme-explosif\/","title":{"rendered":"24 &#8211; Volcanisme explosif"},"content":{"rendered":"\n<figure class=\"wp-block-image size-large is-resized\"><img loading=\"lazy\" decoding=\"async\" src=\"https:\/\/ent2d.ac-bordeaux.fr\/disciplines\/lithotheque\/wp-content\/uploads\/sites\/59\/2019\/10\/Logo-EDD-1.png\" alt=\"\" class=\"wp-image-1340\" width=\"50\" height=\"58\" srcset=\"https:\/\/ent2d.ac-bordeaux.fr\/disciplines\/lithotheque\/wp-content\/uploads\/sites\/59\/2019\/10\/Logo-EDD-1.png 889w, https:\/\/ent2d.ac-bordeaux.fr\/disciplines\/lithotheque\/wp-content\/uploads\/sites\/59\/2019\/10\/Logo-EDD-1-261x300.png 261w, https:\/\/ent2d.ac-bordeaux.fr\/disciplines\/lithotheque\/wp-content\/uploads\/sites\/59\/2019\/10\/Logo-EDD-1-768x884.png 768w\" sizes=\"auto, (max-width: 50px) 100vw, 50px\" \/><\/figure>\n\n\n<table style=\"width: 100%\">\n<tbody>\n<tr>\n<td style=\"width: 99.3103%;text-align: center\" colspan=\"2\"><a href=\"http:\/\/umap.openstreetmap.fr\/fr\/map\/lithotheque-24-academie-de-bordeaux_227984#11\/45.4034\/1.0192\"><span style=\"color: #00ccff\"><strong>Coordonn\u00e9es g\u00e9ographiques et GPS du site<\/strong><\/span><\/a><\/td>\n<\/tr>\n<tr>\n<td style=\"text-align: center;width: 48.5423%\">49\u00b019\u201941.46\u2019\u2019N<\/td>\n<td style=\"width: 50.7681%;text-align: center\">1\u00b012\u201926.07\u2019\u2019E<\/td>\n<\/tr>\n<tr>\n<td style=\"width: 48.5423%;text-align: center\">45,327228&nbsp;<\/td>\n<td style=\"width: 50.7681%;text-align: center\">1,202155<\/td>\n<\/tr>\n<\/tbody>\n<\/table>\n\n\n<figure class=\"wp-block-image\"><img loading=\"lazy\" decoding=\"async\" width=\"623\" height=\"266\" src=\"https:\/\/ent2d.ac-bordeaux.fr\/disciplines\/lithotheque\/wp-content\/uploads\/sites\/59\/2019\/04\/carte-ge\u0301ologique_las-terrieras.jpg\" alt=\"\" class=\"wp-image-1124\" srcset=\"https:\/\/ent2d.ac-bordeaux.fr\/disciplines\/lithotheque\/wp-content\/uploads\/sites\/59\/2019\/04\/carte-ge\u0301ologique_las-terrieras.jpg 623w, https:\/\/ent2d.ac-bordeaux.fr\/disciplines\/lithotheque\/wp-content\/uploads\/sites\/59\/2019\/04\/carte-ge\u0301ologique_las-terrieras-300x128.jpg 300w\" sizes=\"auto, (max-width: 623px) 100vw, 623px\" \/><figcaption><em>Carte g\u00e9ologique : 1\/25 000&nbsp; N\u00b0760- JUILLAC <\/em> <\/figcaption><\/figure>\n\n\n\n<div class=\"wp-block-image\"><figure class=\"aligncenter is-resized\"><img loading=\"lazy\" decoding=\"async\" src=\"https:\/\/ent2d.ac-bordeaux.fr\/disciplines\/lithotheque\/wp-content\/uploads\/sites\/59\/2019\/04\/Le\u0301gende-carte-ge\u0301ologique_las-terrieras.jpg\" alt=\"\" class=\"wp-image-1125\" width=\"569\" height=\"356\" srcset=\"https:\/\/ent2d.ac-bordeaux.fr\/disciplines\/lithotheque\/wp-content\/uploads\/sites\/59\/2019\/04\/Le\u0301gende-carte-ge\u0301ologique_las-terrieras.jpg 378w, https:\/\/ent2d.ac-bordeaux.fr\/disciplines\/lithotheque\/wp-content\/uploads\/sites\/59\/2019\/04\/Le\u0301gende-carte-ge\u0301ologique_las-terrieras-300x188.jpg 300w\" sizes=\"auto, (max-width: 569px) 100vw, 569px\" \/><\/figure><\/div>\n\n\n<p><strong><u>Description du site<\/u><\/strong><strong> :<\/strong><\/p>\n<p><em><u>Datation<\/u><\/em><em>&nbsp;: Ordovicien, Silurien (Voir Notice_Carte de n\u00b0760 de Juillac)<\/em><\/p>\n<p><em><u>Roches<\/u>&nbsp;<\/em><em>: Porphyro\u00efde de Genis appartenant \u00e0 l\u2019Unit\u00e9 de Thiviers. Ancienne Ignimbrite.<\/em><\/p>\n<p><em>&nbsp;<\/em><em><u>Composition de la roche<\/u>&nbsp;:<\/em><\/p>\n<p>C\u2019est une roche&nbsp; de teinte claire avec une composition chimique rappelant la rhyolite.&nbsp; Les ph\u00e9nocristaux comprennent du quartz (gris\u00e2tre) souvent arrondi, rarement anguleux avec d&#8217;assez fr\u00e9quents \u00abgolfes de corrosion\u00bb et des feldspaths alcalins (rose vif), en sections prismatiques irr\u00e9guli\u00e8res aux angles parfois \u00e9mouss\u00e9s.<\/p>\n<p>La matrice tr\u00e8s fine (rose, beige ou vert p\u00e2le) comprend de petits grains de quartz et de feldspath associ\u00e9s \u00e0 la s\u00e9ricite et plus rarement \u00e0 la chlorite.<\/p>\n<p>Enfin, on y observe des fuseaux rouge-grenat de quelques millim\u00e8tres \u00e0 quelques centim\u00e8tres, parall\u00e8les entre eux, parfois ondul\u00e9s qui sont des fragments de verre ou des \u00ab&nbsp;fiammes&nbsp;\u00bb (lentilles vitreuses rose violac\u00e9). (Voir<em> Notice_Carte de n\u00b0760 de Juillac_page 14)<\/em><\/p>\n<p><em>Nous pouvons voir (Photo <\/em><em>Echelle&nbsp; 2_Ignimbrite<\/em>) que c<em>ette roche&nbsp;:<\/em><\/p>\n<ul>\n<li><em>porte des traces d\u2019\u00e9tirement&nbsp;: lin\u00e9ation <\/em><\/li>\n<li><em>montre une surface d\u2019aplatissement qui est verticale : schistosit\u00e9<\/em><\/li>\n<\/ul>\n<p><em><u>Conditions de formation et pal\u00e9oenvironnement<\/u><\/em>&nbsp;:<\/p>\n<p>La carri\u00e8re de Las Terrieras est une carri\u00e8re ouverte sur le flanc nord du synclinal de G\u00e9nis dans les m\u00e9ta-ignimbrites (porphyro\u00efdes de G\u00e9nis) roses \u00e0 fiammes<sup>1<\/sup>. (Voir<em> Notice_Carte de n\u00b0760 de Juillac_page 33)<\/em><\/p>\n<p>&nbsp;Cette ancienne ignimbrite est un d\u00e9p\u00f4t volcanique pyroclastique a\u00e9rien de \u00ab&nbsp;nu\u00e9e ardente&nbsp;\u00bb. Transform\u00e9e par le m\u00e9tamorphisme \u00e9pizonal<sup>2<\/sup>, c\u2019est donc une m\u00e9ta-ignimbrite. Le contexte de formation d\u2019une telle roche correspond \u00e0 un volcanisme explosif dans une zone de subduction.<\/p>\n<p>En effet, les ignimbrites (du latin ignis, \u00ab feu \u00bb, et imber, \u00ab pluie \u00bb), ou tufs soud\u00e9s, sont des d\u00e9p\u00f4ts pyroclastiques tr\u00e8s particuliers. Faites de fragments de laves acides, elles sont g\u00e9n\u00e9ralement tr\u00e8s \u00e9tendues : une seule nappe peut avoir des dizaines de kilom\u00e8tres de long, plusieurs kilom\u00e8tres de large et des dizaines, voire des centaines de m\u00e8tres d&#8217;\u00e9paisseur. De nombreuses nappes se superposent souvent sur des milliers de kilom\u00e8tres carr\u00e9s.<\/p>\n<p>Les ignimbrites sont engendr\u00e9es par des \u00e9ruptions exceptionnelles. Elles surviennent, semble-t-il, au terme de longs cycles \u00e9ruptifs, dans des magmas fortement visqueux et tr\u00e8s riches en gaz. [\u2026] La viscosit\u00e9 extr\u00eame du magma fait ensuite &nbsp;place soudainement &nbsp;\u00e0 la fluidit\u00e9, tout aussi extr\u00eame, d&#8217;un a\u00e9rosol \u00e0 haute temp\u00e9rature. [\u2026] Progressant \u00e0 haute vitesse \u00e0 l&#8217;abri d&#8217;une couverture de gaz en expansion charg\u00e9s de poussi\u00e8res qui s&#8217;\u00e9l\u00e8ve \u00e0 des milliers de m\u00e8tres, ces nappes conservent une bonne partie de leur chaleur jusqu&#8217;\u00e0 de grandes distances. Au moment o\u00f9, brusquement, les parcelles en suspension se d\u00e9posent, les temp\u00e9ratures sont en g\u00e9n\u00e9ral suffisamment \u00e9lev\u00e9es pour permettre aux \u00e9l\u00e9ments ponceux, fluides encore, de s&#8217;aplatir et de se souder les uns aux autres. Le r\u00e9sultat en est une roche parfois tr\u00e8s compacte dans laquelle sont \u00e9parses les mottes de ponce, \u00e9cras\u00e9es en galettes ; les coupes verticales font appara\u00eetre ces derni\u00e8res sous forme lanc\u00e9ol\u00e9e, et on les appelle fiamme (mot italien signifiant \u00ab flammes \u00bb) ; elles sont tr\u00e8s caract\u00e9ristiques des ignimbrites. [\u2026]<\/p>\n<p>Les ignimbrites sont des formations g\u00e9ologiquement importantes. Elles le sont \u00e9galement du point de vue \u00e9conomique, car elles peuvent contenir des gisements de vapeur, utilisables pour la production d&#8217;\u00e9nergie g\u00e9othermique.<\/p>\n<p><span style=\"font-size: 8pt\"><em><u>Source<\/u><\/em><em>&nbsp;: version HTML du fichier <\/em><a href=\"http:\/\/www.geo2d.com\/images\/VOLCANISME_ET_VOLCANOLOGIE._TAZIEFF_VARET._ENCYCLOPEDIA_UNIVERSALIS_.pdf\"><em>http:\/\/www.geo2d.com\/images\/VOLCANISME_ET_VOLCANOLOGIE._TAZIEFF_VARET._ENCYCLOPEDIA_UNIVERSALIS_.pdf<\/em><\/a><em>. <\/em><\/span><\/p>\n<p><span style=\"font-size: 8pt\"><sup>1&nbsp;<\/sup> d\u00e9signe des mottes de ponce, \u00e9cras\u00e9es en galette, qui apparaissent sous forme lanc\u00e9ol\u00e9e lors de coupes verticales de la roche compacte qui les renferme&nbsp;&nbsp;<\/span><\/p>\n<p><span style=\"font-size: 8pt\"><sup>2<\/sup> zone superficielle de l&#8217;\u00e9corce terrestre o\u00f9 se produit un m\u00e9tamorphisme \u00e0 temp\u00e9rature mod\u00e9r\u00e9e dans le faci\u00e8s des schistes verts<\/span><\/p>\n\n\n<figure class=\"wp-block-image\"><img loading=\"lazy\" decoding=\"async\" width=\"1024\" height=\"691\" src=\"https:\/\/ent2d.ac-bordeaux.fr\/disciplines\/lithotheque\/wp-content\/uploads\/sites\/59\/2019\/04\/Photo-1_las-terrieras-1024x691.jpg\" alt=\"\" class=\"wp-image-1127\" srcset=\"https:\/\/ent2d.ac-bordeaux.fr\/disciplines\/lithotheque\/wp-content\/uploads\/sites\/59\/2019\/04\/Photo-1_las-terrieras-1024x691.jpg 1024w, https:\/\/ent2d.ac-bordeaux.fr\/disciplines\/lithotheque\/wp-content\/uploads\/sites\/59\/2019\/04\/Photo-1_las-terrieras-300x202.jpg 300w, https:\/\/ent2d.ac-bordeaux.fr\/disciplines\/lithotheque\/wp-content\/uploads\/sites\/59\/2019\/04\/Photo-1_las-terrieras-768x518.jpg 768w, https:\/\/ent2d.ac-bordeaux.fr\/disciplines\/lithotheque\/wp-content\/uploads\/sites\/59\/2019\/04\/Photo-1_las-terrieras.jpg 1070w\" sizes=\"auto, (max-width: 1024px) 100vw, 1024px\" \/><figcaption>SITE_\u00e9chelle 1<\/figcaption><\/figure>\n\n\n\n<figure class=\"wp-block-image\"><img loading=\"lazy\" decoding=\"async\" width=\"1024\" height=\"615\" src=\"https:\/\/ent2d.ac-bordeaux.fr\/disciplines\/lithotheque\/wp-content\/uploads\/sites\/59\/2019\/04\/Photo-2_las-terrieras-1024x615.jpg\" alt=\"\" class=\"wp-image-1128\" srcset=\"https:\/\/ent2d.ac-bordeaux.fr\/disciplines\/lithotheque\/wp-content\/uploads\/sites\/59\/2019\/04\/Photo-2_las-terrieras-1024x615.jpg 1024w, https:\/\/ent2d.ac-bordeaux.fr\/disciplines\/lithotheque\/wp-content\/uploads\/sites\/59\/2019\/04\/Photo-2_las-terrieras-300x180.jpg 300w, https:\/\/ent2d.ac-bordeaux.fr\/disciplines\/lithotheque\/wp-content\/uploads\/sites\/59\/2019\/04\/Photo-2_las-terrieras-768x461.jpg 768w, https:\/\/ent2d.ac-bordeaux.fr\/disciplines\/lithotheque\/wp-content\/uploads\/sites\/59\/2019\/04\/Photo-2_las-terrieras.jpg 1280w\" sizes=\"auto, (max-width: 1024px) 100vw, 1024px\" \/><figcaption>Echelle 2_Ignimbrite<\/figcaption><\/figure>\n\n\n\n<figure class=\"wp-block-image\"><img loading=\"lazy\" decoding=\"async\" width=\"880\" height=\"443\" src=\"https:\/\/ent2d.ac-bordeaux.fr\/disciplines\/lithotheque\/wp-content\/uploads\/sites\/59\/2019\/04\/Photo-3_las-terrieras.jpg\" alt=\"\" class=\"wp-image-1129\" srcset=\"https:\/\/ent2d.ac-bordeaux.fr\/disciplines\/lithotheque\/wp-content\/uploads\/sites\/59\/2019\/04\/Photo-3_las-terrieras.jpg 880w, https:\/\/ent2d.ac-bordeaux.fr\/disciplines\/lithotheque\/wp-content\/uploads\/sites\/59\/2019\/04\/Photo-3_las-terrieras-300x150.jpg 300w, https:\/\/ent2d.ac-bordeaux.fr\/disciplines\/lithotheque\/wp-content\/uploads\/sites\/59\/2019\/04\/Photo-3_las-terrieras-768x387.jpg 768w\" sizes=\"auto, (max-width: 880px) 100vw, 880px\" \/><figcaption>Echelle 2_Ignimbrite_aide \u00e0 la reconnaissance des min\u00e9raux<\/figcaption><\/figure>\n\n\n<p><strong><u>Activit\u00e9s envisageables<\/u><\/strong><strong>\u00a0:<\/strong><\/p>\n<ul>\n<li>Retrouver sur le terrain les marqueurs d\u2019une zone de subduction<\/li>\n<li>Aborder l\u2019\u00e9tude d\u2019une suite d\u2019\u00e9v\u00e8nements g\u00e9ologiques\u00a0: subduction et volcanisme explosif.<\/li>\n<li>Retrouver le contexte g\u00e9ologique.<\/li>\n<li>Etudier des formations g\u00e9ologiques en lien avec la production d&#8217;\u00e9nergie g\u00e9othermique.<\/li>\n<\/ul>\n<p><strong><u>Capacit\u00e9s et attitudes<\/u><\/strong><strong>\u00a0:<\/strong><\/p>\n<ul>\n<li>Pratiquer une d\u00e9marche d\u2019investigation \u00e0 partir d\u2019un travail de terrain favorisant l\u2019autonomie des \u00e9l\u00e8ves.<\/li>\n<li>Recenser, extraire et organiser des donn\u00e9es de terrain lors d&#8217;une sortie.<\/li>\n<li>R\u00e9aliser des croquis ou traiter num\u00e9riquement des photographies.<\/li>\n<li>Savoir reconna\u00eetre des min\u00e9raux et des structures observables dans une roche.<\/li>\n<li>Savoir reconstituer l\u2019histoire g\u00e9ologique du site gr\u00e2ce \u00e0 l\u2019\u00e9tude des roches sur le terrain.<\/li>\n<\/ul>\n<p><span style=\"color: #339966\"><strong><span style=\"text-decoration: underline\">Ressources pour l\u2019EDD :<\/span> <\/strong><\/span><br \/><span style=\"color: #339966\">Cette carri\u00e8re, en bordure d\u2019une route d\u00e9partementale peu fr\u00e9quent\u00e9e, est victime de d\u00e9p\u00f4ts sauvages. Elle est \u00e9galement non entretenue et n\u2019a pas \u00e9t\u00e9 r\u00e9habilit\u00e9e. <\/span><br \/><span style=\"color: #339966\">Du point de vue de l\u2019impact sur l\u2019environnement, plusieurs pistes de r\u00e9flexion peuvent \u00eatre envisag\u00e9es :<\/span><\/p>\n<p style=\"padding-left: 40px\"><span style=\"color: #339966\"><strong>&#8211;<\/strong> <strong>Model\u00e9 des paysages<\/strong><\/span><br \/><strong><span style=\"color: #339966\">&#8211; R\u00e9am\u00e9nagement d\u2019anciennes carri\u00e8res <\/span><\/strong><br \/><strong><span style=\"color: #339966\">&#8211; Protection de l\u2019environnement : gestion des d\u00e9chets pour pr\u00e9venir la pollution des sols notamment.<\/span><\/strong><\/p>\n<p><span style=\"color: #339966\">Il faut savoir qu\u2019il est toujours possible de r\u00e9habiliter une carri\u00e8re, une friche, une d\u00e9charge sauvage, un cours d\u2019eau ou une zone humide par les techniques de g\u00e9nie \u00e9cologique, afin d\u2019en restaurer progressivement la biodiversit\u00e9 : v\u00e9g\u00e9talisation adapt\u00e9e, d\u00e9pollution les sols, lutte contre l\u2019\u00e9rosion.<\/span><br \/><span style=\"color: #339966\">Selon la zone r\u00e9habilit\u00e9e, ce type de projet peut conduire vers l\u2019accueil du public, les loisirs, ou la mise en place de zones prot\u00e9g\u00e9es.<\/span><\/p>\n<p><strong><u>Acc\u00e8s \/ S\u00e9curit\u00e9<\/u><\/strong><strong>\u00a0:<\/strong><\/p>\n<p>Le site est localis\u00e9 au lieu-dit \u00ab\u00a0 Las Terrieras\u00a0\u00bb (24160).<\/p>\n<p>Depuis\u00a0 le bourg de G\u00e9nis, il faut prendre la direction de Juillac\/Pompadour D5E3. Parcourir environ 4 Km jusqu\u2019au carrefour de deux routes, o\u00f9 il faut prendre \u00e0 gauche direction Pompadour.\u00a0 Enfin, continuer encore sur\u00a0 1 km environ et l\u2019entr\u00e9e du site se trouve sur la droite (cf. photos vue 1 et\u00a0 2)<\/p>\n\n\n<figure class=\"wp-block-image\"><img loading=\"lazy\" decoding=\"async\" width=\"1024\" height=\"219\" src=\"https:\/\/ent2d.ac-bordeaux.fr\/disciplines\/lithotheque\/wp-content\/uploads\/sites\/59\/2019\/04\/Photo-4_las-terrieras-1024x219.jpg\" alt=\"\" class=\"wp-image-1131\" srcset=\"https:\/\/ent2d.ac-bordeaux.fr\/disciplines\/lithotheque\/wp-content\/uploads\/sites\/59\/2019\/04\/Photo-4_las-terrieras-1024x219.jpg 1024w, https:\/\/ent2d.ac-bordeaux.fr\/disciplines\/lithotheque\/wp-content\/uploads\/sites\/59\/2019\/04\/Photo-4_las-terrieras-300x64.jpg 300w, https:\/\/ent2d.ac-bordeaux.fr\/disciplines\/lithotheque\/wp-content\/uploads\/sites\/59\/2019\/04\/Photo-4_las-terrieras-768x164.jpg 768w, https:\/\/ent2d.ac-bordeaux.fr\/disciplines\/lithotheque\/wp-content\/uploads\/sites\/59\/2019\/04\/Photo-4_las-terrieras.jpg 1267w\" sizes=\"auto, (max-width: 1024px) 100vw, 1024px\" \/><figcaption>Situation et emplacement du site \u00ab Las Terrieras \u00bb_G\u00e9oportail (croix rouge)<\/figcaption><\/figure>\n\n\n\n<figure class=\"wp-block-image\"><img loading=\"lazy\" decoding=\"async\" width=\"1024\" height=\"255\" src=\"https:\/\/ent2d.ac-bordeaux.fr\/disciplines\/lithotheque\/wp-content\/uploads\/sites\/59\/2019\/04\/Photo-5_las-terrieras-1024x255.png\" alt=\"\" class=\"wp-image-1132\" srcset=\"https:\/\/ent2d.ac-bordeaux.fr\/disciplines\/lithotheque\/wp-content\/uploads\/sites\/59\/2019\/04\/Photo-5_las-terrieras-1024x255.png 1024w, https:\/\/ent2d.ac-bordeaux.fr\/disciplines\/lithotheque\/wp-content\/uploads\/sites\/59\/2019\/04\/Photo-5_las-terrieras-300x75.png 300w, https:\/\/ent2d.ac-bordeaux.fr\/disciplines\/lithotheque\/wp-content\/uploads\/sites\/59\/2019\/04\/Photo-5_las-terrieras-768x191.png 768w, https:\/\/ent2d.ac-bordeaux.fr\/disciplines\/lithotheque\/wp-content\/uploads\/sites\/59\/2019\/04\/Photo-5_las-terrieras.png 1107w\" sizes=\"auto, (max-width: 1024px) 100vw, 1024px\" \/><figcaption>Situation et emplacement du site \u00ab Las Terrieras \u00bb_Google Earth (croix rouge)<\/figcaption><\/figure>\n\n\n\n<figure class=\"wp-block-image\"><img loading=\"lazy\" decoding=\"async\" width=\"1024\" height=\"553\" src=\"https:\/\/ent2d.ac-bordeaux.fr\/disciplines\/lithotheque\/wp-content\/uploads\/sites\/59\/2019\/04\/Photo-6_las-terrieras-1024x553.png\" alt=\"\" class=\"wp-image-1133\" srcset=\"https:\/\/ent2d.ac-bordeaux.fr\/disciplines\/lithotheque\/wp-content\/uploads\/sites\/59\/2019\/04\/Photo-6_las-terrieras-1024x553.png 1024w, https:\/\/ent2d.ac-bordeaux.fr\/disciplines\/lithotheque\/wp-content\/uploads\/sites\/59\/2019\/04\/Photo-6_las-terrieras-300x162.png 300w, https:\/\/ent2d.ac-bordeaux.fr\/disciplines\/lithotheque\/wp-content\/uploads\/sites\/59\/2019\/04\/Photo-6_las-terrieras-768x415.png 768w, https:\/\/ent2d.ac-bordeaux.fr\/disciplines\/lithotheque\/wp-content\/uploads\/sites\/59\/2019\/04\/Photo-6_las-terrieras.png 1166w\" sizes=\"auto, (max-width: 1024px) 100vw, 1024px\" \/><figcaption>Entr\u00e9e du site_sur la droite en venant de G\u00e9nis_vue1<\/figcaption><\/figure>\n\n\n\n<figure class=\"wp-block-image\"><img loading=\"lazy\" decoding=\"async\" width=\"940\" height=\"632\" src=\"https:\/\/ent2d.ac-bordeaux.fr\/disciplines\/lithotheque\/wp-content\/uploads\/sites\/59\/2019\/04\/Photo7_las-terrieras-1.jpg\" alt=\"\" class=\"wp-image-1137\" srcset=\"https:\/\/ent2d.ac-bordeaux.fr\/disciplines\/lithotheque\/wp-content\/uploads\/sites\/59\/2019\/04\/Photo7_las-terrieras-1.jpg 940w, https:\/\/ent2d.ac-bordeaux.fr\/disciplines\/lithotheque\/wp-content\/uploads\/sites\/59\/2019\/04\/Photo7_las-terrieras-1-300x202.jpg 300w, https:\/\/ent2d.ac-bordeaux.fr\/disciplines\/lithotheque\/wp-content\/uploads\/sites\/59\/2019\/04\/Photo7_las-terrieras-1-768x516.jpg 768w\" sizes=\"auto, (max-width: 940px) 100vw, 940px\" \/><figcaption>Entr\u00e9e du site_sur la droite en venant de G\u00e9nis_vue2<\/figcaption><\/figure>\n\n\n<p>Comme vous pouvez le constater sur la photo \u00ab\u00a0 site \u00e9chelle_1\u00a0\u00bb, l\u2019affleurement est envahi par la v\u00e9g\u00e9tation.<\/p>\n<p>De plus, la carri\u00e8re est \u00e9galement utilis\u00e9e pour stocker de vieux pneus.<\/p>\n<p>Cependant, de beaux \u00e9chantillons\u00a0 de roches peuvent, malgr\u00e9 tout, \u00eatre ramass\u00e9s au pied de l\u2019affleurement\u00a0 et une ouverture peut aussi \u00eatre envisag\u00e9e en lien avec le d\u00e9veloppement durable et le recyclage des d\u00e9chets.<\/p>\n<p><strong><u>Mots-cl\u00e9s et liens avec les programmes<\/u><\/strong><strong>\u00a0:<\/strong><\/p>\n<table style=\"width: 96.7834%\">\n<tbody>\n<tr>\n<td style=\"text-align: center;width: 58%\" colspan=\"2\"><span style=\"color: #000000\"><strong>Coll\u00e8ge<\/strong><\/span><\/td>\n<td style=\"text-align: center;width: 48%\" colspan=\"2\"><span style=\"color: #000000\"><strong>Lyc\u00e9e<\/strong><\/span><\/td>\n<\/tr>\n<tr>\n<td style=\"width: 8%\"><span style=\"color: #000000\"><strong>Cycle 3<\/strong><\/span><\/td>\n<td style=\"width: 50%\">\n<p><span style=\"color: #000000\">Identifier les composantes biologiques et g\u00e9ologiques d\u2019un paysage\u00a0-Paysages, g\u00e9ologie locale, interactions avec l\u2019environnement et le peuplement.<\/span><\/p>\n<\/td>\n<td style=\"width: 19.6232%\">\n<p><span style=\"color: #000000\"><strong>Premi\u00e8re<\/strong><\/span><\/p>\n<p><span style=\"color: #000000\"><strong>Sp\u00e9cialit\u00e9<\/strong><\/span><\/p>\n<\/td>\n<td style=\"width: 28.3768%\"><span style=\"color: #000000\">THEME 1\u00a0: La Terre, la vie et l\u2019organisation du vivant.\u00a0: La dynamique interne de la Terre \u2013 La dynamique de la lithosph\u00e8re \u00a0&#8211;\u00a0 la dynamique des zones de convergence<\/span><\/td>\n<\/tr>\n<tr>\n<td style=\"width: 8%\" rowspan=\"2\"><span style=\"color: #000000\"><strong>Cycle 4<\/strong><\/span><\/td>\n<td style=\"width: 50%\"><span style=\"color: #000000\">La plan\u00e8te Terre, l\u2019environnement et l\u2019action humaine \u2013 Expliquer quelques ph\u00e9nom\u00e8nes g\u00e9ologiques li\u00e9s au fonctionnement de la Terre (dynamique interne et tectonique des plaques).<\/span><\/td>\n<td style=\"width: 19.6232%\" rowspan=\"2\"><span style=\"color: #000000\"><strong>Terminale Sp\u00e9cialit\u00e9<\/strong><\/span><\/td>\n<td style=\"width: 28.3768%\" rowspan=\"2\">\n<p><span style=\"color: #000000\">THEME 1B &#8211; A la recherche du pass\u00e9 g\u00e9ologique de notre plan\u00e8te :<\/span><\/p>\n<p style=\"padding-left: 40px\"><span style=\"color: #000000\">\u2022 Les traces du pass\u00e9 mouvement\u00e9 de la Terre : La recherche d\u2019oc\u00e9ans disparus.<\/span><\/p>\n<\/td>\n<\/tr>\n<tr>\n<td style=\"width: 50%\">\n<p><span style=\"color: #000000\">La plan\u00e8te Terre, l\u2019environnement et l\u2019action humaine \u2013 L\u2019exploitation de quelques ressources naturelles par l\u2019\u00eatre humain.<\/span><\/p>\n<\/td>\n<\/tr>\n<\/tbody>\n<\/table>\n<p><strong><u>\u00c0 proximit\u00e9<\/u><\/strong><strong>\u00a0:<\/strong><\/p>\n<ul>\n<li><strong>Site Moulin du Pont\u00a0 <\/strong>(24160) : Ancienne lithosph\u00e8re oc\u00e9anique. <em>Voir fiche description sur la lithoth\u00e8que.<\/em><\/li>\n<li><strong>La roche noire de Saint-Paul la Roche <\/strong>(24800).<em>Voir fiche description sur la lithoth\u00e8que.<\/em><\/li>\n<\/ul>\n<p><strong><u>Bibliographie \/ sitographie<\/u><\/strong><strong>\u00a0:<\/strong><\/p>\n<ul>\n<li>Carte g\u00e9ologique au 1\/25 000 N\u00b0760-\u00a0JUILLAC et sa l\u00e9gende associ\u00e9e. \u00c9ditions BRGM<\/li>\n<li><a href=\"http:\/\/www.geo2d.com\/images\/VOLCANISME_ET_VOLCANOLOGIE._TAZIEFF_VARET._ENCYCLOPEDIA_UNIVERSALIS_.pdf\">http:\/\/www.geo2d.com\/images\/VOLCANISME_ET_VOLCANOLOGIE._TAZIEFF_VARET._ENCYCLOPEDIA_UNIVERSALIS_.pdf<\/a><\/li>\n<li>Dictionnaire de g\u00e9ologie, 5e \u00e9dition, Masson Sciences, \u00e9ditions DUNOD<\/li>\n<\/ul>","protected":false},"excerpt":{"rendered":"<p>Coordonn\u00e9es g\u00e9ographiques et GPS du site 49\u00b019\u201941.46\u2019\u2019N 1\u00b012\u201926.07\u2019\u2019E 45,327228&nbsp; 1,202155 Description du site : Datation&nbsp;: Ordovicien, Silurien (Voir Notice_Carte de n\u00b0760 de Juillac) Roches&nbsp;: Porphyro\u00efde de Genis appartenant \u00e0 l\u2019Unit\u00e9 &#8230;<\/p>\n","protected":false},"author":8,"featured_media":0,"parent":0,"menu_order":0,"comment_status":"closed","ping_status":"closed","template":"","meta":{"footnotes":""},"class_list":["post-1121","page","type-page","status-publish","hentry"],"_links":{"self":[{"href":"https:\/\/ent2d.ac-bordeaux.fr\/disciplines\/lithotheque\/wp-json\/wp\/v2\/pages\/1121","targetHints":{"allow":["GET"]}}],"collection":[{"href":"https:\/\/ent2d.ac-bordeaux.fr\/disciplines\/lithotheque\/wp-json\/wp\/v2\/pages"}],"about":[{"href":"https:\/\/ent2d.ac-bordeaux.fr\/disciplines\/lithotheque\/wp-json\/wp\/v2\/types\/page"}],"author":[{"embeddable":true,"href":"https:\/\/ent2d.ac-bordeaux.fr\/disciplines\/lithotheque\/wp-json\/wp\/v2\/users\/8"}],"replies":[{"embeddable":true,"href":"https:\/\/ent2d.ac-bordeaux.fr\/disciplines\/lithotheque\/wp-json\/wp\/v2\/comments?post=1121"}],"version-history":[{"count":15,"href":"https:\/\/ent2d.ac-bordeaux.fr\/disciplines\/lithotheque\/wp-json\/wp\/v2\/pages\/1121\/revisions"}],"predecessor-version":[{"id":1424,"href":"https:\/\/ent2d.ac-bordeaux.fr\/disciplines\/lithotheque\/wp-json\/wp\/v2\/pages\/1121\/revisions\/1424"}],"wp:attachment":[{"href":"https:\/\/ent2d.ac-bordeaux.fr\/disciplines\/lithotheque\/wp-json\/wp\/v2\/media?parent=1121"}],"curies":[{"name":"wp","href":"https:\/\/api.w.org\/{rel}","templated":true}]}}