{"id":1001,"date":"2019-02-09T16:55:58","date_gmt":"2019-02-09T15:55:58","guid":{"rendered":"https:\/\/ent2d.ac-bordeaux.fr\/disciplines\/lithotheque\/?page_id=1001"},"modified":"2019-04-28T17:34:50","modified_gmt":"2019-04-28T15:34:50","slug":"33-lacanau-ocean","status":"publish","type":"page","link":"https:\/\/ent2d.ac-bordeaux.fr\/disciplines\/lithotheque\/33-lacanau-ocean\/","title":{"rendered":"33 &#8211; Lacanau Oc\u00e9an"},"content":{"rendered":"<table style=\"height: 89px\" width=\"100%\">\n<tbody>\n<tr>\n<td style=\"text-align: center\" colspan=\"2\" width=\"241\"><a href=\"http:\/\/umap.openstreetmap.fr\/fr\/map\/lithotheque-33-academie-de-bordeaux_227981#10\/45.0642\/-0.8572\"><span style=\"color: #00ccff\"><strong>Coordonn\u00e9es GPS du parking<\/strong><\/span><\/a><\/td>\n<\/tr>\n<tr>\n<td style=\"text-align: center\" width=\"121\"><span style=\"color: #000000\">45.0061<\/span><\/td>\n<td style=\"text-align: center\" width=\"121\"><span style=\"color: #000000\">-1.2024<\/span><\/td>\n<\/tr>\n<\/tbody>\n<\/table>\n<figure id=\"attachment_1002\" aria-describedby=\"caption-attachment-1002\" style=\"width: 597px\" class=\"wp-caption aligncenter\"><a href=\"https:\/\/ent2d.ac-bordeaux.fr\/disciplines\/lithotheque\/wp-content\/uploads\/sites\/59\/2019\/02\/1-5.png\"><img loading=\"lazy\" decoding=\"async\" class=\" wp-image-1002\" src=\"https:\/\/ent2d.ac-bordeaux.fr\/disciplines\/lithotheque\/wp-content\/uploads\/sites\/59\/2019\/02\/1-5.png\" alt=\"\" width=\"597\" height=\"604\"><\/a><figcaption id=\"caption-attachment-1002\" class=\"wp-caption-text\">Carte g\u00e9ologique du Porte_1\/50000<\/figcaption><\/figure>\n<p><span style=\"text-decoration: underline\"><strong><span style=\"color: #000000;text-decoration: underline\">Description du site<\/span><\/strong><\/span><strong> :<\/strong><br \/>\n<span style=\"color: #000000\">Le recul du rivage est bien ant\u00e9rieur aux am\u00e9nagements effectu\u00e9s dans la r\u00e9gion. L\u2019\u00e9rosion marine a permis la remobilisation des sables par le vent et la mise en place de plusieurs formations dunaires. Il y a 200 ans, les dunes ont \u00e9t\u00e9 fix\u00e9es par l\u2019homme mais la dune littorale con\u00e7ue pour prot\u00e9ger la for\u00eat a \u00e9volu\u00e9 sous l\u2019influence des dynamiques naturelles et des actions humaines.<\/span><br \/>\n<span style=\"color: #000000\">Le r\u00e9chauffement climatique, les am\u00e9nagements urbains et le manque de sable font que le recul du trait de c\u00f4te est in\u00e9luctable. Au niveau de Lacanau-Oc\u00e9an, la d\u00e9fense lourde contre l\u2019\u00e9rosion marine reste co\u00fbteuse et g\u00e9n\u00e8re des impacts n\u00e9gatifs. Le recul des habitations et le relogement sont aux coeur des planifications actuelles tout comme la liaison des lacs entre Hourtin, Lacanau, et le bassin d\u2019Arcachon et la liaison des canaux jusqu\u2019au Porge et L\u00e8ge Cap -Ferret.<\/span><br \/>\n<span style=\"color: #000000\">La mobilite\u0301 de la co\u0302te provient des processus marins (houles, mare\u0301es, courants&#8230;), climatologiques (vent, gel&#8230;) et anthropiques qui agissent sur les mate\u0301riaux et de\u0301placent les se\u0301diments (sable, galets&#8230;). <\/span><\/p>\n<p><span style=\"color: #000000\">Les se\u0301diments peuvent se de\u0301placer soit par :<\/span><br \/>\n<span style=\"color: #000000\">&#8211; charriage : les mate\u0301riaux sont roule\u0301s ou glissent ;<\/span><br \/>\n<span style=\"color: #000000\">&#8211; saltation : le transport s\u2019effectue par sauts successifs ;<\/span><br \/>\n<span style=\"color: #000000\">&#8211; suspension : les se\u0301diments sont disperse\u0301s dans l\u2019eau ou l\u2019air sous l\u2019effet de la turbulence.<\/span><\/p>\n<p><span style=\"color: #000000\">Les courants locaux lie\u0301s a\u0300 la houle pre\u0300s de la co\u0302te : la houle est a\u0300 l\u2019origine de courants longitudinaux (de\u0301rive littorale) et transversaux susceptibles de transporter des se\u0301diments et de modeler le paysage littoral.<\/span><br \/>\n<span style=\"color: #000000\">Au Wu\u0308rm, le niveau de l&#8217;oce\u0301an baisse de 100 a\u0300 120 me\u0300tres avec un recul du trait de co\u0302te de 25 a\u0300 60 kilome\u0300tres par rapport a\u0300 aujourd&#8217;hui. Lors du retrait de l&#8217;oce\u0301an des masses conside\u0301rables de sable se sont trouve\u0301es exonde\u0301es.<\/span><br \/>\n<span style=\"color: #000000\">Les sables fluviatiles exonde\u0301s proviennent de l&#8217;e\u0301rosion des Pyre\u0301ne\u0301es et du Massif Central et ont e\u0301te\u0301 charrie\u0301s jusqu&#8217;a\u0300 la mer par les fleuves. Une plaine sableuse uniforme se forma peu a\u0300 peu.<\/span><\/p>\n<p><span style=\"color: #000000\">Vers &#8211; 14 000 ans : un climat humide et frais forme les fleuves et rivie\u0300res.<\/span><br \/>\n<span style=\"color: #000000\">Vers \u2013 9 000 ans : formation de quelques dunes continentales jusqu&#8217;a\u0300 Casteljaloux (47).<\/span><br \/>\n<span style=\"color: #000000\">Vers \u2013 6 000 ans : formation des cordons littoraux qui cre\u0301ent des deltas a\u0300 l&#8217;embouchure des fleuves.<\/span><br \/>\n<span style=\"color: #000000\">Vers \u2013 3 000 ans : Formation des dunes paraboliques<\/span><\/p>\n<figure id=\"attachment_1006\" aria-describedby=\"caption-attachment-1006\" style=\"width: 540px\" class=\"wp-caption aligncenter\"><a href=\"https:\/\/ent2d.ac-bordeaux.fr\/disciplines\/lithotheque\/wp-content\/uploads\/sites\/59\/2019\/02\/5-3.png\"><img loading=\"lazy\" decoding=\"async\" class=\" wp-image-1006\" src=\"https:\/\/ent2d.ac-bordeaux.fr\/disciplines\/lithotheque\/wp-content\/uploads\/sites\/59\/2019\/02\/5-3.png\" alt=\"\" width=\"540\" height=\"562\"><\/a><figcaption id=\"caption-attachment-1006\" class=\"wp-caption-text\">Les diff\u00e9rentes formations dunaires de Lacanau<\/figcaption><\/figure>\n<p class=\"p1\"><span class=\"s1\" style=\"color: #000000\">Sous l&#8217;effet d&#8217;une nouvelle baisse du niveau de l&#8217;oc\u00e9an, un premier syst\u00e8me de dunes se met en mouvement. Ce sont les dunes <b>paraboliques <\/b>qui d\u00e9ferlent vers l&#8217;est pouss\u00e9es par les vents dominants d&#8217;ouest. On les appelle aussi les dunes anciennes. Ces dunes sont des formations \u00e9oliennes provenant d&#8217;apport de sable maritime (concavit\u00e9 vers l\u2019ouest), une pente douce \u00e9galement orient\u00e9e \u00e0 l&#8217;ouest et un abrupt d&#8217;envahissement (pente raide) orient\u00e9 \u00e0 l\u2019est.<\/span><\/p>\n<p class=\"p1\"><span class=\"s1\" style=\"color: #000000\"> Cette forme particuli\u00e8re est li\u00e9e \u00e0 l&#8217;avancement du sable sur un sol v\u00e9g\u00e9talis\u00e9. De nos jours, ce syst\u00e8me a disparu sauf quelques vestiges comme par exemple \u00e0 l&#8217;\u00e9tang de Cousseau \u00e0 Lacanau ou en for\u00eat usag\u00e8re de La Teste.<\/span><\/p>\n<p class=\"p1\"><span class=\"s1\" style=\"color: #000000\">\u00c0 l&#8217;\u00e9poque gallo-romaine (-600 \u00e0 -100 ans avant JC) : Formation des dunes <b>barkhano\u00efdes<\/b><\/span><\/p>\n<p class=\"p1\"><span class=\"s1\" style=\"color: #000000\">Un nouveau mouvement de l&#8217;oc\u00e9an (hausse puis baisse du niveau) met en \u00e9vidence un autre syst\u00e8me de dunes dites barkhano\u00efdes ou dunes modernes. Se d\u00e9pla\u00e7ant sur un sol peu v\u00e9g\u00e9talis\u00e9, ces dunes tr\u00e8s mobiles, envahissent tout sur leur passage et recouvrent l&#8217;ancien syst\u00e8me des&nbsp;dunes paraboliques (la dune du Joncru) en forme de croissant, avec sa concavit\u00e9 et les deux<span class=\"Apple-converted-space\">&nbsp; <\/span>cornes tourn\u00e9es vers l&#8217;est (non plus vers l&#8217;ouest comme les paraboliques). La pente raide est toujours orient\u00e9e \u00e0 l\u2019est.<\/span><\/p>\n<p><a href=\"https:\/\/ent2d.ac-bordeaux.fr\/disciplines\/lithotheque\/wp-content\/uploads\/sites\/59\/2019\/02\/6-3.png\"><img loading=\"lazy\" decoding=\"async\" class=\" wp-image-1007 aligncenter\" src=\"https:\/\/ent2d.ac-bordeaux.fr\/disciplines\/lithotheque\/wp-content\/uploads\/sites\/59\/2019\/02\/6-3.png\" alt=\"\" width=\"764\" height=\"285\" srcset=\"https:\/\/ent2d.ac-bordeaux.fr\/disciplines\/lithotheque\/wp-content\/uploads\/sites\/59\/2019\/02\/6-3.png 481w, https:\/\/ent2d.ac-bordeaux.fr\/disciplines\/lithotheque\/wp-content\/uploads\/sites\/59\/2019\/02\/6-3-300x112.png 300w, https:\/\/ent2d.ac-bordeaux.fr\/disciplines\/lithotheque\/wp-content\/uploads\/sites\/59\/2019\/02\/6-3-480x179.png 480w\" sizes=\"auto, (max-width: 764px) 100vw, 764px\" \/><\/a><\/p>\n<p><a href=\"https:\/\/www.lacanausurfinfo.com\/news-ecologie-415\/l-histoire-du-grain-de-sable.html\">https:\/\/www.lacanausurfinfo.com\/news-ecologie-415\/l-histoire-du-grain-de-sable.html<\/a><\/p>\n<p class=\"p1\"><span class=\"s1\" style=\"color: #000000\"><b>Form\u00e9s par les dunes anciennes, les grands \u00e9tangs ont vu les dunes modernes obstruer peu \u00e0 peu, puis effacer compl\u00e8tement leur effluent. Ce &#8220;barrage de sable&#8221; a ainsi form\u00e9 les lacs, les \u00e9tangs et les marais du littoral aquitain que l&#8217;on conna\u00eet aujourd&#8217;hui.<\/b><\/span><\/p>\n<p class=\"p1\"><span class=\"s1\" style=\"color: #000000\"><b>* Travaux d\u2019am\u00e9nagement<\/b><\/span><\/p>\n<p class=\"p1\"><span class=\"s2\" style=\"color: #000000\"> Les premiers travaux men\u00e9s consist\u00e8rent \u00e0 \u00e9difier une dune artificielle en arri\u00e8re de plage que l&#8217;on appelle le <b>cordon littoral<\/b>. Haut de 15 \u00e0 20 m\u00e8tres, il permet par sa protection contre les vents de pouvoir envisager l&#8217;ensemencement des dunes de l&#8217;int\u00e9rieur. Ces travaux se r\u00e9alis\u00e8rent sous forme de chantiers successifs d&#8217;ouest en est, en m\u00e9langeant graines de pin maritime, graines de gen\u00eats, divers branchages et paillages (Photos 1 et 2).<\/span><\/p>\n<p>&nbsp;<\/p>\n<figure id=\"attachment_1008\" aria-describedby=\"caption-attachment-1008\" style=\"width: 576px\" class=\"wp-caption aligncenter\"><a href=\"https:\/\/ent2d.ac-bordeaux.fr\/disciplines\/lithotheque\/wp-content\/uploads\/sites\/59\/2019\/02\/7-3.png\"><img loading=\"lazy\" decoding=\"async\" class=\" wp-image-1008\" src=\"https:\/\/ent2d.ac-bordeaux.fr\/disciplines\/lithotheque\/wp-content\/uploads\/sites\/59\/2019\/02\/7-3.png\" alt=\"\" width=\"576\" height=\"435\"><\/a><figcaption id=\"caption-attachment-1008\" class=\"wp-caption-text\">Photo 1 : Cordon littoral vue Nord, pins maritimes fixant la dune_Plage Sud Lacanau<\/figcaption><\/figure>\n<figure id=\"attachment_1009\" aria-describedby=\"caption-attachment-1009\" style=\"width: 630px\" class=\"wp-caption aligncenter\"><a href=\"https:\/\/ent2d.ac-bordeaux.fr\/disciplines\/lithotheque\/wp-content\/uploads\/sites\/59\/2019\/02\/8-3.png\"><img loading=\"lazy\" decoding=\"async\" class=\" wp-image-1009\" src=\"https:\/\/ent2d.ac-bordeaux.fr\/disciplines\/lithotheque\/wp-content\/uploads\/sites\/59\/2019\/02\/8-3.png\" alt=\"\" width=\"630\" height=\"474\" srcset=\"https:\/\/ent2d.ac-bordeaux.fr\/disciplines\/lithotheque\/wp-content\/uploads\/sites\/59\/2019\/02\/8-3.png 415w, https:\/\/ent2d.ac-bordeaux.fr\/disciplines\/lithotheque\/wp-content\/uploads\/sites\/59\/2019\/02\/8-3-300x226.png 300w\" sizes=\"auto, (max-width: 630px) 100vw, 630px\" \/><\/a><figcaption id=\"caption-attachment-1009\" class=\"wp-caption-text\">Photo 2 : Cordon Littoral 9 m novembre_Plages Sud<\/figcaption><\/figure>\n<figure id=\"attachment_1010\" aria-describedby=\"caption-attachment-1010\" style=\"width: 411px\" class=\"wp-caption aligncenter\"><a href=\"https:\/\/ent2d.ac-bordeaux.fr\/disciplines\/lithotheque\/wp-content\/uploads\/sites\/59\/2019\/02\/9-2.png\"><img loading=\"lazy\" decoding=\"async\" class=\" wp-image-1010\" src=\"https:\/\/ent2d.ac-bordeaux.fr\/disciplines\/lithotheque\/wp-content\/uploads\/sites\/59\/2019\/02\/9-2.png\" alt=\"\" width=\"411\" height=\"698\" srcset=\"https:\/\/ent2d.ac-bordeaux.fr\/disciplines\/lithotheque\/wp-content\/uploads\/sites\/59\/2019\/02\/9-2.png 220w, https:\/\/ent2d.ac-bordeaux.fr\/disciplines\/lithotheque\/wp-content\/uploads\/sites\/59\/2019\/02\/9-2-176x300.png 176w\" sizes=\"auto, (max-width: 411px) 100vw, 411px\" \/><\/a><figcaption id=\"caption-attachment-1010\" class=\"wp-caption-text\">Photo 3 : Recul du trait de c\u00f4te de 1708 \u00e0 2004<\/figcaption><\/figure>\n<figure id=\"attachment_1011\" aria-describedby=\"caption-attachment-1011\" style=\"width: 464px\" class=\"wp-caption aligncenter\"><a href=\"https:\/\/ent2d.ac-bordeaux.fr\/disciplines\/lithotheque\/wp-content\/uploads\/sites\/59\/2019\/02\/10-1.png\"><img loading=\"lazy\" decoding=\"async\" class=\" wp-image-1011\" src=\"https:\/\/ent2d.ac-bordeaux.fr\/disciplines\/lithotheque\/wp-content\/uploads\/sites\/59\/2019\/02\/10-1.png\" alt=\"\" width=\"464\" height=\"388\"><\/a><figcaption id=\"caption-attachment-1011\" class=\"wp-caption-text\">Photo 4 : Sch\u00e9ma explicatif de la cr\u00e9ation de la palissade<\/figcaption><\/figure>\n<figure id=\"attachment_1012\" aria-describedby=\"caption-attachment-1012\" style=\"width: 478px\" class=\"wp-caption aligncenter\"><a href=\"https:\/\/ent2d.ac-bordeaux.fr\/disciplines\/lithotheque\/wp-content\/uploads\/sites\/59\/2019\/02\/11-2.png\"><img loading=\"lazy\" decoding=\"async\" class=\" wp-image-1012\" src=\"https:\/\/ent2d.ac-bordeaux.fr\/disciplines\/lithotheque\/wp-content\/uploads\/sites\/59\/2019\/02\/11-2.png\" alt=\"\" width=\"478\" height=\"359\"><\/a><figcaption id=\"caption-attachment-1012\" class=\"wp-caption-text\">Photo 5 : Plage sud, cordon littoral en arri\u00e8re plan_Laisse de haute mer au premier plan<\/figcaption><\/figure>\n<p><strong><span style=\"color: #000000\"><span style=\"text-decoration: underline\">Activit\u00e9s envisageables<\/span> :<\/span><\/strong><br \/>\n<span style=\"color: #000000\">&#8211; Se rep\u00e9rer \u00e0 l\u2019aide de carte ou d\u2019un syst\u00e8me de g\u00e9olocalisation.<\/span><br \/>\n<span style=\"color: #000000\">&#8211; Communiquer en utilisant une expression graphique (croquis des dunes) ou \u00e0 l\u2019aide d\u2019acquisition d\u2019images num\u00e9riques.<\/span><br \/>\n<span style=\"color: #000000\">&#8211; Etudier les diff\u00e9rents sables \u00e0 la loupe.<\/span><br \/>\n<span style=\"color: #000000\">&#8211; Se rep\u00e9rer dans le temps et dans l\u2019espace, \u00e0 l\u2019aide d\u2019une \u00e9chelle des temps g\u00e9ologiques et de carte pal\u00e9og\u00e9ographique.<\/span><br \/>\n<span style=\"color: #000000\">&#8211; D\u00e9terminer la salinit\u00e9, la temp\u00e9rature, la conductivit\u00e9 de l\u2019eau \u00e0 diff\u00e9rents endroits Chercher des traces de l\u2019impact de l\u2019Homme sur l\u2019environnement.<\/span><\/p>\n<figure id=\"attachment_1013\" aria-describedby=\"caption-attachment-1013\" style=\"width: 552px\" class=\"wp-caption aligncenter\"><a href=\"https:\/\/ent2d.ac-bordeaux.fr\/disciplines\/lithotheque\/wp-content\/uploads\/sites\/59\/2019\/02\/12-1.png\"><img loading=\"lazy\" decoding=\"async\" class=\" wp-image-1013\" src=\"https:\/\/ent2d.ac-bordeaux.fr\/disciplines\/lithotheque\/wp-content\/uploads\/sites\/59\/2019\/02\/12-1.png\" alt=\"\" width=\"552\" height=\"415\"><\/a><figcaption id=\"caption-attachment-1013\" class=\"wp-caption-text\">Photo 6 : Dune vive ou dune blanche Oyat (Ammophila aenaria) retient le sable, pr\u00e9sent aussi le Cakil\u00e9 maritime, Lyseron des sables, Euphorbe maritime, panicaut des mers<\/figcaption><\/figure>\n<figure id=\"attachment_1014\" aria-describedby=\"caption-attachment-1014\" style=\"width: 537px\" class=\"wp-caption aligncenter\"><a href=\"https:\/\/ent2d.ac-bordeaux.fr\/disciplines\/lithotheque\/wp-content\/uploads\/sites\/59\/2019\/02\/12-2.png\"><img loading=\"lazy\" decoding=\"async\" class=\" wp-image-1014\" src=\"https:\/\/ent2d.ac-bordeaux.fr\/disciplines\/lithotheque\/wp-content\/uploads\/sites\/59\/2019\/02\/12-2.png\" alt=\"\" width=\"537\" height=\"404\"><\/a><figcaption id=\"caption-attachment-1014\" class=\"wp-caption-text\">Photo 7 : Dune embryonnaire soumise \u00e0 l\u2019\u00e9rosion intense, Chiendent du littoral visible (Elymus farctus) au syst\u00e8me souterrain profond.<\/figcaption><\/figure>\n<figure id=\"attachment_1015\" aria-describedby=\"caption-attachment-1015\" style=\"width: 489px\" class=\"wp-caption aligncenter\"><a href=\"https:\/\/ent2d.ac-bordeaux.fr\/disciplines\/lithotheque\/wp-content\/uploads\/sites\/59\/2019\/02\/15.png\"><img loading=\"lazy\" decoding=\"async\" class=\" wp-image-1015\" src=\"https:\/\/ent2d.ac-bordeaux.fr\/disciplines\/lithotheque\/wp-content\/uploads\/sites\/59\/2019\/02\/15.png\" alt=\"\" width=\"489\" height=\"332\"><\/a><figcaption id=\"caption-attachment-1015\" class=\"wp-caption-text\">Photo 8 : Dune grise avec de l\u2019immortelle prot\u00e9g\u00e9e des apports oc\u00e9aniques<\/figcaption><\/figure>\n<figure id=\"attachment_1016\" aria-describedby=\"caption-attachment-1016\" style=\"width: 481px\" class=\"wp-caption aligncenter\"><a href=\"https:\/\/ent2d.ac-bordeaux.fr\/disciplines\/lithotheque\/wp-content\/uploads\/sites\/59\/2019\/02\/14.png\"><img loading=\"lazy\" decoding=\"async\" class=\" wp-image-1016\" src=\"https:\/\/ent2d.ac-bordeaux.fr\/disciplines\/lithotheque\/wp-content\/uploads\/sites\/59\/2019\/02\/14.png\" alt=\"\" width=\"481\" height=\"360\"><\/a><figcaption id=\"caption-attachment-1016\" class=\"wp-caption-text\">Photo 9 : For\u00eat de pin avec sentier apr\u00e8s la lette grise<\/figcaption><\/figure>\n<p><span style=\"text-decoration: underline\"><strong><span style=\"color: #000000;text-decoration: underline\">Acc\u00e8s \/ S\u00e9curit\u00e9<\/span><\/strong><\/span><strong><span style=\"color: #000000\"> :&nbsp;<\/span><\/strong><br \/>\n<span style=\"color: #000000\">Du lac d\u2019Hourtin-Carcans prendre la D6E1 direction sud. Si arriv\u00e9e de Bordeaux ou de la Marina de Talaris ou du lac de Lacanau, prendre la D6 direction Lacanau oc\u00e9an et se garer dans la Rue de la Libert\u00e9 ou au Parking de la plage centrale en face du caf\u00e9 Maritime.<\/span><\/p>\n<figure id=\"attachment_1003\" aria-describedby=\"caption-attachment-1003\" style=\"width: 370px\" class=\"wp-caption aligncenter\"><a href=\"https:\/\/ent2d.ac-bordeaux.fr\/disciplines\/lithotheque\/wp-content\/uploads\/sites\/59\/2019\/02\/2-4.png\"><img loading=\"lazy\" decoding=\"async\" class=\" wp-image-1003\" src=\"https:\/\/ent2d.ac-bordeaux.fr\/disciplines\/lithotheque\/wp-content\/uploads\/sites\/59\/2019\/02\/2-4.png\" alt=\"\" width=\"370\" height=\"329\"><\/a><figcaption id=\"caption-attachment-1003\" class=\"wp-caption-text\">Capture satellite Google map de Lacanau Oc\u00e9an<\/figcaption><\/figure>\n<table>\n<tbody>\n<tr>\n<td width=\"381\">\n<p><figure id=\"attachment_1004\" aria-describedby=\"caption-attachment-1004\" style=\"width: 465px\" class=\"wp-caption alignleft\"><a href=\"https:\/\/ent2d.ac-bordeaux.fr\/disciplines\/lithotheque\/wp-content\/uploads\/sites\/59\/2019\/02\/3-4.png\"><img loading=\"lazy\" decoding=\"async\" class=\" wp-image-1004\" src=\"https:\/\/ent2d.ac-bordeaux.fr\/disciplines\/lithotheque\/wp-content\/uploads\/sites\/59\/2019\/02\/3-4.png\" alt=\"\" width=\"465\" height=\"345\"><\/a><figcaption id=\"caption-attachment-1004\" class=\"wp-caption-text\">Emplacement possible pour se garer_Rep\u00e8re bleu-gris<\/figcaption><\/figure><\/td>\n<td width=\"381\">\n<p><figure id=\"attachment_1005\" aria-describedby=\"caption-attachment-1005\" style=\"width: 419px\" class=\"wp-caption alignleft\"><a href=\"https:\/\/ent2d.ac-bordeaux.fr\/disciplines\/lithotheque\/wp-content\/uploads\/sites\/59\/2019\/02\/4-4.png\"><img loading=\"lazy\" decoding=\"async\" class=\" wp-image-1005\" src=\"https:\/\/ent2d.ac-bordeaux.fr\/disciplines\/lithotheque\/wp-content\/uploads\/sites\/59\/2019\/02\/4-4.png\" alt=\"\" width=\"419\" height=\"287\"><\/a><figcaption id=\"caption-attachment-1005\" class=\"wp-caption-text\">Emplacement possible pour se garer_Rep\u00e8re turquoise<\/figcaption><\/figure><\/td>\n<\/tr>\n<\/tbody>\n<\/table>\n<p><span style=\"text-decoration: underline\"><strong><span style=\"color: #000000;text-decoration: underline\">Mots-cl\u00e9s et liens avec le programme<\/span><\/strong><\/span><strong><span style=\"color: #000000\"> :<\/span><\/strong><\/p>\n<table style=\"height: 417px\" width=\"944\">\n<tbody>\n<tr>\n<td colspan=\"2\" width=\"375\">\n<p style=\"text-align: center\"><strong>Coll\u00e8ge<\/strong><\/p>\n<\/td>\n<td colspan=\"2\" width=\"373\">\n<p style=\"text-align: center\"><strong>Lyc\u00e9e<\/strong><\/p>\n<\/td>\n<\/tr>\n<tr>\n<td width=\"85\">\n<p style=\"text-align: center\"><strong>Cycle 3<\/strong><\/p>\n<\/td>\n<td width=\"290\">Identifier les composantes biologiques et g\u00e9ologiques d\u2019un paysage : Paysages, g\u00e9ologie locale, interactions avec l\u2019environnement et le peuplement.<\/p>\n<p>Relier les besoins de l\u2019\u00eatre humain, la gestion des ressources naturelles et les impacts \u00e0 pr\u00e9voir et g\u00e9rer.<\/td>\n<td width=\"59\">\n<p style=\"text-align: center\"><strong>2nde<\/strong><\/p>\n<\/td>\n<td width=\"314\">Th\u00e8me 1 \u2013 La biodiversit\u00e9, r\u00e9sultat et \u00e9tape de l\u2019\u00e9volution<\/p>\n<p>Utiliser des outils simples de d\u00e9termination d\u2019esp\u00e8ces v\u00e9g\u00e9tales ou animales (actuelles ou fossiles) pour mettre en \u00e9vidence la biodiversit\u00e9 d\u2019un milieu. <em>On enrichit la notion de biodiversit\u00e9, \u00e0 l\u2019occasion d\u2019une sortie ou d\u2019un travail de laboratoire (biodiversit\u00e9s anciennes)<\/em><\/p>\n<p>Th\u00e8me 2 \u2013 Le sol<\/td>\n<\/tr>\n<tr>\n<td width=\"85\">\n<p style=\"text-align: center\"><strong>Cycle 4<\/strong><\/p>\n<\/td>\n<td width=\"290\">Les changements climatiques pass\u00e9s (temps g\u00e9ologiques).<\/p>\n<p>Donn\u00e9es sur les pal\u00e9omilieux de vie.<\/td>\n<td width=\"59\">\n<p style=\"text-align: center\"><strong>1S<\/strong><\/p>\n<\/td>\n<td width=\"314\">Th\u00e8me 2A \u2013 Tectonique des plaques et ressource locale<\/td>\n<\/tr>\n<\/tbody>\n<\/table>\n","protected":false},"excerpt":{"rendered":"<p>Coordonn\u00e9es GPS du parking 45.0061 -1.2024 Description du site : Le recul du rivage est bien ant\u00e9rieur aux am\u00e9nagements effectu\u00e9s dans la r\u00e9gion. L\u2019\u00e9rosion marine a permis la remobilisation des &#8230;<\/p>\n","protected":false},"author":8,"featured_media":0,"parent":0,"menu_order":0,"comment_status":"closed","ping_status":"closed","template":"","meta":{"footnotes":""},"class_list":["post-1001","page","type-page","status-publish","hentry"],"_links":{"self":[{"href":"https:\/\/ent2d.ac-bordeaux.fr\/disciplines\/lithotheque\/wp-json\/wp\/v2\/pages\/1001","targetHints":{"allow":["GET"]}}],"collection":[{"href":"https:\/\/ent2d.ac-bordeaux.fr\/disciplines\/lithotheque\/wp-json\/wp\/v2\/pages"}],"about":[{"href":"https:\/\/ent2d.ac-bordeaux.fr\/disciplines\/lithotheque\/wp-json\/wp\/v2\/types\/page"}],"author":[{"embeddable":true,"href":"https:\/\/ent2d.ac-bordeaux.fr\/disciplines\/lithotheque\/wp-json\/wp\/v2\/users\/8"}],"replies":[{"embeddable":true,"href":"https:\/\/ent2d.ac-bordeaux.fr\/disciplines\/lithotheque\/wp-json\/wp\/v2\/comments?post=1001"}],"version-history":[{"count":3,"href":"https:\/\/ent2d.ac-bordeaux.fr\/disciplines\/lithotheque\/wp-json\/wp\/v2\/pages\/1001\/revisions"}],"predecessor-version":[{"id":1101,"href":"https:\/\/ent2d.ac-bordeaux.fr\/disciplines\/lithotheque\/wp-json\/wp\/v2\/pages\/1001\/revisions\/1101"}],"wp:attachment":[{"href":"https:\/\/ent2d.ac-bordeaux.fr\/disciplines\/lithotheque\/wp-json\/wp\/v2\/media?parent=1001"}],"curies":[{"name":"wp","href":"https:\/\/api.w.org\/{rel}","templated":true}]}}