{"id":12,"date":"2016-06-29T15:10:09","date_gmt":"2016-06-29T13:10:09","guid":{"rendered":"https:\/\/ent2d.ac-bordeaux.fr\/disciplines\/lettres\/?page_id=12"},"modified":"2016-06-29T15:10:09","modified_gmt":"2016-06-29T13:10:09","slug":"mentions-legales","status":"publish","type":"page","link":"https:\/\/ent2d.ac-bordeaux.fr\/disciplines\/lettres\/mentions-legales\/","title":{"rendered":"Mentions l\u00e9gales"},"content":{"rendered":"<p><strong>Editeur\u00a0:<\/strong><\/p>\n<p>Le rectorat de l\u2019acad\u00e9mie de Bordeaux<\/p>\n<p>5 rue Joseph de Carayon-Latour<\/p>\n<p>CS 81499<\/p>\n<p>33060 Bordeaux Cedex<\/p>\n<p>T\u00e9l\u00e9phone\u00a0: 05 57 57 38 00\u00a0; Fax\u00a0: 05 56 96 29 42<\/p>\n<p><strong>Directeur de publication\u00a0:<\/strong><\/p>\n<p>Le directeur de la publication est l\u2019inspecteur de la discipline <em>lettres\u00a0<\/em>(<a href=\"http:\/\/www.ac-bordeaux.fr\/cid78777\/sites-disciplinaires-academiques.html\">site acad\u00e9mique<\/a>).<\/p>\n<p><strong>H\u00e9bergement\u00a0:<\/strong><\/p>\n<p>Le site est h\u00e9berg\u00e9 par la Direction des Syst\u00e8mes d&rsquo;Information (D.S.I.) de l&rsquo;acad\u00e9mie de Bordeaux, 5, rue Joseph de Carayon-Latour, Bordeaux.<\/p>\n","protected":false},"excerpt":{"rendered":"<p>Editeur\u00a0: Le rectorat de l\u2019acad\u00e9mie de Bordeaux 5 rue Joseph de Carayon-Latour CS 81499 33060 Bordeaux Cedex T\u00e9l\u00e9phone\u00a0: 05 57 57 38 00\u00a0; Fax\u00a0: 05 56 96 29 42 Directeur de publication\u00a0: Le directeur de la publication est l\u2019inspecteur de la discipline lettres\u00a0(site acad\u00e9mique). H\u00e9bergement\u00a0: Le site est h\u00e9berg\u00e9 par la Direction des Syst\u00e8mes d&rsquo;Information &hellip; <a href=\"https:\/\/ent2d.ac-bordeaux.fr\/disciplines\/lettres\/mentions-legales\/\" class=\"more-link\">Continuer la lecture<span class=\"screen-reader-text\"> de &laquo;&nbsp;Mentions l\u00e9gales&nbsp;&raquo;<\/span><\/a><\/p>\n","protected":false},"author":2,"featured_media":0,"parent":0,"menu_order":0,"comment_status":"closed","ping_status":"closed","template":"","meta":{"footnotes":""},"class_list":["post-12","page","type-page","status-publish","hentry"],"_links":{"self":[{"href":"https:\/\/ent2d.ac-bordeaux.fr\/disciplines\/lettres\/wp-json\/wp\/v2\/pages\/12","targetHints":{"allow":["GET"]}}],"collection":[{"href":"https:\/\/ent2d.ac-bordeaux.fr\/disciplines\/lettres\/wp-json\/wp\/v2\/pages"}],"about":[{"href":"https:\/\/ent2d.ac-bordeaux.fr\/disciplines\/lettres\/wp-json\/wp\/v2\/types\/page"}],"author":[{"embeddable":true,"href":"https:\/\/ent2d.ac-bordeaux.fr\/disciplines\/lettres\/wp-json\/wp\/v2\/users\/2"}],"replies":[{"embeddable":true,"href":"https:\/\/ent2d.ac-bordeaux.fr\/disciplines\/lettres\/wp-json\/wp\/v2\/comments?post=12"}],"version-history":[{"count":1,"href":"https:\/\/ent2d.ac-bordeaux.fr\/disciplines\/lettres\/wp-json\/wp\/v2\/pages\/12\/revisions"}],"predecessor-version":[{"id":13,"href":"https:\/\/ent2d.ac-bordeaux.fr\/disciplines\/lettres\/wp-json\/wp\/v2\/pages\/12\/revisions\/13"}],"wp:attachment":[{"href":"https:\/\/ent2d.ac-bordeaux.fr\/disciplines\/lettres\/wp-json\/wp\/v2\/media?parent=12"}],"curies":[{"name":"wp","href":"https:\/\/api.w.org\/{rel}","templated":true}]}}