{"id":405,"date":"2016-06-09T10:40:41","date_gmt":"2016-06-09T09:40:41","guid":{"rendered":"https:\/\/ent2d.ac-bordeaux.fr\/disciplines\/lettres-histoire\/?page_id=405"},"modified":"2025-09-19T06:44:56","modified_gmt":"2025-09-19T05:44:56","slug":"formation-initiale","status":"publish","type":"page","link":"https:\/\/ent2d.ac-bordeaux.fr\/disciplines\/lettres-histoire\/formation-initiale\/","title":{"rendered":"Formation initiale"},"content":{"rendered":"<p style=\"text-align: justify\"><strong>Master des m\u00e9tiers de l&#8217;enseignement de l&#8217;\u00e9ducation et de la formation mention 2nd degr\u00e9 parcours lettres &#8211; histoire et g\u00e9ographie<\/strong><br \/>\n<strong>Public concern\u00e9 :\u00a0<\/strong>formation initiale et\/ou formation continue<br \/>\n<strong>Condition d&#8217;acc\u00e8s :\u00a0<\/strong>\u00eatre titulaire d&#8217;une licence (L3) histoire, g\u00e9ographie, lettres, philosophie ou sciences humaines<br \/>\n<strong>Niveau de sortie<\/strong><b>\u00a0:<\/b>\u00a0master<br \/>\n<strong>Dur\u00e9e<\/strong><b>\u00a0:<\/b>\u00a04 semestres de formation (M1 et M2)<br \/>\n<strong>Cr\u00e9dits<\/strong>\u00a0: 120 cr\u00e9dits ECTS (30 ECTS par semestre)<br \/>\n<strong>Concours CAPLP\u00a0<\/strong>: certificat d&#8217;aptitude au professorat en lyc\u00e9e professionnel<br \/>\n<strong>Lieu de formation<\/strong>\u00a0: les enseignements ont lieu sur le site INSP\u00c9 de Gironde\/M\u00e9rignac<\/p>\n<p style=\"text-align: justify\">-&gt; <a href=\"https:\/\/www.education.gouv.fr\/pid25535\/bulletin_officiel.html?cid_bo=73066\" target=\"_blank\" rel=\"noopener noreferrer\">r\u00e9f\u00e9rentiel des comp\u00e9tences professionnelles des m\u00e9tiers du professorat et de l&#8217;\u00e9ducation<\/a><br \/>\n-&gt; <a href=\"https:\/\/cache.media.education.gouv.fr\/file\/13\/04\/3\/encart6379_fiche14_404043.pdf\" target=\"_blank\" rel=\"noopener noreferrer\">Outil d\u2019accompagnement : descripteurs des degr\u00e9s d\u2019acquisition des comp\u00e9tences \u00e0 l\u2019entr\u00e9e du m\u00e9tier<\/a><br \/>\n-&gt; Site de l&#8217;INSP\u00c9 Bordeaux, <a href=\"https:\/\/www.inspe-bordeaux.fr\/formations\/professeur-lycee-et-college\/parcours-CAPLP\/lettres-histoire-et-geographie\" target=\"_blank\" rel=\"noopener noreferrer\">page d\u00e9di\u00e9e au Master MEEF mention 2nd degr\u00e9, CAPLP<\/a><\/p>\n<p>-&gt; <a href=\"https:\/\/www.devenirenseignant.gouv.fr\/\" target=\"_blank\" rel=\"noopener\">devenirenseignant.gouv.fr<\/a><\/p>\n","protected":false},"excerpt":{"rendered":"<p>Master des m\u00e9tiers de l&#8217;enseignement de l&#8217;\u00e9ducation et de la formation mention 2nd degr\u00e9 parcours lettres &#8211; histoire et g\u00e9ographie<\/p>\n","protected":false},"author":11,"featured_media":0,"parent":0,"menu_order":0,"comment_status":"closed","ping_status":"closed","template":"","meta":{"_bbp_topic_count":0,"_bbp_reply_count":0,"_bbp_total_topic_count":0,"_bbp_total_reply_count":0,"_bbp_voice_count":0,"_bbp_anonymous_reply_count":0,"_bbp_topic_count_hidden":0,"_bbp_reply_count_hidden":0,"_bbp_forum_subforum_count":0,"footnotes":""},"class_list":["post-405","page","type-page","status-publish","hentry"],"_links":{"self":[{"href":"https:\/\/ent2d.ac-bordeaux.fr\/disciplines\/lettres-histoire\/wp-json\/wp\/v2\/pages\/405","targetHints":{"allow":["GET"]}}],"collection":[{"href":"https:\/\/ent2d.ac-bordeaux.fr\/disciplines\/lettres-histoire\/wp-json\/wp\/v2\/pages"}],"about":[{"href":"https:\/\/ent2d.ac-bordeaux.fr\/disciplines\/lettres-histoire\/wp-json\/wp\/v2\/types\/page"}],"author":[{"embeddable":true,"href":"https:\/\/ent2d.ac-bordeaux.fr\/disciplines\/lettres-histoire\/wp-json\/wp\/v2\/users\/11"}],"replies":[{"embeddable":true,"href":"https:\/\/ent2d.ac-bordeaux.fr\/disciplines\/lettres-histoire\/wp-json\/wp\/v2\/comments?post=405"}],"version-history":[{"count":27,"href":"https:\/\/ent2d.ac-bordeaux.fr\/disciplines\/lettres-histoire\/wp-json\/wp\/v2\/pages\/405\/revisions"}],"predecessor-version":[{"id":6081,"href":"https:\/\/ent2d.ac-bordeaux.fr\/disciplines\/lettres-histoire\/wp-json\/wp\/v2\/pages\/405\/revisions\/6081"}],"wp:attachment":[{"href":"https:\/\/ent2d.ac-bordeaux.fr\/disciplines\/lettres-histoire\/wp-json\/wp\/v2\/media?parent=405"}],"curies":[{"name":"wp","href":"https:\/\/api.w.org\/{rel}","templated":true}]}}