{"id":386,"date":"2016-06-09T10:29:20","date_gmt":"2016-06-09T09:29:20","guid":{"rendered":"https:\/\/ent2d.ac-bordeaux.fr\/disciplines\/lettres-histoire\/?page_id=386"},"modified":"2025-09-19T06:41:32","modified_gmt":"2025-09-19T05:41:32","slug":"bac-pro","status":"publish","type":"page","link":"https:\/\/ent2d.ac-bordeaux.fr\/disciplines\/lettres-histoire\/bac-pro\/","title":{"rendered":"BAC PRO"},"content":{"rendered":"<table style=\"width: 929.34px;height: 386px\">\n<tbody>\n<tr>\n<td style=\"width: 922.34px\" colspan=\"3\">\n<h2 style=\"text-align: center\"><strong><span style=\"color: #29469e\">FRAN\u00c7AIS<\/span><br \/>\n<\/strong><\/h2>\n<\/td>\n<\/tr>\n<tr>\n<td style=\"width: 336px\">\n<p style=\"text-align: center\"><span style=\"color: #800080\"><strong>SECONDE<\/strong><\/span><\/p>\n<\/td>\n<td style=\"width: 304px\">\n<p style=\"text-align: center\"><strong>PREMI\u00c8RE<\/strong><\/p>\n<\/td>\n<td style=\"width: 282.34px\">\n<p style=\"text-align: center\"><strong>TERMINALE<\/strong><\/p>\n<\/td>\n<\/tr>\n<tr>\n<td style=\"width: 336px;text-align: center;vertical-align: top\"><a href=\"https:\/\/ent2d.ac-bordeaux.fr\/disciplines\/lettres-histoire\/sequences-seconde-bac-pro-nouveaux-programmes\/\">Devenir soi : \u00e9critures autobiographiques<\/a><a href=\"https:\/\/ent2d.ac-bordeaux.fr\/disciplines\/lettres-histoire\/sequences-seconde-bac-pro-nouveaux-programmes\/\">S\u2019informer, informer : les circuits de l\u2019information<\/a><a href=\"https:\/\/ent2d.ac-bordeaux.fr\/disciplines\/lettres-histoire\/sequences-seconde-bac-pro-nouveaux-programmes\/\">Dire et se faire entendre : la parole, le th\u00e9\u00e2tre, l\u2019\u00e9loquence<\/a><\/p>\n<p><em>Perspective d\u2019\u00e9tude : dire, \u00e9crire, lire le m\u00e9tie<\/em>r<\/td>\n<td style=\"width: 304px;vertical-align: top\">\n<p style=\"text-align: center\"><a href=\"https:\/\/ent2d.ac-bordeaux.fr\/disciplines\/lettres-histoire\/sequences-seances-1-bac-pro-francais\/\" data-slimstat=\"5\">Cr\u00e9er, fabriquer : l\u2019invention et l\u2019imaginaire<\/a><\/p>\n<p style=\"text-align: center\"><a href=\"https:\/\/ent2d.ac-bordeaux.fr\/disciplines\/lettres-histoire\/sequences-seances-1-bac-pro-francais\/\" data-slimstat=\"5\">Lire et suivre un personnage : itin\u00e9raires romanesques<\/a><\/p>\n<\/td>\n<td style=\"width: 282.34px;text-align: center;vertical-align: top\"><a href=\"https:\/\/ent2d.ac-bordeaux.fr\/disciplines\/lettres-histoire\/ressources-nouveaux-programmes-francais-term-bac-pro-2\/\"><strong>Vivre aujourd\u2019hui : l\u2019humanit\u00e9, le monde, les sciences et la technique<\/strong><\/a><strong>Programme limitatif pour\u00a0 les ann\u00e9es scolaires 2024-2025, 2025-2026 et 2026-2027 :<\/strong><\/p>\n<p>Rythmes et cadences de la vie moderne\u00a0: quel temps pour soi\u00a0?<\/td>\n<\/tr>\n<\/tbody>\n<\/table>\n<p><strong>\u00a0<\/strong><\/p>\n<table style=\"width: 929.16px;height: 508px\">\n<tbody>\n<tr style=\"height: 75px\">\n<td style=\"width: 910.16px;height: 75px\" colspan=\"3\">\n<h2 style=\"text-align: center\"><strong><span style=\"color: #29469e\">HISTOIRE-G\u00c9OGRAPHIE<\/span><\/strong><\/h2>\n<\/td>\n<\/tr>\n<tr style=\"height: 104px\">\n<td style=\"width: 327px;height: 104px\">\n<p style=\"text-align: center\"><span style=\"color: #800080\"><strong>SECONDE &#8211; HISTOIRE<\/strong><\/span><br \/>\n<span style=\"color: #800080\"><span style=\"color: #000000\">-&gt; <a href=\"https:\/\/ent2d.ac-bordeaux.fr\/disciplines\/lettres-histoire\/programmation-hgemc-seconde\/\">Propositions de programmation<\/a><\/span><\/span><\/p>\n<\/td>\n<td style=\"width: 304px;height: 104px;text-align: center\"><strong><span style=\"color: #800080\">PREMI\u00c8RE &#8211; HISTOIRE<\/span><br \/>\n<\/strong>-&gt; <a href=\"https:\/\/ent2d.ac-bordeaux.fr\/disciplines\/lettres-histoire\/programmation-hgemc-programme-de-premiere-bac-pro\/\">Propositions de programmation<\/a><\/td>\n<td style=\"width: 279.16px;height: 104px;text-align: center\"><strong><span style=\"color: #800080\">TERMINALE &#8211; HISTOIRE<\/span><br \/>\n-&gt; <\/strong><a href=\"https:\/\/ent2d.ac-bordeaux.fr\/disciplines\/lettres-histoire\/progression-hgmec-2021\/\">Proposition de programmation<\/a><\/td>\n<\/tr>\n<tr style=\"height: 130px\">\n<td style=\"width: 327px;height: 130px;text-align: center\"><strong>Circulations, colonisations et r\u00e9volutions (XV<sup>e<\/sup>-XVIII<sup>e<\/sup> si\u00e8cle)<\/strong>L\u2019expansion du monde connu<br \/>\n(XV<sup>e<\/sup>-XVIII<sup>e<\/sup> si\u00e8cle)L\u2019Am\u00e9rique et l\u2019Europe en r\u00e9volution<br \/>\n(des ann\u00e9es 1760 \u00e0 1804)<a href=\"https:\/\/ent2d.ac-bordeaux.fr\/disciplines\/lettres-histoire\/wp-content\/uploads\/sites\/5\/2019\/10\/Compagnonnage-BI-1.pdf\"><strong>M\u00e9tiers, compagnons, compagnonnage et chef-d\u2019\u0153uvre <\/strong><strong>au XIX<sup>e<\/sup> si\u00e8cle<\/strong><\/a><\/td>\n<td style=\"width: 304px;height: 130px;text-align: center\"><strong>\u00c9tats et soci\u00e9t\u00e9s en mutations (XIXe si\u00e8cle-1\u00e8re moiti\u00e9 du XXe si\u00e8cle)<\/strong>Hommes et femmes au travail<br \/>\nen m\u00e9tropole et dans les colonies fran\u00e7aises (1800-1946)<\/p>\n<p>Guerres europ\u00e9ennes, guerres mondiales, guerres totales (1914-1945)<\/td>\n<td style=\"width: 279.16px;height: 130px;text-align: center\"><strong>France et monde depuis 1945<\/strong><a href=\"https:\/\/ent2d.ac-bordeaux.fr\/disciplines\/lettres-histoire\/wp-content\/uploads\/sites\/5\/2021\/09\/Th\u00e8me-1-Le-jeu-des-puissances-dans-les-relations-internationales-depuis-1945.pdf\" target=\"_blank\" rel=\"noopener noreferrer\">Le jeu des puissances dans les relations internationales depuis 1945<\/a>Vivre en France en d\u00e9mocratie<br \/>\n<span style=\"font-family: inherit;font-size: inherit\">depuis 1945<\/span><\/td>\n<\/tr>\n<tr style=\"height: 76.5px\">\n<td style=\"width: 327px;height: 76.5px\">\n<p style=\"text-align: center\"><span style=\"color: #800080\"><strong>SECONDE &#8211; G\u00c9O.<\/strong><\/span><\/p>\n<p style=\"text-align: center\"><span style=\"color: #800080\"><span style=\"color: #000000\">-&gt; <a href=\"https:\/\/ent2d.ac-bordeaux.fr\/disciplines\/lettres-histoire\/programmation-hgemc-seconde\/\">Propositions de programmation<\/a><\/span><\/span><\/p>\n<p style=\"text-align: center\"><strong>Production mondiale et circulation des personnes, des biens, et des informations<\/strong><\/p>\n<\/td>\n<td style=\"width: 304px;height: 76.5px\">\n<p style=\"text-align: center\"><strong><span style=\"color: #800080\">PREMI\u00c8RE &#8211; G\u00c9OGRAPHIE<\/span><\/strong><\/p>\n<p>-&gt; <a href=\"https:\/\/ent2d.ac-bordeaux.fr\/disciplines\/lettres-histoire\/programmation-hgemc-programme-de-premiere-bac-pro\/\">Propositions de programmation<\/a><\/p>\n<p style=\"text-align: center\"><strong>Recompositions du monde<\/strong><\/p>\n<\/td>\n<td style=\"width: 279.16px;height: 76.5px\">\n<p style=\"text-align: center\"><strong><span style=\"color: #800080\">TERMINALE &#8211; G\u00c9OGRAPHIE<\/span><\/strong><\/p>\n<p style=\"text-align: center\"><a href=\"https:\/\/ent2d.ac-bordeaux.fr\/disciplines\/lettres-histoire\/progression-hgmec-2021\/\">-&gt; Proposition de programmation<\/a><\/p>\n<p style=\"text-align: center\"><strong>Les hommes face aux changements globaux<\/strong><\/p>\n<\/td>\n<\/tr>\n<tr style=\"height: 96px\">\n<td style=\"width: 327px;height: 96px;text-align: center\">Des r\u00e9seaux de production et d\u2019\u00e9changes mondialis\u00e9s<a href=\"https:\/\/ent2d.ac-bordeaux.fr\/disciplines\/lettres-histoire\/category\/une-circulation-croissante-et-diverse-des-personnes-a-lechelle-mondiale\/\">Une circulation croissante et diverse des personnes \u00e0 l\u2019\u00e9chelle mondiale<\/a><\/td>\n<td style=\"width: 304px;height: 96px;text-align: center\">La recomposition du territoire urbain en France : m\u00e9tropolisation et p\u00e9riurbanisationL&#8217;Afrique, un continent en recomposition<\/td>\n<td style=\"width: 279.16px;height: 96px\">\n<div style=\"text-align: center\">L\u2019acc\u00e8s aux ressources pour produire,<\/div>\n<div style=\"text-align: center\">consommer, se loger et se d\u00e9placer<\/div>\n<div><\/div>\n<div style=\"text-align: center\">Les soci\u00e9t\u00e9s et les risques : anticiper, r\u00e9agir, se coordonner et s\u2019adapter<\/div>\n<\/td>\n<\/tr>\n<\/tbody>\n<\/table>\n<table style=\"width: 929.744px\">\n<tbody>\n<tr>\n<td style=\"text-align: justify;width: 919.744px\">Des ressources p\u00e9dagogiques en HGEMC, produites par les formateurs acad\u00e9miques,\u00a0 sont disponibles sur <a href=\"https:\/\/tribu.phm.education.gouv.fr\/portal\/share\/Qr0mpq\" target=\"_blank\" rel=\"noopener noreferrer\">Tribu<\/a>, apr\u00e8s inscription \u00e0 l&#8217;espace d\u00e9di\u00e9.<\/td>\n<\/tr>\n<\/tbody>\n<\/table>\n<table style=\"width: 929.9px;height: 191px\">\n<tbody>\n<tr>\n<td style=\"width: 909.9px\" colspan=\"3\">\n<h2 style=\"text-align: center\"><span style=\"color: #29469e\"><strong>ENSEIGNEMENT MORAL ET CIVIQUE<\/strong><\/span><\/h2>\n<\/td>\n<\/tr>\n<tr>\n<td style=\"width: 327px\">\n<p style=\"text-align: center\"><span style=\"color: #800080\"><strong>SECONDE<\/strong><br \/>\n<\/span><\/p>\n<p style=\"text-align: center\"><strong>Droits, libert\u00e9s et responsabilit\u00e9<br \/>\n<\/strong><\/p>\n<\/td>\n<td style=\"width: 302px\">\n<p style=\"text-align: center\"><span style=\"color: #800080\"><strong>PREMI\u00c8RE<\/strong><\/span><\/p>\n<p style=\"text-align: center\"><strong>Coh\u00e9sion et diversit\u00e9 dans une soci\u00e9t\u00e9 d\u00e9mocratique<\/strong><\/p>\n<\/td>\n<td style=\"width: 280.9px\">\n<p style=\"text-align: center\"><span style=\"color: #800080\"><strong>TERMINALE<\/strong><\/span><\/p>\n<p style=\"text-align: center\"><strong>Espace public, engagement et culture du d\u00e9bat d\u00e9mocratique<\/strong><\/p>\n<\/td>\n<\/tr>\n<tr>\n<td style=\"width: 327px;text-align: center\">L&#8217;\u00c9tat de droit garantit les droits et libert\u00e9s et un pluralisme d\u00e9mocratique<\/p>\n<p>Libert\u00e9 et responsabilit\u00e9 : l&#8217;exemple de l&#8217;information (vecteurs, n\u00e9cessit\u00e9 et enjeux)<\/p>\n<p>Droits et responsabilit\u00e9s : l&#8217;exemple de la protection de l&#8217;environnement et de la sauvegarde de la biodiversit\u00e9<\/td>\n<td style=\"width: 302px;text-align: center\">Les valeurs et les principes de la R\u00e9publique \u00e0 l&#8217;\u00e9preuve de la coh\u00e9sion socialeLa R\u00e9publique et la Nation<\/td>\n<td style=\"width: 280.9px;text-align: center\">\n<div><strong>Th\u00e8me annuel : S\u2019engager et d\u00e9battre en d\u00e9mocratie autour des d\u00e9fis de soci\u00e9t\u00e9<\/strong><\/div>\n<div><\/div>\n<div><\/div>\n<div>Changements (et risques) environnementaux<\/div>\n<div>&#8211;<\/div>\n<div>Biotechnologies (et \u00e9thique)<\/div>\n<div>&#8211;<\/div>\n<div>R\u00e9volution num\u00e9rique<\/div>\n<div>(et essor de l\u2019internet)<\/div>\n<\/td>\n<\/tr>\n<\/tbody>\n<\/table>\n<pre style=\"text-align: left\"><\/pre>\n","protected":false},"excerpt":{"rendered":"<p>FRAN\u00c7AIS SECONDE PREMI\u00c8RE TERMINALE Devenir soi : \u00e9critures autobiographiquesS\u2019informer, informer : les circuits de l\u2019informationDire et se faire entendre :<\/p>\n","protected":false},"author":11,"featured_media":0,"parent":0,"menu_order":0,"comment_status":"closed","ping_status":"closed","template":"","meta":{"_bbp_topic_count":0,"_bbp_reply_count":0,"_bbp_total_topic_count":0,"_bbp_total_reply_count":0,"_bbp_voice_count":0,"_bbp_anonymous_reply_count":0,"_bbp_topic_count_hidden":0,"_bbp_reply_count_hidden":0,"_bbp_forum_subforum_count":0,"footnotes":""},"class_list":["post-386","page","type-page","status-publish","hentry"],"_links":{"self":[{"href":"https:\/\/ent2d.ac-bordeaux.fr\/disciplines\/lettres-histoire\/wp-json\/wp\/v2\/pages\/386","targetHints":{"allow":["GET"]}}],"collection":[{"href":"https:\/\/ent2d.ac-bordeaux.fr\/disciplines\/lettres-histoire\/wp-json\/wp\/v2\/pages"}],"about":[{"href":"https:\/\/ent2d.ac-bordeaux.fr\/disciplines\/lettres-histoire\/wp-json\/wp\/v2\/types\/page"}],"author":[{"embeddable":true,"href":"https:\/\/ent2d.ac-bordeaux.fr\/disciplines\/lettres-histoire\/wp-json\/wp\/v2\/users\/11"}],"replies":[{"embeddable":true,"href":"https:\/\/ent2d.ac-bordeaux.fr\/disciplines\/lettres-histoire\/wp-json\/wp\/v2\/comments?post=386"}],"version-history":[{"count":152,"href":"https:\/\/ent2d.ac-bordeaux.fr\/disciplines\/lettres-histoire\/wp-json\/wp\/v2\/pages\/386\/revisions"}],"predecessor-version":[{"id":6079,"href":"https:\/\/ent2d.ac-bordeaux.fr\/disciplines\/lettres-histoire\/wp-json\/wp\/v2\/pages\/386\/revisions\/6079"}],"wp:attachment":[{"href":"https:\/\/ent2d.ac-bordeaux.fr\/disciplines\/lettres-histoire\/wp-json\/wp\/v2\/media?parent=386"}],"curies":[{"name":"wp","href":"https:\/\/api.w.org\/{rel}","templated":true}]}}