{"id":3859,"date":"2020-07-10T16:26:57","date_gmt":"2020-07-10T15:26:57","guid":{"rendered":"https:\/\/ent2d.ac-bordeaux.fr\/disciplines\/lettres-histoire\/?page_id=3859"},"modified":"2020-12-06T19:14:27","modified_gmt":"2020-12-06T18:14:27","slug":"ressources-nouveaux-programmes-1-bac-pro","status":"publish","type":"page","link":"https:\/\/ent2d.ac-bordeaux.fr\/disciplines\/lettres-histoire\/ressources-nouveaux-programmes-1-bac-pro\/","title":{"rendered":"Ressources nouveaux programmes fran\u00e7ais 1\u00b0 bac pro"},"content":{"rendered":"<p style=\"text-align: justify\">Vous trouverez dans cette page diff\u00e9rentes ressources pour vous aider \u00e0 pr\u00e9parer la mise en \u0153uvre des nouveaux objets d\u2019\u00e9tude du programme et la prise en charge des \u00e9l\u00e8ves de 1<sup>\u00e8re<\/sup> bac pro en fran\u00e7ais\u00a0:<\/p>\n<ul>\n<li>\n<p style=\"text-align: justify\">Un <strong><a href=\"https:\/\/ent2d.ac-bordeaux.fr\/disciplines\/lettres-histoire\/wp-content\/uploads\/sites\/5\/2020\/07\/FRA-1\u00b0-Pro-Introduction-au-programme-IEN.pdf\">texte introductif<\/a> <\/strong>expliquant l\u2019am\u00e9nagement du plan de formation pr\u00e9vu cons\u00e9cutivement \u00e0 la crise sanitaire, suivi de quelques points de vigilance pour la mise en place des s\u00e9quences d\u2019enseignement et d\u2019apprentissage (SEA) du nouveau programme de fran\u00e7ais de 1<sup>\u00e8re<\/sup> bac pro<\/p>\n<\/li>\n<li>Le <a href=\"https:\/\/ent2d.ac-bordeaux.fr\/disciplines\/lettres-histoire\/wp-content\/uploads\/sites\/5\/2020\/07\/BO-FR-1ere-bac-pro.pdf\"><strong>BO <\/strong><\/a>du programme de 1<sup>\u00e8re<\/sup><\/li>\n<li>\n<p style=\"text-align: justify\">Un expos\u00e9 plus ou moins succinct sur les genres romanesques dont l\u2019\u00e9tude est privil\u00e9gi\u00e9e par le BO et sur certaines notions-cl\u00e9s associ\u00e9es \u00e0 l\u2019OE sur le personnage de roman\u00a0: <a href=\"https:\/\/ent2d.ac-bordeaux.fr\/disciplines\/lettres-histoire\/wp-content\/uploads\/sites\/5\/2020\/07\/ANNEXE-A.pdf\"><strong>Annexe A<\/strong><\/a>\u00a0: le roman r\u00e9aliste et le roman d\u2019analyse\u00a0;<a href=\"https:\/\/ent2d.ac-bordeaux.fr\/disciplines\/lettres-histoire\/wp-content\/uploads\/sites\/5\/2020\/07\/ANNEXE-B.pdf\"><strong> Annexe B<\/strong><\/a>\u00a0: l\u2019effet personnage\u00a0; <a href=\"https:\/\/ent2d.ac-bordeaux.fr\/disciplines\/lettres-histoire\/wp-content\/uploads\/sites\/5\/2020\/07\/ANNEXE-C.pdf\"><strong>Annexe C<\/strong><\/a>\u00a0: le sujet lecteur\u00a0; <a href=\"https:\/\/ent2d.ac-bordeaux.fr\/disciplines\/lettres-histoire\/wp-content\/uploads\/sites\/5\/2020\/07\/ANNEXE-D.pdf\"><strong>Annexe D<\/strong><\/a>\u00a0: le personnage et ses enjeux.<\/p>\n<\/li>\n<li>\n<p style=\"text-align: justify\">Un <a href=\"https:\/\/ent2d.ac-bordeaux.fr\/disciplines\/lettres-histoire\/wp-content\/uploads\/sites\/5\/2020\/07\/le-personnage-de-roman-ressource-LGT.pdf\"><strong>document ressource<\/strong><\/a> Eduscol sur le personnage de roman, du XVII<sup>e<\/sup> \u00e0 nos jours.<\/p>\n<\/li>\n<li>\n<p style=\"text-align: justify\">Des <a href=\"https:\/\/ent2d.ac-bordeaux.fr\/disciplines\/lettres-histoire\/wp-content\/uploads\/sites\/5\/2020\/07\/Pistes-pour-articuler-les-2-s\u00e9quences-de-chaque-OE.pdf\"><strong>pistes de r\u00e9flexion<\/strong><\/a> autour de la question de l\u2019articulation des s\u00e9quences \u0152uvre Int\u00e9grale \/Groupement de textes pour chaque objet d\u2019\u00e9tude.<\/p>\n<\/li>\n<li>\n<p style=\"text-align: justify\"><strong><a href=\"https:\/\/ent2d.ac-bordeaux.fr\/disciplines\/lettres-histoire\/sequences-seances-1-bac-pro-francais\/\">16 propositions de SEA (ou de s\u00e9ances)<\/a><\/strong> r\u00e9alis\u00e9es par le groupe des formateurs de lettres, pr\u00e9c\u00e9d\u00e9es ou suivies d\u2019un court texte qui en pr\u00e9cise l\u2019ancrage au nouveau programme. (Page prot\u00e9g\u00e9e par mot de passe \u00e0 demander par mail, depuis une adresse acad\u00e9mique, \u00e0 jean-francois.courreges@ac-bordeaux.fr)<\/p>\n<\/li>\n<\/ul>\n<p style=\"text-align: justify\"><span style=\"color: #ff0000\">Vous trouverez \u00e9galement, ci-dessous, les diaporamas diffus\u00e9s lors des sessions de stages acad\u00e9miques en visioconf\u00e9rence sur les programmes de 1 bac pro fran\u00e7ais :<\/span><\/p>\n<ul style=\"list-style-type: circle\">\n<li><a href=\"https:\/\/ent2d.ac-bordeaux.fr\/disciplines\/lettres-histoire\/wp-content\/uploads\/sites\/5\/2020\/12\/DIAPORAMA-Introduction-formation.pptx\">Diaporama<\/a> introduction aux formations<\/li>\n<li style=\"text-align: justify\"><a href=\"https:\/\/ent2d.ac-bordeaux.fr\/disciplines\/lettres-histoire\/wp-content\/uploads\/sites\/5\/2020\/12\/IMAGINAIRE-2009-2019.pptx\">Diaporama<\/a> de l&#8217;objet d&#8217;\u00e9tude &#8220;DU C\u00d4T\u00c9 DE L\u2019IMAGINAIRE&#8221; au nouvel objet d&#8217;\u00e9tude &#8220;CR\u00c9ER, FABRIQUER : L\u2019INVENTION ET L\u2019IMAGINAIRE&#8221;<\/li>\n<li style=\"text-align: justify\"><a href=\"https:\/\/ent2d.ac-bordeaux.fr\/disciplines\/lettres-histoire\/wp-content\/uploads\/sites\/5\/2020\/12\/PERSONNAGE-2009-2019.pptx\">Diaporama<\/a> de l&#8217;objet d&#8217;\u00e9tude &#8220;PARCOURS DE PERSONNAGES&#8221; au nouvel objet d&#8217;\u00e9tude &#8220;LIRE ET SUIVRE UN PERSONNAGE : ITIN\u00c9RAIRES ROMANESQUES&#8221;<\/li>\n<\/ul>\n<p style=\"text-align: justify\"><em>Si vous rencontrez des probl\u00e8mes pour lire ces diaporamas en Powerpoint vous pouvez t\u00e9l\u00e9charger <span class=\"fn ftSize20\"><a href=\"https:\/\/www.01net.com\/telecharger\/windows\/Bureautique\/presentation\/fiches\/1587.html\">Powerpoint Viewer<\/a>.<\/span><\/em><\/p>\n","protected":false},"excerpt":{"rendered":"<p>Vous trouverez dans cette page diff\u00e9rentes ressources pour vous aider \u00e0 pr\u00e9parer la mise en \u0153uvre des nouveaux objets d\u2019\u00e9tude<\/p>\n","protected":false},"author":11,"featured_media":0,"parent":0,"menu_order":0,"comment_status":"closed","ping_status":"closed","template":"","meta":{"_bbp_topic_count":0,"_bbp_reply_count":0,"_bbp_total_topic_count":0,"_bbp_total_reply_count":0,"_bbp_voice_count":0,"_bbp_anonymous_reply_count":0,"_bbp_topic_count_hidden":0,"_bbp_reply_count_hidden":0,"_bbp_forum_subforum_count":0,"footnotes":""},"class_list":["post-3859","page","type-page","status-publish","hentry"],"_links":{"self":[{"href":"https:\/\/ent2d.ac-bordeaux.fr\/disciplines\/lettres-histoire\/wp-json\/wp\/v2\/pages\/3859","targetHints":{"allow":["GET"]}}],"collection":[{"href":"https:\/\/ent2d.ac-bordeaux.fr\/disciplines\/lettres-histoire\/wp-json\/wp\/v2\/pages"}],"about":[{"href":"https:\/\/ent2d.ac-bordeaux.fr\/disciplines\/lettres-histoire\/wp-json\/wp\/v2\/types\/page"}],"author":[{"embeddable":true,"href":"https:\/\/ent2d.ac-bordeaux.fr\/disciplines\/lettres-histoire\/wp-json\/wp\/v2\/users\/11"}],"replies":[{"embeddable":true,"href":"https:\/\/ent2d.ac-bordeaux.fr\/disciplines\/lettres-histoire\/wp-json\/wp\/v2\/comments?post=3859"}],"version-history":[{"count":9,"href":"https:\/\/ent2d.ac-bordeaux.fr\/disciplines\/lettres-histoire\/wp-json\/wp\/v2\/pages\/3859\/revisions"}],"predecessor-version":[{"id":4075,"href":"https:\/\/ent2d.ac-bordeaux.fr\/disciplines\/lettres-histoire\/wp-json\/wp\/v2\/pages\/3859\/revisions\/4075"}],"wp:attachment":[{"href":"https:\/\/ent2d.ac-bordeaux.fr\/disciplines\/lettres-histoire\/wp-json\/wp\/v2\/media?parent=3859"}],"curies":[{"name":"wp","href":"https:\/\/api.w.org\/{rel}","templated":true}]}}