{"id":382,"date":"2016-06-09T10:28:46","date_gmt":"2016-06-09T09:28:46","guid":{"rendered":"https:\/\/ent2d.ac-bordeaux.fr\/disciplines\/lettres-histoire\/?page_id=382"},"modified":"2021-08-02T17:59:34","modified_gmt":"2021-08-02T16:59:34","slug":"3pp","status":"publish","type":"page","link":"https:\/\/ent2d.ac-bordeaux.fr\/disciplines\/lettres-histoire\/3pp\/","title":{"rendered":"Troisi\u00e8me pr\u00e9pa-m\u00e9tiers"},"content":{"rendered":"<p><a href=\"https:\/\/ent2d.ac-bordeaux.fr\/disciplines\/lettres-histoire\/wp-content\/uploads\/sites\/5\/2021\/07\/Vade-mecum_Pr\u00e9pa_m\u00e9tiers.pdf\">VADE-MECUM<\/a> :\u00a0 la classe de troisi\u00e8me Pr\u00e9pa-M\u00e9tiers (juin 2019)<\/p>\n<p>&nbsp;<\/p>\n<table style=\"width: 1125.37px;height: 160px\">\n<tbody>\n<tr style=\"height: 24px\">\n<td style=\"width: 1093.37px;height: 24px\" colspan=\"3\">\n<h2 style=\"text-align: center\"><strong><span style=\"color: #29469e\">HISTOIRE<\/span><\/strong><\/h2>\n<\/td>\n<\/tr>\n<tr style=\"height: 10px\">\n<td style=\"width: 362px;height: 10px;text-align: center\">\n<h6><a href=\"https:\/\/ent2d.ac-bordeaux.fr\/disciplines\/lettres-histoire\/category\/3pp-hist-geo\/\">L&#8217;Europe, un th\u00e9\u00e2tre majeur des guerres totales (1914-1935)<\/a><\/h6>\n<\/td>\n<td style=\"width: 370px;height: 10px\">\n<h6 style=\"text-align: center\">\u00a0Le monde depuis 1945<\/h6>\n<\/td>\n<td style=\"width: 361.367px;height: 10px\">\n<h6 style=\"text-align: center\">\u00a0Fran\u00e7aises et fran\u00e7ais dans une R\u00e9publique repens\u00e9e<\/h6>\n<\/td>\n<\/tr>\n<tr style=\"height: 24px\">\n<td style=\"width: 362px;height: 24px\" rowspan=\"2\">Civils et militaires dans la premi\u00e8re guerre mondiale<\/td>\n<td style=\"width: 370px;height: 34px\">Affirmation et mise en \u0153uvre du projet europ\u00e9en<\/td>\n<td style=\"width: 361.367px;height: 24px\" rowspan=\"4\">\u00a0La Ve R\u00e9publique, de la R\u00e9publique gaullienne \u00e0 l&#8217;alternance et \u00e0 la cohabitation<\/td>\n<\/tr>\n<tr style=\"height: 24px\">\n<td style=\"width: 370px;height: 24px\" rowspan=\"3\">Enjeux et conflits dans le monde apr\u00e8s 1989<\/td>\n<\/tr>\n<tr style=\"height: 24px\">\n<td style=\"width: 362px;height: 24px\">\u00a0La deuxi\u00e8me guerre mondiale, une guerre d&#8217;an\u00e9antissement<\/td>\n<\/tr>\n<tr style=\"height: 24.0667px\">\n<td style=\"width: 362px;height: 24.0667px\">La France d\u00e9faite et occup\u00e9e. R\u00e9gime de Vichy, collaboration, r\u00e9sistance<\/td>\n<\/tr>\n<\/tbody>\n<\/table>\n<table style=\"height: 157px\" width=\"1124\">\n<tbody>\n<tr style=\"height: 75px\">\n<td style=\"width: 367.33px;height: 75px\" colspan=\"3\">\n<h2 style=\"text-align: center\"><strong><span style=\"color: #29469e\">G\u00c9OGRAPHIE<br \/>\n<\/span><\/strong><\/h2>\n<\/td>\n<\/tr>\n<tr style=\"height: 24px\">\n<td style=\"width: 367.33px;height: 24px;text-align: center\">\n<h6>Dynamiques territoriales de la France contemporaine<\/h6>\n<\/td>\n<td style=\"width: 367.33px;height: 24px;text-align: center\">\n<h6><a href=\"https:\/\/ent2d.ac-bordeaux.fr\/disciplines\/lettres-histoire\/category\/3pp-hist-geo\/pourquoi-et-comment-amenager-le-territoire\/\">Pourquoi et comment am\u00e9nager le territoire ?<\/a><\/h6>\n<\/td>\n<td style=\"width: 367.33px;height: 24px;text-align: center\">\n<h6>La France et l&#8217;Union europ\u00e9enne<\/h6>\n<\/td>\n<\/tr>\n<tr style=\"height: 89px\">\n<td style=\"width: 367.33px;height: 106.15px\" rowspan=\"2\">Les aires urbaines, une nouvelle g\u00e9ographie d&#8217;une France mondialis\u00e9e<\/td>\n<td style=\"width: 367.33px;height: 130.15px\" rowspan=\"3\">Am\u00e9nager pour r\u00e9pondre aux in\u00e9galit\u00e9s croissantes entre territoires fran\u00e7ais, \u00e0 toutes les \u00e9chelles<\/td>\n<td style=\"width: 367.33px;height: 89px\">L&#8217;Union europ\u00e9enne, un nouveau territoire de r\u00e9f\u00e9rence et d&#8217;appartenance<\/td>\n<\/tr>\n<tr style=\"height: 17.15px\">\n<td style=\"width: 367.33px;height: 41.15px\" rowspan=\"2\">La France et l&#8217;Europe dans le monde<\/td>\n<\/tr>\n<tr style=\"height: 24px\">\n<td style=\"width: 367.33px;height: 24px\">Les espaces de faible densit\u00e9 (espaces ruraux, montagnes, secteurs touristiques peu urbanis\u00e9s) et leurs atouts<\/td>\n<\/tr>\n<\/tbody>\n<\/table>\n<h4 style=\"text-align: center\">\u00a0\u27a1 Les ressources d&#8217;accompagnement en <a href=\"https:\/\/eduscol.education.fr\/cid114859\/evaluation-socle-histoire-geographie.html\">histoire\/g\u00e9ographie<\/a> pour le cycle 4<\/h4>\n<h4 style=\"text-align: center\">\u00a0\u27a1 Am\u00e9nagements de programme histoire-g\u00e9ographie-EMC, troisi\u00e8me pr\u00e9pa-pro (<a href=\"https:\/\/ent2d.ac-bordeaux.fr\/disciplines\/lettres-histoire\/wp-content\/uploads\/sites\/5\/2019\/02\/3eme-pr\u00e9pa-pro-diapo.pdf\" target=\"_blank\" rel=\"noopener noreferrer\">diaporama pr\u00e9sentation du stage<\/a>)<\/h4>\n<p>&nbsp;<\/p>\n<p>&nbsp;<\/p>\n<p>&nbsp;<\/p>\n<table style=\"height: 157px;width: 1130px\">\n<tbody>\n<tr>\n<td style=\"width: 1120px\">\n<h2 style=\"text-align: center\"><strong><span style=\"color: #29469e\">ENSEIGNEMENT MORAL ET CIVIQUE<\/span><\/strong><\/h2>\n<p style=\"text-align: center\">BO n\u00b0 30 du 26 juillet 2018<\/p>\n<\/td>\n<\/tr>\n<tr>\n<td style=\"width: 1120px;text-align: center\">Respecter autrui<\/td>\n<\/tr>\n<tr>\n<td style=\"width: 1120px;text-align: center\">Acqu\u00e9rir et partager les valeurs de la R\u00e9publique<\/td>\n<\/tr>\n<tr>\n<td style=\"width: 1120px;text-align: center\">Construire une culture civique<\/td>\n<\/tr>\n<\/tbody>\n<\/table>\n<h4 style=\"text-align: center\">\u00a0\u27a1 Les ressources d&#8217;accompagnement en <a href=\"http:\/\/eduscol.education.fr\/pid34832\/emc.html\">EMC <\/a>pour le cycle 4<\/h4>\n<p>&nbsp;<\/p>\n<p>&nbsp;<\/p>\n<p>&nbsp;<\/p>\n<table style=\"height: 400px\" width=\"1120\">\n<tbody>\n<tr style=\"height: 18px\">\n<td style=\"width: 1110px;height: 18px\" colspan=\"2\">\n<h2 style=\"text-align: center\"><span style=\"color: #29469e\">FRAN\u00c7AIS<\/span><\/h2>\n<\/td>\n<\/tr>\n<tr style=\"height: 24px\">\n<td style=\"width: 1110px;height: 24px;text-align: center\" colspan=\"2\">\n<h5>\u00a0 \u27a1 <a href=\"https:\/\/ent2d.ac-bordeaux.fr\/disciplines\/lettres-histoire\/category\/3-prepa-pro-francais\/se-raconter-se-represente\/\">Se chercher, se construire<\/a><\/h5>\n<h6>Se raconter, se repr\u00e9senter<\/h6>\n<p>Probl\u00e9matique : Pourquoi et comment dire ses \u00e9motions ?<\/td>\n<\/tr>\n<tr style=\"height: 24px\">\n<td style=\"width: 1110px;height: 24px;text-align: center\" colspan=\"2\">\n<h5>\u27a1 <a href=\"https:\/\/ent2d.ac-bordeaux.fr\/disciplines\/lettres-histoire\/category\/3-prepa-pro-francais\/vivre-en-societe-participer-a-la-societe\/\">Vivre en soci\u00e9t\u00e9, participer \u00e0 la soci\u00e9t\u00e9<\/a><\/h5>\n<h6>D\u00e9noncer les travers de la soci\u00e9t\u00e9<\/h6>\n<p>Probl\u00e9matique : Pourquoi, comment r\u00e9sister en \u00e9criture ?<\/td>\n<\/tr>\n<tr style=\"height: 24px\">\n<td style=\"width: 1110px;height: 24px;text-align: center\" colspan=\"2\">\n<h5>\u27a1 Regarder le monde, inventer des mondes<\/h5>\n<h6>Visions po\u00e9tiques du monde<i><\/i><\/h6>\n<p>Probl\u00e9matique : Comment le po\u00e8te invente des langages et explore le monde ?<\/td>\n<\/tr>\n<tr style=\"height: 24.5834px\">\n<td style=\"width: 1110px;height: 24.5834px;text-align: center\" colspan=\"2\">\n<h5>\u27a1 Agir sur le monde<\/h5>\n<h6>Agir dans la cit\u00e9\u00a0: individu et pouvoir<i><\/i><\/h6>\n<p>Probl\u00e9matique : La litt\u00e9rature peut-elle aider \u00e0 agir sur le monde et sur l\u2019Histoire ?<\/td>\n<\/tr>\n<tr style=\"height: 24px\">\n<td style=\"width: 1110px;height: 24px;text-align: center\" colspan=\"2\">\n<h5>\u27a1 Progr\u00e8s et r\u00eaves scientifiques<\/h5>\n<p>Probl\u00e9matique : La litt\u00e9rature peut-elle parler de la science ?<\/td>\n<\/tr>\n<\/tbody>\n<\/table>\n<h4 style=\"text-align: center\">\u27a1 Les ressources d&#8217;accompagnement en fran\u00e7ais pour le cycle 4<\/h4>\n<p>Ressources d&#8217;accompagnement du programme de fran\u00e7ais : <a href=\"https:\/\/eduscol.education.fr\/2080\/francais-cycle-4-pour-une-culture-litteraire-et-artistique\">pour une culture litt\u00e9raire et artistique<\/a> au cycle 4<\/p>\n<p>Ressources d&#8217;accompagnement du programme de fran\u00e7ais au cycle 4 : <a href=\"https:\/\/eduscol.education.fr\/328\/francais-au-cycle-4-etude-de-la-langue\">\u00e9tude de la langue<\/a><\/p>\n<p>\u00c9valuation des <a href=\"https:\/\/eduscol.education.fr\/253\/francais-cycles-3-et-4-socle-commun\">niveaux de ma\u00eetrise du socle commun en fran\u00e7ais<\/a> &#8211; cycles 3 et 4<\/p>\n<p><a href=\"https:\/\/eduscol.education.fr\/141\/modalites-d-evaluation-des-acquis-scolaires-des-eleves\">Modalit\u00e9s d&#8217;\u00e9valuation<\/a> des acquis scolaires des \u00e9l\u00e8ves<\/p>\n<p>&nbsp;<\/p>\n<table style=\"height: 359px\" width=\"1127\">\n<tbody>\n<tr style=\"height: 53.0823px\">\n<td style=\"width: 1117px;height: 53.0823px\">\n<h6 style=\"text-align: center\"><a href=\"https:\/\/ent2d.ac-bordeaux.fr\/disciplines\/lettres-histoire\/category\/epi\/\">ENSEIGNEMENTS \u00a0PRATIQUES \u00a0INTERDISCIPLINAIRES<\/a><\/h6>\n<\/td>\n<\/tr>\n<tr style=\"height: 28px\">\n<td style=\"width: 1117px;text-align: center;height: 28px\"><span style=\"font-family: 'times new roman', times, serif\">Langues et cultures de l&#8217;Antiquit\u00e9<\/span><\/td>\n<\/tr>\n<tr style=\"height: 28px\">\n<td style=\"width: 1117px;text-align: center;height: 28px\"><span style=\"font-family: 'times new roman', times, serif\">Langues et cultures \u00e9trang\u00e8res\/r\u00e9gionales<\/span><\/td>\n<\/tr>\n<tr style=\"height: 28px\">\n<td style=\"width: 1117px;text-align: center;height: 28px\"><span style=\"font-family: 'times new roman', times, serif\">Transition \u00e9cologique et d\u00e9veloppement durable<\/span><\/td>\n<\/tr>\n<tr style=\"height: 28px\">\n<td style=\"width: 1117px;text-align: center;height: 28px\"><span style=\"font-family: 'times new roman', times, serif\">Sciences, technologie et soci\u00e9t\u00e9<\/span><\/td>\n<\/tr>\n<tr style=\"height: 28px\">\n<td style=\"width: 1117px;text-align: center;height: 28px\"><span style=\"font-family: 'times new roman', times, serif\">Corps, sant\u00e9, bien-\u00eatre et s\u00e9curit\u00e9<\/span><\/td>\n<\/tr>\n<tr style=\"height: 28px\">\n<td style=\"width: 1117px;text-align: center;height: 28px\"><span style=\"font-family: 'times new roman', times, serif\">Information, communication, citoyennet\u00e9<\/span><\/td>\n<\/tr>\n<tr style=\"height: 28px\">\n<td style=\"width: 1117px;text-align: center;height: 28px\"><span style=\"font-family: 'times new roman', times, serif\">Culture et cr\u00e9ation artistiques<\/span><\/td>\n<\/tr>\n<tr style=\"height: 28px\">\n<td style=\"width: 1117px;text-align: center;height: 28px\"><span style=\"font-family: 'times new roman', times, serif\">Monde \u00e9conomique et professionnel<\/span><\/td>\n<\/tr>\n<\/tbody>\n<\/table>\n<h4 style=\"text-align: center\">\u27a1 Les ressources d&#8217;accompagnement en <a href=\"http:\/\/eduscol.education.fr\/pid34197\/enseignements-pratiques-interdisciplinaires.html\">EPI <\/a>pour le cycle 4<\/h4>\n<p>&nbsp;<\/p>\n<p>&nbsp;<\/p>\n<p>&nbsp;<\/p>\n","protected":false},"excerpt":{"rendered":"<p>VADE-MECUM :\u00a0 la classe de troisi\u00e8me Pr\u00e9pa-M\u00e9tiers (juin 2019) &nbsp; HISTOIRE L&#8217;Europe, un th\u00e9\u00e2tre majeur des guerres totales (1914-1935) \u00a0Le<\/p>\n","protected":false},"author":11,"featured_media":0,"parent":0,"menu_order":0,"comment_status":"closed","ping_status":"closed","template":"","meta":{"_bbp_topic_count":0,"_bbp_reply_count":0,"_bbp_total_topic_count":0,"_bbp_total_reply_count":0,"_bbp_voice_count":0,"_bbp_anonymous_reply_count":0,"_bbp_topic_count_hidden":0,"_bbp_reply_count_hidden":0,"_bbp_forum_subforum_count":0,"footnotes":""},"class_list":["post-382","page","type-page","status-publish","hentry"],"_links":{"self":[{"href":"https:\/\/ent2d.ac-bordeaux.fr\/disciplines\/lettres-histoire\/wp-json\/wp\/v2\/pages\/382","targetHints":{"allow":["GET"]}}],"collection":[{"href":"https:\/\/ent2d.ac-bordeaux.fr\/disciplines\/lettres-histoire\/wp-json\/wp\/v2\/pages"}],"about":[{"href":"https:\/\/ent2d.ac-bordeaux.fr\/disciplines\/lettres-histoire\/wp-json\/wp\/v2\/types\/page"}],"author":[{"embeddable":true,"href":"https:\/\/ent2d.ac-bordeaux.fr\/disciplines\/lettres-histoire\/wp-json\/wp\/v2\/users\/11"}],"replies":[{"embeddable":true,"href":"https:\/\/ent2d.ac-bordeaux.fr\/disciplines\/lettres-histoire\/wp-json\/wp\/v2\/comments?post=382"}],"version-history":[{"count":76,"href":"https:\/\/ent2d.ac-bordeaux.fr\/disciplines\/lettres-histoire\/wp-json\/wp\/v2\/pages\/382\/revisions"}],"predecessor-version":[{"id":4628,"href":"https:\/\/ent2d.ac-bordeaux.fr\/disciplines\/lettres-histoire\/wp-json\/wp\/v2\/pages\/382\/revisions\/4628"}],"wp:attachment":[{"href":"https:\/\/ent2d.ac-bordeaux.fr\/disciplines\/lettres-histoire\/wp-json\/wp\/v2\/media?parent=382"}],"curies":[{"name":"wp","href":"https:\/\/api.w.org\/{rel}","templated":true}]}}