{"id":322,"date":"2016-01-01T14:26:39","date_gmt":"2016-01-01T13:26:39","guid":{"rendered":"https:\/\/ent2d.ac-bordeaux.fr\/disciplines\/lettres-histoire\/?page_id=322"},"modified":"2021-07-24T15:52:42","modified_gmt":"2021-07-24T14:52:42","slug":"mentions-legales","status":"publish","type":"page","link":"https:\/\/ent2d.ac-bordeaux.fr\/disciplines\/lettres-histoire\/mentions-legales\/","title":{"rendered":"Mentions l\u00e9gales \/ Contacts"},"content":{"rendered":"<p><strong>Editeur\u00a0:<\/strong><\/p>\n<p>Le rectorat de l\u2019acad\u00e9mie de Bordeaux<br \/>\n5 rue Joseph de Carayon-Latour<br \/>\nCS 81499<br \/>\n33060 Bordeaux Cedex<\/p>\n<p>T\u00e9l\u00e9phone\u00a0: 05 57 57 38 00\u00a0; Fax\u00a0: 05 56 96 29 42<\/p>\n<p><strong>Directeur de publication\u00a0:<\/strong><\/p>\n<p>Les directeurs de la publication\u00a0sont les inspecteurs de la discipline <i>Lettres Histoire<\/i>\u00a0(<a href=\"http:\/\/www.ac-bordeaux.fr\/cid78777\/sites-disciplinaires-academiques.html\" target=\"_blank\" rel=\"noopener noreferrer\">site acad\u00e9mique<\/a>).<\/p>\n<p>Fran\u00e7ois Barri\u00e9 &#8211; Francois.Barrie@ac-bordeaux.fr<\/p>\n<p>Charles Jacquelin &#8211; Charles.Jacquelin@ac-bordeaux.fr<\/p>\n<p>Jo\u00ebl Jauze &#8211; Joel.Jauze@ac-bordeaux.fr<\/p>\n<p><strong>Webmestre :<\/strong><\/p>\n<p>Fran\u00e7ais : Jean-Fran\u00e7ois Courr\u00e8ges &#8211; Jean-Francois.Courreges@ac-bordeaux.fr<\/p>\n<p>Histoire\/g\u00e9ographie &#8211; EMC\u00a0: Isabelle Crevisy\u00a0 &#8211;\u00a0 Isabelle.Crevisy@ac-bordeaux.fr<\/p>\n<p><strong>H\u00e9bergement\u00a0:<\/strong><\/p>\n<p>Le site est h\u00e9berg\u00e9 par la Direction des Syst\u00e8mes d&#8217;Information (D.S.I.) de l&#8217;acad\u00e9mie de Bordeaux, 5, rue Joseph de Carayon-Latour, Bordeaux.<\/p>\n","protected":false},"excerpt":{"rendered":"<p>Editeur\u00a0: Le rectorat de l\u2019acad\u00e9mie de Bordeaux 5 rue Joseph de Carayon-Latour CS 81499 33060 Bordeaux Cedex T\u00e9l\u00e9phone\u00a0: 05 57<\/p>\n","protected":false},"author":2,"featured_media":0,"parent":0,"menu_order":0,"comment_status":"closed","ping_status":"closed","template":"","meta":{"_bbp_topic_count":0,"_bbp_reply_count":0,"_bbp_total_topic_count":0,"_bbp_total_reply_count":0,"_bbp_voice_count":0,"_bbp_anonymous_reply_count":0,"_bbp_topic_count_hidden":0,"_bbp_reply_count_hidden":0,"_bbp_forum_subforum_count":0,"footnotes":""},"class_list":["post-322","page","type-page","status-publish","hentry"],"_links":{"self":[{"href":"https:\/\/ent2d.ac-bordeaux.fr\/disciplines\/lettres-histoire\/wp-json\/wp\/v2\/pages\/322","targetHints":{"allow":["GET"]}}],"collection":[{"href":"https:\/\/ent2d.ac-bordeaux.fr\/disciplines\/lettres-histoire\/wp-json\/wp\/v2\/pages"}],"about":[{"href":"https:\/\/ent2d.ac-bordeaux.fr\/disciplines\/lettres-histoire\/wp-json\/wp\/v2\/types\/page"}],"author":[{"embeddable":true,"href":"https:\/\/ent2d.ac-bordeaux.fr\/disciplines\/lettres-histoire\/wp-json\/wp\/v2\/users\/2"}],"replies":[{"embeddable":true,"href":"https:\/\/ent2d.ac-bordeaux.fr\/disciplines\/lettres-histoire\/wp-json\/wp\/v2\/comments?post=322"}],"version-history":[{"count":9,"href":"https:\/\/ent2d.ac-bordeaux.fr\/disciplines\/lettres-histoire\/wp-json\/wp\/v2\/pages\/322\/revisions"}],"predecessor-version":[{"id":4465,"href":"https:\/\/ent2d.ac-bordeaux.fr\/disciplines\/lettres-histoire\/wp-json\/wp\/v2\/pages\/322\/revisions\/4465"}],"wp:attachment":[{"href":"https:\/\/ent2d.ac-bordeaux.fr\/disciplines\/lettres-histoire\/wp-json\/wp\/v2\/media?parent=322"}],"curies":[{"name":"wp","href":"https:\/\/api.w.org\/{rel}","templated":true}]}}