{"id":317,"date":"2018-10-10T10:53:28","date_gmt":"2018-10-10T08:53:28","guid":{"rendered":"https:\/\/ent2d.ac-bordeaux.fr\/disciplines\/langues\/?page_id=317"},"modified":"2023-10-07T11:00:33","modified_gmt":"2023-10-07T09:00:33","slug":"sections-linguistiques","status":"publish","type":"page","link":"https:\/\/ent2d.ac-bordeaux.fr\/disciplines\/langues\/sections-linguistiques\/","title":{"rendered":"Sections linguistiques"},"content":{"rendered":"<h1><strong><span class=\"contenu_titre_non_image\"><span style=\"font-size: 12pt\">SECTIONS <\/span><span style=\"font-size: 16px\">EUROP\u00c9ENNES<\/span><span style=\"font-size: 12pt\">\u00a0DANS <\/span><span style=\"font-size: 16px\">L\u2019ACAD\u00c9MIE<\/span><span style=\"font-size: 12pt\">\u00a0<\/span><\/span><\/strong><\/h1>\n<p><a href=\"http:\/\/eduscol.education.fr\/cid46517\/presentation.html\" target=\"_blank\" rel=\"noopener\">Les sections europ\u00e9ennes &#8211; Eduscol\u00a0<\/a><\/p>\n<h1><span style=\"font-size: 12pt\"><strong>Les sites d\u2019accompagnement<\/strong><\/span><\/h1>\n<p><a href=\"http:\/\/www.emilangues.education.fr\/\" target=\"_blank\" rel=\"noopener\">Emilangues<\/a> &#8211; site d\u2019accompagnement pour les sections europ\u00e9ennes ou de langues orientales<\/p>\n<p><a href=\"https:\/\/agence.erasmusplus.fr\/\" target=\"_blank\" rel=\"noopener\">Agence ERAMUS +<\/a><\/p>\n<hr \/>\n<h1><strong><span style=\"font-size: 12pt\">Section binationales<\/span><\/strong><\/h1>\n<p><a href=\"http:\/\/www.education.gouv.fr\/cid55356\/mene1104736n.html\" target=\"_blank\" rel=\"noopener\">Modalit\u00e9s de v\u00e9rification du niveau de langue des \u00e9l\u00e8ves pour l&#8217;admission et proc\u00e9dure sp\u00e9cifique d&#8217;affectation<\/a><\/p>\n<p><a href=\"http:\/\/cache.media.eduscol.education.fr\/file\/Europe_et_international\/94\/2\/Schema_examen_Abibac_Bachibac_Esabac_175942.pdf\" target=\"_blank\" rel=\"noopener\">Passage des \u00e9preuves du baccalaur\u00e9at et des deux \u00e9preuves sp\u00e9cifiques d\u2019un dipl\u00f4me \u00e9tranger<\/a><\/p>\n<h1><strong><span style=\"font-size: 12pt\">Abibac<\/span><\/strong><\/h1>\n<p><a href=\"http:\/\/www.education.gouv.fr\/cid20998\/l-abibac.html\" target=\"_blank\" rel=\"noopener\">L&#8217;Abibac <\/a>&#8211;\u00a0D\u00e9livrance du baccalaur\u00e9at fran\u00e7ais et de l&#8217;Abitur<\/p>\n<h1><span style=\"font-size: 12pt\"><strong>Bachibac<\/strong><\/span><\/h1>\n<p><a href=\"http:\/\/www.education.gouv.fr\/cid52327\/le-bachibac.html\" target=\"_blank\" rel=\"noopener\">Double d\u00e9livrance du dipl\u00f4me du baccalaur\u00e9at et du dipl\u00f4me du bachillerato<\/a><\/p>\n<p><a href=\"https:\/\/www.legifrance.gouv.fr\/affichTexte.do?cidTexte=LEGITEXT000023796477&amp;dateTexte=20161221\" target=\"_blank\" rel=\"noopener\">Liste des \u00e9tablissements proposant une section Bachibac<\/a><\/p>\n<p><a href=\"http:\/\/www.education.gouv.fr\/pid25535\/bulletin_officiel.html?cid_bo=82057\">\u00c9preuves d\u2019histoire-g\u00e9ographie et de langue et litt\u00e9rature espagnoles pour la d\u00e9livrance simultan\u00e9e du baccalaur\u00e9at g\u00e9n\u00e9ral et du dipl\u00f4me du Bachillerato<\/a><\/p>\n<p><a href=\"http:\/\/www.education.gouv.fr\/pid25535\/bulletin_officiel.html?cid_bo=90120\">Programme limitatif de l\u2019\u00e9preuve \u00e9crite de langue et de litt\u00e9rature espagnoles pour la d\u00e9livrance simultan\u00e9e du baccalaur\u00e9at g<\/a><a href=\"http:\/\/www.education.gouv.fr\/pid25535\/bulletin_officiel.html?cid_bo=90120\">\u00e9n\u00e9ral et du dipl\u00f4me du Bachillerato \u2013 sessions 2016 et 2017<\/a><\/p>\n<p><a href=\"http:\/\/www.education.gouv.fr\/pid285\/bulletin_officiel.html?cid_bo=77449\" target=\"_blank\" rel=\"noopener\">Epreuve LVA en section Bachibac<\/a><\/p>\n<h1><strong><span style=\"font-size: 12pt\">Esabac\u00a0<\/span><\/strong><\/h1>\n<p><a href=\"http:\/\/www.education.gouv.fr\/cid52116\/mene1007704a.html\" target=\"_blank\" rel=\"noopener\">Double d\u00e9livrance du dipl\u00f4me du baccalaur\u00e9at et du dipl\u00f4me de l&#8217;Esame di Stato<\/a><\/p>\n<hr \/>\n<h1><strong><span style=\"font-size: 16px\">SECTIONS INTERNATIONALES<\/span><\/strong><\/h1>\n<p><a href=\"https:\/\/www.ac-bordeaux.fr\/integrer-une-section-d-enseignement-international-les-sections-internationales-121525\" target=\"_blank\" rel=\"noopener\">Les sections internationales dans l&#8217;acad\u00e9mie de Bordeaux<\/a><\/p>\n<p><span style=\"font-size: 10pt\"><a href=\"http:\/\/www.education.gouv.fr\/pid285\/bulletin_officiel.html?cid_bo=99484\" target=\"_blank\" rel=\"noopener\">Programme d\u2019enseignement de langue et litt\u00e9rature dans les sections internationales espagnoles au coll\u00e8ge<\/a><\/span><\/p>\n<h2><\/h2>\n","protected":false},"excerpt":{"rendered":"<p>SECTIONS EUROP\u00c9ENNES\u00a0DANS L\u2019ACAD\u00c9MIE\u00a0 Les sections europ\u00e9ennes &#8211; Eduscol\u00a0 Les sites d\u2019accompagnement Emilangues &#8211; site d\u2019accompagnement pour les sections europ\u00e9ennes ou de langues orientales Agence ERAMUS + Section binationales Modalit\u00e9s de &#8230;<\/p>\n","protected":false},"author":53,"featured_media":939,"parent":0,"menu_order":0,"comment_status":"closed","ping_status":"closed","template":"","meta":{"footnotes":""},"class_list":["post-317","page","type-page","status-publish","has-post-thumbnail","hentry"],"_links":{"self":[{"href":"https:\/\/ent2d.ac-bordeaux.fr\/disciplines\/langues\/wp-json\/wp\/v2\/pages\/317","targetHints":{"allow":["GET"]}}],"collection":[{"href":"https:\/\/ent2d.ac-bordeaux.fr\/disciplines\/langues\/wp-json\/wp\/v2\/pages"}],"about":[{"href":"https:\/\/ent2d.ac-bordeaux.fr\/disciplines\/langues\/wp-json\/wp\/v2\/types\/page"}],"author":[{"embeddable":true,"href":"https:\/\/ent2d.ac-bordeaux.fr\/disciplines\/langues\/wp-json\/wp\/v2\/users\/53"}],"replies":[{"embeddable":true,"href":"https:\/\/ent2d.ac-bordeaux.fr\/disciplines\/langues\/wp-json\/wp\/v2\/comments?post=317"}],"version-history":[{"count":31,"href":"https:\/\/ent2d.ac-bordeaux.fr\/disciplines\/langues\/wp-json\/wp\/v2\/pages\/317\/revisions"}],"predecessor-version":[{"id":2093,"href":"https:\/\/ent2d.ac-bordeaux.fr\/disciplines\/langues\/wp-json\/wp\/v2\/pages\/317\/revisions\/2093"}],"wp:featuredmedia":[{"embeddable":true,"href":"https:\/\/ent2d.ac-bordeaux.fr\/disciplines\/langues\/wp-json\/wp\/v2\/media\/939"}],"wp:attachment":[{"href":"https:\/\/ent2d.ac-bordeaux.fr\/disciplines\/langues\/wp-json\/wp\/v2\/media?parent=317"}],"curies":[{"name":"wp","href":"https:\/\/api.w.org\/{rel}","templated":true}]}}