{"id":246,"date":"2018-10-09T15:00:19","date_gmt":"2018-10-09T13:00:19","guid":{"rendered":"https:\/\/ent2d.ac-bordeaux.fr\/disciplines\/langues\/?page_id=246"},"modified":"2024-03-07T18:49:29","modified_gmt":"2024-03-07T17:49:29","slug":"bts","status":"publish","type":"page","link":"https:\/\/ent2d.ac-bordeaux.fr\/disciplines\/langues\/bts\/","title":{"rendered":"BTS"},"content":{"rendered":"<h1 class=\"post-title entry-title\"><span style=\"font-size: 12pt;color: #008080\">Recommandations g\u00e9n\u00e9rales<\/span><\/h1>\n<div class=\"post-meta clearfix\"><span style=\"font-size: 10pt\">Retrouvez tous les\u00a0<strong>r\u00e9f\u00e9rentiels sur\u00a0<\/strong><a href=\"https:\/\/enqdip.sup.adc.education.fr\/bts\/index.htm\" target=\"_blank\" rel=\"noopener noreferrer\">https:\/\/enqdip.sup.adc.education.fr\/bts\/index.htm<\/a><\/span><\/div>\n<div class=\"post-meta clearfix\"><\/div>\n<div class=\"entry-content clearfix\">\n<p><span style=\"font-size: 10pt\"><a href=\"http:\/\/eduscol.education.fr\/D0239\/accueil.htm\" target=\"_blank\" rel=\"noopener\">Le CCF<\/a>\u00a0: modalit\u00e9s et caract\u00e9ristiques du <strong>contr\u00f4le en cours de formation<\/strong><\/span><\/p>\n<p><span style=\"font-size: 10pt\">Retrouvez les\u00a0<a href=\"https:\/\/ent2d.ac-bordeaux.fr\/disciplines\/langues\/wp-content\/uploads\/sites\/61\/2018\/10\/Remarques-session-2018-BTS.pdf\" target=\"_blank\" rel=\"noopener noreferrer\">remarques pour la session 2018 BTS<\/a><\/span><\/p>\n<hr \/>\n<h1 class=\"post-title entry-title\"><span style=\"font-size: 12pt\">\u00c9preuves adapt\u00e9es<\/span><\/h1>\n<div class=\"entry-content clearfix\">\n<p><span style=\"font-size: 10pt\"><span id=\"ctl00_cphContentLeft_ViewPage1_lblContentPage\">Un arr\u00eat\u00e9 concernant les adaptations pouvant \u00eatre accord\u00e9es \u00e0 certains candidats relevant du\u00a0<strong>Handicap<\/strong>\u00a0pour les \u00e9preuves orales de Langue Vivante au BTS, est paru au JO du 21\/06\/2014 et est publi\u00e9 dans le BO du 26 juin 2014 que vous pouvez retrouver\u00a0<\/span><span id=\"ctl00_cphContentLeft_ViewPage1_lblContentPage\"><a href=\"http:\/\/www.education.gouv.fr\/pid285\/bulletin_officiel.html?cid_bo=116742\" target=\"_blank\" rel=\"noopener noreferrer\">ici<\/a><\/span><span id=\"ctl00_cphContentLeft_ViewPage1_lblContentPage\">.<\/span><\/span><\/p>\n<p><span style=\"font-size: 10pt\"><a href=\"https:\/\/ent2d.ac-bordeaux.fr\/disciplines\/langues\/wp-content\/uploads\/sites\/61\/2018\/10\/recommandations_BTS_-epreuves-adaptees_-handicap.pdf\" target=\"_blank\" rel=\"noopener noreferrer\">Recommandations BTS \u00e9preuves adapt\u00e9es handicap<\/a><\/span><\/p>\n<p><span style=\"font-size: 10pt\"><a href=\"https:\/\/ent2d.ac-bordeaux.fr\/disciplines\/langues\/wp-content\/uploads\/sites\/61\/2020\/10\/BTS-bareme-\u00e9preuve-adapt\u00e9e-CE.pdf\" target=\"_blank\" rel=\"noopener noreferrer\">BTS \u2013 \u00c9preuve adapt\u00e9e &#8211; Compr\u00e9hension \u00e9crite<\/a><\/span><\/p>\n<p><span style=\"font-size: 10pt\"><a href=\"https:\/\/ent2d.ac-bordeaux.fr\/disciplines\/langues\/wp-content\/uploads\/sites\/61\/2020\/10\/BTS-bareme-\u00e9preuve-adapt\u00e9e-EE.pdf\" target=\"_blank\" rel=\"noopener noreferrer\">BTS \u2013 \u00c9preuve adapt\u00e9e &#8211; Expression \u00e9crite<\/a><\/span><\/p>\n<\/div>\n<div class=\"entry-content clearfix\">\n<hr \/>\n<h5 class=\"post-title entry-title\"><strong><span style=\"font-size: 12pt;color: #008080\">BTS Tertiaires<\/span><\/strong><\/h5>\n<h2 class=\"post-title entry-title\"><span style=\"font-size: 12pt\">Comptabilit\u00e9 Gestion<\/span><\/h2>\n<p><a href=\"https:\/\/ent2d.ac-bordeaux.fr\/disciplines\/langues\/wp-content\/uploads\/sites\/61\/2018\/10\/Recommandations-BTS-CG.pdf\" target=\"_blank\" rel=\"noopener\"><span style=\"font-size: 12pt\"><span style=\"font-size: 10pt\">Recommandations BTS Compta-Gestion<\/span><\/span><\/a><\/p>\n<p><span style=\"font-size: 10pt\"><a href=\"https:\/\/ent2d.ac-bordeaux.fr\/disciplines\/langues\/wp-content\/uploads\/sites\/61\/2018\/10\/BTS-CG_grille_oral_ANGLAIS.pdf\" target=\"_blank\" rel=\"noopener\">Grille oral Anglais<\/a><\/span><\/p>\n<\/div>\n<div class=\"entry-content clearfix\">\n<h2><span style=\"font-size: 12pt;color: #23282d;font-weight: 600\">NDRC<\/span><span style=\"font-size: 12pt\">\u00a0&#8211; N\u00e9gociation et Digitalisation de la Relation Client<\/span><\/h2>\n<p><span style=\"font-size: 10pt\"><a href=\"https:\/\/ent2d.ac-bordeaux.fr\/disciplines\/langues\/wp-content\/uploads\/sites\/61\/2019\/05\/BTS_Negociation_Digitalisation_Relation_Client.pdf\" target=\"_blank\" rel=\"noopener noreferrer\">BTS N\u00e9gociation et Digitalisation de la Relation Client<\/a><\/span><\/p>\n<p><span style=\"font-size: 10pt\"><a href=\"https:\/\/ent2d.ac-bordeaux.fr\/disciplines\/langues\/wp-content\/uploads\/sites\/61\/2021\/03\/BTS-NRDC-formation-sur-\u00e9valuation7019.pdf\" target=\"_blank\" rel=\"noopener noreferrer\">BTS NDRC Anglais<\/a><\/span><\/p>\n<p><span style=\"font-size: 10pt\"><a href=\"https:\/\/ent2d.ac-bordeaux.fr\/disciplines\/langues\/wp-content\/uploads\/sites\/61\/2019\/12\/BTS-NDRC-Grille-E2-LV1.pdf\" target=\"_blank\" rel=\"noopener noreferrer\">Grille BTS NDRC LV1<\/a><\/span><\/p>\n<p><span style=\"font-size: 10pt\"><a href=\"https:\/\/ent2d.ac-bordeaux.fr\/disciplines\/langues\/wp-content\/uploads\/sites\/61\/2019\/12\/BTS-NDRC-Grille-EF-LV2.pdf\" target=\"_blank\" rel=\"noopener noreferrer\">Grille BTS NDRC LV2<\/a><\/span><\/p>\n<p><span style=\"font-size: 10pt\"><a href=\"https:\/\/ent2d.ac-bordeaux.fr\/disciplines\/langues\/bts-ndrc-sujets-zero\/\" target=\"_blank\" rel=\"noopener noreferrer\">Sujets Z\u00e9ro &#8211; Allemand &#8211; Anglais &#8211; Espagnol &#8211; Italien<\/a><\/span><\/p>\n<\/div>\n<div class=\"entry-content clearfix\">\n<h2><span style=\"font-size: 12pt;color: #23282d;font-weight: 600\">SIO &#8211; Services Informatiques aux Organisations<\/span><\/h2>\n<p><a href=\"https:\/\/ent2d.ac-bordeaux.fr\/disciplines\/anglais\/wp-content\/uploads\/sites\/8\/2016\/05\/BTS_SIO_Aide_installation_BeeBEEP.pdf\" target=\"_blank\" rel=\"noopener\"><span style=\"font-size: 10pt\">Logiciel recommand\u00e9 pour l\u2019interaction \u00e9crite<\/span><\/a><\/p>\n<\/div>\n<h2><span style=\"font-size: 12pt;color: #23282d;font-weight: 600\">Communication\u00a0<\/span><span style=\"font-size: 12pt\"><img loading=\"lazy\" decoding=\"async\" class=\"alignnone  wp-image-1159\" src=\"https:\/\/ent2d.ac-bordeaux.fr\/disciplines\/langues\/wp-content\/uploads\/sites\/61\/2018\/11\/Star3n.png\" alt=\"\" width=\"25\" height=\"26\" srcset=\"https:\/\/ent2d.ac-bordeaux.fr\/disciplines\/langues\/wp-content\/uploads\/sites\/61\/2018\/11\/Star3n.png 200w, https:\/\/ent2d.ac-bordeaux.fr\/disciplines\/langues\/wp-content\/uploads\/sites\/61\/2018\/11\/Star3n-150x150.png 150w\" sizes=\"auto, (max-width: 25px) 100vw, 25px\" \/>\u00a0<\/span><\/h2>\n<p><span style=\"color: #ff9900\">(<em>premi\u00e8re session d&#8217;examen en 2025<\/em>)<\/span><\/p>\n<p><span style=\"font-size: 10pt\"><a href=\"https:\/\/ent2d.ac-bordeaux.fr\/disciplines\/langues\/wp-content\/uploads\/sites\/61\/2024\/03\/1.-BTS-COMMUNICATION-pour-site.pdf\" target=\"_blank\" rel=\"noopener\">BTS Communication &#8211; Nouveau r\u00e9f\u00e9renciel<\/a>\u00a0<\/span><\/p>\n<p><a href=\"https:\/\/ent2d.ac-bordeaux.fr\/disciplines\/langues\/wp-content\/uploads\/sites\/61\/2024\/03\/2.-BTS-COM-proposition-sujet-0-E22-POC-POI-Billboard-campaigns.pdf\" target=\"_blank\" rel=\"noopener\">BTS COM proposition sujet Z\u00e9ro E22 POC POI Billboard campaigns<\/a><\/p>\n<p><a href=\"https:\/\/ent2d.ac-bordeaux.fr\/disciplines\/langues\/wp-content\/uploads\/sites\/61\/2024\/03\/3.-BTS-COM-proposition-sujet-0-E22-POC-POI-logo-designing-mastercard.pdf\" target=\"_blank\" rel=\"noopener\">BTS COM proposition sujet Z\u00e9ro E22 POC POI logo designing mastercard<\/a><\/p>\n<p><a href=\"https:\/\/ent2d.ac-bordeaux.fr\/disciplines\/langues\/wp-content\/uploads\/sites\/61\/2024\/03\/4.-Look-At-Me-Womens-Aid-interactive-billboard.mp4\" target=\"_blank\" rel=\"noopener\">Look At Me Women&#8217;s Aid interactive billboard<\/a> &#8211; MP4<\/p>\n<p><a href=\"https:\/\/ent2d.ac-bordeaux.fr\/disciplines\/langues\/wp-content\/uploads\/sites\/61\/2024\/03\/5.-Why-companies-are-debranding.mp4\" target=\"_blank\" rel=\"noopener\">Why companies are debranding<\/a> &#8211; MP4<\/p>\n<p><a href=\"https:\/\/ent2d.ac-bordeaux.fr\/disciplines\/langues\/wp-content\/uploads\/sites\/61\/2024\/03\/6.-Grille-LVA-BTS-COM-renove.pdf\" target=\"_blank\" rel=\"noopener\">Grille LVA BTS COM r\u00e9nov\u00e9<\/a><\/p>\n<p><a href=\"https:\/\/ent2d.ac-bordeaux.fr\/disciplines\/langues\/wp-content\/uploads\/sites\/61\/2024\/03\/Grille-LVB-BTS-COM-Renove.pdf\" target=\"_blank\" rel=\"noopener\">Grille LVB BTS COM R\u00e9nov\u00e9<\/a><\/p>\n<\/div>\n<div class=\"entry-content clearfix\">\n<div class=\"entry-content clearfix\">\n<hr \/>\n<h5 class=\"post-title entry-title\"><strong><span style=\"font-size: 12pt;color: #008080\">BTS Industriels<\/span><\/strong><\/h5>\n<h2><span style=\"font-size: 12pt;color: #23282d;font-weight: 600\"><span style=\"font-size: 12pt;color: #333333;font-family: Raleway, Helvetica, Arial, sans-serif;letter-spacing: 2px\">Informations g\u00e9n\u00e9rales BTS industriels (STI)<\/span><\/span><\/h2>\n<div class=\"entry-content clearfix\">\n<ul>\n<li><span style=\"font-size: 10pt\">Modalit\u00e9s et d\u00e9finitions de\u00a0 la nouvelle \u00e9preuve de langue vivante dans les BTS du\u00a0<b>secteur industriel<\/b> \u00e0 partir de la session 2011 : <\/span><a style=\"font-size: 10pt;text-align: center\" href=\"https:\/\/ent2d.ac-bordeaux.fr\/disciplines\/langues\/wp-content\/uploads\/sites\/61\/2018\/10\/prograLVE_BTS_STI.pdf\" target=\"_blank\" rel=\"noopener noreferrer\">Programme LVE BTS STI<\/a><\/li>\n<\/ul>\n<ul>\n<li><span style=\"font-size: 10pt\">Vous trouverez en ligne des\u00a0<strong>grilles d\u2019\u00e9valuation<\/strong> de la compr\u00e9hension de l\u2019oral et de l\u2019expression orale qui sont des\u00a0<i><strong>propositions de bar\u00e8mes<\/strong> : <\/i><\/span><a style=\"font-size: 10pt;text-align: center\" href=\"https:\/\/ent2d.ac-bordeaux.fr\/disciplines\/langues\/wp-content\/uploads\/sites\/61\/2018\/10\/Propositions-de-bar\u00e8me-CCF-BTS-industriels.pdf\" target=\"_blank\" rel=\"noopener noreferrer\">Propositions de bar\u00e8me CCF BTS industriels<\/a><\/li>\n<\/ul>\n<p><span style=\"font-size: 10pt\"><em><span style=\"color: #ff0000\">Certains BTS industriels ont \u00e9t\u00e9 r\u00e9form\u00e9s depuis 2018 :\u00a0<\/span><\/em><\/span><span style=\"font-size: 10pt\">Le site de l\u2019Acad\u00e9mie de Paris fournit des <strong>pr\u00e9cisions<\/strong> &#8211;\u00a0 <\/span><span style=\"font-size: 10pt\"><a href=\"https:\/\/www.ac-paris.fr\/portail\/jcms\/p1_290328\/bts-secteur-industriel?cid=p1_338228&amp;portal=sites_11380\" target=\"_blank\" rel=\"noopener\">Acad\u00e9mie de Paris &#8211; BTS Secteur Industriel<\/a><\/span><\/p>\n<\/div>\n<div class=\"entry-content clearfix\">\n<hr \/>\n<h2><span style=\"font-size: 12pt;color: #23282d;font-weight: 600\"><span style=\"font-size: 12pt;color: #333333;font-family: Raleway, Helvetica, Arial, sans-serif;letter-spacing: 2px\">Fluides \u00e9nerg\u00e9tiques domotiques (FED)<\/span><\/span><\/h2>\n<p><span style=\"font-size: 10pt\"><strong>Recommandations<\/strong> des IA-IPR pour le co-enseignement d\u2019anglais \u2013 STI et l\u2019\u00e9valuation de l\u2019\u00e9preuve professionnelle de synth\u00e8se : <\/span><a style=\"font-size: 10pt\" href=\"https:\/\/ent2d.ac-bordeaux.fr\/disciplines\/langues\/wp-content\/uploads\/sites\/61\/2018\/10\/Recommandations-BTS-FED.pdf\" target=\"_blank\" rel=\"noopener noreferrer\">Recommandations BTS FED<\/a><\/p>\n<p><a style=\"font-size: 10pt\" href=\"https:\/\/ent2d.ac-bordeaux.fr\/disciplines\/langues\/wp-content\/uploads\/sites\/61\/2018\/10\/Grille-U61-RP-avec-analyse-des-indicateurs_violet-anglais.pdf\" target=\"_blank\" rel=\"noopener noreferrer\">Grille U61 RP avec analyse des indicateurs_violet anglais<\/a><\/p>\n<p><a style=\"font-size: 10pt\" href=\"https:\/\/ent2d.ac-bordeaux.fr\/disciplines\/langues\/wp-content\/uploads\/sites\/61\/2018\/10\/Grille-U61-SP-avec-analyse-des-indicateurs_violet-anglais.pdf\" target=\"_blank\" rel=\"noopener noreferrer\">Grille U61 SP avec analyse des indicateurs (relatif \u00e0 l\u2019anglais et aux STI)\u00a0<\/a><\/p>\n<p><span style=\"font-size: 10pt\"><strong>Remarque<\/strong> :\u00a0<\/span><i style=\"font-size: 10pt\">Dans les grilles ci-dessus, les lignes en violet indiquent les comp\u00e9tences pour l\u2019\u00e9valuation concernant \u00e9galement l\u2019anglais. Cette grille ne remplace pas la grille dans la circulaire nationale mais sert d\u2019aide \u00e0 l\u2019\u00e9valuation.<\/i><\/p>\n<\/div>\n<\/div>\n<\/div>\n<div class=\"entry-content clearfix\">\n<div class=\"entry-content clearfix\">\n<div class=\"entry-content clearfix\">\n<div><\/div>\n<div><\/div>\n<\/div>\n<\/div>\n<\/div>\n","protected":false},"excerpt":{"rendered":"<p>Recommandations g\u00e9n\u00e9rales Retrouvez tous les\u00a0r\u00e9f\u00e9rentiels sur\u00a0https:\/\/enqdip.sup.adc.education.fr\/bts\/index.htm Le CCF\u00a0: modalit\u00e9s et caract\u00e9ristiques du contr\u00f4le en cours de formation Retrouvez les\u00a0remarques pour la session 2018 BTS \u00c9preuves adapt\u00e9es Un arr\u00eat\u00e9 concernant les &#8230;<\/p>\n","protected":false},"author":53,"featured_media":950,"parent":0,"menu_order":0,"comment_status":"closed","ping_status":"closed","template":"","meta":{"footnotes":""},"class_list":["post-246","page","type-page","status-publish","has-post-thumbnail","hentry"],"_links":{"self":[{"href":"https:\/\/ent2d.ac-bordeaux.fr\/disciplines\/langues\/wp-json\/wp\/v2\/pages\/246","targetHints":{"allow":["GET"]}}],"collection":[{"href":"https:\/\/ent2d.ac-bordeaux.fr\/disciplines\/langues\/wp-json\/wp\/v2\/pages"}],"about":[{"href":"https:\/\/ent2d.ac-bordeaux.fr\/disciplines\/langues\/wp-json\/wp\/v2\/types\/page"}],"author":[{"embeddable":true,"href":"https:\/\/ent2d.ac-bordeaux.fr\/disciplines\/langues\/wp-json\/wp\/v2\/users\/53"}],"replies":[{"embeddable":true,"href":"https:\/\/ent2d.ac-bordeaux.fr\/disciplines\/langues\/wp-json\/wp\/v2\/comments?post=246"}],"version-history":[{"count":74,"href":"https:\/\/ent2d.ac-bordeaux.fr\/disciplines\/langues\/wp-json\/wp\/v2\/pages\/246\/revisions"}],"predecessor-version":[{"id":2326,"href":"https:\/\/ent2d.ac-bordeaux.fr\/disciplines\/langues\/wp-json\/wp\/v2\/pages\/246\/revisions\/2326"}],"wp:featuredmedia":[{"embeddable":true,"href":"https:\/\/ent2d.ac-bordeaux.fr\/disciplines\/langues\/wp-json\/wp\/v2\/media\/950"}],"wp:attachment":[{"href":"https:\/\/ent2d.ac-bordeaux.fr\/disciplines\/langues\/wp-json\/wp\/v2\/media?parent=246"}],"curies":[{"name":"wp","href":"https:\/\/api.w.org\/{rel}","templated":true}]}}