{"id":244,"date":"2018-10-09T15:00:19","date_gmt":"2018-10-09T13:00:19","guid":{"rendered":"https:\/\/ent2d.ac-bordeaux.fr\/disciplines\/langues\/?page_id=244"},"modified":"2024-09-23T19:50:08","modified_gmt":"2024-09-23T17:50:08","slug":"bac","status":"publish","type":"page","link":"https:\/\/ent2d.ac-bordeaux.fr\/disciplines\/langues\/bac\/","title":{"rendered":"BAC"},"content":{"rendered":"<h2 class=\"post-title entry-title\"><strong><span style=\"font-size: 12pt\">LES LANGUES AU BACCALAUR\u00c9AT<\/span><\/strong><\/h2>\n<h2><span style=\"font-size: 12pt;font-weight: bold;color: #333333;font-family: arial, helvetica, sans-serif;letter-spacing: 2px\">D\u00e9roulement des oraux du second groupe<\/span><\/h2>\n<div class=\"entry-content clearfix\">\n<p><a href=\"http:\/\/www.education.gouv.fr\/pid25535\/bulletin_officiel.html?cid_bo=74959\" target=\"_blank\" rel=\"noopener noreferrer\">Pour la s\u00e9rie L<\/a> (BO)<\/p>\n<p><a href=\"http:\/\/www.education.gouv.fr\/pid25535\/bulletin_officiel.html?cid_bo=76422\" target=\"_blank\" rel=\"noopener noreferrer\">Pour les autres s\u00e9ries g\u00e9n\u00e9rales et technologiques<\/a> (BO)<\/p>\n<p><a href=\"http:\/\/www.education.gouv.fr\/pid285\/bulletin_officiel.html?cid_bo=117602\" target=\"_blank\" rel=\"noopener noreferrer\">Epreuves de langues vivantes applicables au baccalaur\u00e9at technologique s\u00e9rie STHR<\/a> (BO)\u00a0<\/p>\n<p><a href=\"http:\/\/www.education.gouv.fr\/cid51726\/mene1009658a.html\" target=\"_blank\" rel=\"noopener noreferrer\">Baccalaur\u00e9at professionnel &#8211;\u00a0\u00c9preuves obligatoires de langues vivantes<\/a>\u00a0(BO)<\/p>\n<p><a href=\"http:\/\/www.education.gouv.fr\/cid51727\/mene1009660a.html\" target=\"_blank\" rel=\"noopener noreferrer\">Baccalaur\u00e9at professionnel &#8211;\u00a0\u00c9preuve facultative de langue vivante<\/a>\u00a0(BO)<\/p>\n<h2><span style=\"font-size: 12pt\"><strong>Rappel<\/strong><\/span><\/h2>\n<p style=\"text-align: justify\"><span style=\"font-size: 10pt\">La r\u00e9daction en langue cible plut\u00f4t qu\u2019en fran\u00e7ais, contrairement aux consignes donn\u00e9es dans la note de service 2014-003 du 13\/01\/2014, entra\u00eenera la note de 0\/20 (z\u00e9ro)<\/span><\/p>\n<p><a href=\"http:\/\/cache.media.eduscol.education.fr\/file\/Lycee\/61\/2\/Choix_LV_ES_et_S_Poster_12122012_237612.pdf\" target=\"_blank\" rel=\"noopener noreferrer\">Sch\u00e9ma des choix possibles de langues en s\u00e9ries ES et S<\/a><\/p>\n<p><a href=\"http:\/\/cache.media.eduscol.education.fr\/file\/Lycee\/61\/4\/Choix_LV_L_12122012_Poster_237614.pdf\" target=\"_blank\" rel=\"noopener noreferrer\">Sch\u00e9ma des choix possibles de langues en s\u00e9rie L<\/a><\/p>\n<p><a href=\"http:\/\/cache.media.eduscol.education.fr\/file\/Lycee\/61\/8\/Choix_LV_STI2D_et_STL_Poster_12122012_237618.pdf\" target=\"_blank\" rel=\"noopener noreferrer\">Sch\u00e9ma des choix possibles de langues en s\u00e9ries STL et STI2D<\/a><\/p>\n<p><a href=\"http:\/\/cache.media.eduscol.education.fr\/file\/Lycee\/61\/6\/Choix_LV_STD2A_Poster_12122012_237616.pdf\" target=\"_blank\" rel=\"noopener noreferrer\">Sch\u00e9ma des choix possibles de langues en s\u00e9ries STD2A<\/a><\/p>\n<\/div>\n<h2><span style=\"font-size: 12pt\"><strong>Grilles\u00a0<\/strong><\/span><\/h2>\n<p>&#8211; <strong>Grille d&#8217;\u00e9valuation<\/strong> acad\u00e9mique pour l&#8217;interrogation orale de l&#8217;\u00e9preuve sp\u00e9cifique de\u00a0 contr\u00f4le continu de\u00a0<b>&#8220;<a href=\"https:\/\/ent2d.ac-bordeaux.fr\/disciplines\/langues\/wp-content\/uploads\/sites\/61\/2024\/09\/Grille-e\u0301valuation-DNL-HORS-SELO-2025.pdf\" target=\"_blank\" rel=\"noopener\">DNL &#8211;\u00a0<u>HORS<\/u>\u00a0Section Europ\u00e9enne et de Langues Orientales<\/a>&#8220;<\/b>\u00a0( BO de r\u00e9f\u00e9rence:\u00a0<a class=\"moz-txt-link-freetext\" href=\"https:\/\/www.education.gouv.fr\/bo\/21\/Hebdo31\/MENE2121393N.htm\" target=\"_blank\" rel=\"noopener\">https:\/\/www.education.gouv.fr\/bo\/21\/Hebdo31\/MENE2121393N.htm<\/a> ) (<a href=\"https:\/\/ent2d.ac-bordeaux.fr\/disciplines\/langues\/wp-content\/uploads\/sites\/61\/2024\/09\/Grille-e\u0301valuation-DNL-HORS-SELO-2025.docx\">Grille au format <strong>Word<\/strong><\/a>) (<a href=\"https:\/\/ent2d.ac-bordeaux.fr\/disciplines\/langues\/wp-content\/uploads\/sites\/61\/2024\/09\/Grille-e\u0301valuation-SELO-2025.pdf\" target=\"_blank\" rel=\"noopener\">Grille au format <strong>PDF<\/strong><\/a>)<\/p>\n<p>&#8211;<strong> Grille d&#8217;\u00e9valuation<\/strong> acad\u00e9mique pour l&#8217;interrogation orale de l&#8217;\u00e9preuve sp\u00e9cifique de\u00a0 contr\u00f4le continu\u00a0 de\u00a0<b>&#8220;<a href=\"https:\/\/ent2d.ac-bordeaux.fr\/disciplines\/langues\/wp-content\/uploads\/sites\/61\/2024\/09\/Grille-e\u0301valuation-SELO-2025.pdf\" target=\"_blank\" rel=\"noopener\">Section Europ\u00e9enne et de Langues Orientales<\/a>&#8220;<\/b>\u00a0( BO de r\u00e9f\u00e9rence:\u00a0<a class=\"moz-txt-link-freetext\" href=\"https:\/\/www.education.gouv.fr\/bo\/21\/Hebdo31\/MENE2121393N.htm\" target=\"_blank\" rel=\"noopener\">https:\/\/www.education.gouv.fr\/bo\/21\/Hebdo31\/MENE2121393N.htm<\/a> ) (<a href=\"https:\/\/ent2d.ac-bordeaux.fr\/disciplines\/langues\/wp-content\/uploads\/sites\/61\/2024\/09\/Grille-e\u0301valuation-SELO-2025.docx\">Grille au format <strong>Word<\/strong><\/a>) (<a href=\"https:\/\/ent2d.ac-bordeaux.fr\/disciplines\/langues\/wp-content\/uploads\/sites\/61\/2024\/09\/Grille-e%CC%81valuation-SELO-2025.pdf\" target=\"_blank\" rel=\"noopener\">Grille au format <strong>PDF<\/strong><\/a>)<\/p>\n<p>&#8211; Fiche \u00e9l\u00e8ve LLCER &#8211; <strong>Gabarit<\/strong> \u00e0 utiliser en \u00e9tablissement pour la pr\u00e9sentation de la\u00a0 partie orale de l&#8217;\u00e9preuve en contr\u00f4le terminal de l&#8217;EDS\u00a0<a href=\"https:\/\/ent2d.ac-bordeaux.fr\/disciplines\/langues\/wp-content\/uploads\/sites\/61\/2024\/09\/Gabarit-fiche-e\u0301le\u0300ve-e\u0301preuve_LLCER-ANGLAIS.pdf\" target=\"_blank\" rel=\"noopener\"><b>LLCER ANGLAIS<\/b><\/a> (<a href=\"https:\/\/ent2d.ac-bordeaux.fr\/disciplines\/langues\/wp-content\/uploads\/sites\/61\/2024\/09\/Gabarit-fiche-e\u0301le\u0300ve-e\u0301preuve_LLCER-ANGLAIS.docx\">Gabarit au format <strong>Word<\/strong><\/a>) (<a href=\"https:\/\/ent2d.ac-bordeaux.fr\/disciplines\/langues\/wp-content\/uploads\/sites\/61\/2024\/09\/Gabarit-fiche-e%CC%81le%CC%80ve-e%CC%81preuve_LLCER-ANGLAIS.pdf\" target=\"_blank\" rel=\"noopener\">Gabarit au format <strong>PDF<\/strong><\/a>)<\/p>\n<p>&#8211; Fiche \u00e9l\u00e8ve LLCER &#8211; <strong>Gabarit<\/strong> \u00e0 utiliser en \u00e9tablissement pour la pr\u00e9sentation de la\u00a0 la partie orale de l&#8217;\u00e9preuve en contr\u00f4le terminal de l&#8217;EDS\u00a0<b><a href=\"https:\/\/ent2d.ac-bordeaux.fr\/disciplines\/langues\/wp-content\/uploads\/sites\/61\/2024\/09\/Gabarit-fiche-e\u0301le\u0300ve-e\u0301preuve_LLCER-ANGLAIS-MONDE-CONTEMPORAIN.pdf\" target=\"_blank\" rel=\"noopener\">LLCER ANGLAIS MONDE CONTEMPORAIN<\/a> \u00a0<\/b>(<a href=\"https:\/\/ent2d.ac-bordeaux.fr\/disciplines\/langues\/wp-content\/uploads\/sites\/61\/2024\/09\/Gabarit-fiche-e\u0301le\u0300ve-e\u0301preuve_LLCER-ANGLAIS-MONDE-CONTEMPORAIN.docx\">Gabarit au format <strong>Word<\/strong><\/a>) (<a href=\"https:\/\/ent2d.ac-bordeaux.fr\/disciplines\/langues\/wp-content\/uploads\/sites\/61\/2024\/09\/Gabarit-fiche-e%CC%81le%CC%80ve-e%CC%81preuve_LLCER-ANGLAIS-MONDE-CONTEMPORAIN.pdf\" target=\"_blank\" rel=\"noopener\">Gabarit au format <strong>PDF<\/strong><\/a>)<b><br \/><\/b><\/p>\n<p>&#8211; Fiche \u00e9l\u00e8ve LLCER &#8211; <strong>Gabarit<\/strong> \u00e0 utiliser en \u00e9tablissement pour la pr\u00e9sentation de la\u00a0 la partie orale de l&#8217;\u00e9preuve en contr\u00f4le terminal de l&#8217;EDS\u00a0<a href=\"https:\/\/ent2d.ac-bordeaux.fr\/disciplines\/langues\/wp-content\/uploads\/sites\/61\/2024\/09\/Gabarit-fiche-e\u0301le\u0300ve-e\u0301preuve_LLCER-ESPAGNOL.pdf\" target=\"_blank\" rel=\"noopener\"><b>LLCER ESPAGNOL<\/b><\/a> (<a href=\"https:\/\/ent2d.ac-bordeaux.fr\/disciplines\/langues\/wp-content\/uploads\/sites\/61\/2024\/09\/Gabarit-fiche-e\u0301le\u0300ve-e\u0301preuve_LLCER-ESPAGNOL.docx\">Gabarit au format <strong>Word<\/strong><\/a>) (<a href=\"https:\/\/ent2d.ac-bordeaux.fr\/disciplines\/langues\/wp-content\/uploads\/sites\/61\/2024\/09\/Gabarit-fiche-e%CC%81le%CC%80ve-e%CC%81preuve_LLCER-ESPAGNOL.pdf\" target=\"_blank\" rel=\"noopener\">Gabarit au format <strong>PDF<\/strong><\/a>)<\/p>\n<p>&#8211; Fiche \u00e9l\u00e8ve LLCER &#8211; <strong>Gabarit<\/strong> \u00e0 utiliser en \u00e9tablissement pour la pr\u00e9sentation de la\u00a0 la partie orale de l&#8217;\u00e9preuve en contr\u00f4le terminal de l&#8217;EDS\u00a0<a href=\"https:\/\/ent2d.ac-bordeaux.fr\/disciplines\/langues\/wp-content\/uploads\/sites\/61\/2024\/09\/Gabarit-fiche-e\u0301le\u0300ve-e\u0301preuve_LLCER-BASQUE.pdf\" target=\"_blank\" rel=\"noopener\"><b>LLCER BASQUE<\/b><\/a> (<a href=\"https:\/\/ent2d.ac-bordeaux.fr\/disciplines\/langues\/wp-content\/uploads\/sites\/61\/2024\/09\/Gabarit-fiche-e\u0301le\u0300ve-e\u0301preuve_LLCER-BASQUE.docx\">Gabarit au format <strong>Word<\/strong><\/a>) (<a href=\"https:\/\/ent2d.ac-bordeaux.fr\/disciplines\/langues\/wp-content\/uploads\/sites\/61\/2024\/09\/Gabarit-fiche-e%CC%81le%CC%80ve-e%CC%81preuve_LLCER-BASQUE.pdf\" target=\"_blank\" rel=\"noopener\">Gabarit au format <strong>PDF<\/strong><\/a>)<\/p>\n<p>&#8211; <strong>Grilles pour<\/strong> l&#8217;<strong>attestation de niveau de comp\u00e9tence<\/strong> de fin de cycle terminal:\u00a0<a class=\"moz-txt-link-freetext\" href=\"https:\/\/eduscol.education.fr\/document\/46426\/download\" target=\"_blank\" rel=\"noopener\">https:\/\/eduscol.education.fr\/document\/46426\/download<\/a>\u00a0<b><br \/><\/b><\/p>\n<p>&#8211; Les langues vivantes A et B du tronc commun font l&#8217;objet d&#8217;\u00e9valuations de contr\u00f4le continu, en suivant les <strong>bar\u00e8mes<\/strong> d\u00e9finis par les <strong>grilles d\u2019\u00e9valuation des comp\u00e9tences<\/strong> en langues vivantes :\u00a0<a class=\"moz-txt-link-freetext\" href=\"https:\/\/eduscol.education.fr\/document\/46426\/download\" target=\"_blank\" rel=\"noopener\">https:\/\/eduscol.education.fr\/document\/46426\/download<\/a>\u00a0<\/p>\n<div class=\"entry-content clearfix\"><hr \/>\n<h2><span style=\"font-size: 12pt\">LES \u00c9PREUVES\u00a0EN COURS D\u2019ANN\u00c9E : CAS PARTICULIER DES CANDIDATS D\u00c9TENUS<\/span><\/h2>\n<p style=\"text-align: justify\"><span style=\"font-size: 10pt\">Conform\u00e9ment \u00e0 la r\u00e9glementation, les \u00e9preuves orales de langues vivantes des candidats individuels (cas des prisonniers) se d\u00e9roulent sous forme d\u2019une \u00e9preuve orale ponctuelle de 10 minutes ; il n\u2019y a pas la CO et l\u2019EO des candidats scolaires.<\/span><\/p>\n<p style=\"text-align: justify\"><span style=\"font-size: 10pt\">S\u2019agissant de la tenue des \u00e9preuves \u00e0 distance, elles ne sont pas pr\u00e9vues avec les centres p\u00e9nitenciers pour des raisons mat\u00e9rielles informatiques (il faut en effet un \u00e9quipement particulier que les prisons n\u2019ont pas) d\u2019une part et parce que les prisons ne rel\u00e8vent pas de l\u2019\u00e9ducation nationale d\u2019autre part.<\/span><\/p>\n<p style=\"text-align: justify\"><span style=\"font-size: 10pt\">L\u2019oral se d\u00e9roulera donc en pr\u00e9sentiel et le professeur interrogateur devra pr\u00e9senter sa pi\u00e8ce d\u2019identit\u00e9 pou rentrer dans l\u2019\u00e9tablissement.<\/span><\/p>\n<p><span style=\"font-size: 10pt\">Texte de r\u00e9f\u00e9rence :\u00a0<\/span><a href=\"https:\/\/ent2d.ac-bordeaux.fr\/disciplines\/anglais\/wp-content\/uploads\/sites\/8\/2016\/04\/D%C3%A9cret-n%C2%B0-2014-314-du-10-mars-2014-autorisant-la-tenue-%C3%A0-distance-d%C3%A9preuves-et-de-r%C3%A9unions-de-jurys-du-baccalaur%C3%A9at-_-Legifrance.pdf\" target=\"_blank\" rel=\"noopener noreferrer\">D\u00e9cret n\u00b0 2014-314 du 10 mars 2014<\/a><\/p>\n<hr \/>\n<h2><span style=\"font-size: 12pt\"><strong>RESSOURCES\u00a0<\/strong><\/span><\/h2>\n<p><a href=\"https:\/\/eduscol.education.fr\/729\/presentation-du-grand-oral\" target=\"_blank\" rel=\"noopener\">La page de pr\u00e9sentation du <strong>Grand Oral<\/strong><\/a> et <a href=\"https:\/\/ent2d.ac-bordeaux.fr\/disciplines\/anglais\/wp-content\/uploads\/sites\/8\/2020\/11\/FAQ-Grand-oral_enseignants_0-1.pdf\" target=\"_blank\" rel=\"noopener\">la foire aux <strong>questions<\/strong><\/a> &#8211; EDUSCOL<\/p>\n<p class=\"page__title\"><a href=\"https:\/\/eduscol.education.fr\/880\/les-modalites-d-evaluation-de-langues-vivantes-aux-baccalaureats-general-et-technologique\" target=\"_blank\" rel=\"noopener\"><strong>Les modalit\u00e9s d&#8217;\u00e9valuation de langues vivantes<\/strong><\/a> aux baccalaur\u00e9ats g\u00e9n\u00e9ral et technologique &#8211; EDUSCOL<\/p>\n<p class=\"page__title\"><strong><a href=\"https:\/\/eduscol.education.fr\/2069\/ressources-en-enseignement-technologique-en-langue-vivante-etlv-au-cycle-terminal-de-la-voie-technologique\" target=\"_blank\" rel=\"noopener\">Ressources en enseignement technologique en langue vivante (ETLV)<\/a><\/strong> au <strong>cycle terminal<\/strong> de la voie technologique &#8211; EDUSCOL<\/p>\n<p><a href=\"http:\/\/eduscol.education.fr\/pid23222\/langues-vivantes-au-lgt.html\" target=\"_blank\" rel=\"noopener noreferrer\"><strong>Ressources d&#8217;accompagnement pour les programmes de langues vivantes<\/strong><\/a> \u00e9trang\u00e8res et r\u00e9gionales <strong>au lyc\u00e9e g\u00e9n\u00e9ral et technologique<\/strong> &#8211; EDUSCOL<\/p>\n<p class=\"page__title\"><a href=\"https:\/\/eduscol.education.fr\/1684\/programmes-et-ressources-en-langues-litteratures-et-cultures-etrangeres-et-regionales-voie-g\" target=\"_blank\" rel=\"noopener\"><strong>Programmes et ressources<\/strong> en langues, litt\u00e9ratures et cultures \u00e9trang\u00e8res et r\u00e9gionales &#8211; voie G<\/a> &#8211; EDUSCOL<\/p>\n<p class=\"page__title\"><strong><a href=\"https:\/\/eduscol.education.fr\/3742\/l-attestation-de-langues-vivantes\" target=\"_blank\" rel=\"noopener\">L\u2019attestation de langues vivantes<\/a><\/strong> &#8211; EDUSCOL<\/p>\n<p style=\"text-align: justify\">\u00a0<\/p>\n<\/div>\n<hr \/>\n<h2><span style=\"font-size: 12pt\">Bac 2023<\/span><\/h2>\n<p><a href=\"http:\/\/eduscol.education.fr\/cid126665\/vers-le-bac-2021.html\" target=\"_blank\" rel=\"noopener noreferrer\">Pr\u00e9senter le lyc\u00e9e g\u00e9n\u00e9ral et technologique, ressources et outils d&#8217;information (Bac 2023)<\/a> La r\u00e9forme du baccalaur\u00e9at et du lyc\u00e9e d&#8217;enseignement g\u00e9n\u00e9ral et technologique : outils et ressources pour la mise en \u0153uvre &#8211; <strong>eduscol<\/strong><\/p>\n<p>\u00c9valuation des \u00e9preuves communes de contr\u00f4le continu (tronc commun) :\u00a0 <a href=\"https:\/\/ent2d.ac-bordeaux.fr\/disciplines\/langues\/wp-content\/uploads\/sites\/61\/2019\/11\/Evaluation-des-E3C-en-LV-aide-\u00e0-l\u00e9valuation.pdf\" target=\"_blank\" rel=\"noopener noreferrer\">Les grilles d\u2019\u00e9valuation pour les langues vivantes<\/a> <img loading=\"lazy\" decoding=\"async\" class=\"alignnone  wp-image-1159\" src=\"https:\/\/ent2d.ac-bordeaux.fr\/disciplines\/langues\/wp-content\/uploads\/sites\/61\/2018\/11\/Star3n.png\" alt=\"\" width=\"22\" height=\"23\" srcset=\"https:\/\/ent2d.ac-bordeaux.fr\/disciplines\/langues\/wp-content\/uploads\/sites\/61\/2018\/11\/Star3n.png 200w, https:\/\/ent2d.ac-bordeaux.fr\/disciplines\/langues\/wp-content\/uploads\/sites\/61\/2018\/11\/Star3n-150x150.png 150w\" sizes=\"auto, (max-width: 22px) 100vw, 22px\" \/><\/p>\n\n\n<p><\/p>\n","protected":false},"excerpt":{"rendered":"<p>LES LANGUES AU BACCALAUR\u00c9AT D\u00e9roulement des oraux du second groupe Pour la s\u00e9rie L (BO) Pour les autres s\u00e9ries g\u00e9n\u00e9rales et technologiques (BO) Epreuves de langues vivantes applicables au baccalaur\u00e9at &#8230;<\/p>\n","protected":false},"author":53,"featured_media":949,"parent":0,"menu_order":0,"comment_status":"closed","ping_status":"closed","template":"","meta":{"footnotes":""},"class_list":["post-244","page","type-page","status-publish","has-post-thumbnail","hentry"],"_links":{"self":[{"href":"https:\/\/ent2d.ac-bordeaux.fr\/disciplines\/langues\/wp-json\/wp\/v2\/pages\/244","targetHints":{"allow":["GET"]}}],"collection":[{"href":"https:\/\/ent2d.ac-bordeaux.fr\/disciplines\/langues\/wp-json\/wp\/v2\/pages"}],"about":[{"href":"https:\/\/ent2d.ac-bordeaux.fr\/disciplines\/langues\/wp-json\/wp\/v2\/types\/page"}],"author":[{"embeddable":true,"href":"https:\/\/ent2d.ac-bordeaux.fr\/disciplines\/langues\/wp-json\/wp\/v2\/users\/53"}],"replies":[{"embeddable":true,"href":"https:\/\/ent2d.ac-bordeaux.fr\/disciplines\/langues\/wp-json\/wp\/v2\/comments?post=244"}],"version-history":[{"count":60,"href":"https:\/\/ent2d.ac-bordeaux.fr\/disciplines\/langues\/wp-json\/wp\/v2\/pages\/244\/revisions"}],"predecessor-version":[{"id":2453,"href":"https:\/\/ent2d.ac-bordeaux.fr\/disciplines\/langues\/wp-json\/wp\/v2\/pages\/244\/revisions\/2453"}],"wp:featuredmedia":[{"embeddable":true,"href":"https:\/\/ent2d.ac-bordeaux.fr\/disciplines\/langues\/wp-json\/wp\/v2\/media\/949"}],"wp:attachment":[{"href":"https:\/\/ent2d.ac-bordeaux.fr\/disciplines\/langues\/wp-json\/wp\/v2\/media?parent=244"}],"curies":[{"name":"wp","href":"https:\/\/api.w.org\/{rel}","templated":true}]}}