{"id":242,"date":"2018-10-09T15:00:18","date_gmt":"2018-10-09T13:00:18","guid":{"rendered":"https:\/\/ent2d.ac-bordeaux.fr\/disciplines\/langues\/?page_id=242"},"modified":"2023-10-06T23:39:53","modified_gmt":"2023-10-06T21:39:53","slug":"dnb","status":"publish","type":"page","link":"https:\/\/ent2d.ac-bordeaux.fr\/disciplines\/langues\/dnb\/","title":{"rendered":"DNB"},"content":{"rendered":"<p><span style=\"font-size: 12pt\"><a href=\"https:\/\/www.education.gouv.fr\/bo\/17\/Hebdo42\/MENE1731896N.htm?cid_bo=122780\" target=\"_blank\" rel=\"noopener\">Dipl\u00f4me national du brevet<\/a>\u00a0 BO &#8211; 2018<\/span><\/p>\n<p class=\"header__title\"><span style=\"font-size: 12pt\"><a href=\"https:\/\/www.education.gouv.fr\/les-langues-vivantes-etrangeres-et-regionales-11249\" target=\"_blank\" rel=\"noopener\">Les langues vivantes \u00e9trang\u00e8res et r\u00e9gionales &#8211; Scolarit\u00e9 obligatoire<\/a><\/span><\/p>\n","protected":false},"excerpt":{"rendered":"<p>Dipl\u00f4me national du brevet\u00a0 BO &#8211; 2018 Les langues vivantes \u00e9trang\u00e8res et r\u00e9gionales &#8211; Scolarit\u00e9 obligatoire<\/p>\n","protected":false},"author":53,"featured_media":948,"parent":0,"menu_order":0,"comment_status":"closed","ping_status":"closed","template":"","meta":{"footnotes":""},"class_list":["post-242","page","type-page","status-publish","has-post-thumbnail","hentry"],"_links":{"self":[{"href":"https:\/\/ent2d.ac-bordeaux.fr\/disciplines\/langues\/wp-json\/wp\/v2\/pages\/242","targetHints":{"allow":["GET"]}}],"collection":[{"href":"https:\/\/ent2d.ac-bordeaux.fr\/disciplines\/langues\/wp-json\/wp\/v2\/pages"}],"about":[{"href":"https:\/\/ent2d.ac-bordeaux.fr\/disciplines\/langues\/wp-json\/wp\/v2\/types\/page"}],"author":[{"embeddable":true,"href":"https:\/\/ent2d.ac-bordeaux.fr\/disciplines\/langues\/wp-json\/wp\/v2\/users\/53"}],"replies":[{"embeddable":true,"href":"https:\/\/ent2d.ac-bordeaux.fr\/disciplines\/langues\/wp-json\/wp\/v2\/comments?post=242"}],"version-history":[{"count":6,"href":"https:\/\/ent2d.ac-bordeaux.fr\/disciplines\/langues\/wp-json\/wp\/v2\/pages\/242\/revisions"}],"predecessor-version":[{"id":2056,"href":"https:\/\/ent2d.ac-bordeaux.fr\/disciplines\/langues\/wp-json\/wp\/v2\/pages\/242\/revisions\/2056"}],"wp:featuredmedia":[{"embeddable":true,"href":"https:\/\/ent2d.ac-bordeaux.fr\/disciplines\/langues\/wp-json\/wp\/v2\/media\/948"}],"wp:attachment":[{"href":"https:\/\/ent2d.ac-bordeaux.fr\/disciplines\/langues\/wp-json\/wp\/v2\/media?parent=242"}],"curies":[{"name":"wp","href":"https:\/\/api.w.org\/{rel}","templated":true}]}}