{"id":180,"date":"2018-10-08T16:44:49","date_gmt":"2018-10-08T14:44:49","guid":{"rendered":"https:\/\/ent2d.ac-bordeaux.fr\/disciplines\/langues\/?page_id=180"},"modified":"2023-10-07T10:24:57","modified_gmt":"2023-10-07T08:24:57","slug":"lycee","status":"publish","type":"page","link":"https:\/\/ent2d.ac-bordeaux.fr\/disciplines\/langues\/lycee\/","title":{"rendered":"Lyc\u00e9e"},"content":{"rendered":"<h5 class=\"post-title entry-title\"><span style=\"font-size: 14pt\">Au lyc\u00e9e g\u00e9n\u00e9ral et technologique<\/span><\/h5>\n<p><a href=\"https:\/\/eduscol.education.fr\/1726\/programmes-et-ressources-en-langues-vivantes-voie-gt\" target=\"_blank\" rel=\"noopener\">Programmes et ressources en langues vivantes &#8211; voie GT<\/a>\u00a0<img loading=\"lazy\" decoding=\"async\" class=\"alignnone wp-image-1159\" src=\"https:\/\/ent2d.ac-bordeaux.fr\/disciplines\/langues\/wp-content\/uploads\/sites\/61\/2018\/11\/Star3n.png\" alt=\"\" width=\"20\" height=\"21\" srcset=\"https:\/\/ent2d.ac-bordeaux.fr\/disciplines\/langues\/wp-content\/uploads\/sites\/61\/2018\/11\/Star3n.png 200w, https:\/\/ent2d.ac-bordeaux.fr\/disciplines\/langues\/wp-content\/uploads\/sites\/61\/2018\/11\/Star3n-150x150.png 150w\" sizes=\"auto, (max-width: 20px) 100vw, 20px\" \/><\/p>\n<p class=\"post-meta clearfix\"><a href=\"http:\/\/www.education.gouv.fr\/cid51335\/mene1007260a.html\" target=\"_blank\" rel=\"noopener\">Programme d\u2019enseignement des langues vivantes en classe de seconde g\u00e9n\u00e9rale et technologique<\/a><\/p>\n<div class=\"entry-content clearfix\">\n<p><a href=\"http:\/\/www.education.gouv.fr\/cid53320\/mene1019796a.html\" target=\"_blank\" rel=\"noopener\">Programme d\u2019enseignement de langues vivantes du cycle terminal pour les s\u00e9ries g\u00e9n\u00e9rales et technologiques<\/a><\/p>\n<p><a href=\"http:\/\/www.education.gouv.fr\/cid53324\/mene1019738a.html\" target=\"_blank\" rel=\"noopener\">Programme d\u2019enseignement sp\u00e9cifique de litt\u00e9rature \u00e9trang\u00e8re en langue \u00e9trang\u00e8re au cycle terminal de la s\u00e9rie litt\u00e9raire<\/a><\/p>\n<p><a href=\"http:\/\/www.education.gouv.fr\/cid55411\/mene1104143a.html\" target=\"_blank\" rel=\"noopener\">Langues vivantes 1 et 2 du cycle terminal des s\u00e9ries STI2D, STL et STD2A<\/a><\/p>\n<hr \/>\n<h2><span style=\"font-size: 12pt\">S\u00e9rie STHR<\/span><\/h2>\n<p><a href=\"http:\/\/eduscol.education.fr\/cid46475\/serie-hotellerie.html\" target=\"_blank\" rel=\"noopener\">R\u00e9novation s\u00e9rie sciences et technologies de l\u2019h\u00f4tellerie et\u00a0de la restauration (STHR)<\/a><\/p>\n<p><a href=\"http:\/\/www.education.gouv.fr\/pid25535\/bulletin_officiel.html?cid_bo=87248\" target=\"_blank\" rel=\"noopener\">Programme de langues vivantes en classe de seconde de la s\u00e9rie STHR<\/a><\/p>\n<p><a href=\"http:\/\/www.education.gouv.fr\/pid285\/bulletin_officiel.html?cid_bo=99833\" target=\"_blank\" rel=\"noopener\">Programme de langues vivantes du cycle terminal de la s\u00e9rie STHR<\/a><\/p>\n<p><a href=\"http:\/\/www.education.gouv.fr\/pid285\/bulletin_officiel.html?cid_bo=101992\" target=\"_blank\" rel=\"noopener\">Livret scolaire s\u00e9rie STHR<\/a><\/p>\n<p><span class=\"contenu_titre_non_image\"><a href=\"http:\/\/eduscol.education.fr\/cid104813\/etlv-sthr-cycle-terminal.html\" target=\"_blank\" rel=\"noopener\">Enseignement technologique en langue vivante (ETLV) au cycle terminal de la s\u00e9rie STHR<\/a><\/span><\/p>\n<p>\u00a0<\/p>\n<hr \/>\n<h5><span style=\"font-size: 14pt\">Au lyc\u00e9e professionnel<\/span><\/h5>\n<div class=\"float-left width-50pc\">\n<p><a href=\"http:\/\/eduscol.education.fr\/cid45730\/langues-vivantes-au-lp.html#lien0\" target=\"_blank\" rel=\"noopener\">La ma\u00eetrise d&#8217;une langue vivante en voie professionnelle<\/a><\/p>\n<p><a href=\"http:\/\/eduscol.education.fr\/cid45730\/langues-vivantes-au-lp.html#lien1\" target=\"_blank\" rel=\"noopener\">Horaires de langues vivantes en voie professionnelle<\/a><\/p>\n<p><a href=\"http:\/\/eduscol.education.fr\/cid45730\/langues-vivantes-au-lp.html#lien2\" target=\"_blank\" rel=\"noopener\">Dispositif sp\u00e9cifique\u00a0: les sections europ\u00e9ennes<\/a><\/p>\n<p><a href=\"http:\/\/eduscol.education.fr\/cid45730\/langues-vivantes-au-lp.html#lien3\" target=\"_blank\" rel=\"noopener\">Ouverture europ\u00e9enne et internationale<\/a><\/p>\n<p><a href=\"http:\/\/eduscol.education.fr\/cid45730\/langues-vivantes-au-lp.html#lien4\" target=\"_blank\" rel=\"noopener\">Les attestations de la voie professionnelle<\/a><\/p>\n<p><a href=\"http:\/\/eduscol.education.fr\/cid45730\/langues-vivantes-au-lp.html#lien5\" target=\"_blank\" rel=\"noopener\">Textes de r\u00e9f\u00e9rence<\/a><\/p>\n<\/div>\n<div class=\"float-left width-50pc\">\n<p><a href=\"http:\/\/www.education.gouv.fr\/cid23840\/mene0829952a.html\" target=\"_blank\" rel=\"noopener\">Programme d&#8217;enseignement de langues vivantes \u00e9trang\u00e8res pour les classes pr\u00e9paratoires au C.A.P. et pour les classes pr\u00e9paratoires au baccalaur\u00e9at professionnel<\/a><\/p>\n<\/div>\n<\/div>\n\n\n<div style=\"height:100px\" aria-hidden=\"true\" class=\"wp-block-spacer\"><\/div>\n\n\n\n<div style=\"height:100px\" aria-hidden=\"true\" class=\"wp-block-spacer\"><\/div>\n","protected":false},"excerpt":{"rendered":"<p>Au lyc\u00e9e g\u00e9n\u00e9ral et technologique Programmes et ressources en langues vivantes &#8211; voie GT\u00a0 Programme d\u2019enseignement des langues vivantes en classe de seconde g\u00e9n\u00e9rale et technologique Programme d\u2019enseignement de langues &#8230;<\/p>\n","protected":false},"author":504,"featured_media":953,"parent":0,"menu_order":0,"comment_status":"closed","ping_status":"closed","template":"","meta":{"footnotes":""},"class_list":["post-180","page","type-page","status-publish","has-post-thumbnail","hentry"],"_links":{"self":[{"href":"https:\/\/ent2d.ac-bordeaux.fr\/disciplines\/langues\/wp-json\/wp\/v2\/pages\/180","targetHints":{"allow":["GET"]}}],"collection":[{"href":"https:\/\/ent2d.ac-bordeaux.fr\/disciplines\/langues\/wp-json\/wp\/v2\/pages"}],"about":[{"href":"https:\/\/ent2d.ac-bordeaux.fr\/disciplines\/langues\/wp-json\/wp\/v2\/types\/page"}],"author":[{"embeddable":true,"href":"https:\/\/ent2d.ac-bordeaux.fr\/disciplines\/langues\/wp-json\/wp\/v2\/users\/504"}],"replies":[{"embeddable":true,"href":"https:\/\/ent2d.ac-bordeaux.fr\/disciplines\/langues\/wp-json\/wp\/v2\/comments?post=180"}],"version-history":[{"count":27,"href":"https:\/\/ent2d.ac-bordeaux.fr\/disciplines\/langues\/wp-json\/wp\/v2\/pages\/180\/revisions"}],"predecessor-version":[{"id":2087,"href":"https:\/\/ent2d.ac-bordeaux.fr\/disciplines\/langues\/wp-json\/wp\/v2\/pages\/180\/revisions\/2087"}],"wp:featuredmedia":[{"embeddable":true,"href":"https:\/\/ent2d.ac-bordeaux.fr\/disciplines\/langues\/wp-json\/wp\/v2\/media\/953"}],"wp:attachment":[{"href":"https:\/\/ent2d.ac-bordeaux.fr\/disciplines\/langues\/wp-json\/wp\/v2\/media?parent=180"}],"curies":[{"name":"wp","href":"https:\/\/api.w.org\/{rel}","templated":true}]}}