{"id":176,"date":"2018-10-08T16:44:04","date_gmt":"2018-10-08T14:44:04","guid":{"rendered":"https:\/\/ent2d.ac-bordeaux.fr\/disciplines\/langues\/?page_id=176"},"modified":"2023-10-06T23:10:28","modified_gmt":"2023-10-06T21:10:28","slug":"scolarite-obligatoire","status":"publish","type":"page","link":"https:\/\/ent2d.ac-bordeaux.fr\/disciplines\/langues\/scolarite-obligatoire\/","title":{"rendered":"Scolarit\u00e9 obligatoire"},"content":{"rendered":"<div class=\"entry-content clearfix\">\n<h2><span style=\"font-size: 12pt\">Organisation du coll\u00e8ge<\/span><\/h2>\n<p><a href=\"http:\/\/eduscol.education.fr\/cid87584\/le-college-2016-questions-reponses.html\" target=\"_blank\" rel=\"noopener\">Objectifs &#8211; FAQ<\/a>\u00a0<strong>\u00e9duscol\u00a0<\/strong><\/p>\n<hr \/>\n<h2><span style=\"font-size: 12pt\">Le Socle Commun de Connaissances, de Comp\u00e9tences et de Culture<\/span><\/h2>\n<p><a href=\"https:\/\/ent2d.ac-bordeaux.fr\/disciplines\/anglais\/wp-content\/uploads\/sites\/8\/2016\/04\/Socle-Commun-BO_29_20-07-06.pdf\" target=\"_blank\" rel=\"noopener\">Socle Commun BO 29 20-07-06<\/a><\/p>\n<p><a class=\"spip_out\" href=\"http:\/\/www.dailymotion.com\/playlist\/x3rqxb_EducationFrance_le-socle-commun-de-connaissances-de-competences-et\/1#video=x2neach\" target=\"_blank\" rel=\"external noopener\">Le socle commun sur Daily Motion<\/a>\u00a0<i>5 vid\u00e9os<\/i><\/p>\n<hr \/>\n<h2><span style=\"font-size: 12pt\">Les nouveaux programmes<\/span><\/h2>\n<p><a href=\"https:\/\/ent2d.ac-bordeaux.fr\/disciplines\/anglais\/wp-content\/uploads\/sites\/8\/2016\/04\/programme-Cycle-2-nov.pdf\" target=\"_blank\" rel=\"noopener\">Programme Cycle 2 nov<\/a><\/p>\n<p><a href=\"https:\/\/ent2d.ac-bordeaux.fr\/disciplines\/anglais\/wp-content\/uploads\/sites\/8\/2016\/04\/programme-Cycle-3-nov.pdf\" target=\"_blank\" rel=\"noopener\">Programme Cycle 3 nov<\/a><\/p>\n<p><a href=\"https:\/\/ent2d.ac-bordeaux.fr\/disciplines\/anglais\/wp-content\/uploads\/sites\/8\/2016\/04\/programme-Cycle-4-nov.pdf\" target=\"_blank\" rel=\"noopener\">Programme Cycle 4 nov<\/a><\/p>\n<hr \/>\n<h2><span style=\"font-size: 12pt\">Arr\u00eat\u00e9s et circulaires du 18 juin 2017<\/span><\/h2>\n<p><a href=\"https:\/\/ent2d.ac-bordeaux.fr\/disciplines\/anglais\/wp-content\/uploads\/sites\/8\/2016\/04\/Arr%C3%AAt%C3%A9-16-06-17-organisation-enseignements-colle%CC%80ge.pdf\" target=\"_blank\" rel=\"noopener\">Arr\u00eat\u00e9 organisation enseignements colle\u0300ge<\/a><\/p>\n<p><a href=\"https:\/\/ent2d.ac-bordeaux.fr\/disciplines\/anglais\/wp-content\/uploads\/sites\/8\/2016\/04\/Arr%C3%AAt%C3%A9-19-05-15-modifi%C3%A9-suite-Ar-16-06-17.pdf\" target=\"_blank\" rel=\"noopener\">Arr\u00eat\u00e9 du 19 mai 2015 modifi\u00e9 le 18 juin 2017<\/a><\/p>\n<p><a href=\"http:\/\/www.education.gouv.fr\/pid285\/bulletin_officiel.html?cid_bo=117828\" target=\"_blank\" rel=\"noopener\">Enseignement au coll\u00e8ge \u2013 Organisation des enseignements : modification (BOEN 22 du 22 juin 2017)<\/a><\/p>\n<hr \/>\n<\/div>\n","protected":false},"excerpt":{"rendered":"<p>Organisation du coll\u00e8ge Objectifs &#8211; FAQ\u00a0\u00e9duscol\u00a0 Le Socle Commun de Connaissances, de Comp\u00e9tences et de Culture Socle Commun BO 29 20-07-06 Le socle commun sur Daily Motion\u00a05 vid\u00e9os Les nouveaux &#8230;<\/p>\n","protected":false},"author":504,"featured_media":954,"parent":0,"menu_order":0,"comment_status":"closed","ping_status":"closed","template":"","meta":{"footnotes":""},"class_list":["post-176","page","type-page","status-publish","has-post-thumbnail","hentry"],"_links":{"self":[{"href":"https:\/\/ent2d.ac-bordeaux.fr\/disciplines\/langues\/wp-json\/wp\/v2\/pages\/176","targetHints":{"allow":["GET"]}}],"collection":[{"href":"https:\/\/ent2d.ac-bordeaux.fr\/disciplines\/langues\/wp-json\/wp\/v2\/pages"}],"about":[{"href":"https:\/\/ent2d.ac-bordeaux.fr\/disciplines\/langues\/wp-json\/wp\/v2\/types\/page"}],"author":[{"embeddable":true,"href":"https:\/\/ent2d.ac-bordeaux.fr\/disciplines\/langues\/wp-json\/wp\/v2\/users\/504"}],"replies":[{"embeddable":true,"href":"https:\/\/ent2d.ac-bordeaux.fr\/disciplines\/langues\/wp-json\/wp\/v2\/comments?post=176"}],"version-history":[{"count":12,"href":"https:\/\/ent2d.ac-bordeaux.fr\/disciplines\/langues\/wp-json\/wp\/v2\/pages\/176\/revisions"}],"predecessor-version":[{"id":2042,"href":"https:\/\/ent2d.ac-bordeaux.fr\/disciplines\/langues\/wp-json\/wp\/v2\/pages\/176\/revisions\/2042"}],"wp:featuredmedia":[{"embeddable":true,"href":"https:\/\/ent2d.ac-bordeaux.fr\/disciplines\/langues\/wp-json\/wp\/v2\/media\/954"}],"wp:attachment":[{"href":"https:\/\/ent2d.ac-bordeaux.fr\/disciplines\/langues\/wp-json\/wp\/v2\/media?parent=176"}],"curies":[{"name":"wp","href":"https:\/\/api.w.org\/{rel}","templated":true}]}}