{"id":854,"date":"2020-05-15T20:04:47","date_gmt":"2020-05-15T18:04:47","guid":{"rendered":"https:\/\/ent2d.ac-bordeaux.fr\/disciplines\/italien\/?page_id=854"},"modified":"2021-05-10T19:29:28","modified_gmt":"2021-05-10T17:29:28","slug":"evli-euro-voyageur-lyceen-investi-un-projet-erasmus","status":"publish","type":"page","link":"https:\/\/ent2d.ac-bordeaux.fr\/disciplines\/italien\/mobilite\/evli-euro-voyageur-lyceen-investi-un-projet-erasmus\/","title":{"rendered":"EVLI, Euro Voyageur Lyc\u00e9en Investi, un projet Erasmus+"},"content":{"rendered":"\n<p class=\"has-text-color has-text-align-center has-vivid-red-color\"><strong>Ce projet a obtenu le label \u00ab\u00a0Bonne pratique\u00a0\u00bb d\u00e9cern\u00e9 par l&rsquo;agence Erasmus+<\/strong><\/p>\n\n\n\n<div class=\"wp-block-media-text alignwide has-media-on-the-right has-background has-vivid-green-cyan-background-color\"><figure class=\"wp-block-media-text__media\"><img decoding=\"async\" src=\"https:\/\/ent2d.ac-bordeaux.fr\/disciplines\/italien\/wp-content\/uploads\/sites\/12\/2020\/05\/image-1.jpg\" alt=\"\" class=\"wp-image-857\" \/><\/figure><div class=\"wp-block-media-text__content\">\n<p class=\"has-text-color has-medium-font-size has-very-dark-gray-color\">EVLI (<strong>E<\/strong>uro&nbsp;<strong>V<\/strong>oyageur&nbsp;<strong>L<\/strong>yc\u00e9en&nbsp;<strong>I<\/strong>nvesti) est un projet Erasmus+ associant trois pays \u2013 France, Italie et R\u00e9publique Tch\u00e8que \u2013 coordonn\u00e9 par le Lyc\u00e9e Daguin de M\u00e9rignac. <\/p>\n<\/div><\/div>\n\n\n\n<p class=\"has-text-color has-background has-text-align-center has-medium-font-size has-vivid-cyan-blue-color has-very-light-gray-background-color\"><a href=\"https:\/\/evli-erasmus.jimdofree.com\/\" target=\"_blank\" rel=\"noreferrer noopener\" aria-label=\" (s\u2019ouvre dans un nouvel onglet)\">Visitez le site en ligne de l&rsquo;EVLI<\/a><\/p>\n\n\n\n<p class=\"has-text-color has-background has-medium-font-size has-very-light-gray-color has-vivid-red-background-color\">Ce projet a \u00e9t\u00e9 con\u00e7u pour d\u00e9velopper, chez les lyc\u00e9ens en mobilit\u00e9 \u00e0 l\u2019\u00e9tranger, un \u00e9tat d\u2019esprit positif et constructif qui les \u00e9loignerait de la passivit\u00e9 et de l\u2019indiff\u00e9rence du touriste classique.                           Pour faire de nos \u00e9l\u00e8ves des acteurs engag\u00e9s lors d\u2019un s\u00e9jour \u00e0 l\u2019\u00e9tranger en d\u00e9veloppant le sens des responsabilit\u00e9s et un investissement constructif dans le but devenir des vrais citoyens temporaires du pays qui les accueille.<\/p>\n\n\n\n<div class=\"wp-block-image\"><figure class=\"aligncenter\"><img loading=\"lazy\" decoding=\"async\" width=\"600\" height=\"400\" src=\"https:\/\/ent2d.ac-bordeaux.fr\/disciplines\/italien\/wp-content\/uploads\/sites\/12\/2020\/05\/image.jpg\" alt=\"\" class=\"wp-image-858\" srcset=\"https:\/\/ent2d.ac-bordeaux.fr\/disciplines\/italien\/wp-content\/uploads\/sites\/12\/2020\/05\/image.jpg 600w, https:\/\/ent2d.ac-bordeaux.fr\/disciplines\/italien\/wp-content\/uploads\/sites\/12\/2020\/05\/image-300x200.jpg 300w\" sizes=\"auto, (max-width: 600px) 100vw, 600px\" \/><\/figure><\/div>\n\n\n\n<p class=\"has-text-color has-background has-medium-font-size has-vivid-cyan-blue-color has-very-light-gray-background-color\">Notre projet Erasmus+ concerne la r\u00e9alisation d\u2019un guide du bon comportement du lyc\u00e9en en mobilit\u00e9 \u00e0 l\u2019\u00e9tranger sous diff\u00e9rentes formes. Cette ann\u00e9e (2\u00e8me ann\u00e9e du projet), les \u00e9l\u00e8ves ont r\u00e9alis\u00e9 des capsules vid\u00e9o Powtoon dans les 4 langues du projet : fran\u00e7ais, italien, anglais et tch\u00e8que. Mais pas seulement&#8230; car d\u00e9sireux de proposer cet outil \u00e0 un large public, ils se sont mobilis\u00e9s, notamment pendant la p\u00e9riode de confinement, et ont r\u00e9alis\u00e9 aussi les capsules en allemand, espagnol, portugais, chinois, japonais, russe, ukrainien, grec, occitan et basque. M\u00eame une traduction en latin est en cours !<br>Pour les capsules vid\u00e9o, chaque pays a r\u00e9alis\u00e9 ses capsules pour coller au mieux aux exigences du pays et non pas faire quelque chose d&rsquo;uniforme qui na corresponde pas aussi \u00e0 cette diversit\u00e9 (et richesse)&nbsp;europ\u00e9enne que nous d\u00e9fendons.<br>L&rsquo;objectif des capsules vid\u00e9o EVLI est double : il s&rsquo;agit d&rsquo;un outil pour les \u00e9l\u00e8ves afin de mieux se pr\u00e9parer \u00e0 une mobilit\u00e9 \u00e0 l&rsquo;\u00e9tranger (\u00e9change, voyage scolaire, mobilit\u00e9 Erasmus) mais aussi d&rsquo;un outil pour les professeurs de langues vivantes (et pas seulement!), qui souhaitent pr\u00e9parer leurs \u00e9l\u00e8ves en vue d&rsquo;un s\u00e9jour \u00e0 l&rsquo;\u00e9tranger. <\/p>\n\n\n\n<figure class=\"wp-block-embed-youtube wp-block-embed is-type-video is-provider-youtube wp-embed-aspect-16-9 wp-has-aspect-ratio\"><div class=\"wp-block-embed__wrapper\">\n<iframe loading=\"lazy\" width=\"800\" height=\"450\" src=\"https:\/\/www.youtube.com\/embed\/dSTEJJ46huI?feature=oembed\" frameborder=\"0\" allow=\"accelerometer; autoplay; encrypted-media; gyroscope; picture-in-picture\" allowfullscreen><\/iframe>\n<\/div><\/figure>\n\n\n\n<figure class=\"wp-block-embed-youtube wp-block-embed is-type-video is-provider-youtube wp-embed-aspect-16-9 wp-has-aspect-ratio\"><div class=\"wp-block-embed__wrapper\">\n<iframe loading=\"lazy\" width=\"800\" height=\"450\" src=\"https:\/\/www.youtube.com\/embed\/6Y-bB1MoPaQ?feature=oembed\" frameborder=\"0\" allow=\"accelerometer; autoplay; encrypted-media; gyroscope; picture-in-picture\" allowfullscreen><\/iframe>\n<\/div><\/figure>\n\n\n\n<p class=\"has-text-color has-background has-text-align-center has-medium-font-size has-vivid-cyan-blue-color has-very-light-gray-background-color\"><a href=\"https:\/\/evli-erasmus.jimdofree.com\/capsules-vid%C3%A9o\/\" target=\"_blank\" rel=\"noreferrer noopener\" aria-label=\" (s\u2019ouvre dans un nouvel onglet)\">Voici un lien vers toutes les autres capsules dans les diff\u00e9rentes langues<\/a><\/p>\n","protected":false},"excerpt":{"rendered":"<p>Ce projet a obtenu le label \u00ab\u00a0Bonne pratique\u00a0\u00bb d\u00e9cern\u00e9 par l&rsquo;agence Erasmus+ EVLI (Euro&nbsp;Voyageur&nbsp;Lyc\u00e9en&nbsp;Investi) est un projet Erasmus+ associant trois pays \u2013 France, Italie et R\u00e9publique Tch\u00e8que \u2013 coordonn\u00e9 par &#8230;<\/p>\n","protected":false},"author":42,"featured_media":0,"parent":39,"menu_order":0,"comment_status":"closed","ping_status":"closed","template":"","meta":{"footnotes":""},"class_list":["post-854","page","type-page","status-publish","hentry"],"_links":{"self":[{"href":"https:\/\/ent2d.ac-bordeaux.fr\/disciplines\/italien\/wp-json\/wp\/v2\/pages\/854","targetHints":{"allow":["GET"]}}],"collection":[{"href":"https:\/\/ent2d.ac-bordeaux.fr\/disciplines\/italien\/wp-json\/wp\/v2\/pages"}],"about":[{"href":"https:\/\/ent2d.ac-bordeaux.fr\/disciplines\/italien\/wp-json\/wp\/v2\/types\/page"}],"author":[{"embeddable":true,"href":"https:\/\/ent2d.ac-bordeaux.fr\/disciplines\/italien\/wp-json\/wp\/v2\/users\/42"}],"replies":[{"embeddable":true,"href":"https:\/\/ent2d.ac-bordeaux.fr\/disciplines\/italien\/wp-json\/wp\/v2\/comments?post=854"}],"version-history":[{"count":11,"href":"https:\/\/ent2d.ac-bordeaux.fr\/disciplines\/italien\/wp-json\/wp\/v2\/pages\/854\/revisions"}],"predecessor-version":[{"id":1030,"href":"https:\/\/ent2d.ac-bordeaux.fr\/disciplines\/italien\/wp-json\/wp\/v2\/pages\/854\/revisions\/1030"}],"up":[{"embeddable":true,"href":"https:\/\/ent2d.ac-bordeaux.fr\/disciplines\/italien\/wp-json\/wp\/v2\/pages\/39"}],"wp:attachment":[{"href":"https:\/\/ent2d.ac-bordeaux.fr\/disciplines\/italien\/wp-json\/wp\/v2\/media?parent=854"}],"curies":[{"name":"wp","href":"https:\/\/api.w.org\/{rel}","templated":true}]}}