{"id":667,"date":"2019-04-03T14:57:25","date_gmt":"2019-04-03T12:57:25","guid":{"rendered":"https:\/\/ent2d.ac-bordeaux.fr\/disciplines\/italien\/?page_id=667"},"modified":"2023-04-03T08:20:34","modified_gmt":"2023-04-03T06:20:34","slug":"echange-avec-milan-lombardie","status":"publish","type":"page","link":"https:\/\/ent2d.ac-bordeaux.fr\/disciplines\/italien\/mobilite\/echange-avec-milan-lombardie\/","title":{"rendered":"Echange avec Milan (Lombardie)"},"content":{"rendered":"\n<h3 class=\"has-text-align-center has-vivid-green-cyan-background-color has-background wp-block-heading\"><strong>L\u2019\u00e9change Milan &#8211; Talence 2023, Lyc\u00e9e Victor Louis<\/strong><\/h3>\n\n\n\n<p><strong>L\u2019\u00e9pid\u00e9mie COVID enfin derri\u00e8re nous,&nbsp; cette ann\u00e9e les professeurs Mme de Nardi, Mme Maggini et M. Fontaine ont pu reprendre l\u2019\u00e9change avec le lyc\u00e9e Artemisia Gentileschi de&nbsp;Milan.<\/strong><\/p>\n\n\n\n<p><strong>Ainsi 36 \u00e9l\u00e8ves de seconde et premi\u00e8re&nbsp;(section ESABAC et LVC) ont-ils \u00e9t\u00e9 accueillis par leurs correspondants milanais du 27 janvier au 3 f\u00e9vrier.<\/strong><\/p>\n\n\n\n<p><strong>Ce&nbsp; s\u00e9jour, riche en d\u00e9couvertes du patrimoine italien (visite des villes de Milan, Bergame et Turin) et en moments de partage a combl\u00e9 les participants qui se retrouveront pour d\u2019autres aventures \u00e0 Talence, du 24 au 31 mars&nbsp;!<\/strong><\/p>\n\n\n\n<figure class=\"wp-block-gallery columns-3 is-cropped wp-block-gallery-1 is-layout-flex wp-block-gallery-is-layout-flex\"><ul class=\"blocks-gallery-grid\"><li class=\"blocks-gallery-item\"><figure><img loading=\"lazy\" decoding=\"async\" width=\"640\" height=\"480\" src=\"https:\/\/ent2d.ac-bordeaux.fr\/disciplines\/italien\/wp-content\/uploads\/sites\/12\/2023\/02\/milano.jpg\" alt=\"\" data-id=\"1257\" data-link=\"https:\/\/ent2d.ac-bordeaux.fr\/disciplines\/italien\/mobilite\/echange-avec-milan-lombardie\/milano\/\" class=\"wp-image-1257\" srcset=\"https:\/\/ent2d.ac-bordeaux.fr\/disciplines\/italien\/wp-content\/uploads\/sites\/12\/2023\/02\/milano.jpg 640w, https:\/\/ent2d.ac-bordeaux.fr\/disciplines\/italien\/wp-content\/uploads\/sites\/12\/2023\/02\/milano-300x225.jpg 300w\" sizes=\"auto, (max-width: 640px) 100vw, 640px\" \/><\/figure><\/li><li class=\"blocks-gallery-item\"><figure><img loading=\"lazy\" decoding=\"async\" width=\"1024\" height=\"576\" src=\"https:\/\/ent2d.ac-bordeaux.fr\/disciplines\/italien\/wp-content\/uploads\/sites\/12\/2023\/02\/Scala.jpg\" alt=\"\" data-id=\"1258\" data-link=\"https:\/\/ent2d.ac-bordeaux.fr\/disciplines\/italien\/mobilite\/echange-avec-milan-lombardie\/scala-2\/\" class=\"wp-image-1258\" srcset=\"https:\/\/ent2d.ac-bordeaux.fr\/disciplines\/italien\/wp-content\/uploads\/sites\/12\/2023\/02\/Scala.jpg 1024w, https:\/\/ent2d.ac-bordeaux.fr\/disciplines\/italien\/wp-content\/uploads\/sites\/12\/2023\/02\/Scala-300x169.jpg 300w, https:\/\/ent2d.ac-bordeaux.fr\/disciplines\/italien\/wp-content\/uploads\/sites\/12\/2023\/02\/Scala-768x432.jpg 768w, https:\/\/ent2d.ac-bordeaux.fr\/disciplines\/italien\/wp-content\/uploads\/sites\/12\/2023\/02\/Scala-1536x864.jpg 1536w\" sizes=\"auto, (max-width: 1024px) 100vw, 1024px\" \/><\/figure><\/li><li class=\"blocks-gallery-item\"><figure><img loading=\"lazy\" decoding=\"async\" width=\"231\" height=\"320\" src=\"https:\/\/ent2d.ac-bordeaux.fr\/disciplines\/italien\/wp-content\/uploads\/sites\/12\/2023\/02\/Torino.jpg\" alt=\"\" data-id=\"1259\" data-full-url=\"https:\/\/ent2d.ac-bordeaux.fr\/disciplines\/italien\/wp-content\/uploads\/sites\/12\/2023\/02\/Torino.jpg\" data-link=\"https:\/\/ent2d.ac-bordeaux.fr\/disciplines\/italien\/mobilite\/echange-avec-milan-lombardie\/torino\/\" class=\"wp-image-1259\" srcset=\"https:\/\/ent2d.ac-bordeaux.fr\/disciplines\/italien\/wp-content\/uploads\/sites\/12\/2023\/02\/Torino.jpg 231w, https:\/\/ent2d.ac-bordeaux.fr\/disciplines\/italien\/wp-content\/uploads\/sites\/12\/2023\/02\/Torino-217x300.jpg 217w\" sizes=\"auto, (max-width: 231px) 100vw, 231px\" \/><\/figure><\/li><\/ul><figcaption class=\"blocks-gallery-caption\">Devant le Duomo e \u00e0 la Scala de Milan, au mus\u00e9e de l&rsquo;automobile de Turin<\/figcaption><\/figure>\n\n\n\n<p><\/p>\n\n\n\n<div class=\"wp-block-media-text alignwide is-stacked-on-mobile\"><figure class=\"wp-block-media-text__media\"><img loading=\"lazy\" decoding=\"async\" width=\"1024\" height=\"768\" src=\"https:\/\/ent2d.ac-bordeaux.fr\/disciplines\/italien\/wp-content\/uploads\/sites\/12\/2023\/04\/sc-mi.jpg\" alt=\"\" class=\"wp-image-1300 size-full\" srcset=\"https:\/\/ent2d.ac-bordeaux.fr\/disciplines\/italien\/wp-content\/uploads\/sites\/12\/2023\/04\/sc-mi.jpg 1024w, https:\/\/ent2d.ac-bordeaux.fr\/disciplines\/italien\/wp-content\/uploads\/sites\/12\/2023\/04\/sc-mi-300x225.jpg 300w, https:\/\/ent2d.ac-bordeaux.fr\/disciplines\/italien\/wp-content\/uploads\/sites\/12\/2023\/04\/sc-mi-768x576.jpg 768w, https:\/\/ent2d.ac-bordeaux.fr\/disciplines\/italien\/wp-content\/uploads\/sites\/12\/2023\/04\/sc-mi-1536x1152.jpg 1536w\" sizes=\"auto, (max-width: 1024px) 100vw, 1024px\" \/><\/figure><div class=\"wp-block-media-text__content\">\n<p class=\"has-black-color has-light-green-cyan-background-color has-text-color has-background\"><strong>ECHANGE MILAN-TALENCE 2023\u00a0: MATCH RETOUR<\/strong><\/p>\n\n\n\n<p>Les \u00e9l\u00e8ves des classes de 2<sup>nde<\/sup>, 1<sup>\u00e8re<\/sup> EsaBAC et 1<sup>\u00e8re<\/sup> LVC ont accueilli leurs correspondants milanais du 24 au 31 mars. Ce moment d\u2019amiti\u00e9 et de partage a permis \u00e0 nos \u00e9l\u00e8ves de faire d\u00e9couvrir notre belle r\u00e9gion \u00e0 leurs camarades italiens. <\/p>\n\n\n\n<p>Au programme\u00a0: la visite des ch\u00e2teaux de Roquetaillade et de Cazeneuve, d\u2019Arcachon et\u00a0 du port ostr\u00e9icole de Gujan-Mestras avec d\u00e9gustation d\u2019hu\u00eetres,\u00a0l\u2019escalade de la dune du Pyla, la d\u00e9couverte de la ville de Bordeaux avec ses nombreux monuments et lieux de culture. <\/p>\n\n\n\n<p>Nous tenons \u00e0 remercier les familles pour leur accueil chaleureux et tous ceux qui ont contribu\u00e9 \u00e0 la r\u00e9ussite de ce beau projet\u00a0!<\/p>\n<\/div><\/div>\n\n\n\n<h2 class=\"wp-block-heading\">En 2019<\/h2>\n\n\n\n<p>Cette ann\u00e9e 19 \u00e9l\u00e8ves de Seconde (Sections Europ\u00e9enne et EsaBac) ont particip\u00e9 \u00e0 un \u00e9change avec le lyc\u00e9e Artemisia Gentileschi de Milan, organis\u00e9 par leurs professeurs d&rsquo;italien, Mme de Nardi et Mme Maggini Campan.<\/p>\n\n\n\n<p>Les \u00e9l\u00e8ves fran\u00e7ais sont partis \u00e0 Milan du 8 au 15 f\u00e9vrier. Au programme, entre autres : la visite de la cath\u00e9drale, du ch\u00e2teau Sforzesco, de la Pinacoth\u00e8que de Brera et de ses chefs-d\u2019\u0153uvre de la peinture italienne, la d\u00e9couverte de la ville et du lac de Como.<\/p>\n\n\n\n<p>Les Italiens sont venus du 25 au 31 mars et ont pu d\u00e9couvrir la richesse de notre r\u00e9gion, dont l\u2019incontournable Dune de Pyla.<\/p>\n\n\n\n<p class=\"has-text-align-center has-vivid-cyan-blue-background-color has-background\"><strong>Le bilan de cet \u00e9change a \u00e9t\u00e9 globalement tr\u00e8s positif : une exp\u00e9rience humaine et culturelle tr\u00e8s enrichissante pour tous les participants !<\/strong><\/p>\n\n\n\n<figure class=\"wp-block-gallery columns-2 is-cropped wp-block-gallery-2 is-layout-flex wp-block-gallery-is-layout-flex\"><ul class=\"blocks-gallery-grid\"><li class=\"blocks-gallery-item\"><figure><img loading=\"lazy\" decoding=\"async\" width=\"1024\" height=\"755\" src=\"https:\/\/ent2d.ac-bordeaux.fr\/disciplines\/italien\/wp-content\/uploads\/sites\/12\/2019\/04\/Mi-1024x755.jpg\" alt=\"\" data-id=\"668\" data-link=\"https:\/\/ent2d.ac-bordeaux.fr\/disciplines\/italien\/?attachment_id=668\" class=\"wp-image-668\" srcset=\"https:\/\/ent2d.ac-bordeaux.fr\/disciplines\/italien\/wp-content\/uploads\/sites\/12\/2019\/04\/Mi-1024x755.jpg 1024w, https:\/\/ent2d.ac-bordeaux.fr\/disciplines\/italien\/wp-content\/uploads\/sites\/12\/2019\/04\/Mi-300x221.jpg 300w, https:\/\/ent2d.ac-bordeaux.fr\/disciplines\/italien\/wp-content\/uploads\/sites\/12\/2019\/04\/Mi-768x566.jpg 768w, https:\/\/ent2d.ac-bordeaux.fr\/disciplines\/italien\/wp-content\/uploads\/sites\/12\/2019\/04\/Mi.jpg 1205w\" sizes=\"auto, (max-width: 1024px) 100vw, 1024px\" \/><\/figure><\/li><li class=\"blocks-gallery-item\"><figure><img loading=\"lazy\" decoding=\"async\" width=\"1024\" height=\"575\" src=\"https:\/\/ent2d.ac-bordeaux.fr\/disciplines\/italien\/wp-content\/uploads\/sites\/12\/2019\/04\/Mi1-1024x575.jpg\" alt=\"\" data-id=\"669\" data-link=\"https:\/\/ent2d.ac-bordeaux.fr\/disciplines\/italien\/?attachment_id=669\" class=\"wp-image-669\" srcset=\"https:\/\/ent2d.ac-bordeaux.fr\/disciplines\/italien\/wp-content\/uploads\/sites\/12\/2019\/04\/Mi1-1024x575.jpg 1024w, https:\/\/ent2d.ac-bordeaux.fr\/disciplines\/italien\/wp-content\/uploads\/sites\/12\/2019\/04\/Mi1-300x168.jpg 300w, https:\/\/ent2d.ac-bordeaux.fr\/disciplines\/italien\/wp-content\/uploads\/sites\/12\/2019\/04\/Mi1-768x431.jpg 768w, https:\/\/ent2d.ac-bordeaux.fr\/disciplines\/italien\/wp-content\/uploads\/sites\/12\/2019\/04\/Mi1.jpg 1600w\" sizes=\"auto, (max-width: 1024px) 100vw, 1024px\" \/><\/figure><\/li><\/ul><\/figure>\n\n\n\n<figure class=\"wp-block-embed is-type-video is-provider-youtube wp-block-embed-youtube wp-embed-aspect-16-9 wp-has-aspect-ratio\"><div class=\"wp-block-embed__wrapper\">\nhttps:\/\/www.youtube.com\/watch?v=jq9TqnGc4V0&#038;feature=youtu.be\n<\/div><figcaption>Un vid\u00e9o rendant compte en images de cet \u00e9change scolaire entre Talence et Milan<br><\/figcaption><\/figure>\n\n\n\n<p><\/p>\n","protected":false},"excerpt":{"rendered":"<p>L\u2019\u00e9change Milan &#8211; Talence 2023, Lyc\u00e9e Victor Louis L\u2019\u00e9pid\u00e9mie COVID enfin derri\u00e8re nous,&nbsp; cette ann\u00e9e les professeurs Mme de Nardi, Mme Maggini et M. Fontaine ont pu reprendre l\u2019\u00e9change avec &#8230;<\/p>\n","protected":false},"author":42,"featured_media":0,"parent":39,"menu_order":1,"comment_status":"closed","ping_status":"closed","template":"","meta":{"footnotes":""},"class_list":["post-667","page","type-page","status-publish","hentry"],"_links":{"self":[{"href":"https:\/\/ent2d.ac-bordeaux.fr\/disciplines\/italien\/wp-json\/wp\/v2\/pages\/667","targetHints":{"allow":["GET"]}}],"collection":[{"href":"https:\/\/ent2d.ac-bordeaux.fr\/disciplines\/italien\/wp-json\/wp\/v2\/pages"}],"about":[{"href":"https:\/\/ent2d.ac-bordeaux.fr\/disciplines\/italien\/wp-json\/wp\/v2\/types\/page"}],"author":[{"embeddable":true,"href":"https:\/\/ent2d.ac-bordeaux.fr\/disciplines\/italien\/wp-json\/wp\/v2\/users\/42"}],"replies":[{"embeddable":true,"href":"https:\/\/ent2d.ac-bordeaux.fr\/disciplines\/italien\/wp-json\/wp\/v2\/comments?post=667"}],"version-history":[{"count":7,"href":"https:\/\/ent2d.ac-bordeaux.fr\/disciplines\/italien\/wp-json\/wp\/v2\/pages\/667\/revisions"}],"predecessor-version":[{"id":1303,"href":"https:\/\/ent2d.ac-bordeaux.fr\/disciplines\/italien\/wp-json\/wp\/v2\/pages\/667\/revisions\/1303"}],"up":[{"embeddable":true,"href":"https:\/\/ent2d.ac-bordeaux.fr\/disciplines\/italien\/wp-json\/wp\/v2\/pages\/39"}],"wp:attachment":[{"href":"https:\/\/ent2d.ac-bordeaux.fr\/disciplines\/italien\/wp-json\/wp\/v2\/media?parent=667"}],"curies":[{"name":"wp","href":"https:\/\/api.w.org\/{rel}","templated":true}]}}