{"id":497,"date":"2018-11-28T19:23:54","date_gmt":"2018-11-28T18:23:54","guid":{"rendered":"https:\/\/ent2d.ac-bordeaux.fr\/disciplines\/italien\/?page_id=497"},"modified":"2020-05-06T21:22:43","modified_gmt":"2020-05-06T19:22:43","slug":"outils-et-veille-numeriques","status":"publish","type":"page","link":"https:\/\/ent2d.ac-bordeaux.fr\/disciplines\/italien\/ressources\/outils-et-veille-numeriques\/","title":{"rendered":"Outils et veille num\u00e9riques"},"content":{"rendered":"<p>&gt; Pour ouvrir les liens, passez la souris sur chacune des entr\u00e9es et cliquez.<\/p>\n<ul>\n<li>\n<h5><a href=\"https:\/\/ent2d.ac-bordeaux.fr\/disciplines\/langues\/2018\/10\/02\/tutoriels-outils-numeriques\/\" target=\"_blank\" rel=\"noopener noreferrer\">Tutoriels<\/a> (utilisation des outils num\u00e9riques)<\/h5>\n<\/li>\n<li>\n<h5><a href=\"https:\/\/wakelet.com\/wake\/3b89a936-4d52-4fc7-91d6-4b7cc473ab43\" target=\"_blank\" rel=\"noopener noreferrer\">Outils vid\u00e9o<\/a><\/h5>\n<\/li>\n<li>\n<h5><a href=\"https:\/\/wakelet.com\/wake\/f5243c31-0a22-4ec9-bcab-33f0e2089364\" target=\"_blank\" rel=\"noopener noreferrer\">Outils audio<\/a><\/h5>\n<\/li>\n<li>\n<h5>Autre logiciel en ligne de capture sur YouTube &gt; \u00ab\u00a0<a style=\"font-family: 'Open Sans', Helvetica, Arial, sans-serif;font-size: 16px\" href=\"https:\/\/peggo.tv\/\" target=\"_blank\" rel=\"noopener noreferrer\">https:\/\/peggo.tv\/<\/a><span style=\"color: #555555;font-family: 'Open Sans', Helvetica, Arial, sans-serif;font-size: 16px\">\u00ab\u00a0<\/span><\/h5>\n<\/li>\n<\/ul>\n<p><span style=\"color: #555555;font-family: 'Open Sans', Helvetica, Arial, sans-serif;font-size: 16px\">(il permet aussi de couper la vid\u00e9o ou le mp3 au t\u00e9l\u00e9chargement)<\/span><\/p>\n<ul>\n<li>\n<h5><strong><a href=\"https:\/\/ent2d.ac-bordeaux.fr\/disciplines\/langues\/2018\/10\/10\/la-veille-academique-des-outils-numeriques-pour-le-langues\/\" target=\"_blank\" rel=\"noopener noreferrer\">autres outils<\/a><\/strong>\u00a0(Veille acad\u00e9mique des outils num\u00e9riques pour les langues)<\/h5>\n<\/li>\n<li>\n<h5><a href=\"https:\/\/ent2d.ac-bordeaux.fr\/disciplines\/italien\/2018\/11\/nouveautes\/\" target=\"_blank\" rel=\"noopener noreferrer\">Actualit\u00e9s num\u00e9riques<\/a><\/h5>\n<\/li>\n<li><strong><a href=\"https:\/\/padlet.com\/mlaarh\/31442ebjeixh\" target=\"_blank\" rel=\"noopener noreferrer\">Une riche sitographie pour pratiquer l&rsquo;italien autrement<\/a><\/strong><\/li>\n<\/ul>\n","protected":false},"excerpt":{"rendered":"<p>&gt; Pour ouvrir les liens, passez la souris sur chacune des entr\u00e9es et cliquez. Tutoriels (utilisation des outils num\u00e9riques) Outils vid\u00e9o Outils audio Autre logiciel en ligne de capture sur &#8230;<\/p>\n","protected":false},"author":42,"featured_media":0,"parent":31,"menu_order":0,"comment_status":"closed","ping_status":"closed","template":"","meta":{"footnotes":""},"class_list":["post-497","page","type-page","status-publish","hentry"],"_links":{"self":[{"href":"https:\/\/ent2d.ac-bordeaux.fr\/disciplines\/italien\/wp-json\/wp\/v2\/pages\/497","targetHints":{"allow":["GET"]}}],"collection":[{"href":"https:\/\/ent2d.ac-bordeaux.fr\/disciplines\/italien\/wp-json\/wp\/v2\/pages"}],"about":[{"href":"https:\/\/ent2d.ac-bordeaux.fr\/disciplines\/italien\/wp-json\/wp\/v2\/types\/page"}],"author":[{"embeddable":true,"href":"https:\/\/ent2d.ac-bordeaux.fr\/disciplines\/italien\/wp-json\/wp\/v2\/users\/42"}],"replies":[{"embeddable":true,"href":"https:\/\/ent2d.ac-bordeaux.fr\/disciplines\/italien\/wp-json\/wp\/v2\/comments?post=497"}],"version-history":[{"count":4,"href":"https:\/\/ent2d.ac-bordeaux.fr\/disciplines\/italien\/wp-json\/wp\/v2\/pages\/497\/revisions"}],"predecessor-version":[{"id":849,"href":"https:\/\/ent2d.ac-bordeaux.fr\/disciplines\/italien\/wp-json\/wp\/v2\/pages\/497\/revisions\/849"}],"up":[{"embeddable":true,"href":"https:\/\/ent2d.ac-bordeaux.fr\/disciplines\/italien\/wp-json\/wp\/v2\/pages\/31"}],"wp:attachment":[{"href":"https:\/\/ent2d.ac-bordeaux.fr\/disciplines\/italien\/wp-json\/wp\/v2\/media?parent=497"}],"curies":[{"name":"wp","href":"https:\/\/api.w.org\/{rel}","templated":true}]}}