{"id":480,"date":"2018-11-26T20:36:35","date_gmt":"2018-11-26T19:36:35","guid":{"rendered":"https:\/\/ent2d.ac-bordeaux.fr\/disciplines\/italien\/?page_id=480"},"modified":"2022-09-28T20:22:29","modified_gmt":"2022-09-28T18:22:29","slug":"international","status":"publish","type":"page","link":"https:\/\/ent2d.ac-bordeaux.fr\/disciplines\/italien\/international\/","title":{"rendered":"Ouverture \u00e0 l&rsquo;international"},"content":{"rendered":"\n<h2 class=\"wp-block-heading\"><span class=\"has-inline-color has-very-dark-gray-color\"><strong>PARTENARIAT AVEC LA TOSCANE<\/strong><\/span><\/h2>\n\n\n\n<p><strong><a rel=\"noreferrer noopener\" href=\"https:\/\/ent2d.ac-bordeaux.fr\/disciplines\/italien\/wp-content\/uploads\/sites\/12\/2018\/10\/DAREIC-accords_Toscane_version_italienne_331925.pdf\" target=\"_blank\"><strong>&gt;<\/strong> DAREIC &#8211; Accords Toscane &#8211; Version italienne<\/a>&nbsp;\/&nbsp;<a rel=\"noreferrer noopener\" href=\"https:\/\/ent2d.ac-bordeaux.fr\/disciplines\/italien\/wp-content\/uploads\/sites\/12\/2018\/10\/DAREIC-accords_Toscane_version_francaise_331923.pdf\" target=\"_blank\">Version francaise<\/a><\/strong> <img loading=\"lazy\" decoding=\"async\" width=\"233\" height=\"115\" src=\"https:\/\/ent2d.ac-bordeaux.fr\/disciplines\/italien\/wp-content\/uploads\/sites\/12\/2016\/06\/Dareic-300x148.jpg\" alt=\"\"> <\/p>\n\n\n\n<p><strong>&gt; Echange individuel de la DAREIC entre des lyc\u00e9ens de Fumel et de Florence en Toscane &gt; <a href=\"https:\/\/www.sudouest.fr\/lot-et-garonne\/fumel\/fumel-des-lyceennes-italiennes-en-immersion-au-lycee-francais-12346161.php\" data-type=\"URL\" data-id=\"https:\/\/www.sudouest.fr\/lot-et-garonne\/fumel\/fumel-des-lyceennes-italiennes-en-immersion-au-lycee-francais-12346161.php\" target=\"_blank\" rel=\"noreferrer noopener\">Voir l&rsquo;article paru dans Sud-Ouest<\/a><\/strong><\/p>\n\n\n\n<p><strong><a rel=\"noreferrer noopener\" href=\"https:\/\/www.education.gouv.fr\/bo\/19\/Hebdo47\/MENC1933711C.htm?cid_bo=147714\" target=\"_blank\">&gt; Actions europ\u00e9eennes<\/a><\/strong> <strong><a rel=\"noreferrer noopener\" href=\"https:\/\/eduscol.education.fr\/cid144760\/euroscol-label-des-ecoles-des-etablissements-scolaires.html\" target=\"_blank\">Euroscol<\/a><\/strong> : label des \u00e9coles et \u00e9tablissements scolaires dans une dynamique de projets europ\u00e9ens<\/p>\n\n\n<h2 class=\"rich-text block-editor-rich-text__editable\" role=\"textbox\" aria-label=\"R\u00e9digez un titre\u2026\">eTwinning<\/h2>\n<pre><strong><a href=\"https:\/\/ent2d.ac-bordeaux.fr\/disciplines\/italien\/international\/etwinning\/\" target=\"_blank\" rel=\"noopener noreferrer\"><img loading=\"lazy\" decoding=\"async\" class=\"wp-image-631 alignleft\" src=\"https:\/\/ent2d.ac-bordeaux.fr\/disciplines\/italien\/wp-content\/uploads\/sites\/12\/2019\/02\/t\u00e9l\u00e9chargement-4-300x164.jpg\" alt=\"\" width=\"176\" height=\"96\" srcset=\"https:\/\/ent2d.ac-bordeaux.fr\/disciplines\/italien\/wp-content\/uploads\/sites\/12\/2019\/02\/t\u00e9l\u00e9chargement-4-300x164.jpg 300w, https:\/\/ent2d.ac-bordeaux.fr\/disciplines\/italien\/wp-content\/uploads\/sites\/12\/2019\/02\/t\u00e9l\u00e9chargement-4.jpg 304w\" sizes=\"auto, (max-width: 176px) 100vw, 176px\" \/>&gt; Un exemple de projet e-Twinning<\/a><br \/><br \/><\/strong><\/pre>\n\n\n<h2 class=\"wp-block-heading\"><strong><a href=\"https:\/\/ent2d.ac-bordeaux.fr\/disciplines\/italien\/international\/esabac-diplome-bi-national\/\">SECTIONS EsaBac (<em>Esame di Stato<\/em> + Baccalaur\u00e9at)<\/a><\/strong><\/h2>\n\n\n\n<p>&gt; <strong>EsaBac &#8211; Lyc\u00e9e Victor Louis &#8211; Talence (33)<\/strong><\/p>\n\n\n\n<p>&gt; <strong>EsaBac &#8211; Lyc\u00e9e Leygues-Couffignal &#8211; Villeneuve-sur-Lot (47)<\/strong><\/p>\n\n\n\n<p><\/p>\n\n\n\n<figure class=\"wp-block-embed is-type-video is-provider-youtube wp-block-embed-youtube wp-embed-aspect-16-9 wp-has-aspect-ratio\"><div class=\"wp-block-embed__wrapper\">\nhttps:\/\/youtu.be\/SwowSkHk5Rs\n<\/div><figcaption>La section EsaBAC<\/figcaption><\/figure>\n\n\n\n<p><\/p>\n","protected":false},"excerpt":{"rendered":"<p>PARTENARIAT AVEC LA TOSCANE &gt; DAREIC &#8211; Accords Toscane &#8211; Version italienne&nbsp;\/&nbsp;Version francaise &gt; Echange individuel de la DAREIC entre des lyc\u00e9ens de Fumel et de Florence en Toscane &gt; &#8230;<\/p>\n","protected":false},"author":42,"featured_media":420,"parent":0,"menu_order":0,"comment_status":"closed","ping_status":"closed","template":"","meta":{"footnotes":""},"class_list":["post-480","page","type-page","status-publish","has-post-thumbnail","hentry"],"_links":{"self":[{"href":"https:\/\/ent2d.ac-bordeaux.fr\/disciplines\/italien\/wp-json\/wp\/v2\/pages\/480","targetHints":{"allow":["GET"]}}],"collection":[{"href":"https:\/\/ent2d.ac-bordeaux.fr\/disciplines\/italien\/wp-json\/wp\/v2\/pages"}],"about":[{"href":"https:\/\/ent2d.ac-bordeaux.fr\/disciplines\/italien\/wp-json\/wp\/v2\/types\/page"}],"author":[{"embeddable":true,"href":"https:\/\/ent2d.ac-bordeaux.fr\/disciplines\/italien\/wp-json\/wp\/v2\/users\/42"}],"replies":[{"embeddable":true,"href":"https:\/\/ent2d.ac-bordeaux.fr\/disciplines\/italien\/wp-json\/wp\/v2\/comments?post=480"}],"version-history":[{"count":23,"href":"https:\/\/ent2d.ac-bordeaux.fr\/disciplines\/italien\/wp-json\/wp\/v2\/pages\/480\/revisions"}],"predecessor-version":[{"id":1172,"href":"https:\/\/ent2d.ac-bordeaux.fr\/disciplines\/italien\/wp-json\/wp\/v2\/pages\/480\/revisions\/1172"}],"wp:featuredmedia":[{"embeddable":true,"href":"https:\/\/ent2d.ac-bordeaux.fr\/disciplines\/italien\/wp-json\/wp\/v2\/media\/420"}],"wp:attachment":[{"href":"https:\/\/ent2d.ac-bordeaux.fr\/disciplines\/italien\/wp-json\/wp\/v2\/media?parent=480"}],"curies":[{"name":"wp","href":"https:\/\/api.w.org\/{rel}","templated":true}]}}