{"id":39,"date":"2016-06-11T18:35:05","date_gmt":"2016-06-11T16:35:05","guid":{"rendered":"https:\/\/ent2d.ac-bordeaux.fr\/disciplines\/italien\/?page_id=39"},"modified":"2020-05-15T20:14:39","modified_gmt":"2020-05-15T18:14:39","slug":"mobilite","status":"publish","type":"page","link":"https:\/\/ent2d.ac-bordeaux.fr\/disciplines\/italien\/mobilite\/","title":{"rendered":"Mobilit\u00e9"},"content":{"rendered":"<ul>\n<li>\n<h5><strong>Voyages &amp; \u00c9changes<\/strong><\/h5>\n<\/li>\n<\/ul>\n<pre><strong>&gt; <a href=\"https:\/\/www.diplomatie.gouv.fr\/fr\/conseils-aux-voyageurs\/conseils-par-pays-destination\/italie\/\" target=\"_blank\" rel=\"noopener noreferrer\">France Diplomatie - Italie<\/a>\n&gt; <a href=\"https:\/\/www.service-public.fr\/particuliers\/vosdroits\/F1922\" target=\"_blank\" rel=\"noopener noreferrer\">Documents pour un mineur en voyage \u00e0 l'\u00e9tranger<\/a><\/strong><\/pre>\n<pre><strong>&gt; Modalit\u00e9s d\u2019organisation :<\/strong>\u00a0<a href=\"http:\/\/www.education.gouv.fr\/pid25535\/bulletin_officiel.html?cid_bo=57074\">BO n\u00ba30 du 25 ao\u00fbt 2011<\/a>\u00a0<strong>\/<\/strong>\u00a0<a href=\"http:\/\/eduscol.education.fr\/cid47410\/appariement-nouvelle-procedure.html#lien2\" target=\"_blank\" rel=\"noopener noreferrer\">Proc\u00e9dures<\/a>\u00a0<strong>\/<\/strong>\u00a0<a href=\"https:\/\/ent2d.ac-bordeaux.fr\/disciplines\/italien\/wp-content\/uploads\/sites\/12\/2018\/09\/cerfa-15646-01.pdf\" target=\"_blank\" rel=\"noopener noreferrer\">CERFA <\/a><\/pre>\n<pre><a href=\"https:\/\/ent2d.ac-bordeaux.fr\/disciplines\/italien\/wp-content\/uploads\/sites\/12\/2018\/09\/cerfa-15646-01.pdf\" target=\"_blank\" rel=\"noopener noreferrer\">&gt;\u00a0<\/a><a href=\"http:\/\/evviva.e-monsite.com\/pages\/content\/scuola\/preparativi-gita-scolastica.html\" target=\"_blank\" rel=\"noopener noreferrer\">Un exemple de communication avec les parents<\/a><\/pre>\n<div style=\"text-align: center;border-left: 5px solid pink;width: 80%;margin: auto\">Si vous souhaitez enrichir cet espace, contactez votre IA-IPR,\u00a0<a href=\"http:\/\/disciplines.ac-bordeaux.fr\/interlangues\/?id_category=5&amp;id_rubrique=93#IPR\" target=\"_blank\" rel=\"noopener noreferrer\">M<sup>me<\/sup>\u00a0Carayon<\/a>,<br \/>\nou\u00a0<a href=\"http:\/\/www.italien-aquitaine.fr\/contact.php\" target=\"_blank\" rel=\"noopener noreferrer\">M<sup>me<\/sup>\u00a0Sabathier<\/a>, co-administratrice et co-r\u00e9f\u00e9rente du site.<\/div>\n<ul>\n<li>\n<h5><strong>Vos exp\u00e9riences \u00e0 l\u2019\u00e9tranger<\/strong><\/h5>\n<\/li>\n<\/ul>\n<pre>&gt; Pour partager vos exp\u00e9riences, vous pouvez vous inspirer d'un\u00a0<a href=\"https:\/\/ent2d.ac-bordeaux.fr\/disciplines\/italien\/wp-content\/uploads\/sites\/12\/2018\/10\/Prototype-de-s\u00e9jour-\u00e0-l_C3A9tranger-1.docx\">canevas, \u00e0 t\u00e9l\u00e9charger en cliquant ici.<\/a><\/pre>\n<pre>&gt; <a href=\"https:\/\/view.genial.ly\/5eaaada4eacf4c0d6715b642\/game-breakout-dolce-vita-a-cinecitta\" target=\"_blank\" rel=\"noopener noreferrer\"><em>Un escape game \u00e0 Cinecitt\u00e0<\/em><\/a> par Ariane Barral\nCet <em>escape game<\/em> peut s'ins\u00e9rer dans le cadre d'une mobilit\u00e9 apprenante (de classe ou individuelle) qui par ailleurs peut \u00eatre concomitante \u00e0 de r\u00e9elles mobilit\u00e9s.\n\n&gt; Diff\u00e9rents projets d\u00e9j\u00e0 publi\u00e9s : <a href=\"https:\/\/ent2d.ac-bordeaux.fr\/disciplines\/italien\/mobilite\/evli-euro-voyageur-lyceen-investi-un-projet-erasmus\/\" target=\"_blank\" rel=\"noopener noreferrer\">Erasmus+ EVLI<\/a> \/ <a href=\"https:\/\/ent2d.ac-bordeaux.fr\/disciplines\/italien\/mobilite\/echange-avec-milan-lombardie\/\" target=\"_blank\" rel=\"noopener noreferrer\">Echange avec Milan (Lombardie)<\/a> <strong>\/<\/strong> <a href=\"https:\/\/ent2d.ac-bordeaux.fr\/disciplines\/italien\/ouverture-a-linternational\/echange-avec-pesaro-commune-des-marches\/\" target=\"_blank\" rel=\"noopener noreferrer\">Echange avec Pesaro (Marches)<\/a> <strong>\/<\/strong> <a href=\"https:\/\/ent2d.ac-bordeaux.fr\/disciplines\/italien\/ouverture-a-linternational\/echange-avec-poggio-mirteto-latium\/\" target=\"_blank\" rel=\"noopener noreferrer\">Echange avec Poggio Mirteto (Latium)<\/a><strong> \/<\/strong> <a href=\"https:\/\/ent2d.ac-bordeaux.fr\/disciplines\/italien\/ouverture-a-linternational\/echange-avec-pise-en-toscane\/\" target=\"_blank\" rel=\"noopener noreferrer\">Echange avec Pise (Toscane)<\/a> <strong>\/<\/strong>\u00a0<a href=\"https:\/\/ent2d.ac-bordeaux.fr\/disciplines\/italien\/ouverture-a-linternational\/echange-avec-fasano-commune-des-pouilles\/\" target=\"_blank\" rel=\"noopener noreferrer\">\u00c9change avec Fasano (Pouilles)<\/a><\/pre>\n","protected":false},"excerpt":{"rendered":"<p>Voyages &amp; \u00c9changes &gt; France Diplomatie &#8211; Italie &gt; Documents pour un mineur en voyage \u00e0 l&rsquo;\u00e9tranger &gt; Modalit\u00e9s d\u2019organisation :\u00a0BO n\u00ba30 du 25 ao\u00fbt 2011\u00a0\/\u00a0Proc\u00e9dures\u00a0\/\u00a0CERFA &gt;\u00a0Un exemple de communication &#8230;<\/p>\n","protected":false},"author":41,"featured_media":477,"parent":0,"menu_order":4,"comment_status":"closed","ping_status":"closed","template":"","meta":{"footnotes":""},"class_list":["post-39","page","type-page","status-publish","has-post-thumbnail","hentry"],"_links":{"self":[{"href":"https:\/\/ent2d.ac-bordeaux.fr\/disciplines\/italien\/wp-json\/wp\/v2\/pages\/39","targetHints":{"allow":["GET"]}}],"collection":[{"href":"https:\/\/ent2d.ac-bordeaux.fr\/disciplines\/italien\/wp-json\/wp\/v2\/pages"}],"about":[{"href":"https:\/\/ent2d.ac-bordeaux.fr\/disciplines\/italien\/wp-json\/wp\/v2\/types\/page"}],"author":[{"embeddable":true,"href":"https:\/\/ent2d.ac-bordeaux.fr\/disciplines\/italien\/wp-json\/wp\/v2\/users\/41"}],"replies":[{"embeddable":true,"href":"https:\/\/ent2d.ac-bordeaux.fr\/disciplines\/italien\/wp-json\/wp\/v2\/comments?post=39"}],"version-history":[{"count":60,"href":"https:\/\/ent2d.ac-bordeaux.fr\/disciplines\/italien\/wp-json\/wp\/v2\/pages\/39\/revisions"}],"predecessor-version":[{"id":864,"href":"https:\/\/ent2d.ac-bordeaux.fr\/disciplines\/italien\/wp-json\/wp\/v2\/pages\/39\/revisions\/864"}],"wp:featuredmedia":[{"embeddable":true,"href":"https:\/\/ent2d.ac-bordeaux.fr\/disciplines\/italien\/wp-json\/wp\/v2\/media\/477"}],"wp:attachment":[{"href":"https:\/\/ent2d.ac-bordeaux.fr\/disciplines\/italien\/wp-json\/wp\/v2\/media?parent=39"}],"curies":[{"name":"wp","href":"https:\/\/api.w.org\/{rel}","templated":true}]}}