{"id":320,"date":"2018-09-10T15:11:45","date_gmt":"2018-09-10T13:11:45","guid":{"rendered":"https:\/\/ent2d.ac-bordeaux.fr\/disciplines\/italien\/?page_id=320"},"modified":"2025-01-29T18:06:44","modified_gmt":"2025-01-29T17:06:44","slug":"sequences-il-giallo","status":"publish","type":"page","link":"https:\/\/ent2d.ac-bordeaux.fr\/disciplines\/italien\/ressources\/sequences-il-giallo\/","title":{"rendered":"S\u00e9quences et Supports"},"content":{"rendered":"\n<h2 class=\"wp-block-heading has-text-align-center has-black-color has-cyan-bluish-gray-background-color has-text-color has-background has-link-color wp-elements-b590bbf2a9285e0907b98b45b43b8d9a\">Activit\u00e9s p\u00e9dagogiques<\/h2>\n\n\n\n<h3 class=\"wp-block-heading has-text-align-center has-vivid-green-cyan-color has-text-color has-link-color has-medium-font-size wp-elements-344563c0da0cb77e41695a32eca7e12e\">Supports et s\u00e9quences, coll\u00e8ge et lyc\u00e9e<\/h3>\n\n\n\n<p class=\"has-text-align-center has-vivid-red-color has-cyan-bluish-gray-background-color has-text-color has-background has-link-color wp-elements-11dedcf93684918fe7f7d776e8e64174\"><strong>SUPPORTS PEDAGOGIQUES<\/strong><\/p>\n\n\n\n<blockquote class=\"wp-block-quote is-layout-flow wp-block-quote-is-layout-flow\">\n<p><strong>Voici deux maquettes de publication \u00e0 t\u00e9l\u00e9charger :<\/strong><\/p>\n\n\n\n<ul class=\"wp-block-list\">\n<li>Maquette de publication de ressource p\u00e9dagogique (inter)disciplinaire) :<\/li>\n<\/ul>\n\n\n\n<div class=\"wp-block-file\"><a id=\"wp-block-file--media-d9d71a17-8b26-4bd1-b369-8d486e47df4b\" href=\"https:\/\/ent2d.ac-bordeaux.fr\/disciplines\/italien\/wp-content\/uploads\/sites\/12\/2024\/11\/2024-Maquette-publication-ressources-1.docx\">2024-Maquette-publication-ressources<\/a><a href=\"https:\/\/ent2d.ac-bordeaux.fr\/disciplines\/italien\/wp-content\/uploads\/sites\/12\/2024\/11\/2024-Maquette-publication-ressources-1.docx\" class=\"wp-block-file__button wp-element-button\" download aria-describedby=\"wp-block-file--media-d9d71a17-8b26-4bd1-b369-8d486e47df4b\">T\u00e9l\u00e9charger<\/a><\/div>\n<\/blockquote>\n\n\n\n<blockquote class=\"wp-block-quote is-layout-flow wp-block-quote-is-layout-flow\">\n<ul class=\"wp-block-list\">\n<li>Maquette de publication de projet (inter)disciplinaire :<\/li>\n<\/ul>\n\n\n\n<div class=\"wp-block-file\"><a id=\"wp-block-file--media-16d6cc14-21a3-427f-80e0-32aeccb1cab5\" href=\"https:\/\/ent2d.ac-bordeaux.fr\/disciplines\/italien\/wp-content\/uploads\/sites\/12\/2024\/11\/2024-Maquette-publication-projet.docx\">2024-Maquette-publication-projet<\/a><a href=\"https:\/\/ent2d.ac-bordeaux.fr\/disciplines\/italien\/wp-content\/uploads\/sites\/12\/2024\/11\/2024-Maquette-publication-projet.docx\" class=\"wp-block-file__button wp-element-button\" download aria-describedby=\"wp-block-file--media-16d6cc14-21a3-427f-80e0-32aeccb1cab5\">T\u00e9l\u00e9charger<\/a><\/div>\n<\/blockquote>\n\n\n\n<blockquote class=\"wp-block-quote is-layout-flow wp-block-quote-is-layout-flow\">\n<ul class=\"wp-block-list\">\n<li><em><strong>Deux ressources p\u00e9dagogiques \u00e0 t\u00e9l\u00e9charger : Tetraiuto et Badges<\/strong> <strong>de comp\u00e9tences<\/strong><\/em> (au format PDF et PowerPoint)<\/li>\n<\/ul>\n\n\n\n<div data-wp-interactive=\"core\/file\" class=\"wp-block-file\"><object data-wp-bind--hidden=\"!state.hasPdfPreview\" hidden class=\"wp-block-file__embed\" data=\"https:\/\/ent2d.ac-bordeaux.fr\/disciplines\/italien\/wp-content\/uploads\/sites\/12\/2025\/01\/2025.janvier-Ressources-Tetraiuto-1.pdf\" type=\"application\/pdf\" style=\"width:100%;height:600px\" aria-label=\"Contenu embarqu\u00e9 Ressources-Tetraiuto-1.\"><\/object><a id=\"wp-block-file--media-08981ace-9071-4e3c-a68d-322844d0557e\" href=\"https:\/\/ent2d.ac-bordeaux.fr\/disciplines\/italien\/wp-content\/uploads\/sites\/12\/2025\/01\/2025.janvier-Ressources-Tetraiuto-1.pdf\">Ressources-Tetraiuto-1<\/a><a href=\"https:\/\/ent2d.ac-bordeaux.fr\/disciplines\/italien\/wp-content\/uploads\/sites\/12\/2025\/01\/2025.janvier-Ressources-Tetraiuto-1.pdf\" class=\"wp-block-file__button wp-element-button\" download aria-describedby=\"wp-block-file--media-08981ace-9071-4e3c-a68d-322844d0557e\">T\u00e9l\u00e9charger<\/a><\/div>\n\n\n\n<div class=\"wp-block-file\"><a id=\"wp-block-file--media-06d6bb1f-e6b5-42bd-b65a-99b7577e7985\" href=\"https:\/\/ent2d.ac-bordeaux.fr\/disciplines\/italien\/wp-content\/uploads\/sites\/12\/2025\/01\/2025.janvier-Ressources-Tetraiuto-3.pptx\">Ressources-Tetraiuto-3<\/a><a href=\"https:\/\/ent2d.ac-bordeaux.fr\/disciplines\/italien\/wp-content\/uploads\/sites\/12\/2025\/01\/2025.janvier-Ressources-Tetraiuto-3.pptx\" class=\"wp-block-file__button wp-element-button\" download aria-describedby=\"wp-block-file--media-06d6bb1f-e6b5-42bd-b65a-99b7577e7985\">T\u00e9l\u00e9charger<\/a><\/div>\n\n\n\n<div data-wp-interactive=\"core\/file\" class=\"wp-block-file\"><object data-wp-bind--hidden=\"!state.hasPdfPreview\" hidden class=\"wp-block-file__embed\" data=\"https:\/\/ent2d.ac-bordeaux.fr\/disciplines\/italien\/wp-content\/uploads\/sites\/12\/2025\/01\/2025-Ressources-Badges-3.pdf\" type=\"application\/pdf\" style=\"width:100%;height:600px\" aria-label=\"Contenu embarqu\u00e9 Ressources-Badges-3.\"><\/object><a id=\"wp-block-file--media-a39b0719-25b7-4707-8dbc-ece3122c3a3d\" href=\"https:\/\/ent2d.ac-bordeaux.fr\/disciplines\/italien\/wp-content\/uploads\/sites\/12\/2025\/01\/2025-Ressources-Badges-3.pdf\">Ressources-Badges-3<\/a><a href=\"https:\/\/ent2d.ac-bordeaux.fr\/disciplines\/italien\/wp-content\/uploads\/sites\/12\/2025\/01\/2025-Ressources-Badges-3.pdf\" class=\"wp-block-file__button wp-element-button\" download aria-describedby=\"wp-block-file--media-a39b0719-25b7-4707-8dbc-ece3122c3a3d\">T\u00e9l\u00e9charger<\/a><\/div>\n\n\n\n<div class=\"wp-block-file\"><a id=\"wp-block-file--media-044ae17c-b27a-4801-8dea-3d6fdb7eb5f2\" href=\"https:\/\/ent2d.ac-bordeaux.fr\/disciplines\/italien\/wp-content\/uploads\/sites\/12\/2025\/01\/2025-Ressources-Badges-1.pptx\">Ressources-Badges-1<\/a><a href=\"https:\/\/ent2d.ac-bordeaux.fr\/disciplines\/italien\/wp-content\/uploads\/sites\/12\/2025\/01\/2025-Ressources-Badges-1.pptx\" class=\"wp-block-file__button wp-element-button\" download aria-describedby=\"wp-block-file--media-044ae17c-b27a-4801-8dea-3d6fdb7eb5f2\">T\u00e9l\u00e9charger<\/a><\/div>\n<\/blockquote>\n\n\n\n<blockquote class=\"wp-block-quote is-layout-flow wp-block-quote-is-layout-flow\">\n<ul class=\"wp-block-list\">\n<li><strong><em>Fiche d&rsquo;auto-\u00e9valuation de la participation orale en classe<\/em><\/strong><em> <strong>\u00e0 t\u00e9l\u00e9charger :<\/strong><\/em><\/li>\n<\/ul>\n\n\n\n<div data-wp-interactive=\"core\/file\" class=\"wp-block-file\"><object data-wp-bind--hidden=\"!state.hasPdfPreview\" hidden class=\"wp-block-file__embed\" data=\"https:\/\/ent2d.ac-bordeaux.fr\/disciplines\/italien\/wp-content\/uploads\/sites\/12\/2025\/01\/Fiche-dauto-evaluation-de-la-participation-orale.pdf\" type=\"application\/pdf\" style=\"width:100%;height:600px\" aria-label=\"Contenu embarqu\u00e9 Fiche-dauto-evaluation-de-la-participation-orale.\"><\/object><a id=\"wp-block-file--media-9e2abc58-57f3-4d38-bf0d-2b7409a5f5cb\" href=\"https:\/\/ent2d.ac-bordeaux.fr\/disciplines\/italien\/wp-content\/uploads\/sites\/12\/2025\/01\/Fiche-dauto-evaluation-de-la-participation-orale.pdf\">Fiche-dauto-evaluation-de-la-participation-orale<\/a><a href=\"https:\/\/ent2d.ac-bordeaux.fr\/disciplines\/italien\/wp-content\/uploads\/sites\/12\/2025\/01\/Fiche-dauto-evaluation-de-la-participation-orale.pdf\" class=\"wp-block-file__button wp-element-button\" download aria-describedby=\"wp-block-file--media-9e2abc58-57f3-4d38-bf0d-2b7409a5f5cb\">T\u00e9l\u00e9charger<\/a><\/div>\n<\/blockquote>\n\n\n\n<blockquote class=\"wp-block-quote is-layout-flow wp-block-quote-is-layout-flow\">\n<ul class=\"wp-block-list\">\n<li><strong>Propositions d&rsquo;activit\u00e9s \u00e0 ins\u00e9rer dans un carnet de voyage :<\/strong><\/li>\n<\/ul>\n\n\n\n<div data-wp-interactive=\"core\/file\" class=\"wp-block-file\"><object data-wp-bind--hidden=\"!state.hasPdfPreview\" hidden class=\"wp-block-file__embed\" data=\"https:\/\/ent2d.ac-bordeaux.fr\/disciplines\/italien\/wp-content\/uploads\/sites\/12\/2025\/01\/Fiche-dactivites-en-voyage-scolaire.pdf\" type=\"application\/pdf\" style=\"width:100%;height:600px\" aria-label=\"Contenu embarqu\u00e9 Fiche-dactivites-en-voyage-scolaire.\"><\/object><a id=\"wp-block-file--media-4a73c18a-aaf8-4b29-8ea9-02bbe4db98a8\" href=\"https:\/\/ent2d.ac-bordeaux.fr\/disciplines\/italien\/wp-content\/uploads\/sites\/12\/2025\/01\/Fiche-dactivites-en-voyage-scolaire.pdf\">Fiche-dactivites-en-voyage-scolaire<\/a><a href=\"https:\/\/ent2d.ac-bordeaux.fr\/disciplines\/italien\/wp-content\/uploads\/sites\/12\/2025\/01\/Fiche-dactivites-en-voyage-scolaire.pdf\" class=\"wp-block-file__button wp-element-button\" download aria-describedby=\"wp-block-file--media-4a73c18a-aaf8-4b29-8ea9-02bbe4db98a8\">T\u00e9l\u00e9charger<\/a><\/div>\n<\/blockquote>\n\n\n\n<blockquote class=\"wp-block-quote is-layout-flow wp-block-quote-is-layout-flow\">\n<ul class=\"wp-block-list\">\n<li><strong>Mod\u00e8les de premi\u00e8re page de cahier de coll\u00e9giens \u00e0 t\u00e9l\u00e9charger :<\/strong><\/li>\n<\/ul>\n\n\n\n<div data-wp-interactive=\"core\/file\" class=\"wp-block-file\"><object data-wp-bind--hidden=\"!state.hasPdfPreview\" hidden class=\"wp-block-file__embed\" data=\"https:\/\/ent2d.ac-bordeaux.fr\/disciplines\/italien\/wp-content\/uploads\/sites\/12\/2025\/01\/1a-pagina-quaderno-Cuore-3a.pdf\" type=\"application\/pdf\" style=\"width:100%;height:600px\" aria-label=\"Contenu embarqu\u00e9 1a-pagina-quaderno-Cuore-3a.\"><\/object><a id=\"wp-block-file--media-05a1611b-32fa-4316-aeb4-a0a7a171f1c1\" href=\"https:\/\/ent2d.ac-bordeaux.fr\/disciplines\/italien\/wp-content\/uploads\/sites\/12\/2025\/01\/1a-pagina-quaderno-Cuore-3a.pdf\">1a-pagina-quaderno-Cuore-3a<\/a><a href=\"https:\/\/ent2d.ac-bordeaux.fr\/disciplines\/italien\/wp-content\/uploads\/sites\/12\/2025\/01\/1a-pagina-quaderno-Cuore-3a.pdf\" class=\"wp-block-file__button wp-element-button\" download aria-describedby=\"wp-block-file--media-05a1611b-32fa-4316-aeb4-a0a7a171f1c1\">T\u00e9l\u00e9charger<\/a><\/div>\n\n\n\n<div data-wp-interactive=\"core\/file\" class=\"wp-block-file\"><object data-wp-bind--hidden=\"!state.hasPdfPreview\" hidden class=\"wp-block-file__embed\" data=\"https:\/\/ent2d.ac-bordeaux.fr\/disciplines\/italien\/wp-content\/uploads\/sites\/12\/2025\/01\/1a-pagina-quaderno-Macchia-3a.pdf\" type=\"application\/pdf\" style=\"width:100%;height:600px\" aria-label=\"Contenu embarqu\u00e9 1a-pagina-quaderno-Macchia-3a.\"><\/object><a id=\"wp-block-file--media-e8ff147b-100a-4ccf-bcdd-fc847e563c76\" href=\"https:\/\/ent2d.ac-bordeaux.fr\/disciplines\/italien\/wp-content\/uploads\/sites\/12\/2025\/01\/1a-pagina-quaderno-Macchia-3a.pdf\">1a-pagina-quaderno-Macchia-3a<\/a><a href=\"https:\/\/ent2d.ac-bordeaux.fr\/disciplines\/italien\/wp-content\/uploads\/sites\/12\/2025\/01\/1a-pagina-quaderno-Macchia-3a.pdf\" class=\"wp-block-file__button wp-element-button\" download aria-describedby=\"wp-block-file--media-e8ff147b-100a-4ccf-bcdd-fc847e563c76\">T\u00e9l\u00e9charger<\/a><\/div>\n\n\n\n<div data-wp-interactive=\"core\/file\" class=\"wp-block-file\"><object data-wp-bind--hidden=\"!state.hasPdfPreview\" hidden class=\"wp-block-file__embed\" data=\"https:\/\/ent2d.ac-bordeaux.fr\/disciplines\/italien\/wp-content\/uploads\/sites\/12\/2025\/01\/Il-mio-quaderno-ditaliano-Italia.pdf\" type=\"application\/pdf\" style=\"width:100%;height:600px\" aria-label=\"Contenu embarqu\u00e9 Il-mio-quaderno-ditaliano-Italia.\"><\/object><a id=\"wp-block-file--media-4f1d2727-9722-4bfd-bf1e-a74e5fdf3e1c\" href=\"https:\/\/ent2d.ac-bordeaux.fr\/disciplines\/italien\/wp-content\/uploads\/sites\/12\/2025\/01\/Il-mio-quaderno-ditaliano-Italia.pdf\">Il-mio-quaderno-ditaliano-Italia<\/a><a href=\"https:\/\/ent2d.ac-bordeaux.fr\/disciplines\/italien\/wp-content\/uploads\/sites\/12\/2025\/01\/Il-mio-quaderno-ditaliano-Italia.pdf\" class=\"wp-block-file__button wp-element-button\" download aria-describedby=\"wp-block-file--media-4f1d2727-9722-4bfd-bf1e-a74e5fdf3e1c\">T\u00e9l\u00e9charger<\/a><\/div>\n<\/blockquote>\n\n\n\n<blockquote class=\"wp-block-quote is-layout-flow wp-block-quote-is-layout-flow\">\n<ul class=\"wp-block-list\">\n<li><strong><em>Fiche d&rsquo;\u00e9valuation dans le cadre d&rsquo;une interaction orale \u00e0 t\u00e9l\u00e9charger :<\/em><\/strong><\/li>\n<\/ul>\n\n\n\n<div data-wp-interactive=\"core\/file\" class=\"wp-block-file\"><object data-wp-bind--hidden=\"!state.hasPdfPreview\" hidden class=\"wp-block-file__embed\" data=\"https:\/\/ent2d.ac-bordeaux.fr\/disciplines\/italien\/wp-content\/uploads\/sites\/12\/2025\/01\/Fiche-devaluation-de-la-prise-de-parole-en-interaction.pdf\" type=\"application\/pdf\" style=\"width:100%;height:600px\" aria-label=\"Contenu embarqu\u00e9 Fiche-devaluation-de-la-prise-de-parole-en-interaction.\"><\/object><a id=\"wp-block-file--media-198a8c3d-9e87-4570-85cf-ee858344de0f\" href=\"https:\/\/ent2d.ac-bordeaux.fr\/disciplines\/italien\/wp-content\/uploads\/sites\/12\/2025\/01\/Fiche-devaluation-de-la-prise-de-parole-en-interaction.pdf\">Fiche-devaluation-de-la-prise-de-parole-en-interaction<\/a><a href=\"https:\/\/ent2d.ac-bordeaux.fr\/disciplines\/italien\/wp-content\/uploads\/sites\/12\/2025\/01\/Fiche-devaluation-de-la-prise-de-parole-en-interaction.pdf\" class=\"wp-block-file__button wp-element-button\" download aria-describedby=\"wp-block-file--media-198a8c3d-9e87-4570-85cf-ee858344de0f\">T\u00e9l\u00e9charger<\/a><\/div>\n<\/blockquote>\n\n\n\n<p><\/p>\n\n\n\n<p class=\"has-text-align-center has-vivid-red-color has-cyan-bluish-gray-background-color has-text-color has-background has-link-color has-small-font-size wp-elements-b59b50b1580ae867c99fa039fe9bc089\"><strong>PROJETS ET PROPOSITIONS DE SEQUENCES PEDAGOGIQUES<\/strong><\/p>\n\n\n\n<blockquote class=\"wp-block-quote is-layout-flow wp-block-quote-is-layout-flow\">\n<ul class=\"wp-block-list\">\n<li><strong>L&rsquo;art de la marionnette &#8211; Marion Dargent &#8211; Coll\u00e8ge Ausone \u00e0 Bordeaux<\/strong><\/li>\n<\/ul>\n\n\n<div class=\"wp-block-image\">\n<figure class=\"aligncenter size-full is-resized\"><img loading=\"lazy\" decoding=\"async\" width=\"449\" height=\"599\" src=\"https:\/\/ent2d.ac-bordeaux.fr\/disciplines\/italien\/wp-content\/uploads\/sites\/12\/2024\/04\/Pinocchio.jpg\" alt=\"\" class=\"wp-image-1427\" style=\"width:125px;height:auto\" srcset=\"https:\/\/ent2d.ac-bordeaux.fr\/disciplines\/italien\/wp-content\/uploads\/sites\/12\/2024\/04\/Pinocchio.jpg 449w, https:\/\/ent2d.ac-bordeaux.fr\/disciplines\/italien\/wp-content\/uploads\/sites\/12\/2024\/04\/Pinocchio-225x300.jpg 225w\" sizes=\"auto, (max-width: 449px) 100vw, 449px\" \/><\/figure>\n<\/div>\n\n\n<div data-wp-interactive=\"core\/file\" class=\"wp-block-file\"><object data-wp-bind--hidden=\"!state.hasPdfPreview\" hidden class=\"wp-block-file__embed\" data=\"https:\/\/ent2d.ac-bordeaux.fr\/disciplines\/italien\/wp-content\/uploads\/sites\/12\/2025\/01\/publication-progetto-Pinocchio.pdf\" type=\"application\/pdf\" style=\"width:100%;height:600px\" aria-label=\"Contenu embarqu\u00e9 publication-progetto-Pinocchio.\"><\/object><a id=\"wp-block-file--media-5aa0ee8e-bf2b-4466-9ef3-8efc04293ffd\" href=\"https:\/\/ent2d.ac-bordeaux.fr\/disciplines\/italien\/wp-content\/uploads\/sites\/12\/2025\/01\/publication-progetto-Pinocchio.pdf\">publication-progetto-Pinocchio<\/a><a href=\"https:\/\/ent2d.ac-bordeaux.fr\/disciplines\/italien\/wp-content\/uploads\/sites\/12\/2025\/01\/publication-progetto-Pinocchio.pdf\" class=\"wp-block-file__button wp-element-button\" download aria-describedby=\"wp-block-file--media-5aa0ee8e-bf2b-4466-9ef3-8efc04293ffd\">T\u00e9l\u00e9charger<\/a><\/div>\n<\/blockquote>\n\n\n\n<blockquote class=\"wp-block-quote is-layout-flow wp-block-quote-is-layout-flow\">\n<ul class=\"wp-block-list\">\n<li><strong>Projet d&rsquo;\u00e9change culturel et linguistique propos\u00e9 par madame D&rsquo;Anastasi <em>\u00ab&nbsp;Scambio culturale e linguistico: Rinascimento e Umanesimo&nbsp;\u00bb<\/em> :<\/strong><\/li>\n<\/ul>\n\n\n\n<div class=\"wp-block-file\"><a id=\"wp-block-file--media-502519d5-e984-40d5-b7aa-fd7e02d3bbbc\" href=\"https:\/\/ent2d.ac-bordeaux.fr\/disciplines\/italien\/wp-content\/uploads\/sites\/12\/2024\/11\/2024-DAnastasi-Sarah-Scambio-culturale-e-linguistico.docx\">2024-DAnastasi-Sarah-Scambio-culturale-e-linguistico<\/a><a href=\"https:\/\/ent2d.ac-bordeaux.fr\/disciplines\/italien\/wp-content\/uploads\/sites\/12\/2024\/11\/2024-DAnastasi-Sarah-Scambio-culturale-e-linguistico.docx\" class=\"wp-block-file__button wp-element-button\" download aria-describedby=\"wp-block-file--media-502519d5-e984-40d5-b7aa-fd7e02d3bbbc\">T\u00e9l\u00e9charger<\/a><\/div>\n<\/blockquote>\n\n\n<ul>\n<li><strong><a href=\"https:\/\/view.genial.ly\/5eaaada4eacf4c0d6715b642\/game-breakout-dolce-vita-a-cinecitta\" target=\"_blank\" rel=\"noopener noreferrer\"><em>Un escape game \u00e0 Cinecitt\u00e0<\/em><\/a><\/strong> <strong>par Ariane Barral<\/strong><\/li>\n<\/ul>\n<p><img loading=\"lazy\" decoding=\"async\" class=\"aligncenter\" src=\"https:\/\/www.bonjourlaffiche.com\/1870-large_default\/la-vespa-a-cinecitta-roma-2018.jpg\" alt=\"Affiche de Collection - Roma, La Vespa a Cinecitt\u00e0, 2018\" width=\"196\" height=\"196\" \/><\/p>\n<p style=\"text-align: center\">Cet <em>escape game<\/em> peut s&rsquo;ins\u00e9rer dans le cadre d&rsquo;une mobilit\u00e9 apprenante (de classe ou individuelle) qui par ailleurs peut \u00eatre concomitante \u00e0 de r\u00e9elles mobilit\u00e9s.<\/p>\n<ul>\n<li style=\"text-align: left\"><a href=\"https:\/\/view.genial.ly\/5ece700995a58b0d8d8c732c\/presentation-alla-scoperta-di-leonardo\" target=\"_blank\" rel=\"noopener noreferrer\"><strong><em>Un escape game de g\u00e9nie sur Leonardo qui se pr\u00eate au jeu<\/em><\/strong><\/a>, <strong>par Marion Dargent<\/strong><\/li>\n<\/ul>\n<p><img loading=\"lazy\" decoding=\"async\" class=\"wp-image-905 aligncenter\" src=\"https:\/\/ent2d.ac-bordeaux.fr\/disciplines\/italien\/wp-content\/uploads\/sites\/12\/2020\/06\/Leonardo_self-191x300.jpg\" alt=\"\" width=\"113\" height=\"178\" srcset=\"https:\/\/ent2d.ac-bordeaux.fr\/disciplines\/italien\/wp-content\/uploads\/sites\/12\/2020\/06\/Leonardo_self-191x300.jpg 191w, https:\/\/ent2d.ac-bordeaux.fr\/disciplines\/italien\/wp-content\/uploads\/sites\/12\/2020\/06\/Leonardo_self.jpg 420w\" sizes=\"auto, (max-width: 113px) 100vw, 113px\" \/><\/p>\n<ul>\n<li><em><strong>La commedia dell&rsquo;arte<\/strong><\/em> <strong>par Marion Dargent<\/strong><\/li>\n<\/ul>\n<p style=\"text-align: center\"><img loading=\"lazy\" decoding=\"async\" class=\"alignnone size-medium wp-image-775\" src=\"https:\/\/ent2d.ac-bordeaux.fr\/disciplines\/italien\/wp-content\/uploads\/sites\/12\/2019\/09\/commedia-arte-231x300.jpg\" alt=\"\" width=\"231\" height=\"300\" srcset=\"https:\/\/ent2d.ac-bordeaux.fr\/disciplines\/italien\/wp-content\/uploads\/sites\/12\/2019\/09\/commedia-arte-231x300.jpg 231w, https:\/\/ent2d.ac-bordeaux.fr\/disciplines\/italien\/wp-content\/uploads\/sites\/12\/2019\/09\/commedia-arte.jpg 300w\" sizes=\"auto, (max-width: 231px) 100vw, 231px\" \/><\/p>\n<p><strong>&gt; Projet final :<\/strong> scenetta da creare e da recitare<\/p>\n<p><strong>&gt; T\u00e9l\u00e9charger la s\u00e9quence : <a href=\"https:\/\/ent2d.ac-bordeaux.fr\/disciplines\/italien\/wp-content\/uploads\/sites\/12\/2020\/10\/wetransfer-7af900.zip\">Commedia dell&rsquo;arte<\/a> (dossiers professeur et \u00e9l\u00e8ves) \/ <a href=\"https:\/\/ent2d.ac-bordeaux.fr\/disciplines\/italien\/wp-content\/uploads\/sites\/12\/2019\/09\/grille-\u00e9valuation-Commedia-dellarte.odt\">Grille d&rsquo;\u00e9valuation<\/a> \/\u00a0<a href=\"https:\/\/ent2d.ac-bordeaux.fr\/disciplines\/italien\/wp-content\/uploads\/sites\/12\/2019\/09\/Ma\u00eetrise-phonologique-Bilan-stages-2019-r\u00e9forme-du-lyc\u00e9e-M.-DARGENT.docx\">Ma\u00eetrise phonologique &#8211; Bilan stages 2019 &#8211; R\u00e9forme du lyc\u00e9e<\/a><\/strong><\/p>\n<ul>\n<li>\n<h5><em><strong>Il giallo <\/strong><\/em>par Christel Sabathier<\/h5>\n<\/li>\n<\/ul>\n<p style=\"text-align: center\"><img loading=\"lazy\" decoding=\"async\" class=\"alignnone size-full wp-image-774\" src=\"https:\/\/ent2d.ac-bordeaux.fr\/disciplines\/italien\/wp-content\/uploads\/sites\/12\/2019\/09\/images-1.jpg\" alt=\"\" width=\"210\" height=\"240\" \/><\/p>\n<pre><strong>- Entr\u00e9e culturelle :<\/strong><em style=\"color: #333333;font-family: 'Pontano Sans', arial, sans-serif;font-size: 14px;text-align: center\"> Langage et soci\u00e9t\u00e9\u00a0\u2013\u00a0<\/em><span style=\"color: #333333;font-family: 'Pontano Sans', arial, sans-serif;font-size: 14px;text-align: center\">Sujet d\u2019\u00e9tude : Monde de la justice et langage policier<\/span>\n<strong>&gt; Projet final :<\/strong> <em>Gioco interattivo del tribunale\u00a0\n<strong>\u2192<\/strong><\/em><strong> T\u00e9l\u00e9charger la s\u00e9quence :<\/strong>\u00a0<strong><a href=\"https:\/\/ent2d.ac-bordeaux.fr\/disciplines\/italien\/wp-content\/uploads\/sites\/12\/2018\/09\/Giallo-Pdf.zip\">Giallo - Pdf<\/a><\/strong><\/pre>\n<ul>\n<li id=\"numeroAureo\">\n<h5><strong><em>Il numero d\u2019oro<\/em> di Leonardo<\/strong>\u00a0par Mariagiovanna Andrigo<\/h5>\n<\/li>\n<\/ul>\n<p style=\"text-align: center\"><img loading=\"lazy\" decoding=\"async\" class=\"alignnone size-full wp-image-772\" src=\"https:\/\/ent2d.ac-bordeaux.fr\/disciplines\/italien\/wp-content\/uploads\/sites\/12\/2019\/09\/t\u00e9l\u00e9chargement.png\" alt=\"\" width=\"283\" height=\"178\" \/><\/p>\n<pre><strong>- Projet interdisciplinaire\u00a0:<\/strong> italien, histoire de l\u2019art, math\u00e9matiques.\n<strong>- Notion :<\/strong> L\u2019art de vivre ensemble. M\u00e9moire\u00a0: h\u00e9ritages et ruptures.\n<strong>&gt; Projet final\u00a0:<\/strong> cr\u00e9ation de deux panneaux bilingues (historique, math\u00e9matique) autour du nombre irrationnel \u03c6 expos\u00e9s au CDI dans le cadre de la semaine des math\u00e9matiques.\n<strong>\u2192 T\u00e9l\u00e9charger<\/strong> la\u00a0<a href=\"https:\/\/ent2d.ac-bordeaux.fr\/disciplines\/italien\/wp-content\/uploads\/sites\/12\/2016\/06\/NumeroAureo.pdf\">s\u00e9quence compl\u00e8te<\/a>\u00a0et son\u00a0<a href=\"https:\/\/ent2d.ac-bordeaux.fr\/disciplines\/italien\/wp-content\/uploads\/sites\/12\/2016\/06\/NumeroAureoPlanSequence.pdf\">plan d\u00e9taill\u00e9<\/a><\/pre>\n<ul>\n<li>\n<h5><em><strong>Il lavoro minorile<\/strong><\/em>\u00a0par Christel Sabathier<\/h5>\n<\/li>\n<\/ul>\n<p style=\"text-align: center\"><img loading=\"lazy\" decoding=\"async\" class=\"alignnone size-full wp-image-771\" src=\"https:\/\/ent2d.ac-bordeaux.fr\/disciplines\/italien\/wp-content\/uploads\/sites\/12\/2019\/09\/images.jpg\" alt=\"\" width=\"275\" height=\"183\" \/><\/p>\n<pre><strong>- Th\u00e8me :<\/strong> L\u2019ici et l\u2019ailleurs \u2013 Le monde de la soci\u00e9t\u00e9\n<strong>&gt; Projet final\u00a0:<\/strong> publicit\u00e9 citoyenne contre l\u2019exploitation des mineurs.\n<strong>\u2192 T\u00e9l\u00e9charger la s\u00e9quence<\/strong>\u00a0<a href=\"http:\/\/disciplines.ac-bordeaux.fr\/interlangues\/uploads\/rubriques\/88\/file\/LavoroMinorile.pdf\">en PDF<\/a> \/ en\u00a0<a href=\"https:\/\/ent2d.ac-bordeaux.fr\/disciplines\/italien\/wp-content\/uploads\/sites\/12\/2016\/06\/LavoroMinorile.zip\">.doc zipp\u00e9<\/a><\/pre>\n\n\n<blockquote class=\"wp-block-quote is-layout-flow wp-block-quote-is-layout-flow\">\n<div class=\"wp-block-media-text has-media-on-the-right is-stacked-on-mobile\" style=\"grid-template-columns:auto 40%\"><div class=\"wp-block-media-text__content\">\n<ul class=\"wp-block-list\">\n<li><strong>Proposition de s\u00e9quence p\u00e9dagogique interdisplinaire (maths et italien) sur les <em>Mammoni<\/em> (Axe 1 du programme de 2nde &#8211; <em>Vivre entre g\u00e9n\u00e9rations<\/em>).<br>&gt; Projet final : Pr\u00e9sentation orale d&rsquo;une enqu\u00eate statistique sur le sujet (en classe ou sous forme de capsule vid\u00e9o).<br>&gt; A t\u00e9l\u00e9charger ci-desous le fichier contenant des documents de travail exploitables enti\u00e8rement ou en partie en 2LVB<\/strong> (avec ou sans les math\u00e9matiques).<\/li>\n<\/ul>\n<\/div><figure class=\"wp-block-media-text__media\"><img loading=\"lazy\" decoding=\"async\" width=\"301\" height=\"168\" src=\"https:\/\/ent2d.ac-bordeaux.fr\/disciplines\/italien\/wp-content\/uploads\/sites\/12\/2025\/01\/telechargement-1.jpg\" alt=\"\" class=\"wp-image-1673 size-full\" \/><\/figure><\/div>\n\n\n\n<div data-wp-interactive=\"core\/file\" class=\"wp-block-file\"><object data-wp-bind--hidden=\"!state.hasPdfPreview\" hidden class=\"wp-block-file__embed\" data=\"https:\/\/ent2d.ac-bordeaux.fr\/disciplines\/italien\/wp-content\/uploads\/sites\/12\/2025\/01\/1L2-Mammoni-1.pdf\" type=\"application\/pdf\" style=\"width:100%;height:600px\" aria-label=\"Contenu embarqu\u00e9 1L2-Mammoni-1.\"><\/object><a id=\"wp-block-file--media-8689fe1c-015e-45a6-8c24-491e6c99d454\" href=\"https:\/\/ent2d.ac-bordeaux.fr\/disciplines\/italien\/wp-content\/uploads\/sites\/12\/2025\/01\/1L2-Mammoni-1.pdf\">1L2-Mammoni-1<\/a><a href=\"https:\/\/ent2d.ac-bordeaux.fr\/disciplines\/italien\/wp-content\/uploads\/sites\/12\/2025\/01\/1L2-Mammoni-1.pdf\" class=\"wp-block-file__button wp-element-button\" download aria-describedby=\"wp-block-file--media-8689fe1c-015e-45a6-8c24-491e6c99d454\">T\u00e9l\u00e9charger<\/a><\/div>\n<\/blockquote>\n","protected":false},"excerpt":{"rendered":"<p>Activit\u00e9s p\u00e9dagogiques Supports et s\u00e9quences, coll\u00e8ge et lyc\u00e9e SUPPORTS PEDAGOGIQUES PROJETS ET PROPOSITIONS DE SEQUENCES PEDAGOGIQUES Un escape game \u00e0 Cinecitt\u00e0 par Ariane Barral Cet escape game peut s&rsquo;ins\u00e9rer dans &#8230;<\/p>\n","protected":false},"author":42,"featured_media":0,"parent":31,"menu_order":1,"comment_status":"closed","ping_status":"closed","template":"","meta":{"footnotes":""},"class_list":["post-320","page","type-page","status-publish","hentry"],"_links":{"self":[{"href":"https:\/\/ent2d.ac-bordeaux.fr\/disciplines\/italien\/wp-json\/wp\/v2\/pages\/320","targetHints":{"allow":["GET"]}}],"collection":[{"href":"https:\/\/ent2d.ac-bordeaux.fr\/disciplines\/italien\/wp-json\/wp\/v2\/pages"}],"about":[{"href":"https:\/\/ent2d.ac-bordeaux.fr\/disciplines\/italien\/wp-json\/wp\/v2\/types\/page"}],"author":[{"embeddable":true,"href":"https:\/\/ent2d.ac-bordeaux.fr\/disciplines\/italien\/wp-json\/wp\/v2\/users\/42"}],"replies":[{"embeddable":true,"href":"https:\/\/ent2d.ac-bordeaux.fr\/disciplines\/italien\/wp-json\/wp\/v2\/comments?post=320"}],"version-history":[{"count":39,"href":"https:\/\/ent2d.ac-bordeaux.fr\/disciplines\/italien\/wp-json\/wp\/v2\/pages\/320\/revisions"}],"predecessor-version":[{"id":1692,"href":"https:\/\/ent2d.ac-bordeaux.fr\/disciplines\/italien\/wp-json\/wp\/v2\/pages\/320\/revisions\/1692"}],"up":[{"embeddable":true,"href":"https:\/\/ent2d.ac-bordeaux.fr\/disciplines\/italien\/wp-json\/wp\/v2\/pages\/31"}],"wp:attachment":[{"href":"https:\/\/ent2d.ac-bordeaux.fr\/disciplines\/italien\/wp-json\/wp\/v2\/media?parent=320"}],"curies":[{"name":"wp","href":"https:\/\/api.w.org\/{rel}","templated":true}]}}